{"id":12039,"date":"2025-10-09T01:16:56","date_gmt":"2025-10-09T01:16:56","guid":{"rendered":"https:\/\/dersuessestopp.com\/?post_type=product&#038;p=12039"},"modified":"2025-10-09T01:16:56","modified_gmt":"2025-10-09T01:16:56","slug":"axf-800-bt","status":"publish","type":"product","link":"https:\/\/dersuessestopp.com\/de_at\/product\/axf-800-bt\/","title":{"rendered":"AXF 800 BT"},"content":{"rendered":"<p>&nbsp;<\/p>\n<h2><img decoding=\"async\" src=\"https:\/\/customer.klimaitalia.it\/api\/file\/image\/2971\" \/><\/h2>\n<h2>Beschreibung des Produkts<\/h2>\n<p data-start=\"168\" data-end=\"577\">Die <strong data-start=\"172\" data-end=\"186\">AXF 800 BT<\/strong> ist eine professionelle <strong data-start=\"205\" data-end=\"243\">bel\u00fcfteter Gefrierschrank aus Edelstahl<\/strong> mit einer <strong data-start=\"251\" data-end=\"290\">Temperaturbereich von -22\u00b0C bis -18\u00b0C<\/strong>. Gebaut aus <strong data-start=\"303\" data-end=\"331\">Rostfreier Stahl AISI 304<\/strong>, Sie gew\u00e4hrleistet Hygiene, Langlebigkeit und hervorragende Leistung. Ausgestattet mit einem <strong data-start=\"405\" data-end=\"430\">elektronisches Thermostat<\/strong>, <strong data-start=\"432\" data-end=\"453\">sanft schlie\u00dfende T\u00fcr<\/strong>, <strong data-start=\"455\" data-end=\"471\">LED-Beleuchtung<\/strong>, und <strong data-start=\"477\" data-end=\"507\">automatische elektrische Abtauung<\/strong>, Er ist ideal f\u00fcr Gro\u00dfk\u00fcchen, Restaurants und Catering.<\/p>\n<p data-start=\"579\" data-end=\"598\"><strong data-start=\"579\" data-end=\"596\">Wesentliche Merkmale:<\/strong><\/p>\n<ul data-start=\"599\" data-end=\"908\">\n<li data-start=\"599\" data-end=\"634\">\n<p data-start=\"601\" data-end=\"634\">Temperatur: <strong data-start=\"614\" data-end=\"632\">-22\u00b0C bis -18\u00b0C<\/strong><\/p>\n<\/li>\n<li data-start=\"635\" data-end=\"658\">\n<p data-start=\"637\" data-end=\"658\">Kapazit\u00e4t: <strong data-start=\"647\" data-end=\"656\">408 L<\/strong><\/p>\n<\/li>\n<li data-start=\"659\" data-end=\"709\">\n<p data-start=\"661\" data-end=\"709\"><strong data-start=\"661\" data-end=\"689\">Rostfreier Stahl AISI 304<\/strong> Karosserie und Innenausstattung<\/p>\n<\/li>\n<li data-start=\"710\" data-end=\"744\">\n<p data-start=\"712\" data-end=\"744\"><strong data-start=\"712\" data-end=\"742\">Bel\u00fcftetes Gefriersystem<\/strong><\/p>\n<\/li>\n<li data-start=\"745\" data-end=\"779\">\n<p data-start=\"747\" data-end=\"779\"><strong data-start=\"747\" data-end=\"777\">Automatische elektrische Abtauung<\/strong><\/p>\n<\/li>\n<li data-start=\"780\" data-end=\"819\">\n<p data-start=\"782\" data-end=\"819\"><strong data-start=\"782\" data-end=\"803\">Sanft schlie\u00dfende T\u00fcr<\/strong> mit <strong data-start=\"809\" data-end=\"817\">sperren<\/strong><\/p>\n<\/li>\n<li data-start=\"820\" data-end=\"870\">\n<p data-start=\"822\" data-end=\"870\"><strong data-start=\"822\" data-end=\"838\">LED-Beleuchtung<\/strong>, <strong data-start=\"840\" data-end=\"868\">Smart Link WiFi optional<\/strong><\/p>\n<\/li>\n<li data-start=\"871\" data-end=\"908\">\n<p data-start=\"873\" data-end=\"908\">Abmessungen: <strong data-start=\"885\" data-end=\"908\">740 \u00d7 875 \u00d7 2090 mm<\/strong><\/p>\n<\/li>\n<\/ul>\n<h2>Technische Daten<\/h2>\n<p>&nbsp;<\/p>\n<table>\n<tbody>\n<tr>\n<td>Abmessungen mm<\/td>\n<td>AXF 800 TN<\/td>\n<td>AXF 800 BT<\/td>\n<\/tr>\n<tr>\n<td>\u00c4u\u00dfere Abmessungen (BxTxH)<\/td>\n<td>740 x 875 x 2090*<\/td>\n<td>740 x 875 x 2090*<\/td>\n<\/tr>\n<tr>\n<td>Abmessungen der Verpackung (BxTxH)<\/td>\n<td>760 x 905 x 2150<\/td>\n<td>760 x 905 x 2150<\/td>\n<\/tr>\n<tr>\n<td>Breite<\/td>\n<td>533<\/td>\n<td>533<\/td>\n<\/tr>\n<tr>\n<td>Tiefe<\/td>\n<td>700<\/td>\n<td>700<\/td>\n<\/tr>\n<tr>\n<td>H\u00f6he<\/td>\n<td>1501<\/td>\n<td>1501<\/td>\n<\/tr>\n<tr>\n<td colspan=\"3\">Die Gesamth\u00f6he der Einheiten umfasst die auf die Mindesth\u00f6he eingestellten F\u00fc\u00dfe<\/td>\n<\/tr>\n<\/tbody>\n<\/table>\n<p>&nbsp;<\/p>\n<table>\n<tbody>\n<tr>\n<td>Technische Merkmale<\/td>\n<td>AXF 800 TN<\/td>\n<td>AXF 800 BT<\/td>\n<\/tr>\n<tr>\n<td>Temperaturbereich<\/td>\n<td>-2 \u00b0C \/ +8 \u00b0C<\/td>\n<td>-22 \u00b0C \/ -18 \u00b0C<\/td>\n<\/tr>\n<tr>\n<td>Klima-Klasse<\/td>\n<td>5 (tropicalizzato)<\/td>\n<td>5 (tropicalizzato)<\/td>\n<\/tr>\n<tr>\n<td>Netto-Brutto-Volumen<\/td>\n<td>Lt. 408 \/ 560<\/td>\n<td>Lt. 408 \/ 560<\/td>\n<\/tr>\n<tr>\n<td>K\u00f6rper<\/td>\n<td>AISI 304 Rostfreier Stahl<\/td>\n<td>AISI 304 Rostfreier Stahl<\/td>\n<\/tr>\n<tr>\n<td>Innenauskleidung<\/td>\n<td>AISI 304 Rostfreier Stahl<\/td>\n<td>AISI 304 Rostfreier Stahl<\/td>\n<\/tr>\n<tr>\n<td>Thermostat<\/td>\n<td>Elektronisch<\/td>\n<td>Elektronisch<\/td>\n<\/tr>\n<tr>\n<td>Ger\u00e4uschpegel<\/td>\n<td>dB 38<\/td>\n<td>dB 38<\/td>\n<\/tr>\n<tr>\n<td>Fernsteuerung<\/td>\n<td>Optional<\/td>\n<td>Optional<\/td>\n<\/tr>\n<tr>\n<td>Dicke der Isolierung<\/td>\n<td>mm 103,5<\/td>\n<td>mm 103,5<\/td>\n<\/tr>\n<tr>\n<td>Abtauen<\/td>\n<td>Automatischer Kompressorzyklus<\/td>\n<td>Automatisch mit elektrischer Heizung<\/td>\n<\/tr>\n<tr>\n<td>Das K\u00fchlsystem<\/td>\n<td>Verdampfer an der Decke<\/td>\n<td>Verdampfer an der Decke<\/td>\n<\/tr>\n<tr>\n<td>Beleuchtung<\/td>\n<td>Horizontal<\/td>\n<td>Horizontal<\/td>\n<\/tr>\n<tr>\n<td>Selbstschlie\u00dfende T\u00fcr<\/td>\n<td>Sanftes Schlie\u00dfen<\/td>\n<td>Sanftes Schlie\u00dfen<\/td>\n<\/tr>\n<tr>\n<td>Schloss und Schl\u00fcssel<\/td>\n<td>Ja<\/td>\n<td>Ja<\/td>\n<\/tr>\n<tr>\n<td>\u00a0Umkehrbare T\u00fcr<\/td>\n<td>Ja<\/td>\n<td>Ja<\/td>\n<\/tr>\n<tr>\n<td>Einlegeb\u00f6den (BxT)<\/td>\n<td>Nr. 3 - 530 x 650 mm + Nr. 1 - 510 x 605 mm<\/td>\n<td>Nr. 3 - 530 x 650 mm + Nr. 1 - 510 x 605 mm<\/td>\n<\/tr>\n<tr>\n<td>F\u00fc\u00dfe<\/td>\n<td>4 F\u00fc\u00dfe<\/td>\n<td>4 F\u00fc\u00dfe<\/td>\n<\/tr>\n<tr>\n<td>Rollen<\/td>\n<td>Optional - h 140mm<\/td>\n<td>Optional - h 140mm<\/td>\n<\/tr>\n<tr>\n<td>Netto-Brutto Gewicht<\/td>\n<td>Kg 134 \/ 143<\/td>\n<td>Kg 138 \/ 147<\/td>\n<\/tr>\n<tr>\n<td>Spannung<\/td>\n<td>V 220<\/td>\n<td>V 220<\/td>\n<\/tr>\n<tr>\n<td>Frequenz<\/td>\n<td>Hz 50<\/td>\n<td>Hz 50<\/td>\n<\/tr>\n<tr>\n<td>K\u00e4ltemittel<\/td>\n<td>R600A<\/td>\n<td>R290A<\/td>\n<\/tr>\n<tr>\n<td>Absorption<\/td>\n<td>W 250<\/td>\n<td>W 380<\/td>\n<\/tr>\n<tr>\n<td>Energieverbrauch<\/td>\n<td>KwH\/24H 0,812<\/td>\n<td>KwH\/24H 2,62<\/td>\n<\/tr>\n<\/tbody>\n<\/table>","protected":false},"excerpt":{"rendered":"<p>&nbsp; Product Description The AXF 800 BT is a professional ventilated stainless steel freezer with a temperature range of -22\u00b0C to -18\u00b0C. Built from AISI 304 stainless steel, it ensures hygiene, durability, and excellent performance. Featuring an electronic thermostat, soft-closing door, LED lighting, and automatic electric defrost, it\u2019s ideal for commercial kitchens, restaurants, and catering [&hellip;]<\/p>\n","protected":false},"featured_media":12040,"comment_status":"open","ping_status":"closed","template":"","meta":[],"product_brand":[],"product_cat":[51],"product_tag":[],"class_list":{"0":"post-12039","1":"product","2":"type-product","3":"status-publish","4":"has-post-thumbnail","6":"product_cat-kitchen-catering-cooling","8":"first","9":"instock","10":"shipping-taxable","11":"product-type-simple"},"_links":{"self":[{"href":"https:\/\/dersuessestopp.com\/de_at\/wp-json\/wp\/v2\/product\/12039","targetHints":{"allow":["GET"]}}],"collection":[{"href":"https:\/\/dersuessestopp.com\/de_at\/wp-json\/wp\/v2\/product"}],"about":[{"href":"https:\/\/dersuessestopp.com\/de_at\/wp-json\/wp\/v2\/types\/product"}],"replies":[{"embeddable":true,"href":"https:\/\/dersuessestopp.com\/de_at\/wp-json\/wp\/v2\/comments?post=12039"}],"version-history":[{"count":1,"href":"https:\/\/dersuessestopp.com\/de_at\/wp-json\/wp\/v2\/product\/12039\/revisions"}],"predecessor-version":[{"id":12041,"href":"https:\/\/dersuessestopp.com\/de_at\/wp-json\/wp\/v2\/product\/12039\/revisions\/12041"}],"wp:featuredmedia":[{"embeddable":true,"href":"https:\/\/dersuessestopp.com\/de_at\/wp-json\/wp\/v2\/media\/12040"}],"wp:attachment":[{"href":"https:\/\/dersuessestopp.com\/de_at\/wp-json\/wp\/v2\/media?parent=12039"}],"wp:term":[{"taxonomy":"product_brand","embeddable":true,"href":"https:\/\/dersuessestopp.com\/de_at\/wp-json\/wp\/v2\/product_brand?post=12039"},{"taxonomy":"product_cat","embeddable":true,"href":"https:\/\/dersuessestopp.com\/de_at\/wp-json\/wp\/v2\/product_cat?post=12039"},{"taxonomy":"product_tag","embeddable":true,"href":"https:\/\/dersuessestopp.com\/de_at\/wp-json\/wp\/v2\/product_tag?post=12039"}],"curies":[{"name":"wp","href":"https:\/\/api.w.org\/{rel}","templated":true}]}}