{"id":12028,"date":"2025-10-09T01:09:45","date_gmt":"2025-10-09T01:09:45","guid":{"rendered":"https:\/\/dersuessestopp.com\/?post_type=product&#038;p=12028"},"modified":"2025-10-09T01:09:45","modified_gmt":"2025-10-09T01:09:45","slug":"ca-05","status":"publish","type":"product","link":"https:\/\/dersuessestopp.com\/de_at\/product\/abt-05\/","title":{"rendered":"ABT 05"},"content":{"rendered":"<p><img decoding=\"async\" src=\"https:\/\/customer.klimaitalia.it\/api\/file\/image\/3841\" \/><\/p>\n<p>&nbsp;<\/p>\n<h2>Beschreibung des Produkts<\/h2>\n<p data-start=\"199\" data-end=\"811\">Die <strong data-start=\"203\" data-end=\"213\">ABT 05<\/strong> ist eine professionelle <strong data-start=\"232\" data-end=\"261\">Schockfroster und Gefrierschrank<\/strong> entwickelt f\u00fcr die schnelle Temperaturabsenkung von Lebensmitteln in Gro\u00dfk\u00fcchen, B\u00e4ckereien und Cateringbetrieben. Gebaut aus hochwertigem <strong data-start=\"389\" data-end=\"417\">Rostfreier Stahl AISI 304<\/strong>, Sie gew\u00e4hrleistet Hygiene, Haltbarkeit und Zuverl\u00e4ssigkeit. Mit einer <strong data-start=\"475\" data-end=\"515\">Temperaturbereich von -35\u00b0C bis +5\u00b0C<\/strong>, Er senkt die Temperatur der Lebensmittel schnell von +70\u00b0C auf +3\u00b0C in 90 Minuten oder auf -18\u00b0C in 240 Minuten. Die <strong data-start=\"617\" data-end=\"665\">elektronischer Thermostat mit 4 voreingestellten Programmen<\/strong> und eine <strong data-start=\"672\" data-end=\"701\">Produkttemperaturf\u00fchler<\/strong> erm\u00f6glichen eine pr\u00e4zise Kontrolle, w\u00e4hrend die <strong data-start=\"735\" data-end=\"772\">Verdampfer mit Korrosionsschutzbehandlung<\/strong> garantiert lang anhaltende Leistung.<\/p>\n<p data-start=\"813\" data-end=\"832\"><strong data-start=\"813\" data-end=\"830\">Wesentliche Merkmale:<\/strong><\/p>\n<ul data-start=\"833\" data-end=\"1349\">\n<li data-start=\"833\" data-end=\"873\">\n<p data-start=\"835\" data-end=\"873\"><strong data-start=\"835\" data-end=\"857\">Temperaturbereich:<\/strong> -35\u00b0C bis +5\u00b0C<\/p>\n<\/li>\n<li data-start=\"874\" data-end=\"921\">\n<p data-start=\"876\" data-end=\"921\"><strong data-start=\"876\" data-end=\"889\">Kapazit\u00e4t:<\/strong> 5 GN 1\/1 Tabletts (400 \u00d7 600 mm)<\/p>\n<\/li>\n<li data-start=\"922\" data-end=\"981\">\n<p data-start=\"924\" data-end=\"981\"><strong data-start=\"924\" data-end=\"943\">K\u00e4lteschock:<\/strong> +70\u00b0C bis +3\u00b0C in 90 Minuten (18 kg)<\/p>\n<\/li>\n<li data-start=\"982\" data-end=\"1037\">\n<p data-start=\"984\" data-end=\"1037\"><strong data-start=\"984\" data-end=\"997\">Einfrieren:<\/strong> +70\u00b0C bis -18\u00b0C in 240 Minuten (14 kg)<\/p>\n<\/li>\n<li data-start=\"1038\" data-end=\"1092\">\n<p data-start=\"1040\" data-end=\"1092\"><strong data-start=\"1040\" data-end=\"1068\">Rostfreier Stahl AISI 304<\/strong> innen und au\u00dfen<\/p>\n<\/li>\n<li data-start=\"1093\" data-end=\"1138\">\n<p data-start=\"1095\" data-end=\"1138\"><strong data-start=\"1095\" data-end=\"1136\">Elektronischer Thermostat mit 4 Programmen<\/strong><\/p>\n<\/li>\n<li data-start=\"1139\" data-end=\"1177\">\n<p data-start=\"1141\" data-end=\"1177\"><strong data-start=\"1141\" data-end=\"1175\">Produkt-Kerntemperaturf\u00fchler<\/strong><\/p>\n<\/li>\n<li data-start=\"1178\" data-end=\"1227\">\n<p data-start=\"1180\" data-end=\"1227\"><strong data-start=\"1180\" data-end=\"1225\">Automatisches + manuelles Hei\u00dfgas-Abtausystem<\/strong><\/p>\n<\/li>\n<li data-start=\"1228\" data-end=\"1269\">\n<p data-start=\"1230\" data-end=\"1269\"><strong data-start=\"1230\" data-end=\"1267\">Anti-Korrosions-behandelter Verdampfer<\/strong><\/p>\n<\/li>\n<li data-start=\"1270\" data-end=\"1310\">\n<p data-start=\"1272\" data-end=\"1310\"><strong data-start=\"1272\" data-end=\"1288\">K\u00e4ltemittel:<\/strong> R290 (umweltfreundlich)<\/p>\n<\/li>\n<li data-start=\"1311\" data-end=\"1349\">\n<p data-start=\"1313\" data-end=\"1349\"><strong data-start=\"1313\" data-end=\"1328\">Abmessungen:<\/strong> 800 \u00d7 877 \u00d7 840 mm<\/p>\n<\/li>\n<\/ul>\n<h2>Technische Daten<\/h2>\n<table>\n<tbody>\n<tr>\n<td>\u00a0Abmessungen mm<\/td>\n<td>ABT 05<\/td>\n<td>ABT 10<\/td>\n<\/tr>\n<tr>\n<td>\u00c4u\u00dfere Abmessungen (BxTxH)<\/td>\n<td>800 x 877 x 840*<\/td>\n<td>800 x 877 x 1665<\/td>\n<\/tr>\n<tr>\n<td>Abmessungen der Verpackung (BxTxH)<\/td>\n<td>870 x 955 x 1100<\/td>\n<td>870 x 955 x 1730<\/td>\n<\/tr>\n<tr>\n<td>Breite<\/td>\n<td>440<\/td>\n<td>440<\/td>\n<\/tr>\n<tr>\n<td>Tiefe<\/td>\n<td>695<\/td>\n<td>695<\/td>\n<\/tr>\n<tr>\n<td>H\u00f6he<\/td>\n<td>370<\/td>\n<td>870<\/td>\n<\/tr>\n<tr>\n<td colspan=\"3\">Die Gesamth\u00f6he der Einheiten umfasst die auf die Mindesth\u00f6he eingestellten F\u00fc\u00dfe<\/td>\n<\/tr>\n<\/tbody>\n<\/table>\n<p>&nbsp;<\/p>\n<table>\n<tbody>\n<tr>\n<td>Technische Merkmale<\/td>\n<td>ABT 05<\/td>\n<td>ABT 10<\/td>\n<\/tr>\n<tr>\n<td>Temperaturbereich<\/td>\n<td>-35 \u00b0C \/ +5 \u00b0C<\/td>\n<td>-35 \u00b0C \/ +5 \u00b0C<\/td>\n<\/tr>\n<tr>\n<td>Klima-Klasse<\/td>\n<td>5<\/td>\n<td>5<\/td>\n<\/tr>\n<tr>\n<td>Netto-Brutto-Volumen<\/td>\n<td>Lt. 102 \/ 156<\/td>\n<td>Lt. 240 \/ 368<\/td>\n<\/tr>\n<tr>\n<td>K\u00f6rper<\/td>\n<td>AISI 304 Rostfreier Stahl<\/td>\n<td>AISI 304 Rostfreier Stahl<\/td>\n<\/tr>\n<tr>\n<td>Inner Liner, inklusive Verdampferabdeckung<\/td>\n<td>AISI 304 Rostfreier Stahl<\/td>\n<td>AISI 304 Rostfreier Stahl<\/td>\n<\/tr>\n<tr>\n<td>Thermostat<\/td>\n<td>Elektronisch<\/td>\n<td>Elektronisch<\/td>\n<\/tr>\n<tr>\n<td>Ger\u00e4uschpegel<\/td>\n<td>dB 60<\/td>\n<td>dB 60<\/td>\n<\/tr>\n<tr>\n<td>Dicke der Isolierung<\/td>\n<td>mm 70<\/td>\n<td>mm 70<\/td>\n<\/tr>\n<tr>\n<td>Abtauen<\/td>\n<td>Automatisch mit Hei\u00dfgassystem + Manuell<\/td>\n<td>Automatisch mit Hei\u00dfgassystem + Manuell<\/td>\n<\/tr>\n<tr>\n<td>Schockabk\u00fchlung von 70 C\u00b0 bis +3\u00b0C<\/td>\n<td>Minuten<\/td>\n<td>Minuten<\/td>\n<\/tr>\n<tr>\n<td>Schockk\u00fchlung von 70 C\u00b0 bis -18\u00b0C<\/td>\n<td>Minuten<\/td>\n<td>Minuten<\/td>\n<\/tr>\n<tr>\n<td>T\u00f6pfe (nicht enthalten) - Fassungsverm\u00f6gen und Abmessungen (BxT)<\/td>\n<td>Pfannen<\/td>\n<td>Pfannen<\/td>\n<\/tr>\n<tr>\n<td>F\u00fc\u00dfe<\/td>\n<td>4 F\u00fc\u00dfe<\/td>\n<td>4 F\u00fc\u00dfe<\/td>\n<\/tr>\n<tr>\n<td>Rollen<\/td>\n<td>Optional<\/td>\n<td>Optional<\/td>\n<\/tr>\n<tr>\n<td>Netto-Brutto Gewicht<\/td>\n<td>Kg 105 \/ 138<\/td>\n<td>Kg 150 \/ 190<\/td>\n<\/tr>\n<tr>\n<td>Spannung<\/td>\n<td>V 220<\/td>\n<td>V 220<\/td>\n<\/tr>\n<tr>\n<td>Frequenz<\/td>\n<td>Hz 50<\/td>\n<td>Hz 50<\/td>\n<\/tr>\n<tr>\n<td>K\u00e4ltemittel<\/td>\n<td>R290<\/td>\n<td>R290<\/td>\n<\/tr>\n<tr>\n<td>Absorption<\/td>\n<td>W 720<\/td>\n<td>W 900<\/td>\n<\/tr>\n<\/tbody>\n<\/table>","protected":false},"excerpt":{"rendered":"<p>&nbsp; Product Description The ABT 05 is a professional blast chiller and freezer designed for rapid food temperature reduction in commercial kitchens, bakeries, and catering operations. Built from high-grade AISI 304 stainless steel, it ensures hygiene, durability, and reliability. With a temperature range from -35\u00b0C to +5\u00b0C, it quickly lowers food temperature from +70\u00b0C to [&hellip;]<\/p>\n","protected":false},"featured_media":12031,"comment_status":"open","ping_status":"closed","template":"","meta":[],"product_brand":[],"product_cat":[51],"product_tag":[],"class_list":{"0":"post-12028","1":"product","2":"type-product","3":"status-publish","4":"has-post-thumbnail","6":"product_cat-kitchen-catering-cooling","8":"first","9":"instock","10":"shipping-taxable","11":"product-type-simple"},"_links":{"self":[{"href":"https:\/\/dersuessestopp.com\/de_at\/wp-json\/wp\/v2\/product\/12028","targetHints":{"allow":["GET"]}}],"collection":[{"href":"https:\/\/dersuessestopp.com\/de_at\/wp-json\/wp\/v2\/product"}],"about":[{"href":"https:\/\/dersuessestopp.com\/de_at\/wp-json\/wp\/v2\/types\/product"}],"replies":[{"embeddable":true,"href":"https:\/\/dersuessestopp.com\/de_at\/wp-json\/wp\/v2\/comments?post=12028"}],"version-history":[{"count":1,"href":"https:\/\/dersuessestopp.com\/de_at\/wp-json\/wp\/v2\/product\/12028\/revisions"}],"predecessor-version":[{"id":12032,"href":"https:\/\/dersuessestopp.com\/de_at\/wp-json\/wp\/v2\/product\/12028\/revisions\/12032"}],"wp:featuredmedia":[{"embeddable":true,"href":"https:\/\/dersuessestopp.com\/de_at\/wp-json\/wp\/v2\/media\/12031"}],"wp:attachment":[{"href":"https:\/\/dersuessestopp.com\/de_at\/wp-json\/wp\/v2\/media?parent=12028"}],"wp:term":[{"taxonomy":"product_brand","embeddable":true,"href":"https:\/\/dersuessestopp.com\/de_at\/wp-json\/wp\/v2\/product_brand?post=12028"},{"taxonomy":"product_cat","embeddable":true,"href":"https:\/\/dersuessestopp.com\/de_at\/wp-json\/wp\/v2\/product_cat?post=12028"},{"taxonomy":"product_tag","embeddable":true,"href":"https:\/\/dersuessestopp.com\/de_at\/wp-json\/wp\/v2\/product_tag?post=12028"}],"curies":[{"name":"wp","href":"https:\/\/api.w.org\/{rel}","templated":true}]}}