{"id":12024,"date":"2025-10-09T01:02:36","date_gmt":"2025-10-09T01:02:36","guid":{"rendered":"https:\/\/dersuessestopp.com\/?post_type=product&#038;p=12024"},"modified":"2025-10-09T01:03:33","modified_gmt":"2025-10-09T01:03:33","slug":"gn-400-g-tn","status":"publish","type":"product","link":"https:\/\/dersuessestopp.com\/de_at\/product\/gn-400-g-tn\/","title":{"rendered":"GN 400 G TN"},"content":{"rendered":"<p>&nbsp;<\/p>\n<h2><img decoding=\"async\" src=\"https:\/\/customer.klimaitalia.it\/api\/file\/image\/9003\" \/><\/h2>\n<h2>Beschreibung des Produkts<\/h2>\n<p data-start=\"187\" data-end=\"758\">Die <strong data-start=\"191\" data-end=\"206\">GN 400 G TN<\/strong> ist eine professionelle <strong data-start=\"225\" data-end=\"260\">Glast\u00fcr-K\u00fchlschrank<\/strong> konzipiert f\u00fcr Bars, Restaurants und Getr\u00e4nkeh\u00e4ndler. Es verf\u00fcgt \u00fcber ein <strong data-start=\"331\" data-end=\"369\">K\u00fchlsystem mit statischem Ventilator<\/strong> die konstante Temperaturen zwischen <strong data-start=\"417\" data-end=\"435\">+2\u00b0C und +10\u00b0C<\/strong>, ideal f\u00fcr die Lagerung von Getr\u00e4nken und verderblichen Waren. Gebaut mit einer <strong data-start=\"498\" data-end=\"535\">Geh\u00e4use aus korrosionsgesch\u00fctztem Stahl<\/strong> und <strong data-start=\"540\" data-end=\"556\">ABS-Innenausstattung<\/strong>, Diese K\u00fchlbox verbindet Langlebigkeit mit modernem Design. Die <strong data-start=\"614\" data-end=\"647\">rahmenlose T\u00fcr aus geh\u00e4rtetem Glas<\/strong>, <strong data-start=\"649\" data-end=\"665\">LED-Beleuchtung<\/strong>, und <strong data-start=\"671\" data-end=\"697\">Selbstschlie\u00dfende Mechanik<\/strong> gew\u00e4hrleisten eine hervorragende Produktsichtbarkeit und Energieeffizienz.<\/p>\n<p data-start=\"760\" data-end=\"779\"><strong data-start=\"760\" data-end=\"777\">Wesentliche Merkmale:<\/strong><\/p>\n<ul data-start=\"780\" data-end=\"1229\">\n<li data-start=\"780\" data-end=\"820\">\n<p data-start=\"782\" data-end=\"820\"><strong data-start=\"782\" data-end=\"804\">Temperaturbereich:<\/strong> +2\u00b0C bis +10\u00b0C<\/p>\n<\/li>\n<li data-start=\"821\" data-end=\"849\">\n<p data-start=\"823\" data-end=\"849\"><strong data-start=\"823\" data-end=\"836\">Kapazit\u00e4t:<\/strong> 400 Liter<\/p>\n<\/li>\n<li data-start=\"850\" data-end=\"908\">\n<p data-start=\"852\" data-end=\"908\"><strong data-start=\"852\" data-end=\"885\">Rahmenlose T\u00fcr aus geh\u00e4rtetem Glas<\/strong> mit eingebautem Griff<\/p>\n<\/li>\n<li data-start=\"909\" data-end=\"961\">\n<p data-start=\"911\" data-end=\"961\"><strong data-start=\"911\" data-end=\"942\">K\u00fchlung mit statischem Ventilator<\/strong> f\u00fcr gleichm\u00e4\u00dfigen Luftstrom<\/p>\n<\/li>\n<li data-start=\"962\" data-end=\"1014\">\n<p data-start=\"964\" data-end=\"1014\"><strong data-start=\"964\" data-end=\"989\">Elektronischer Thermostat<\/strong> mit automatischer Abtauung<\/p>\n<\/li>\n<li data-start=\"1015\" data-end=\"1053\">\n<p data-start=\"1017\" data-end=\"1053\"><strong data-start=\"1017\" data-end=\"1051\">Vertikale LED-Innenbeleuchtung<\/strong><\/p>\n<\/li>\n<li data-start=\"1054\" data-end=\"1097\">\n<p data-start=\"1056\" data-end=\"1097\"><strong data-start=\"1056\" data-end=\"1077\">Selbstschlie\u00dfende T\u00fcr<\/strong> mit Schloss und Schl\u00fcssel<\/p>\n<\/li>\n<li data-start=\"1098\" data-end=\"1148\">\n<p data-start=\"1100\" data-end=\"1148\"><strong data-start=\"1100\" data-end=\"1128\">Optionales Smart Link WiFi<\/strong> Fern\u00fcberwachung<\/p>\n<\/li>\n<li data-start=\"1149\" data-end=\"1189\">\n<p data-start=\"1151\" data-end=\"1189\"><strong data-start=\"1151\" data-end=\"1174\">Energieverbrauch:<\/strong> 2,02 kWh\/24h<\/p>\n<\/li>\n<li data-start=\"1190\" data-end=\"1229\">\n<p data-start=\"1192\" data-end=\"1229\"><strong data-start=\"1192\" data-end=\"1207\">Abmessungen:<\/strong> 600 \u00d7 625 \u00d7 1860 mm<\/p>\n<\/li>\n<\/ul>\n<p>r<\/p>\n<h2>Technische Daten<\/h2>\n<table>\n<tbody>\n<tr>\n<td>\u00a0Kapazit\u00e4t<\/td>\n<td>GN 400 G TN - GN 400 G TN BLK<\/td>\n<\/tr>\n<tr>\n<td>Flasche lt. 1<\/td>\n<td>60<\/td>\n<\/tr>\n<tr>\n<td>Flasche cl. 75<\/td>\n<td>85<\/td>\n<\/tr>\n<tr>\n<td>Flasche cl. 66<\/td>\n<td>90<\/td>\n<\/tr>\n<tr>\n<td>Flasche cl. 50<\/td>\n<td>198<\/td>\n<\/tr>\n<tr>\n<td>Flasche cl. 33<\/td>\n<td>182<\/td>\n<\/tr>\n<tr>\n<td>Dose cl. 33<\/td>\n<td>228<\/td>\n<\/tr>\n<tr>\n<td colspan=\"2\">\u00a0Variable Daten je nach Verpackung<\/td>\n<\/tr>\n<\/tbody>\n<\/table>\n<p>&nbsp;<\/p>\n<table>\n<tbody>\n<tr>\n<td>Abmessungen mm<\/td>\n<td>GN 400 G TN - GN 400 G TN BLK<\/td>\n<\/tr>\n<tr>\n<td>\u00c4u\u00dfere Abmessungen (BxTxH)<\/td>\n<td>600 x 625 x 1860<\/td>\n<\/tr>\n<tr>\n<td>Abmessungen der Verpackung (BxTxH)<\/td>\n<td>660 x 725 x 2000<\/td>\n<\/tr>\n<tr>\n<td>Breite<\/td>\n<td>457<\/td>\n<\/tr>\n<tr>\n<td>Tiefe<\/td>\n<td>474<\/td>\n<\/tr>\n<tr>\n<td>H\u00f6he<\/td>\n<td>1600<\/td>\n<\/tr>\n<tr>\n<td>Min. Tiefe<\/td>\n<td>264<\/td>\n<\/tr>\n<tr>\n<td>Min. H\u00f6he<\/td>\n<td>1390<\/td>\n<\/tr>\n<tr>\n<td>Seitenaufkleber<\/td>\n<td>525 x 1850<\/td>\n<\/tr>\n<tr>\n<td>Glasaufkleber<\/td>\n<td>408 x 1477<\/td>\n<\/tr>\n<\/tbody>\n<\/table>\n<p>&nbsp;<\/p>\n<table>\n<tbody>\n<tr>\n<td>Technische Merkmale<\/td>\n<td>GN 400 G TN - GN 400 G TN BLK<\/td>\n<\/tr>\n<tr>\n<td>Temperaturbereich<\/td>\n<td>+2 \u00b0C \/ +10 \u00b0C<\/td>\n<\/tr>\n<tr>\n<td>Klima-Klasse<\/td>\n<td>4<\/td>\n<\/tr>\n<tr>\n<td>Kapazit\u00e4t<\/td>\n<td>Lt. 400<\/td>\n<\/tr>\n<tr>\n<td>K\u00f6rper<\/td>\n<td>Bandbeschichtetes Blech mit Korrosionsschutzbehandlung<\/td>\n<\/tr>\n<tr>\n<td>Innenauskleidung<\/td>\n<td>ABS<\/td>\n<\/tr>\n<tr>\n<td>Thermostat<\/td>\n<td>Elektronisch<\/td>\n<\/tr>\n<tr>\n<td>Ger\u00e4uschpegel<\/td>\n<td>dB 45,9<\/td>\n<\/tr>\n<tr>\n<td>Fernsteuerung<\/td>\n<td>Optional<\/td>\n<\/tr>\n<tr>\n<td>Dicke der Isolierung<\/td>\n<td>mm 70<\/td>\n<\/tr>\n<tr>\n<td>Abtauen<\/td>\n<td>Automatisch<\/td>\n<\/tr>\n<tr>\n<td>Beleuchtung<\/td>\n<td>2 vertikale Leds<\/td>\n<\/tr>\n<tr>\n<td>Selbstschlie\u00dfende T\u00fcr<\/td>\n<td>Ja<\/td>\n<\/tr>\n<tr>\n<td>Schloss und Schl\u00fcssel<\/td>\n<td>Ja<\/td>\n<\/tr>\n<tr>\n<td>Umkehrbare T\u00fcr<\/td>\n<td>&#8211;<\/td>\n<\/tr>\n<tr>\n<td>Einlegeb\u00f6den (BxT)<\/td>\n<td>Nr. 5 - 652 x 542 mm + Nr. 1 - 652 x 347 mm<\/td>\n<\/tr>\n<tr>\n<td>Rollen-Fu\u00df<\/td>\n<td>2 F\u00fc\u00dfe + 2 Rollen<\/td>\n<\/tr>\n<tr>\n<td>T\u00fcr<\/td>\n<td>Geh\u00e4rtetes Glas<\/td>\n<\/tr>\n<tr>\n<td>Netto-Brutto Gewicht<\/td>\n<td>Kg 75 \/ 88<\/td>\n<\/tr>\n<tr>\n<td>Spannung<\/td>\n<td>V 220-240<\/td>\n<\/tr>\n<tr>\n<td>Frequenz<\/td>\n<td>Hz 50<\/td>\n<\/tr>\n<tr>\n<td>K\u00e4ltemittel<\/td>\n<td>R600A<\/td>\n<\/tr>\n<tr>\n<td>Absorption<\/td>\n<td>W 235<\/td>\n<\/tr>\n<tr>\n<td>Energieverbrauch<\/td>\n<td>KwH\/24H 2,02<\/td>\n<\/tr>\n<\/tbody>\n<\/table>","protected":false},"excerpt":{"rendered":"<p>&nbsp; Product Description The GN 400 G TN is a professional glass door display refrigerator designed for bars, restaurants, and beverage retailers. It features a static-fan assisted cooling system that maintains consistent temperatures between +2\u00b0C and +10\u00b0C, ideal for storing drinks and perishable goods. Built with an anti-corrosion treated steel body and ABS interior, this [&hellip;]<\/p>\n","protected":false},"featured_media":12025,"comment_status":"open","ping_status":"closed","template":"","meta":[],"product_brand":[],"product_cat":[51],"product_tag":[],"class_list":{"0":"post-12024","1":"product","2":"type-product","3":"status-publish","4":"has-post-thumbnail","6":"product_cat-kitchen-catering-cooling","8":"first","9":"instock","10":"shipping-taxable","11":"product-type-simple"},"_links":{"self":[{"href":"https:\/\/dersuessestopp.com\/de_at\/wp-json\/wp\/v2\/product\/12024","targetHints":{"allow":["GET"]}}],"collection":[{"href":"https:\/\/dersuessestopp.com\/de_at\/wp-json\/wp\/v2\/product"}],"about":[{"href":"https:\/\/dersuessestopp.com\/de_at\/wp-json\/wp\/v2\/types\/product"}],"replies":[{"embeddable":true,"href":"https:\/\/dersuessestopp.com\/de_at\/wp-json\/wp\/v2\/comments?post=12024"}],"version-history":[{"count":1,"href":"https:\/\/dersuessestopp.com\/de_at\/wp-json\/wp\/v2\/product\/12024\/revisions"}],"predecessor-version":[{"id":12026,"href":"https:\/\/dersuessestopp.com\/de_at\/wp-json\/wp\/v2\/product\/12024\/revisions\/12026"}],"wp:featuredmedia":[{"embeddable":true,"href":"https:\/\/dersuessestopp.com\/de_at\/wp-json\/wp\/v2\/media\/12025"}],"wp:attachment":[{"href":"https:\/\/dersuessestopp.com\/de_at\/wp-json\/wp\/v2\/media?parent=12024"}],"wp:term":[{"taxonomy":"product_brand","embeddable":true,"href":"https:\/\/dersuessestopp.com\/de_at\/wp-json\/wp\/v2\/product_brand?post=12024"},{"taxonomy":"product_cat","embeddable":true,"href":"https:\/\/dersuessestopp.com\/de_at\/wp-json\/wp\/v2\/product_cat?post=12024"},{"taxonomy":"product_tag","embeddable":true,"href":"https:\/\/dersuessestopp.com\/de_at\/wp-json\/wp\/v2\/product_tag?post=12024"}],"curies":[{"name":"wp","href":"https:\/\/api.w.org\/{rel}","templated":true}]}}