{"id":12019,"date":"2025-10-09T01:00:19","date_gmt":"2025-10-09T01:00:19","guid":{"rendered":"https:\/\/dersuessestopp.com\/?post_type=product&#038;p=12019"},"modified":"2025-10-09T01:00:19","modified_gmt":"2025-10-09T01:00:19","slug":"gn-400-g-tn-blk","status":"publish","type":"product","link":"https:\/\/dersuessestopp.com\/de_at\/product\/gn-400-g-tn-blk\/","title":{"rendered":"GN 400 G TN BLK"},"content":{"rendered":"<p><img decoding=\"async\" src=\"https:\/\/customer.klimaitalia.it\/api\/file\/image\/9010\" \/><\/p>\n<h2><\/h2>\n<p>&nbsp;<\/p>\n<h2>Beschreibung des Produkts<\/h2>\n<p data-start=\"218\" data-end=\"810\">Die <strong data-start=\"222\" data-end=\"237\">GN 400 G TN<\/strong> ist eine Pr\u00e4mie <strong data-start=\"251\" data-end=\"296\">Statik-Ventilator-Getr\u00e4nkek\u00fchlschrank<\/strong> mit einer <strong data-start=\"304\" data-end=\"323\">Vollglast\u00fcr<\/strong>, ideal f\u00fcr Bars, Restaurants und Einzelhandelsumgebungen. Mit einer <strong data-start=\"386\" data-end=\"408\">400 Liter Fassungsverm\u00f6gen<\/strong>, Sie bietet optimale Sicht und effiziente K\u00fchlung zwischen den einzelnen <strong data-start=\"469\" data-end=\"487\">+2\u00b0C und +10\u00b0C<\/strong>. Gebaut mit einer <strong data-start=\"503\" data-end=\"548\">korrosionsgesch\u00fctzter vorlackierter Stahl au\u00dfen<\/strong> und eine dauerhafte <strong data-start=\"563\" data-end=\"579\">ABS-Innenausstattung<\/strong>, Er verbindet moderne \u00c4sthetik mit Zuverl\u00e4ssigkeit. Ausgestattet mit <strong data-start=\"643\" data-end=\"668\">Vertikale LED-Beleuchtung<\/strong>, <strong data-start=\"670\" data-end=\"706\">selbstschlie\u00dfende T\u00fcr aus geh\u00e4rtetem Glas<\/strong>, und <strong data-start=\"712\" data-end=\"737\">elektronisches Thermostat<\/strong>, Es gew\u00e4hrleistet eine pr\u00e4zise Temperaturkontrolle und eine professionelle Pr\u00e4sentation.<\/p>\n<p data-start=\"812\" data-end=\"831\"><strong data-start=\"812\" data-end=\"829\">Wesentliche Merkmale:<\/strong><\/p>\n<ul data-start=\"832\" data-end=\"1318\">\n<li data-start=\"832\" data-end=\"872\">\n<p data-start=\"834\" data-end=\"872\"><strong data-start=\"834\" data-end=\"856\">Temperaturbereich:<\/strong> +2\u00b0C bis +10\u00b0C<\/p>\n<\/li>\n<li data-start=\"873\" data-end=\"901\">\n<p data-start=\"875\" data-end=\"901\"><strong data-start=\"875\" data-end=\"888\">Kapazit\u00e4t:<\/strong> 400 Liter<\/p>\n<\/li>\n<li data-start=\"902\" data-end=\"966\">\n<p data-start=\"904\" data-end=\"966\"><strong data-start=\"904\" data-end=\"937\">Rahmenlose T\u00fcr aus geh\u00e4rtetem Glas<\/strong> mit <strong data-start=\"943\" data-end=\"964\">integrierter Griff<\/strong><\/p>\n<\/li>\n<li data-start=\"967\" data-end=\"1009\">\n<p data-start=\"969\" data-end=\"1009\"><strong data-start=\"969\" data-end=\"1007\">Statisches K\u00fchlsystem mit Gebl\u00e4seunterst\u00fctzung<\/strong><\/p>\n<\/li>\n<li data-start=\"1010\" data-end=\"1059\">\n<p data-start=\"1012\" data-end=\"1059\"><strong data-start=\"1012\" data-end=\"1037\">Elektronischer Thermostat<\/strong> f\u00fcr pr\u00e4zise Kontrolle<\/p>\n<\/li>\n<li data-start=\"1060\" data-end=\"1115\">\n<p data-start=\"1062\" data-end=\"1115\"><strong data-start=\"1062\" data-end=\"1087\">2 vertikale LED-Leuchten<\/strong> f\u00fcr Innenbeleuchtungen<\/p>\n<\/li>\n<li data-start=\"1116\" data-end=\"1163\">\n<p data-start=\"1118\" data-end=\"1163\"><strong data-start=\"1118\" data-end=\"1139\">Selbstschlie\u00dfende T\u00fcr<\/strong> mit <strong data-start=\"1145\" data-end=\"1161\">Schloss und Schl\u00fcssel<\/strong><\/p>\n<\/li>\n<li data-start=\"1164\" data-end=\"1189\">\n<p data-start=\"1166\" data-end=\"1189\"><strong data-start=\"1166\" data-end=\"1187\">Automatische Abtauung<\/strong><\/p>\n<\/li>\n<li data-start=\"1190\" data-end=\"1237\">\n<p data-start=\"1192\" data-end=\"1237\"><strong data-start=\"1192\" data-end=\"1220\">Optionales Smart Link WiFi<\/strong> Fernsteuerung<\/p>\n<\/li>\n<li data-start=\"1238\" data-end=\"1278\">\n<p data-start=\"1240\" data-end=\"1278\"><strong data-start=\"1240\" data-end=\"1263\">Energieverbrauch:<\/strong> 2,02 kWh\/24h<\/p>\n<\/li>\n<li data-start=\"1279\" data-end=\"1318\">\n<p data-start=\"1281\" data-end=\"1318\"><strong data-start=\"1281\" data-end=\"1296\">Abmessungen:<\/strong> 600 \u00d7 625 \u00d7 1860 mm<\/p>\n<\/li>\n<\/ul>\n<h2>Technische Daten<\/h2>\n<table>\n<tbody>\n<tr>\n<td>\u00a0Kapazit\u00e4t<\/td>\n<td>GN 400 G TN - GN 400 G TN BLK<\/td>\n<\/tr>\n<tr>\n<td>Flasche lt. 1<\/td>\n<td>60<\/td>\n<\/tr>\n<tr>\n<td>Flasche cl. 75<\/td>\n<td>85<\/td>\n<\/tr>\n<tr>\n<td>Flasche cl. 66<\/td>\n<td>90<\/td>\n<\/tr>\n<tr>\n<td>Flasche cl. 50<\/td>\n<td>198<\/td>\n<\/tr>\n<tr>\n<td>Flasche cl. 33<\/td>\n<td>182<\/td>\n<\/tr>\n<tr>\n<td>Dose cl. 33<\/td>\n<td>228<\/td>\n<\/tr>\n<tr>\n<td colspan=\"2\">\u00a0Variable Daten je nach Verpackung<\/td>\n<\/tr>\n<\/tbody>\n<\/table>\n<p>&nbsp;<\/p>\n<table>\n<tbody>\n<tr>\n<td>\u00a0Abmessungen mm<\/td>\n<td>GN 400 G TN - GN 400 G TN BLK<\/td>\n<\/tr>\n<tr>\n<td>\u00c4u\u00dfere Abmessungen (BxTxH)<\/td>\n<td>600 x 625 x 1860<\/td>\n<\/tr>\n<tr>\n<td>Abmessungen der Verpackung (BxTxH)<\/td>\n<td>660 x 725 x 2000<\/td>\n<\/tr>\n<tr>\n<td>Breite<\/td>\n<td>457<\/td>\n<\/tr>\n<tr>\n<td>Tiefe<\/td>\n<td>474<\/td>\n<\/tr>\n<tr>\n<td>H\u00f6he<\/td>\n<td>1600<\/td>\n<\/tr>\n<tr>\n<td>Min. Tiefe<\/td>\n<td>264<\/td>\n<\/tr>\n<tr>\n<td>Min. H\u00f6he<\/td>\n<td>1390<\/td>\n<\/tr>\n<tr>\n<td>Seitenaufkleber<\/td>\n<td>525 x 1850<\/td>\n<\/tr>\n<tr>\n<td>Glasaufkleber<\/td>\n<td>408 x 1477<\/td>\n<\/tr>\n<\/tbody>\n<\/table>\n<p>&nbsp;<\/p>\n<table>\n<tbody>\n<tr>\n<td>Technische Merkmale<\/td>\n<td>GN 400 G TN - GN 400 G TN BLK<\/td>\n<\/tr>\n<tr>\n<td>Temperaturbereich<\/td>\n<td>+2 \u00b0C \/ +10 \u00b0C<\/td>\n<\/tr>\n<tr>\n<td>Klima-Klasse<\/td>\n<td>4<\/td>\n<\/tr>\n<tr>\n<td>Kapazit\u00e4t<\/td>\n<td>Lt. 400<\/td>\n<\/tr>\n<tr>\n<td>K\u00f6rper<\/td>\n<td>Bandbeschichtetes Blech mit Korrosionsschutzbehandlung<\/td>\n<\/tr>\n<tr>\n<td>Innenauskleidung<\/td>\n<td>ABS<\/td>\n<\/tr>\n<tr>\n<td>Thermostat<\/td>\n<td>Elektronisch<\/td>\n<\/tr>\n<tr>\n<td>Ger\u00e4uschpegel<\/td>\n<td>dB 45,9<\/td>\n<\/tr>\n<tr>\n<td>Fernsteuerung<\/td>\n<td>Optional<\/td>\n<\/tr>\n<tr>\n<td>Dicke der Isolierung<\/td>\n<td>mm 70<\/td>\n<\/tr>\n<tr>\n<td>Abtauen<\/td>\n<td>Automatisch<\/td>\n<\/tr>\n<tr>\n<td>Beleuchtung<\/td>\n<td>2 vertikale Leds<\/td>\n<\/tr>\n<tr>\n<td>Selbstschlie\u00dfende T\u00fcr<\/td>\n<td>Ja<\/td>\n<\/tr>\n<tr>\n<td>Schloss und Schl\u00fcssel<\/td>\n<td>Ja<\/td>\n<\/tr>\n<tr>\n<td>\u00a0Umkehrbare T\u00fcr<\/td>\n<td>&#8211;<\/td>\n<\/tr>\n<tr>\n<td>Einlegeb\u00f6den (BxT)<\/td>\n<td>Nr. 5 - 652 x 542 mm + Nr. 1 - 652 x 347 mm<\/td>\n<\/tr>\n<tr>\n<td>Rollen-Fu\u00df<\/td>\n<td>2 F\u00fc\u00dfe + 2 Rollen<\/td>\n<\/tr>\n<tr>\n<td>T\u00fcr<\/td>\n<td>Geh\u00e4rtetes Glas<\/td>\n<\/tr>\n<tr>\n<td>Netto-Brutto Gewicht<\/td>\n<td>Kg 75 \/ 88<\/td>\n<\/tr>\n<tr>\n<td>Spannung<\/td>\n<td>V 220-240<\/td>\n<\/tr>\n<tr>\n<td>Frequenz<\/td>\n<td>Hz 50<\/td>\n<\/tr>\n<tr>\n<td>K\u00e4ltemittel<\/td>\n<td>R600A<\/td>\n<\/tr>\n<tr>\n<td>Absorption<\/td>\n<td>W 235<\/td>\n<\/tr>\n<tr>\n<td>Energieverbrauch<\/td>\n<td>KwH\/24H 2,02<\/td>\n<\/tr>\n<\/tbody>\n<\/table>","protected":false},"excerpt":{"rendered":"<p>&nbsp; Product Description The GN 400 G TN is a premium static-fan assisted beverage refrigerator with a full glass door, ideal for bars, restaurants, and retail environments. With a 400-liter capacity, it offers optimal visibility and efficient cooling between +2\u00b0C and +10\u00b0C. Built with an anti-corrosion pre-painted steel exterior and a durable ABS interior, it [&hellip;]<\/p>\n","protected":false},"featured_media":12020,"comment_status":"open","ping_status":"closed","template":"","meta":[],"product_brand":[],"product_cat":[51],"product_tag":[],"class_list":{"0":"post-12019","1":"product","2":"type-product","3":"status-publish","4":"has-post-thumbnail","6":"product_cat-kitchen-catering-cooling","8":"first","9":"instock","10":"shipping-taxable","11":"product-type-simple"},"_links":{"self":[{"href":"https:\/\/dersuessestopp.com\/de_at\/wp-json\/wp\/v2\/product\/12019","targetHints":{"allow":["GET"]}}],"collection":[{"href":"https:\/\/dersuessestopp.com\/de_at\/wp-json\/wp\/v2\/product"}],"about":[{"href":"https:\/\/dersuessestopp.com\/de_at\/wp-json\/wp\/v2\/types\/product"}],"replies":[{"embeddable":true,"href":"https:\/\/dersuessestopp.com\/de_at\/wp-json\/wp\/v2\/comments?post=12019"}],"version-history":[{"count":1,"href":"https:\/\/dersuessestopp.com\/de_at\/wp-json\/wp\/v2\/product\/12019\/revisions"}],"predecessor-version":[{"id":12023,"href":"https:\/\/dersuessestopp.com\/de_at\/wp-json\/wp\/v2\/product\/12019\/revisions\/12023"}],"wp:featuredmedia":[{"embeddable":true,"href":"https:\/\/dersuessestopp.com\/de_at\/wp-json\/wp\/v2\/media\/12020"}],"wp:attachment":[{"href":"https:\/\/dersuessestopp.com\/de_at\/wp-json\/wp\/v2\/media?parent=12019"}],"wp:term":[{"taxonomy":"product_brand","embeddable":true,"href":"https:\/\/dersuessestopp.com\/de_at\/wp-json\/wp\/v2\/product_brand?post=12019"},{"taxonomy":"product_cat","embeddable":true,"href":"https:\/\/dersuessestopp.com\/de_at\/wp-json\/wp\/v2\/product_cat?post=12019"},{"taxonomy":"product_tag","embeddable":true,"href":"https:\/\/dersuessestopp.com\/de_at\/wp-json\/wp\/v2\/product_tag?post=12019"}],"curies":[{"name":"wp","href":"https:\/\/api.w.org\/{rel}","templated":true}]}}