{"id":10540,"date":"2025-09-29T15:00:17","date_gmt":"2025-09-29T15:00:17","guid":{"rendered":"https:\/\/dersuessestopp.com\/?post_type=product&#038;p=10540"},"modified":"2025-10-08T19:31:01","modified_gmt":"2025-10-08T19:31:01","slug":"cw-160-g1tb","status":"publish","type":"product","link":"https:\/\/dersuessestopp.com\/de_at\/product\/cw-160-g1tb\/","title":{"rendered":"CW 160 G1TB"},"content":{"rendered":"<p data-start=\"138\" data-end=\"447\"><img fetchpriority=\"high\" decoding=\"async\" class=\"alignnone wp-image-11654 size-full\" src=\"https:\/\/dersuessestopp.com\/wp-content\/uploads\/2025\/09\/cw160g1tb.jpg\" alt=\"\" width=\"2000\" height=\"600\" srcset=\"https:\/\/dersuessestopp.com\/wp-content\/uploads\/2025\/09\/cw160g1tb.jpg 2000w, https:\/\/dersuessestopp.com\/wp-content\/uploads\/2025\/09\/cw160g1tb-300x90.jpg 300w, https:\/\/dersuessestopp.com\/wp-content\/uploads\/2025\/09\/cw160g1tb-1024x307.jpg 1024w, https:\/\/dersuessestopp.com\/wp-content\/uploads\/2025\/09\/cw160g1tb-768x230.jpg 768w, https:\/\/dersuessestopp.com\/wp-content\/uploads\/2025\/09\/cw160g1tb-1536x461.jpg 1536w, https:\/\/dersuessestopp.com\/wp-content\/uploads\/2025\/09\/cw160g1tb-250x75.jpg 250w, https:\/\/dersuessestopp.com\/wp-content\/uploads\/2025\/09\/cw160g1tb-600x180.jpg 600w\" sizes=\"(max-width: 2000px) 100vw, 2000px\" \/><\/p>\n<p data-start=\"138\" data-end=\"447\">Die <strong data-start=\"158\" data-end=\"173\">CW 160 G1TB<\/strong> ist ein bel\u00fcfteter Weink\u00fchler mit einer schwarzen, rahmenlosen Glast\u00fcr, Z-f\u00f6rmigen, verschiebbaren Metallb\u00f6den und einem elektronischen Thermostat. Er wurde f\u00fcr die professionelle und private Weinlagerung entwickelt und verf\u00fcgt \u00fcber eine pr\u00e4zise Temperaturregelung und Zwei-Zonen-Optionen mit dem <strong data-start=\"423\" data-end=\"438\">CW 160 G2TB<\/strong> Modell.<\/p>\n<p data-start=\"449\" data-end=\"468\"><strong data-start=\"449\" data-end=\"466\">Hauptmerkmale:<\/strong><\/p>\n<ul data-start=\"469\" data-end=\"827\">\n<li data-start=\"469\" data-end=\"507\">\n<p data-start=\"471\" data-end=\"507\">Elektronischer Touchscreen-Thermostat<\/p>\n<\/li>\n<li data-start=\"508\" data-end=\"564\">\n<p data-start=\"510\" data-end=\"564\">Z-f\u00f6rmig verschiebbare Metallb\u00f6den mit Schubladenauszug<\/p>\n<\/li>\n<li data-start=\"565\" data-end=\"598\">\n<p data-start=\"567\" data-end=\"598\">Axiall\u00fcfter f\u00fcr gleichm\u00e4\u00dfige K\u00fchlung<\/p>\n<\/li>\n<li data-start=\"599\" data-end=\"644\">\n<p data-start=\"601\" data-end=\"644\">Zwei-Zonen-Option verf\u00fcgbar in CW 160 G2TB<\/p>\n<\/li>\n<li data-start=\"645\" data-end=\"673\">\n<p data-start=\"647\" data-end=\"673\">Automatische Abtauung<\/p>\n<\/li>\n<li data-start=\"674\" data-end=\"716\">\n<p data-start=\"676\" data-end=\"716\">LED-Beleuchtung (vertikal und horizontal)<\/p>\n<\/li>\n<li data-start=\"717\" data-end=\"736\">\n<p data-start=\"719\" data-end=\"736\">Umkehrbare T\u00fcr<\/p>\n<\/li>\n<li data-start=\"737\" data-end=\"766\">\n<p data-start=\"739\" data-end=\"766\">Schloss und Schl\u00fcssel f\u00fcr die Sicherheit<\/p>\n<\/li>\n<li data-start=\"767\" data-end=\"807\">\n<p data-start=\"769\" data-end=\"807\">Robustes, vorlackiertes Korrosionsschutzgeh\u00e4use<\/p>\n<\/li>\n<li data-start=\"808\" data-end=\"827\">\n<p data-start=\"810\" data-end=\"827\">ABS-Innenauskleidung<\/p>\n<\/li>\n<\/ul>\n<table cellspacing=\"0\">\n<tbody>\n<tr>\n<td bgcolor=\"#FFFFFF\">\n<p class=\"s7\">\u00a0Abmessungen mm<\/p>\n<\/td>\n<td bgcolor=\"#FFFFFF\">\n<p class=\"s7\">CW 160 G1TB<\/p>\n<\/td>\n<td bgcolor=\"#FFFFFF\">\n<p class=\"s7\">CW 160 G2TB<\/p>\n<\/td>\n<\/tr>\n<tr>\n<td>\n<p class=\"s13\">\u00a0\u00c4u\u00dfere Abmessungen (BxTxH)<\/p>\n<\/td>\n<td>\n<p class=\"s13\">595 x 700 x 1604<\/p>\n<\/td>\n<td>\n<p class=\"s13\">595 x 700 x 1604<\/p>\n<\/td>\n<\/tr>\n<tr>\n<td>\n<p class=\"s13\">\u00a0Abmessungen der Verpackung (BxTxH)<\/p>\n<\/td>\n<td>\n<p class=\"s13\">645 x 770 x 1796<\/p>\n<\/td>\n<td>\n<p class=\"s13\">645 x 770 x 1796<\/p>\n<\/td>\n<\/tr>\n<tr>\n<td>\n<p class=\"s13\">\u00a0Breite<\/p>\n<\/td>\n<td>\n<p class=\"s13\">500<\/p>\n<\/td>\n<td>\n<p class=\"s13\">500<\/p>\n<\/td>\n<\/tr>\n<tr>\n<td>\n<p class=\"s13\">\u00a0Tiefe<\/p>\n<\/td>\n<td>\n<p class=\"s13\">540<\/p>\n<\/td>\n<td>\n<p class=\"s13\">540<\/p>\n<\/td>\n<\/tr>\n<tr>\n<td>\n<p class=\"s13\">\u00a0H\u00f6he<\/p>\n<\/td>\n<td>\n<p class=\"s13\">1425<\/p>\n<\/td>\n<td>\n<p class=\"s13\">1425<\/p>\n<\/td>\n<\/tr>\n<tr>\n<td>\n<p class=\"s13\">\u00a0Min. Tiefe<\/p>\n<\/td>\n<td>\n<p class=\"s13\">380<\/p>\n<\/td>\n<td>\n<p class=\"s13\">380<\/p>\n<\/td>\n<\/tr>\n<tr>\n<td>\n<p class=\"s13\">\u00a0Min. H\u00f6he<\/p>\n<\/td>\n<td>\n<p class=\"s13\">1215<\/p>\n<\/td>\n<td>\n<p class=\"s13\">1215<\/p>\n<\/td>\n<\/tr>\n<tr>\n<td>\n<p class=\"s13\">\u00a0Seitenaufkleber<\/p>\n<\/td>\n<td>\n<p class=\"s13\">648 x 1585<\/p>\n<\/td>\n<td>\n<p class=\"s13\">648 x 1585<\/p>\n<\/td>\n<\/tr>\n<tr>\n<td>\n<p class=\"s13\">\u00a0Glasaufkleber<\/p>\n<\/td>\n<td>\n<p class=\"s13\">462 x 1340<\/p>\n<\/td>\n<td>\n<p class=\"s13\">462 x 1340<\/p>\n<\/td>\n<\/tr>\n<\/tbody>\n<\/table>\n<p>&nbsp;<\/p>\n<table style=\"height: 1408px;\" width=\"1103\" cellspacing=\"0\">\n<tbody>\n<tr>\n<td bgcolor=\"#FFFFFF\">\n<p class=\"s7\"><span dir=\"auto\">Technische Merkmale<\/span><\/p>\n<\/td>\n<td bgcolor=\"#FFFFFF\">\n<p class=\"s15\"><span dir=\"auto\">\u00a0\u00a0\u00a0\u00a0\u00a0\u00a0\u00a0\u00a0 CW 160 G1TB \u00a0\u00a0\u00a0\u00a0\u00a0\u00a0\u00a0\u00a0\u00a0\u00a0\u00a0\u00a0\u00a0\u00a0\u00a0\u00a0\u00a0\u00a0\u00a0<\/span><\/p>\n<\/td>\n<td bgcolor=\"#FFFFFF\">\n<p class=\"s15\">CW 160 G2TB<\/p>\n<\/td>\n<\/tr>\n<tr>\n<td>\n<p class=\"s13\">\u00a0Temperaturbereich<\/p>\n<\/td>\n<td>\n<p class=\"s13\">+2 \u00b0C \/ +20 \u00b0C<\/p>\n<\/td>\n<td>\n<p class=\"s13\">+2 \u00b0C \/ +12 \u00b0C | +12 \u00b0C \/ +20 \u00b0C<\/p>\n<\/td>\n<\/tr>\n<tr>\n<td>\n<p class=\"s13\"><span dir=\"auto\">Klima\u00a0<\/span><span dir=\"auto\">Klasse<\/span><\/p>\n<\/td>\n<td>\n<p class=\"s13\">N-ST<\/p>\n<\/td>\n<td>\n<p class=\"s13\"><span dir=\"auto\">N-ST<\/span><\/p>\n<\/td>\n<\/tr>\n<tr>\n<td>\n<p class=\"s13\">\u00a0Netto-Brutto-Volumen<\/p>\n<\/td>\n<td>\n<p class=\"s13\">Lt. 358 \/ 375<\/p>\n<\/td>\n<td>\n<p class=\"s13\">Lt. 350 \/ 373<\/p>\n<\/td>\n<\/tr>\n<tr>\n<td>\n<p class=\"s13\"><span dir=\"auto\">\u00c4u\u00dfere K\u00f6rperoberfl\u00e4che<\/span><\/p>\n<\/td>\n<td>\n<p class=\"s13\"><span dir=\"auto\">Vorlackierte Bleche <\/span><span dir=\"auto\">mit Korrosionsschutzbehandlung<\/span><\/p>\n<\/td>\n<td>\n<p class=\"s13\"><span dir=\"auto\">Vorlackierte Bleche <\/span><span dir=\"auto\">mit Korrosionsschutzbehandlung<\/span><\/p>\n<\/td>\n<\/tr>\n<tr>\n<td>\n<p class=\"s13\"><span dir=\"auto\">Porta\u00a0<\/span><span dir=\"auto\">T\u00fcr<\/span><\/p>\n<\/td>\n<td>\n<p class=\"s13\"><span dir=\"auto\">Schwarz\u00a0<\/span><span dir=\"auto\">volles Glas<\/span><\/p>\n<\/td>\n<td>\n<p class=\"s13\"><span dir=\"auto\">Schwarz\u00a0<\/span><span dir=\"auto\">volles Glas<\/span><\/p>\n<\/td>\n<\/tr>\n<tr>\n<td>\n<p class=\"s13\"><span dir=\"auto\">Inneres\u00a0<\/span><span dir=\"auto\">Liner<\/span><\/p>\n<\/td>\n<td>\n<p class=\"s13\"><span dir=\"auto\">ABS<\/span><\/p>\n<\/td>\n<td>\n<p class=\"s13\"><span dir=\"auto\">ABS<\/span><\/p>\n<\/td>\n<\/tr>\n<tr>\n<td>\n<p class=\"s13\"><span dir=\"auto\">Thermostat\u00a0<\/span><span dir=\"auto\">Thermostat<\/span><\/p>\n<\/td>\n<td>\n<p class=\"s13\">\u00a0Elektronischer Touchscreen<\/p>\n<\/td>\n<td>\n<p class=\"s13\"><span dir=\"auto\">\u00a0<\/span><span dir=\"auto\">Elektronisch\u00a0<\/span><span dir=\"auto\">Touchscreen<\/span><\/p>\n<\/td>\n<\/tr>\n<tr>\n<td>\n<p class=\"s13\"><span dir=\"auto\">L\u00e4rm\u00a0<\/span><span dir=\"auto\">Ebene<\/span><\/p>\n<\/td>\n<td>\n<p class=\"s13\">dB 38<\/p>\n<\/td>\n<td>\n<p class=\"s13\"><span dir=\"auto\">dB 38<\/span><\/p>\n<\/td>\n<\/tr>\n<tr>\n<td>\n<p class=\"s13\">\u00a0Dicke der Isolierung<\/p>\n<\/td>\n<td>\n<p class=\"s13\">55 mm<\/p>\n<\/td>\n<td>\n<p class=\"s13\"><span dir=\"auto\">55 mm<\/span><\/p>\n<\/td>\n<\/tr>\n<tr>\n<td>\n<p class=\"s13\"><span dir=\"auto\">Entfrosten\u00a0<\/span><span dir=\"auto\">Abtauen<\/span><\/p>\n<\/td>\n<td>\n<p class=\"s13\"><span dir=\"auto\">Automatischer Kompressor\u00a0<\/span><span dir=\"auto\">Zyklus<\/span><\/p>\n<\/td>\n<td>\n<p class=\"s13\"><span dir=\"auto\">Automatischer Kompressor\u00a0<\/span><span dir=\"auto\">Zyklus<\/span><\/p>\n<\/td>\n<\/tr>\n<tr>\n<td>\n<p class=\"s13\"><span dir=\"auto\">Beleuchtung<\/span><span dir=\"auto\">\u200b<\/span><\/p>\n<\/td>\n<td>\n<p class=\"s13\"><span dir=\"auto\">LEDs: 2 vertikal + 1 horizontal<\/span><\/p>\n<\/td>\n<td>\n<p class=\"s13\"><span dir=\"auto\">LEDs: 2 vertikal + 2 horizontal<\/span><\/p>\n<\/td>\n<\/tr>\n<tr>\n<td>\n<p class=\"s13\"><span dir=\"auto\">Umkehrbar\u00a0<\/span><span dir=\"auto\">T\u00fcr<\/span><\/p>\n<\/td>\n<td>\n<p class=\"s13\"><span dir=\"auto\">Ja<\/span><span dir=\"auto\">\u200b<\/span><\/p>\n<\/td>\n<td>\n<p class=\"s13\"><span dir=\"auto\">Ja<\/span><span dir=\"auto\">\u200b<\/span><\/p>\n<\/td>\n<\/tr>\n<tr>\n<td>\n<p class=\"s13\"><span dir=\"auto\">Schloss\u00a0<\/span><span dir=\"auto\">und Schl\u00fcssel<\/span><\/p>\n<\/td>\n<td>\n<p class=\"s13\"><span dir=\"auto\">Ja<\/span><span dir=\"auto\">\u200b<\/span><\/p>\n<\/td>\n<td>\n<p class=\"s13\"><span dir=\"auto\">Ja<\/span><span dir=\"auto\">\u200b<\/span><\/p>\n<\/td>\n<\/tr>\n<tr>\n<td>\n<p class=\"s13\"><span dir=\"auto\">Z\u00a0<\/span><span dir=\"auto\">-Form Schiebeb\u00f6den (BxT)<\/span><\/p>\n<\/td>\n<td>\n<p class=\"s13\">Nr. 9 - 452 x 535 mm<\/p>\n<p class=\"s13\">Nr. 1 - 452 x 380 mm<\/p>\n<\/td>\n<td>\n<p class=\"s13\">Nr. 8 - 452 x 535 mm<\/p>\n<p class=\"s13\"><span dir=\"auto\">Nr. 1 - 452 x 380 mm<\/span><\/p>\n<\/td>\n<\/tr>\n<tr>\n<td>\n<p class=\"s13\"><span dir=\"auto\">Rollen\u00a0<\/span><span dir=\"auto\">-Fu\u00df<\/span><\/p>\n<\/td>\n<td>\n<p class=\"s13\"><span dir=\"auto\">4 F\u00fc\u00dfe<\/span><\/p>\n<\/td>\n<td>\n<p class=\"s13\"><span dir=\"auto\">4 F\u00fc\u00dfe<\/span><\/p>\n<\/td>\n<\/tr>\n<tr>\n<td>\n<p class=\"s13\"><span dir=\"auto\">Netz-\u00a0<\/span><span dir=\"auto\">Bruttogewicht<\/span><\/p>\n<\/td>\n<td>\n<p class=\"s13\">Kg 87 \/ 93<\/p>\n<\/td>\n<td>\n<p class=\"s13\">Kg 89 \/ 95<\/p>\n<\/td>\n<\/tr>\n<tr>\n<td>\n<p class=\"s13\"><span dir=\"auto\">Spannung<\/span><span dir=\"auto\">\u200b<\/span><\/p>\n<\/td>\n<td>\n<p class=\"s13\"><span dir=\"auto\">In 220<\/span><\/p>\n<\/td>\n<td>\n<p class=\"s13\"><span dir=\"auto\">In 220<\/span><\/p>\n<\/td>\n<\/tr>\n<tr>\n<td>\n<p class=\"s13\"><span dir=\"auto\">Frequenz<\/span><span dir=\"auto\">\u200b<\/span><\/p>\n<\/td>\n<td>\n<p class=\"s13\">Hz 50<\/p>\n<\/td>\n<td>\n<p class=\"s13\"><span dir=\"auto\">Hz 50<\/span><\/p>\n<\/td>\n<\/tr>\n<tr>\n<td>\n<p class=\"s13\"><span dir=\"auto\">\u00a0<\/span><span dir=\"auto\">K\u00e4ltemittel<\/span><\/p>\n<\/td>\n<td>\n<p class=\"s13\">R600A<\/p>\n<\/td>\n<td>\n<p class=\"s13\"><span dir=\"auto\">R600A<\/span><\/p>\n<\/td>\n<\/tr>\n<tr>\n<td>\n<p class=\"s13\"><span dir=\"auto\">Absorption<\/span><span dir=\"auto\">\u200b<\/span><\/p>\n<\/td>\n<td>\n<p class=\"s13\"><span dir=\"auto\">In 130<\/span><\/p>\n<\/td>\n<td>\n<p class=\"s13\"><span dir=\"auto\">In 130<\/span><\/p>\n<\/td>\n<\/tr>\n<tr>\n<td>\n<p class=\"s13\"><span dir=\"auto\">Energie\u00a0<\/span><span dir=\"auto\">Verbrauch<\/span><\/p>\n<\/td>\n<td>\n<p class=\"s13\"><span dir=\"auto\">KwH\/24H 0,395<\/span><\/p>\n<\/td>\n<td>\n<p class=\"s13\"><span dir=\"auto\">KwH\/24H 0,385<\/span><\/p>\n<\/td>\n<\/tr>\n<\/tbody>\n<\/table>","protected":false},"excerpt":{"rendered":"<p>Bel\u00fcfteter Weink\u00fchler ENERGIEKLASSE<\/p>","protected":false},"featured_media":10585,"comment_status":"open","ping_status":"closed","template":"","meta":[],"product_brand":[],"product_cat":[49],"product_tag":[],"class_list":{"0":"post-10540","1":"product","2":"type-product","3":"status-publish","4":"has-post-thumbnail","6":"product_cat-wine-fridges","8":"first","9":"instock","10":"shipping-taxable","11":"purchasable","12":"product-type-simple"},"_links":{"self":[{"href":"https:\/\/dersuessestopp.com\/de_at\/wp-json\/wp\/v2\/product\/10540","targetHints":{"allow":["GET"]}}],"collection":[{"href":"https:\/\/dersuessestopp.com\/de_at\/wp-json\/wp\/v2\/product"}],"about":[{"href":"https:\/\/dersuessestopp.com\/de_at\/wp-json\/wp\/v2\/types\/product"}],"replies":[{"embeddable":true,"href":"https:\/\/dersuessestopp.com\/de_at\/wp-json\/wp\/v2\/comments?post=10540"}],"version-history":[{"count":3,"href":"https:\/\/dersuessestopp.com\/de_at\/wp-json\/wp\/v2\/product\/10540\/revisions"}],"predecessor-version":[{"id":11655,"href":"https:\/\/dersuessestopp.com\/de_at\/wp-json\/wp\/v2\/product\/10540\/revisions\/11655"}],"wp:featuredmedia":[{"embeddable":true,"href":"https:\/\/dersuessestopp.com\/de_at\/wp-json\/wp\/v2\/media\/10585"}],"wp:attachment":[{"href":"https:\/\/dersuessestopp.com\/de_at\/wp-json\/wp\/v2\/media?parent=10540"}],"wp:term":[{"taxonomy":"product_brand","embeddable":true,"href":"https:\/\/dersuessestopp.com\/de_at\/wp-json\/wp\/v2\/product_brand?post=10540"},{"taxonomy":"product_cat","embeddable":true,"href":"https:\/\/dersuessestopp.com\/de_at\/wp-json\/wp\/v2\/product_cat?post=10540"},{"taxonomy":"product_tag","embeddable":true,"href":"https:\/\/dersuessestopp.com\/de_at\/wp-json\/wp\/v2\/product_tag?post=10540"}],"curies":[{"name":"wp","href":"https:\/\/api.w.org\/{rel}","templated":true}]}}