{"id":10538,"date":"2025-09-29T15:00:17","date_gmt":"2025-09-29T15:00:17","guid":{"rendered":"https:\/\/dersuessestopp.com\/?post_type=product&#038;p=10538"},"modified":"2025-10-08T20:33:03","modified_gmt":"2025-10-08T20:33:03","slug":"cw-180-g1tb","status":"publish","type":"product","link":"https:\/\/dersuessestopp.com\/de_at\/product\/cw-180-g1tb\/","title":{"rendered":"CW 180 G1TB"},"content":{"rendered":"<p data-start=\"227\" data-end=\"508\"><img fetchpriority=\"high\" decoding=\"async\" class=\"alignnone wp-image-11661 size-full\" src=\"https:\/\/dersuessestopp.com\/wp-content\/uploads\/2025\/09\/180cw.jpg\" alt=\"\" width=\"2000\" height=\"600\" srcset=\"https:\/\/dersuessestopp.com\/wp-content\/uploads\/2025\/09\/180cw.jpg 2000w, https:\/\/dersuessestopp.com\/wp-content\/uploads\/2025\/09\/180cw-300x90.jpg 300w, https:\/\/dersuessestopp.com\/wp-content\/uploads\/2025\/09\/180cw-1024x307.jpg 1024w, https:\/\/dersuessestopp.com\/wp-content\/uploads\/2025\/09\/180cw-768x230.jpg 768w, https:\/\/dersuessestopp.com\/wp-content\/uploads\/2025\/09\/180cw-1536x461.jpg 1536w, https:\/\/dersuessestopp.com\/wp-content\/uploads\/2025\/09\/180cw-250x75.jpg 250w, https:\/\/dersuessestopp.com\/wp-content\/uploads\/2025\/09\/180cw-600x180.jpg 600w\" sizes=\"(max-width: 2000px) 100vw, 2000px\" \/><\/p>\n<p data-start=\"227\" data-end=\"508\">Erleben Sie Pr\u00e4zision und Stil mit dem <strong data-start=\"267\" data-end=\"282\">CW 180 G2TB<\/strong>, ist ein hochwertiger Weink\u00fchler mit zwei Zonen, der sowohl f\u00fcr den professionellen als auch f\u00fcr den privaten Gebrauch geeignet ist. Sein <strong data-start=\"365\" data-end=\"400\">rahmenlose Vollglast\u00fcr in Schwarz<\/strong>, <strong data-start=\"402\" data-end=\"435\">Z-f\u00f6rmig verschiebbare Metallb\u00f6den<\/strong>, und <strong data-start=\"441\" data-end=\"457\">LED-Beleuchtung<\/strong> machen ihn zu einem auff\u00e4lligen Mittelpunkt f\u00fcr jede Einrichtung.<\/p>\n<p data-start=\"510\" data-end=\"782\">Mit <strong data-start=\"515\" data-end=\"552\">zwei unabh\u00e4ngige Temperaturzonen<\/strong>, k\u00f6nnen Sie sowohl Rot- als auch Wei\u00dfweine unter idealen Bedingungen lagern. Die <strong data-start=\"618\" data-end=\"656\">elektronischer Touchscreen-Thermostat<\/strong> gew\u00e4hrleistet eine genaue Kontrolle, w\u00e4hrend die <strong data-start=\"693\" data-end=\"721\">Abtauautomatik<\/strong> und <strong data-start=\"726\" data-end=\"747\">Axialventilator-K\u00fchlung<\/strong> eine gleichbleibende Leistung aufrechtzuerhalten.<\/p>\n<p data-start=\"784\" data-end=\"803\"><strong data-start=\"784\" data-end=\"801\">Hauptmerkmale:<\/strong><\/p>\n<ul data-start=\"804\" data-end=\"1113\">\n<li data-start=\"804\" data-end=\"837\">\n<p data-start=\"806\" data-end=\"837\">Zwei-Zonen-Temperaturregelung<\/p>\n<\/li>\n<li data-start=\"838\" data-end=\"871\">\n<p data-start=\"840\" data-end=\"871\">Z-f\u00f6rmig verschiebbare Metallb\u00f6den<\/p>\n<\/li>\n<li data-start=\"872\" data-end=\"910\">\n<p data-start=\"874\" data-end=\"910\">Elektronischer Thermostat mit Touchscreen<\/p>\n<\/li>\n<li data-start=\"911\" data-end=\"942\">\n<p data-start=\"913\" data-end=\"942\">Gleichm\u00e4\u00dfige K\u00fchlung mit Axiall\u00fcfter<\/p>\n<\/li>\n<li data-start=\"943\" data-end=\"971\">\n<p data-start=\"945\" data-end=\"971\">Automatische Abtauung<\/p>\n<\/li>\n<li data-start=\"972\" data-end=\"1012\">\n<p data-start=\"974\" data-end=\"1012\">LED-Beleuchtung (vertikal und horizontal)<\/p>\n<\/li>\n<li data-start=\"1013\" data-end=\"1066\">\n<p data-start=\"1015\" data-end=\"1066\">Umkehrbare rahmenlose Glast\u00fcr mit Schloss und Schl\u00fcssel<\/p>\n<\/li>\n<li data-start=\"1067\" data-end=\"1113\">\n<p data-start=\"1069\" data-end=\"1113\">Widerstandsf\u00e4higes, korrosionsbest\u00e4ndiges Geh\u00e4use mit ABS-Auskleidung<\/p>\n<\/li>\n<\/ul>\n<table cellspacing=\"0\">\n<tbody>\n<tr>\n<td bgcolor=\"#FFFFFF\">\n<p class=\"s7\"><span dir=\"auto\">\u00a0Abmessungen mm<\/span><\/p>\n<\/td>\n<td bgcolor=\"#FFFFFF\">\n<p class=\"s7\"><span dir=\"auto\">CW 180 G1TB<\/span><\/p>\n<\/td>\n<td bgcolor=\"#FFFFFF\">\n<p class=\"s7\"><span dir=\"auto\">CW 180 G2TB<\/span><\/p>\n<\/td>\n<\/tr>\n<tr>\n<td>\n<p class=\"s13\"><span dir=\"auto\">\u00a0\u00c4u\u00dfere Abmessungen ( <\/span><span dir=\"auto\">BxTxH)<\/span><\/p>\n<\/td>\n<td>\n<p class=\"s13\"><span dir=\"auto\">595 x 700 x 1804<\/span><\/p>\n<\/td>\n<td>\n<p class=\"s13\"><span dir=\"auto\">595 x 700 x 1804<\/span><\/p>\n<\/td>\n<\/tr>\n<tr>\n<td>\n<p class=\"s13\"><span dir=\"auto\">\u00a0Verpackung Abmessungen ( <\/span><span dir=\"auto\">BxTxH)<\/span><\/p>\n<\/td>\n<td>\n<p class=\"s13\"><span dir=\"auto\">645 x 770 x 1996<\/span><\/p>\n<\/td>\n<td>\n<p class=\"s13\"><span dir=\"auto\">645 x 770 x 1996<\/span><\/p>\n<\/td>\n<\/tr>\n<tr>\n<td>\n<p class=\"s13\"><span dir=\"auto\">\u00a0<\/span><span dir=\"auto\">Breite<\/span><\/p>\n<\/td>\n<td>\n<p class=\"s13\"><span dir=\"auto\">500<\/span><\/p>\n<\/td>\n<td>\n<p class=\"s13\"><span dir=\"auto\">500<\/span><\/p>\n<\/td>\n<\/tr>\n<tr>\n<td>\n<p class=\"s13\"><span dir=\"auto\">\u00a0Tiefe<\/span><\/p>\n<\/td>\n<td>\n<p class=\"s13\"><span dir=\"auto\">540<\/span><\/p>\n<\/td>\n<td>\n<p class=\"s13\"><span dir=\"auto\">540<\/span><\/p>\n<\/td>\n<\/tr>\n<tr>\n<td>\n<p class=\"s13\"><span dir=\"auto\">\u00a0<\/span><span dir=\"auto\">H\u00f6he<\/span><\/p>\n<\/td>\n<td>\n<p class=\"s13\"><span dir=\"auto\">1630<\/span><\/p>\n<\/td>\n<td>\n<p class=\"s13\"><span dir=\"auto\">1630<\/span><\/p>\n<\/td>\n<\/tr>\n<tr>\n<td>\n<p class=\"s13\"><span dir=\"auto\">\u00a0<\/span><span dir=\"auto\">Min. Tiefe<\/span><\/p>\n<\/td>\n<td>\n<p class=\"s13\"><span dir=\"auto\">380<\/span><\/p>\n<\/td>\n<td>\n<p class=\"s13\"><span dir=\"auto\">380<\/span><\/p>\n<\/td>\n<\/tr>\n<tr>\n<td>\n<p class=\"s13\"><span dir=\"auto\">\u00a0<\/span><span dir=\"auto\">Min. H\u00f6he<\/span><\/p>\n<\/td>\n<td>\n<p class=\"s13\"><span dir=\"auto\">1420<\/span><\/p>\n<\/td>\n<td>\n<p class=\"s13\"><span dir=\"auto\">1420<\/span><\/p>\n<\/td>\n<\/tr>\n<tr>\n<td>\n<p class=\"s13\"><span dir=\"auto\">\u00a0Seite <\/span><span dir=\"auto\">Aufkleber<\/span><\/p>\n<\/td>\n<td>\n<p class=\"s13\"><span dir=\"auto\">648 x 1785<\/span><\/p>\n<\/td>\n<td>\n<p class=\"s13\"><span dir=\"auto\">648 x 1785<\/span><\/p>\n<\/td>\n<\/tr>\n<tr>\n<td>\n<p class=\"s13\"><span dir=\"auto\">\u00a0Glasaufkleber<\/span><\/p>\n<\/td>\n<td>\n<p class=\"s13\"><span dir=\"auto\">462 x 1540<\/span><\/p>\n<\/td>\n<td>\n<p class=\"s13\"><span dir=\"auto\">462 x 1540<\/span><\/p>\n<\/td>\n<\/tr>\n<\/tbody>\n<\/table>\n<p>&nbsp;<\/p>\n<table cellspacing=\"0\">\n<tbody>\n<tr>\n<td bgcolor=\"#FFFFFF\">\n<p class=\"s7\"><span dir=\"auto\">Technische Merkmale<\/span><\/p>\n<\/td>\n<td bgcolor=\"#FFFFFF\">\n<p class=\"s7\"><span dir=\"auto\">CW 180 G1TB<\/span><\/p>\n<\/td>\n<td bgcolor=\"#FFFFFF\">\n<p class=\"s7\"><span dir=\"auto\">CW 180 G2TB<\/span><\/p>\n<\/td>\n<\/tr>\n<tr>\n<td>\n<p class=\"s13\"><span dir=\"auto\">\u00a0<\/span><span dir=\"auto\">Temperaturbereich<\/span><\/p>\n<\/td>\n<td>\n<p class=\"s13\"><span dir=\"auto\">+2 \u00b0C \/ +20 \u00b0C<\/span><\/p>\n<\/td>\n<td>\n<p class=\"s13\"><span dir=\"auto\">+2 \u00b0C \/ +12 \u00b0C | +12 \u00b0C \/ +20 \u00b0C<\/span><\/p>\n<\/td>\n<\/tr>\n<tr>\n<td>\n<p class=\"s13\"><span dir=\"auto\">\u00a0Klima <\/span><span dir=\"auto\">Klasse<\/span><\/p>\n<\/td>\n<td>\n<p class=\"s13\"><span dir=\"auto\">N-ST<\/span><\/p>\n<\/td>\n<td>\n<p class=\"s13\"><span dir=\"auto\">N-ST<\/span><\/p>\n<\/td>\n<\/tr>\n<tr>\n<td>\n<p class=\"s13\"><span dir=\"auto\">\u00a0<\/span><span dir=\"auto\">Netto-Brutto-Volumen<\/span><\/p>\n<\/td>\n<td>\n<p class=\"s13\"><span dir=\"auto\">Lt. 409 \/ 425<\/span><\/p>\n<\/td>\n<td>\n<p class=\"s13\"><span dir=\"auto\">Lt. 400 \/ 423<\/span><\/p>\n<\/td>\n<\/tr>\n<tr>\n<td>\n<p class=\"s13\"><span dir=\"auto\">\u00a0\u00c4u\u00dfere K\u00f6rperoberfl\u00e4che<\/span><\/p>\n<\/td>\n<td>\n<p class=\"s13\"><span dir=\"auto\">Vorlackierte Bleche <\/span><span dir=\"auto\">mit Korrosionsschutzbehandlung<\/span><\/p>\n<\/td>\n<td>\n<p class=\"s13\"><span dir=\"auto\">Vorlackierte Bleche <\/span><span dir=\"auto\">mit Korrosionsschutzbehandlung<\/span><\/p>\n<\/td>\n<\/tr>\n<tr>\n<td>\n<p class=\"s13\"><span dir=\"auto\">\u00a0T\u00fcr<\/span><span dir=\"auto\">\u200b<\/span><\/p>\n<\/td>\n<td>\n<p class=\"s13\"><span dir=\"auto\">Schwarz\u00a0<\/span><span dir=\"auto\">volles Glas<\/span><\/p>\n<\/td>\n<td>\n<p class=\"s13\"><span dir=\"auto\">Schwarz\u00a0<\/span><span dir=\"auto\">volles Glas<\/span><\/p>\n<\/td>\n<\/tr>\n<tr>\n<td>\n<p class=\"s13\"><span dir=\"auto\">\u00a0Innere Oberfl\u00e4che\u00a0<\/span><\/p>\n<\/td>\n<td>\n<p class=\"s13\"><span dir=\"auto\">ABS<\/span><\/p>\n<\/td>\n<td>\n<p class=\"s13\"><span dir=\"auto\">ABS<\/span><\/p>\n<\/td>\n<\/tr>\n<tr>\n<td>\n<p class=\"s13\"><span dir=\"auto\">\u00a0<\/span><span dir=\"auto\">Thermostat<\/span><\/p>\n<\/td>\n<td>\n<p class=\"s13\"><span dir=\"auto\">\u00a0Elektronisch<\/span><span dir=\"auto\">\u00a0Touchscreen<\/span><\/p>\n<\/td>\n<td>\n<p class=\"s13\"><span dir=\"auto\">\u00a0<\/span><span dir=\"auto\">Elektronisch<\/span><span dir=\"auto\">\u00a0Touchscreen<\/span><\/p>\n<\/td>\n<\/tr>\n<tr>\n<td>\n<p class=\"s13\"><span dir=\"auto\">\u00a0L\u00e4rm <\/span><span dir=\"auto\">Ebene<\/span><\/p>\n<\/td>\n<td>\n<p class=\"s13\"><span dir=\"auto\">dB 38<\/span><\/p>\n<\/td>\n<td>\n<p class=\"s13\"><span dir=\"auto\">dB 44<\/span><\/p>\n<\/td>\n<\/tr>\n<tr>\n<td>\n<p class=\"s13\"><span dir=\"auto\">\u00a0Isolierung <\/span><span dir=\"auto\">Dicke<\/span><\/p>\n<\/td>\n<td>\n<p class=\"s13\"><span dir=\"auto\">55 mm<\/span><\/p>\n<\/td>\n<td>\n<p class=\"s13\"><span dir=\"auto\">55 mm<\/span><\/p>\n<\/td>\n<\/tr>\n<tr>\n<td>\n<p class=\"s13\"><span dir=\"auto\">\u00a0Entfrosten <\/span><span dir=\"auto\">Abtauen<\/span><\/p>\n<\/td>\n<td>\n<p class=\"s13\"><span dir=\"auto\">Automatischer Kompressor\u00a0<\/span><span dir=\"auto\">Zyklus<\/span><\/p>\n<\/td>\n<td>\n<p class=\"s13\"><span dir=\"auto\">Automatischer Kompressor\u00a0<\/span><span dir=\"auto\">Zyklus<\/span><\/p>\n<\/td>\n<\/tr>\n<tr>\n<td>\n<p class=\"s13\"><span dir=\"auto\">\u00a0Beleuchtung<\/span><span dir=\"auto\">\u200b<\/span><\/p>\n<\/td>\n<td>\n<p class=\"s13\"><span dir=\"auto\">LEDs: 2 vertikal + 1 horizontal<\/span><\/p>\n<\/td>\n<td>\n<p class=\"s13\"><span dir=\"auto\">LEDs: 2 vertikal + 2 horizontal<\/span><\/p>\n<\/td>\n<\/tr>\n<tr>\n<td>\n<p class=\"s13\"><span dir=\"auto\">\u00a0Umkehrbar <\/span><span dir=\"auto\">T\u00fcr<\/span><\/p>\n<\/td>\n<td>\n<p class=\"s13\"><span dir=\"auto\">Ja<\/span><span dir=\"auto\">\u200b<\/span><\/p>\n<\/td>\n<td>\n<p class=\"s13\"><span dir=\"auto\">Ja<\/span><span dir=\"auto\">\u200b<\/span><\/p>\n<\/td>\n<\/tr>\n<tr>\n<td>\n<p class=\"s13\"><span dir=\"auto\">\u00a0Schloss <\/span><span dir=\"auto\">und Schl\u00fcssel<\/span><\/p>\n<\/td>\n<td>\n<p class=\"s13\"><span dir=\"auto\">Ja<\/span><span dir=\"auto\">\u200b<\/span><\/p>\n<\/td>\n<td>\n<p class=\"s13\"><span dir=\"auto\">Ja<\/span><span dir=\"auto\">\u200b<\/span><\/p>\n<\/td>\n<\/tr>\n<tr>\n<td>\n<p class=\"s13\"><span dir=\"auto\">\u00a0Z <\/span><span dir=\"auto\">-Form Schiebeb\u00f6den (BxT)<\/span><\/p>\n<\/td>\n<td>\n<p class=\"s13\"><span dir=\"auto\">Nr. 10 - 452 x 535 mm<\/span><\/p>\n<p class=\"s13\"><span dir=\"auto\">Nr. 1 - 452 x 380 mm<\/span><\/p>\n<\/td>\n<td>\n<p class=\"s13\"><span dir=\"auto\">Nr. 9 - 452 x 535 mm<\/span><\/p>\n<p class=\"s13\"><span dir=\"auto\">Nr. 1 - 452 x 380 mm<\/span><\/p>\n<\/td>\n<\/tr>\n<tr>\n<td>\n<p class=\"s13\"><span dir=\"auto\">\u00a0Rollen <\/span><span dir=\"auto\">-Fu\u00df<\/span><\/p>\n<\/td>\n<td>\n<p class=\"s13\"><span dir=\"auto\">4 F\u00fc\u00dfe<\/span><\/p>\n<\/td>\n<td>\n<p class=\"s13\"><span dir=\"auto\">4 F\u00fc\u00dfe<\/span><\/p>\n<\/td>\n<\/tr>\n<tr>\n<td>\n<p class=\"s13\"><span dir=\"auto\">\u00a0Netz- <\/span><span dir=\"auto\">Bruttogewicht<\/span><\/p>\n<\/td>\n<td>\n<p class=\"s13\"><span dir=\"auto\">Kg 109 \/ 117<\/span><\/p>\n<\/td>\n<td>\n<p class=\"s13\"><span dir=\"auto\">Kg 111 \/ 119<\/span><\/p>\n<\/td>\n<\/tr>\n<tr>\n<td>\n<p class=\"s13\"><span dir=\"auto\">\u00a0Spannung<\/span><span dir=\"auto\">\u200b<\/span><\/p>\n<\/td>\n<td>\n<p class=\"s13\"><span dir=\"auto\">V 220<\/span><\/p>\n<\/td>\n<td>\n<p class=\"s13\"><span dir=\"auto\">V 220<\/span><\/p>\n<\/td>\n<\/tr>\n<tr>\n<td>\n<p class=\"s13\"><span dir=\"auto\">\u00a0Frequenz<\/span><span dir=\"auto\">\u200b<\/span><\/p>\n<\/td>\n<td>\n<p class=\"s13\"><span dir=\"auto\">Hz 50<\/span><\/p>\n<\/td>\n<td>\n<p class=\"s13\"><span dir=\"auto\">Hz 50<\/span><\/p>\n<\/td>\n<\/tr>\n<tr>\n<td>\n<p class=\"s13\"><span dir=\"auto\">\u00a0K\u00e4ltemittel<\/span><span dir=\"auto\">\u200b<\/span><\/p>\n<\/td>\n<td>\n<p class=\"s13\"><span dir=\"auto\">R600A<\/span><\/p>\n<\/td>\n<td>\n<p class=\"s13\"><span dir=\"auto\">R600A<\/span><\/p>\n<\/td>\n<\/tr>\n<tr>\n<td>\n<p class=\"s13\"><span dir=\"auto\">\u00a0Absorption<\/span><span dir=\"auto\">\u200b<\/span><\/p>\n<\/td>\n<td>\n<p class=\"s13\"><span dir=\"auto\">W 130<\/span><\/p>\n<\/td>\n<td>\n<p class=\"s13\"><span dir=\"auto\">W 130<\/span><\/p>\n<\/td>\n<\/tr>\n<tr>\n<td>\n<p class=\"s13\"><span dir=\"auto\" style=\"font-family: inherit; font-size: inherit;\">\u00a0<\/span><span dir=\"auto\" style=\"font-family: inherit; font-size: inherit;\">Energieverbrauch<\/span><\/p>\n<\/td>\n<td>\n<p class=\"s13\"><span dir=\"auto\">KwH\/24H 0,425<\/span><\/p>\n<\/td>\n<td>\n<p class=\"s13\"><span dir=\"auto\">KwH\/24H 0,5<\/span><\/p>\n<\/td>\n<\/tr>\n<\/tbody>\n<\/table>","protected":false},"excerpt":{"rendered":"<p>Bel\u00fcfteter Weink\u00fchler ENERGIEKLASSE<\/p>","protected":false},"featured_media":10581,"comment_status":"open","ping_status":"closed","template":"","meta":[],"product_brand":[],"product_cat":[49],"product_tag":[],"class_list":{"0":"post-10538","1":"product","2":"type-product","3":"status-publish","4":"has-post-thumbnail","6":"product_cat-wine-fridges","8":"first","9":"instock","10":"shipping-taxable","11":"purchasable","12":"product-type-simple"},"_links":{"self":[{"href":"https:\/\/dersuessestopp.com\/de_at\/wp-json\/wp\/v2\/product\/10538","targetHints":{"allow":["GET"]}}],"collection":[{"href":"https:\/\/dersuessestopp.com\/de_at\/wp-json\/wp\/v2\/product"}],"about":[{"href":"https:\/\/dersuessestopp.com\/de_at\/wp-json\/wp\/v2\/types\/product"}],"replies":[{"embeddable":true,"href":"https:\/\/dersuessestopp.com\/de_at\/wp-json\/wp\/v2\/comments?post=10538"}],"version-history":[{"count":4,"href":"https:\/\/dersuessestopp.com\/de_at\/wp-json\/wp\/v2\/product\/10538\/revisions"}],"predecessor-version":[{"id":11664,"href":"https:\/\/dersuessestopp.com\/de_at\/wp-json\/wp\/v2\/product\/10538\/revisions\/11664"}],"wp:featuredmedia":[{"embeddable":true,"href":"https:\/\/dersuessestopp.com\/de_at\/wp-json\/wp\/v2\/media\/10581"}],"wp:attachment":[{"href":"https:\/\/dersuessestopp.com\/de_at\/wp-json\/wp\/v2\/media?parent=10538"}],"wp:term":[{"taxonomy":"product_brand","embeddable":true,"href":"https:\/\/dersuessestopp.com\/de_at\/wp-json\/wp\/v2\/product_brand?post=10538"},{"taxonomy":"product_cat","embeddable":true,"href":"https:\/\/dersuessestopp.com\/de_at\/wp-json\/wp\/v2\/product_cat?post=10538"},{"taxonomy":"product_tag","embeddable":true,"href":"https:\/\/dersuessestopp.com\/de_at\/wp-json\/wp\/v2\/product_tag?post=10538"}],"curies":[{"name":"wp","href":"https:\/\/api.w.org\/{rel}","templated":true}]}}