{"id":10474,"date":"2025-09-29T14:59:56","date_gmt":"2025-09-29T14:59:56","guid":{"rendered":"https:\/\/dersuessestopp.com\/?post_type=product&#038;p=10474"},"modified":"2025-10-08T21:10:17","modified_gmt":"2025-10-08T21:10:17","slug":"deluxe-123-psv","status":"publish","type":"product","link":"https:\/\/dersuessestopp.com\/de_at\/product\/deluxe-123-psv\/","title":{"rendered":"DELUXE 123 PSV"},"content":{"rendered":"<p data-start=\"174\" data-end=\"509\"><img fetchpriority=\"high\" decoding=\"async\" class=\"alignnone wp-image-11736 size-full\" src=\"https:\/\/dersuessestopp.com\/wp-content\/uploads\/2025\/09\/DELUXE-93_123_153_PSV-Dettagli.jpg\" alt=\"\" width=\"2000\" height=\"600\" srcset=\"https:\/\/dersuessestopp.com\/wp-content\/uploads\/2025\/09\/DELUXE-93_123_153_PSV-Dettagli.jpg 2000w, https:\/\/dersuessestopp.com\/wp-content\/uploads\/2025\/09\/DELUXE-93_123_153_PSV-Dettagli-300x90.jpg 300w, https:\/\/dersuessestopp.com\/wp-content\/uploads\/2025\/09\/DELUXE-93_123_153_PSV-Dettagli-1024x307.jpg 1024w, https:\/\/dersuessestopp.com\/wp-content\/uploads\/2025\/09\/DELUXE-93_123_153_PSV-Dettagli-768x230.jpg 768w, https:\/\/dersuessestopp.com\/wp-content\/uploads\/2025\/09\/DELUXE-93_123_153_PSV-Dettagli-1536x461.jpg 1536w, https:\/\/dersuessestopp.com\/wp-content\/uploads\/2025\/09\/DELUXE-93_123_153_PSV-Dettagli-250x75.jpg 250w, https:\/\/dersuessestopp.com\/wp-content\/uploads\/2025\/09\/DELUXE-93_123_153_PSV-Dettagli-600x180.jpg 600w\" sizes=\"(max-width: 2000px) 100vw, 2000px\" \/><\/p>\n<p data-start=\"174\" data-end=\"509\">Die <strong data-start=\"178\" data-end=\"196\">DELUXE 123 PSV<\/strong> ist eine professionelle K\u00fchltheke f\u00fcr die stilvolle Pr\u00e4sentation von Geb\u00e4ck, Kuchen und Desserts. Gebaut f\u00fcr Eleganz und Funktionalit\u00e4t, bietet sie eine <strong data-start=\"357\" data-end=\"387\">vierseitige Glasstruktur<\/strong>, <strong data-start=\"389\" data-end=\"424\">bel\u00fcftetes K\u00fchlsystem<\/strong>, und <strong data-start=\"430\" data-end=\"452\">hintere Schiebet\u00fcren<\/strong>, die sowohl eine hervorragende Sichtbarkeit als auch einen leichten Zugang gew\u00e4hrleisten.<\/p>\n<p data-start=\"511\" data-end=\"792\">Mit einem <strong data-start=\"518\" data-end=\"558\">Temperaturbereich von +2 \u00b0C bis +10 \u00b0C<\/strong>, Die DELUXE 123 PSV sorgt f\u00fcr perfekte Servierbedingungen f\u00fcr empfindliche Produkte. Die <strong data-start=\"643\" data-end=\"676\">Geh\u00e4use aus rostfreiem Stahl AISI 304<\/strong> mit einer <strong data-start=\"684\" data-end=\"713\">schwarzes, gl\u00e4nzendes Glas<\/strong> f\u00fcgt ein modernes und raffiniertes Aussehen hinzu, das sich f\u00fcr Konditoreien und Caf\u00e9s der gehobenen Klasse eignet.<\/p>\n<p data-start=\"794\" data-end=\"813\"><strong data-start=\"794\" data-end=\"811\">Hauptmerkmale:<\/strong><\/p>\n<ul data-start=\"814\" data-end=\"1309\">\n<li data-start=\"814\" data-end=\"868\">\n<p data-start=\"816\" data-end=\"868\">Vierseitige bel\u00fcftete Glasbackwarentheke<\/p>\n<\/li>\n<li data-start=\"869\" data-end=\"929\">\n<p data-start=\"871\" data-end=\"929\">3 Einlegeb\u00f6den aus geh\u00e4rtetem Glas mit Vorderkante aus Edelstahl<\/p>\n<\/li>\n<li data-start=\"930\" data-end=\"967\">\n<p data-start=\"932\" data-end=\"967\">Temperaturbereich: +2 \u00b0C - +10 \u00b0C<\/p>\n<\/li>\n<li data-start=\"968\" data-end=\"1022\">\n<p data-start=\"970\" data-end=\"1022\">Elektronischer Thermostat mit pr\u00e4ziser digitaler Steuerung<\/p>\n<\/li>\n<li data-start=\"1023\" data-end=\"1064\">\n<p data-start=\"1025\" data-end=\"1064\">Automatische Abtauung f\u00fcr geringen Wartungsaufwand<\/p>\n<\/li>\n<li data-start=\"1065\" data-end=\"1123\">\n<p data-start=\"1067\" data-end=\"1123\">LED-Innenbeleuchtung f\u00fcr optimale Produktpr\u00e4sentation<\/p>\n<\/li>\n<li data-start=\"1124\" data-end=\"1171\">\n<p data-start=\"1126\" data-end=\"1171\">Optionale Smart Link Wi-Fi-Fern\u00fcberwachung<\/p>\n<\/li>\n<li data-start=\"1172\" data-end=\"1218\">\n<p data-start=\"1174\" data-end=\"1218\">Montiert auf Rollen f\u00fcr einfache Bewegung<\/p>\n<\/li>\n<li data-start=\"1219\" data-end=\"1268\">\n<p data-start=\"1221\" data-end=\"1268\">\u00c4u\u00dfere Abmessungen: <strong data-start=\"1242\" data-end=\"1266\">1200 \u00d7 740 \u00d7 1300 mm<\/strong><\/p>\n<\/li>\n<li data-start=\"1269\" data-end=\"1309\">\n<p data-start=\"1271\" data-end=\"1309\">Klimaklasse 4, ger\u00e4uscharmer Betrieb<\/p>\n<\/li>\n<\/ul>\n<p data-start=\"1311\" data-end=\"1474\">Elegant, effizient und langlebig - die <strong data-start=\"1349\" data-end=\"1367\">DELUXE 123 PSV<\/strong> bietet erstklassige Leistung und Stil und ist damit das perfekte Herzst\u00fcck f\u00fcr jede moderne Geb\u00e4ckauslage.<\/p>\n<table style=\"height: 361px;\" width=\"702\" cellspacing=\"0\">\n<tbody>\n<tr>\n<td bgcolor=\"#FFFFFF\">\n<p class=\"s12\"><span dir=\"auto\">\u00a0Abmessungen mm<\/span><\/p>\n<\/td>\n<td bgcolor=\"#FFFFFF\">\n<p class=\"s12\"><span dir=\"auto\">DELUXE 93 PSV<\/span><\/p>\n<\/td>\n<td bgcolor=\"#FFFFFF\">\n<p class=\"s12\"><span dir=\"auto\">DELUXE 123 PSV<\/span><\/p>\n<\/td>\n<td bgcolor=\"#FFFFFF\">\n<p class=\"s12\"><span dir=\"auto\">DELUXE 153 PSV<\/span><\/p>\n<\/td>\n<\/tr>\n<tr>\n<td>\n<p class=\"s13\"><span dir=\"auto\">\u00c4u\u00dfere Abmessungen (\u00a0<\/span><span dir=\"auto\">BxTxH)<\/span><\/p>\n<\/td>\n<td>\n<p class=\"s13\"><span dir=\"auto\">900 x 740 x 1300<\/span><\/p>\n<\/td>\n<td>\n<p class=\"s13\"><span dir=\"auto\">1200 x 740 x 1300<\/span><\/p>\n<\/td>\n<td>\n<p class=\"s13\"><span dir=\"auto\">1500 x 740 x 1300<\/span><\/p>\n<\/td>\n<\/tr>\n<tr>\n<td>\n<p class=\"s13\"><span dir=\"auto\">Verpackung Abmessungen (\u00a0<\/span><span dir=\"auto\">BxTxH)<\/span><\/p>\n<\/td>\n<td>\n<p class=\"s13\"><span dir=\"auto\">980 x 830 x 1430<\/span><\/p>\n<\/td>\n<td>\n<p class=\"s13\"><span dir=\"auto\">1280 x 830 x 1430<\/span><\/p>\n<\/td>\n<td>\n<p class=\"s13\"><span dir=\"auto\">1580 x 830 x 1430<\/span><\/p>\n<\/td>\n<\/tr>\n<tr>\n<td>\n<p class=\"s13\"><span dir=\"auto\">\u00a0<\/span><span dir=\"auto\">Breite<\/span><\/p>\n<\/td>\n<td>\n<p class=\"s13\"><span dir=\"auto\">840<\/span><\/p>\n<\/td>\n<td>\n<p class=\"s13\"><span dir=\"auto\">1140<\/span><\/p>\n<\/td>\n<td>\n<p class=\"s13\"><span dir=\"auto\">1440<\/span><\/p>\n<\/td>\n<\/tr>\n<tr>\n<td>\n<p class=\"s13\"><span dir=\"auto\">\u00a0<\/span><span dir=\"auto\">Tiefe<\/span><\/p>\n<\/td>\n<td>\n<p class=\"s13\"><span dir=\"auto\">630<\/span><\/p>\n<\/td>\n<td>\n<p class=\"s13\"><span dir=\"auto\">630<\/span><\/p>\n<\/td>\n<td>\n<p class=\"s13\"><span dir=\"auto\">630<\/span><\/p>\n<\/td>\n<\/tr>\n<tr>\n<td>\n<p class=\"s13\"><span dir=\"auto\">\u00a0<\/span><span dir=\"auto\">H\u00f6he<\/span><\/p>\n<\/td>\n<td>\n<p class=\"s13\"><span dir=\"auto\">790<\/span><\/p>\n<\/td>\n<td>\n<p class=\"s13\"><span dir=\"auto\">790<\/span><\/p>\n<\/td>\n<td>\n<p class=\"s13\"><span dir=\"auto\">790<\/span><\/p>\n<\/td>\n<\/tr>\n<\/tbody>\n<\/table>\n<p>&nbsp;<\/p>\n<table style=\"height: 1221px;\" width=\"1194\" cellspacing=\"0\">\n<tbody>\n<tr>\n<td bgcolor=\"#FFFFFF\">\n<p class=\"s12\"><span dir=\"auto\">Technische Merkmale<\/span><\/p>\n<\/td>\n<td bgcolor=\"#FFFFFF\">\n<p class=\"s12\"><span dir=\"auto\">DELUXE 93 PSV<\/span><\/p>\n<\/td>\n<td bgcolor=\"#FFFFFF\">\n<p class=\"s12\"><span dir=\"auto\">DELUXE 123 PSV<\/span><\/p>\n<\/td>\n<td bgcolor=\"#FFFFFF\">\n<p class=\"s12\"><span dir=\"auto\">DELUXE 153 PSV<\/span><\/p>\n<\/td>\n<\/tr>\n<tr>\n<td>\n<p class=\"s13\"><span dir=\"auto\">\u00a0<\/span><span dir=\"auto\">Temperaturbereich<\/span><\/p>\n<\/td>\n<td>\n<p class=\"s13\"><span dir=\"auto\">+2 \u00b0C \/ +10 \u00b0C<\/span><\/p>\n<\/td>\n<td>\n<p class=\"s13\"><span dir=\"auto\">+2 \u00b0C \/ +10 \u00b0C<\/span><\/p>\n<\/td>\n<td>\n<p class=\"s13\"><span dir=\"auto\">+2 \u00b0C \/ +10 \u00b0C<\/span><\/p>\n<\/td>\n<\/tr>\n<tr>\n<td>\n<p class=\"s13\"><span dir=\"auto\">Klima\u00a0<\/span><span dir=\"auto\">Klasse<\/span><\/p>\n<\/td>\n<td>\n<p class=\"s13\"><span dir=\"auto\">4<\/span><\/p>\n<\/td>\n<td>\n<p class=\"s13\"><span dir=\"auto\">4<\/span><\/p>\n<\/td>\n<td>\n<p class=\"s13\"><span dir=\"auto\">4<\/span><\/p>\n<\/td>\n<\/tr>\n<tr>\n<td>\n<p class=\"s13\"><span dir=\"auto\">\u00a0<\/span><span dir=\"auto\">Netto-Brutto-Volumen<\/span><\/p>\n<\/td>\n<td>\n<p class=\"s13\"><span dir=\"auto\">Lt. 415 \/ 460<\/span><\/p>\n<\/td>\n<td>\n<p class=\"s13\"><span dir=\"auto\">Lt. 550 \/ 610<\/span><\/p>\n<\/td>\n<td>\n<p class=\"s13\"><span dir=\"auto\">Lt. 690 \/ 770<\/span><\/p>\n<\/td>\n<\/tr>\n<tr>\n<td>\n<p class=\"s13\"><span dir=\"auto\">\u00c4u\u00dfere K\u00f6rperoberfl\u00e4che<\/span><\/p>\n<\/td>\n<td>\n<p class=\"s13\"><span dir=\"auto\">Rostfreier Stahl AISI 304<\/span><\/p>\n<\/td>\n<td>\n<p class=\"s13\"><span dir=\"auto\">Rostfreier Stahl AISI 304<\/span><\/p>\n<\/td>\n<td>\n<p class=\"s13\"><span dir=\"auto\">Rostfreier Stahl AISI 304<\/span><\/p>\n<\/td>\n<\/tr>\n<tr>\n<td>\n<p class=\"s13\"><span dir=\"auto\">Innere Oberfl\u00e4che\u00a0<\/span><span dir=\"auto\">Innenauskleidung<\/span><\/p>\n<\/td>\n<td>\n<p class=\"s13\"><span dir=\"auto\">Rostfreier Stahl AISI 304<\/span><\/p>\n<\/td>\n<td>\n<p class=\"s13\"><span dir=\"auto\">Rostfreier Stahl AISI 304<\/span><\/p>\n<\/td>\n<td>\n<p class=\"s13\"><span dir=\"auto\">Rostfreier Stahl AISI 304<\/span><\/p>\n<\/td>\n<\/tr>\n<tr>\n<td>\n<p class=\"s13\"><span dir=\"auto\">Thermostat<\/span><span dir=\"auto\">\u200b<\/span><\/p>\n<\/td>\n<td>\n<p class=\"s13\"><span dir=\"auto\">Elektronisch<\/span><span dir=\"auto\">\u200b<\/span><\/p>\n<\/td>\n<td>\n<p class=\"s13\"><span dir=\"auto\">Elektronisch<\/span><span dir=\"auto\">\u200b<\/span><\/p>\n<\/td>\n<td>\n<p class=\"s13\"><span dir=\"auto\">Elektronisch<\/span><span dir=\"auto\">\u200b<\/span><\/p>\n<\/td>\n<\/tr>\n<tr>\n<td>\n<p class=\"s13\"><span dir=\"auto\">Smart Link WiFi | Fernbedienung\u00a0<\/span><span dir=\"auto\">Kontrolle<\/span><\/p>\n<\/td>\n<td>\n<p class=\"s13\"><span dir=\"auto\">Optional<\/span><\/p>\n<\/td>\n<td>\n<p class=\"s13\"><span dir=\"auto\">Optional<\/span><\/p>\n<\/td>\n<td>\n<p class=\"s13\"><span dir=\"auto\">Optional<\/span><\/p>\n<\/td>\n<\/tr>\n<tr>\n<td>\n<p class=\"s13\"><span dir=\"auto\">L\u00e4rm\u00a0<\/span><span dir=\"auto\">Ebene<\/span><\/p>\n<\/td>\n<td>\n<p class=\"s13\"><span dir=\"auto\">dB 58<\/span><\/p>\n<\/td>\n<td>\n<p class=\"s13\"><span dir=\"auto\">dB 61<\/span><\/p>\n<\/td>\n<td>\n<p class=\"s13\"><span dir=\"auto\">dB 67<\/span><\/p>\n<\/td>\n<\/tr>\n<tr>\n<td>\n<p class=\"s13\"><span dir=\"auto\">Isolierung\u00a0<\/span><span dir=\"auto\">Dicke<\/span><\/p>\n<\/td>\n<td>\n<p class=\"s13\"><span dir=\"auto\">45 mm<\/span><\/p>\n<\/td>\n<td>\n<p class=\"s13\"><span dir=\"auto\">45 mm<\/span><\/p>\n<\/td>\n<td>\n<p class=\"s13\"><span dir=\"auto\">45 mm<\/span><\/p>\n<\/td>\n<\/tr>\n<tr>\n<td>\n<p class=\"s13\"><span dir=\"auto\">Entfrosten\u00a0<\/span><span dir=\"auto\">Abtauen<\/span><\/p>\n<\/td>\n<td>\n<p class=\"s13\"><span dir=\"auto\">Automatischer Kompressor\u00a0<\/span><span dir=\"auto\">Zyklus<\/span><\/p>\n<\/td>\n<td>\n<p class=\"s13\"><span dir=\"auto\">Automatischer Kompressor\u00a0<\/span><span dir=\"auto\">Zyklus<\/span><\/p>\n<\/td>\n<td>\n<p class=\"s13\"><span dir=\"auto\">Automatischer Kompressor\u00a0<\/span><span dir=\"auto\">Zyklus<\/span><\/p>\n<\/td>\n<\/tr>\n<tr>\n<td>\n<p class=\"s13\"><span dir=\"auto\">Beleuchtung<\/span><span dir=\"auto\">\u200b<\/span><\/p>\n<\/td>\n<td>\n<p class=\"s13\"><span dir=\"auto\">4 horizontale LEDs\u00a0<\/span><span dir=\"auto\">Horizontal<\/span><\/p>\n<\/td>\n<td>\n<p class=\"s13\"><span dir=\"auto\">4 horizontale LEDs\u00a0<\/span><span dir=\"auto\">Horizontal<\/span><\/p>\n<\/td>\n<td>\n<p class=\"s13\"><span dir=\"auto\">4 horizontale LEDs\u00a0<\/span><span dir=\"auto\">Horizontal<\/span><\/p>\n<\/td>\n<\/tr>\n<tr>\n<td>\n<p class=\"s13\"><span dir=\"auto\">Einlegeb\u00f6den aus geh\u00e4rtetem Glas (BxT)<\/span><\/p>\n<\/td>\n<td>\n<p class=\"s13\"><span dir=\"auto\">Nr. 1 mm 738\u00d7278 Nr. 2 mm 738 x 318<\/span><\/p>\n<\/td>\n<td>\n<p class=\"s13\"><span dir=\"auto\">Nr. 1 mm 1038\u00d7278 Nr. 2 mm 1038\u00d7318<\/span><\/p>\n<\/td>\n<td>\n<p class=\"s13\"><span dir=\"auto\">Nr. 1 mm 1338\u00d7278 Nr. 2 mm 1338\u00d7318<\/span><\/p>\n<\/td>\n<\/tr>\n<tr>\n<td>\n<p class=\"s13\"><span dir=\"auto\">Rollen\u00a0<\/span><span dir=\"auto\">-Fu\u00df<\/span><\/p>\n<\/td>\n<td>\n<p class=\"s13\"><span dir=\"auto\">4 R\u00e4der \/\u00a0<\/span><span dir=\"auto\">4 R\u00e4der<\/span><\/p>\n<\/td>\n<td>\n<p class=\"s13\"><span dir=\"auto\">4 R\u00e4der \/\u00a0<\/span><span dir=\"auto\">4 R\u00e4der<\/span><\/p>\n<\/td>\n<td>\n<p class=\"s13\"><span dir=\"auto\">4 R\u00e4der \/\u00a0<\/span><span dir=\"auto\">4 R\u00e4der<\/span><\/p>\n<\/td>\n<\/tr>\n<tr>\n<td>\n<p class=\"s13\"><span dir=\"auto\">Netz-\u00a0<\/span><span dir=\"auto\">Bruttogewicht<\/span><\/p>\n<\/td>\n<td>\n<p class=\"s13\"><span dir=\"auto\">170 \/ 215 kg<\/span><\/p>\n<\/td>\n<td>\n<p class=\"s13\"><span dir=\"auto\">205 \/ 255 kg<\/span><\/p>\n<\/td>\n<td>\n<p class=\"s13\"><span dir=\"auto\">245 \/ 300 kg<\/span><\/p>\n<\/td>\n<\/tr>\n<tr>\n<td>\n<p class=\"s13\"><span dir=\"auto\">Spannung<\/span><span dir=\"auto\">\u200b<\/span><\/p>\n<\/td>\n<td>\n<p class=\"s13\"><span dir=\"auto\">V 220-240<\/span><\/p>\n<\/td>\n<td>\n<p class=\"s13\"><span dir=\"auto\">V 220-240<\/span><\/p>\n<\/td>\n<td>\n<p class=\"s13\"><span dir=\"auto\">V 220-240<\/span><\/p>\n<\/td>\n<\/tr>\n<tr>\n<td>\n<p class=\"s13\"><span dir=\"auto\">Frequenz<\/span><span dir=\"auto\">\u200b<\/span><\/p>\n<\/td>\n<td>\n<p class=\"s13\"><span dir=\"auto\">Hz 50<\/span><\/p>\n<\/td>\n<td>\n<p class=\"s13\"><span dir=\"auto\">Hz 50<\/span><\/p>\n<\/td>\n<td>\n<p class=\"s13\"><span dir=\"auto\">Hz 50<\/span><\/p>\n<\/td>\n<\/tr>\n<tr>\n<td>\n<p class=\"s13\"><span dir=\"auto\">K\u00e4ltemittel<\/span><span dir=\"auto\">\u200b<\/span><\/p>\n<\/td>\n<td>\n<p class=\"s13\"><span dir=\"auto\">R290<\/span><\/p>\n<\/td>\n<td>\n<p class=\"s13\"><span dir=\"auto\">R290<\/span><\/p>\n<\/td>\n<td>\n<p class=\"s13\"><span dir=\"auto\">R290<\/span><\/p>\n<\/td>\n<\/tr>\n<tr>\n<td>\n<p class=\"s13\"><span dir=\"auto\">Absorption<\/span><span dir=\"auto\">\u200b<\/span><\/p>\n<\/td>\n<td>\n<p class=\"s13\"><span dir=\"auto\">W 410<\/span><\/p>\n<\/td>\n<td>\n<p class=\"s13\"><span dir=\"auto\">W 500<\/span><\/p>\n<\/td>\n<td>\n<p class=\"s13\"><span dir=\"auto\">W 570<\/span><\/p>\n<\/td>\n<\/tr>\n<tr>\n<td>\n<p class=\"s13\"><span dir=\"auto\">\u00a0<\/span><span dir=\"auto\">Energieverbrauch<\/span><\/p>\n<\/td>\n<td>\n<p class=\"s13\"><span dir=\"auto\">KwH\/24H 7.02<\/span><\/p>\n<\/td>\n<td>\n<p class=\"s13\"><span dir=\"auto\">KwH\/24H 8.55<\/span><\/p>\n<\/td>\n<td>\n<p class=\"s13\"><span dir=\"auto\">KwH\/24H 11.01<\/span><\/p>\n<\/td>\n<\/tr>\n<\/tbody>\n<\/table>","protected":false},"excerpt":{"rendered":"<p>+2 \u00b0C \/ +10 \u00b0C Bel\u00fcftete Backwarentheke, vier Glasseiten, Schiebet\u00fcren ENERGIEKLASSE<\/p>","protected":false},"featured_media":10517,"comment_status":"open","ping_status":"closed","template":"","meta":[],"product_brand":[],"product_cat":[119,53],"product_tag":[],"class_list":{"0":"post-10474","1":"product","2":"type-product","3":"status-publish","4":"has-post-thumbnail","6":"product_cat-hot-and-cold-display-cases","7":"product_cat-pastry-bakery-cooling","9":"first","10":"instock","11":"shipping-taxable","12":"purchasable","13":"product-type-simple"},"_links":{"self":[{"href":"https:\/\/dersuessestopp.com\/de_at\/wp-json\/wp\/v2\/product\/10474","targetHints":{"allow":["GET"]}}],"collection":[{"href":"https:\/\/dersuessestopp.com\/de_at\/wp-json\/wp\/v2\/product"}],"about":[{"href":"https:\/\/dersuessestopp.com\/de_at\/wp-json\/wp\/v2\/types\/product"}],"replies":[{"embeddable":true,"href":"https:\/\/dersuessestopp.com\/de_at\/wp-json\/wp\/v2\/comments?post=10474"}],"version-history":[{"count":4,"href":"https:\/\/dersuessestopp.com\/de_at\/wp-json\/wp\/v2\/product\/10474\/revisions"}],"predecessor-version":[{"id":11756,"href":"https:\/\/dersuessestopp.com\/de_at\/wp-json\/wp\/v2\/product\/10474\/revisions\/11756"}],"wp:featuredmedia":[{"embeddable":true,"href":"https:\/\/dersuessestopp.com\/de_at\/wp-json\/wp\/v2\/media\/10517"}],"wp:attachment":[{"href":"https:\/\/dersuessestopp.com\/de_at\/wp-json\/wp\/v2\/media?parent=10474"}],"wp:term":[{"taxonomy":"product_brand","embeddable":true,"href":"https:\/\/dersuessestopp.com\/de_at\/wp-json\/wp\/v2\/product_brand?post=10474"},{"taxonomy":"product_cat","embeddable":true,"href":"https:\/\/dersuessestopp.com\/de_at\/wp-json\/wp\/v2\/product_cat?post=10474"},{"taxonomy":"product_tag","embeddable":true,"href":"https:\/\/dersuessestopp.com\/de_at\/wp-json\/wp\/v2\/product_tag?post=10474"}],"curies":[{"name":"wp","href":"https:\/\/api.w.org\/{rel}","templated":true}]}}