{"id":10472,"date":"2025-09-29T14:59:56","date_gmt":"2025-09-29T14:59:56","guid":{"rendered":"https:\/\/dersuessestopp.com\/?post_type=product&#038;p=10472"},"modified":"2025-10-08T21:17:24","modified_gmt":"2025-10-08T21:17:24","slug":"dlx-70","status":"publish","type":"product","link":"https:\/\/dersuessestopp.com\/de_at\/product\/dlx-70\/","title":{"rendered":"DLX 70"},"content":{"rendered":"<p data-start=\"213\" data-end=\"554\"><img fetchpriority=\"high\" decoding=\"async\" class=\"alignnone wp-image-11760 size-full\" src=\"https:\/\/dersuessestopp.com\/wp-content\/uploads\/2025\/09\/dlx-70.jpg\" alt=\"\" width=\"2000\" height=\"600\" srcset=\"https:\/\/dersuessestopp.com\/wp-content\/uploads\/2025\/09\/dlx-70.jpg 2000w, https:\/\/dersuessestopp.com\/wp-content\/uploads\/2025\/09\/dlx-70-300x90.jpg 300w, https:\/\/dersuessestopp.com\/wp-content\/uploads\/2025\/09\/dlx-70-1024x307.jpg 1024w, https:\/\/dersuessestopp.com\/wp-content\/uploads\/2025\/09\/dlx-70-768x230.jpg 768w, https:\/\/dersuessestopp.com\/wp-content\/uploads\/2025\/09\/dlx-70-1536x461.jpg 1536w, https:\/\/dersuessestopp.com\/wp-content\/uploads\/2025\/09\/dlx-70-250x75.jpg 250w, https:\/\/dersuessestopp.com\/wp-content\/uploads\/2025\/09\/dlx-70-600x180.jpg 600w\" sizes=\"(max-width: 2000px) 100vw, 2000px\" \/><\/p>\n<p data-start=\"213\" data-end=\"554\">Die <strong data-start=\"217\" data-end=\"227\">DLX 70<\/strong> ist ein kompaktes und elegantes <strong data-start=\"253\" data-end=\"286\">bel\u00fcftetes Thekendisplay<\/strong> Gebrauch: F\u00fcr die Pr\u00e4sentation von Geb\u00e4ck, Snacks und Desserts. Mit professionellen Materialien und raffiniertem Design gebaut, verf\u00fcgt es \u00fcber eine <strong data-start=\"415\" data-end=\"445\">vierseitiges Glasgeh\u00e4use<\/strong>, <strong data-start=\"447\" data-end=\"469\">hintere Schiebet\u00fcren<\/strong>, und eine <strong data-start=\"477\" data-end=\"515\">Struktur aus rostfreiem Stahl AISI 304<\/strong>, die sowohl Stil als auch Haltbarkeit gew\u00e4hrleisten.<\/p>\n<p data-start=\"556\" data-end=\"834\">Arbeiten innerhalb einer <strong data-start=\"575\" data-end=\"614\">Temperaturbereich von 0 \u00b0C bis +18 \u00b0C<\/strong>, Der DLX 70 sorgt f\u00fcr perfekte Bedingungen f\u00fcr gek\u00fchlte oder ungek\u00fchlte Backwaren, Snacks und Getr\u00e4nke. Sein <strong data-start=\"716\" data-end=\"741\">elektronisches Thermostat<\/strong> garantiert eine pr\u00e4zise Kontrolle, w\u00e4hrend die <strong data-start=\"780\" data-end=\"808\">Abtauautomatik<\/strong> vereinfacht die Wartung.<\/p>\n<p data-start=\"836\" data-end=\"855\"><strong data-start=\"836\" data-end=\"853\">Hauptmerkmale:<\/strong><\/p>\n<ul data-start=\"856\" data-end=\"1321\">\n<li data-start=\"856\" data-end=\"906\">\n<p data-start=\"858\" data-end=\"906\">Bel\u00fcftete Geb\u00e4ck- und Snackauslage auf der Theke<\/p>\n<\/li>\n<li data-start=\"907\" data-end=\"943\">\n<p data-start=\"909\" data-end=\"943\">Temperaturbereich: 0 \u00b0C \/ +18 \u00b0C<\/p>\n<\/li>\n<li data-start=\"944\" data-end=\"986\">\n<p data-start=\"946\" data-end=\"986\">Kompaktes Design mit Schiebet\u00fcren hinten<\/p>\n<\/li>\n<li data-start=\"987\" data-end=\"1037\">\n<p data-start=\"989\" data-end=\"1037\">Au\u00dfen und innen aus Edelstahl AISI 304<\/p>\n<\/li>\n<li data-start=\"1038\" data-end=\"1096\">\n<p data-start=\"1040\" data-end=\"1096\">Einlegeb\u00f6den aus geh\u00e4rtetem Glas mit Vorderkante aus Edelstahl<\/p>\n<\/li>\n<li data-start=\"1097\" data-end=\"1145\">\n<p data-start=\"1099\" data-end=\"1145\">LED-Beleuchtung f\u00fcr bessere Sichtbarkeit der Produkte<\/p>\n<\/li>\n<li data-start=\"1146\" data-end=\"1203\">\n<p data-start=\"1148\" data-end=\"1203\">Elektronischer Thermostat f\u00fcr pr\u00e4zise Temperaturregelung<\/p>\n<\/li>\n<li data-start=\"1204\" data-end=\"1241\">\n<p data-start=\"1206\" data-end=\"1241\">Automatische Abtauung mit Kompressorstopp<\/p>\n<\/li>\n<li data-start=\"1242\" data-end=\"1289\">\n<p data-start=\"1244\" data-end=\"1289\">Optionale Smart Link Wi-Fi-Fern\u00fcberwachung<\/p>\n<\/li>\n<li data-start=\"1290\" data-end=\"1321\">\n<p data-start=\"1292\" data-end=\"1321\">Ger\u00e4uscharmer Betrieb (53 dB)<\/p>\n<\/li>\n<\/ul>\n<p data-start=\"1323\" data-end=\"1507\">Elegant, effizient und kompakt - der <strong data-start=\"1361\" data-end=\"1371\">DLX 70<\/strong> bietet die perfekte L\u00f6sung f\u00fcr kleine R\u00e4ume und professionelle Umgebungen, die eine zuverl\u00e4ssige Pr\u00e4sentations- und K\u00fchlleistung erfordern.<\/p>\n<table style=\"height: 360px;\" width=\"512\" cellspacing=\"0\">\n<tbody>\n<tr>\n<td bgcolor=\"#FFFFFF\">\n<p class=\"s12\"><span dir=\"auto\">\u00a0Abmessungen mm<\/span><\/p>\n<\/td>\n<td bgcolor=\"#FFFFFF\">\n<p class=\"s12\"><span dir=\"auto\">DLX 70<\/span><\/p>\n<\/td>\n<td bgcolor=\"#FFFFFF\">\n<p class=\"s12\"><span dir=\"auto\">DLX 90<\/span><\/p>\n<\/td>\n<\/tr>\n<tr>\n<td>\n<p class=\"s13\"><span dir=\"auto\">\u00c4u\u00dfere Abmessungen (\u00a0<\/span><span dir=\"auto\">BxTxH)<\/span><\/p>\n<\/td>\n<td>\n<p class=\"s13\"><span dir=\"auto\">700 x 560 x 730<\/span><\/p>\n<\/td>\n<td>\n<p class=\"s13\"><span dir=\"auto\">900 x 560 x 730<\/span><\/p>\n<\/td>\n<\/tr>\n<tr>\n<td>\n<p class=\"s13\"><span dir=\"auto\">Verpackung Abmessungen (\u00a0<\/span><span dir=\"auto\">BxTxH)<\/span><\/p>\n<\/td>\n<td>\n<p class=\"s13\"><span dir=\"auto\">785 x 645 x 850<\/span><\/p>\n<\/td>\n<td>\n<p class=\"s13\"><span dir=\"auto\">985 x 645 x 850<\/span><\/p>\n<\/td>\n<\/tr>\n<tr>\n<td>\n<p class=\"s13\"><span dir=\"auto\">\u00a0<\/span><span dir=\"auto\">Breite<\/span><\/p>\n<\/td>\n<td>\n<p class=\"s13\"><span dir=\"auto\">670<\/span><\/p>\n<\/td>\n<td>\n<p class=\"s13\"><span dir=\"auto\">870<\/span><\/p>\n<\/td>\n<\/tr>\n<tr>\n<td>\n<p class=\"s13\"><span dir=\"auto\">Tiefe<\/span><\/p>\n<\/td>\n<td>\n<p class=\"s13\"><span dir=\"auto\">460<\/span><\/p>\n<\/td>\n<td>\n<p class=\"s13\"><span dir=\"auto\">460<\/span><\/p>\n<\/td>\n<\/tr>\n<tr>\n<td>\n<p class=\"s13\"><span dir=\"auto\">\u00a0<\/span><span dir=\"auto\">H\u00f6he<\/span><\/p>\n<\/td>\n<td>\n<p class=\"s13\"><span dir=\"auto\">410<\/span><\/p>\n<\/td>\n<td>\n<p class=\"s13\"><span dir=\"auto\">410<\/span><\/p>\n<\/td>\n<\/tr>\n<\/tbody>\n<\/table>\n<p>&nbsp;<\/p>\n<table style=\"height: 1265px;\" width=\"946\" cellspacing=\"0\">\n<tbody>\n<tr>\n<td bgcolor=\"#FFFFFF\">\n<p class=\"s12\"><span dir=\"auto\">Technische Merkmale<\/span><\/p>\n<\/td>\n<td bgcolor=\"#FFFFFF\">\n<p class=\"s12\"><span dir=\"auto\">DLX 70<\/span><\/p>\n<\/td>\n<td bgcolor=\"#FFFFFF\">\n<p class=\"s12\"><span dir=\"auto\">DLX 90<\/span><\/p>\n<\/td>\n<\/tr>\n<tr>\n<td>\n<p class=\"s13\"><span dir=\"auto\">Temperaturbereich<\/span><\/p>\n<\/td>\n<td>\n<p class=\"s13\"><span dir=\"auto\">0 \u00b0C \/ +18 \u00b0C<\/span><\/p>\n<\/td>\n<td>\n<p class=\"s13\"><span dir=\"auto\">0 \u00b0C \/ +18 \u00b0C<\/span><\/p>\n<\/td>\n<\/tr>\n<tr>\n<td>\n<p class=\"s13\"><span dir=\"auto\">Klima\u00a0<\/span><span dir=\"auto\">Klasse<\/span><\/p>\n<\/td>\n<td>\n<p class=\"s13\"><span dir=\"auto\">4<\/span><\/p>\n<\/td>\n<td>\n<p class=\"s13\"><span dir=\"auto\">4<\/span><\/p>\n<\/td>\n<\/tr>\n<tr>\n<td>\n<p class=\"s13\"><span dir=\"auto\">Netto-Brutto-Volumen<\/span><\/p>\n<\/td>\n<td>\n<p class=\"s13\"><span dir=\"auto\">Lt. 120 \/ 130<\/span><\/p>\n<\/td>\n<td>\n<p class=\"s13\"><span dir=\"auto\">Lt.160 \/ 175<\/span><\/p>\n<\/td>\n<\/tr>\n<tr>\n<td>\n<p class=\"s13\"><span dir=\"auto\">\u00c4u\u00dfere Oberfl\u00e4che \/\u00a0<\/span><span dir=\"auto\">K\u00f6rper<\/span><\/p>\n<\/td>\n<td>\n<p class=\"s13\"><span dir=\"auto\">AISI 304 Stahl \/\u00a0<\/span><span dir=\"auto\">Rostfreier Stahl AISI 304<\/span><\/p>\n<\/td>\n<td>\n<p class=\"s13\"><span dir=\"auto\">AISI 304 Stahl \/\u00a0<\/span><span dir=\"auto\">Rostfreier Stahl AISI 304<\/span><\/p>\n<\/td>\n<\/tr>\n<tr>\n<td>\n<p class=\"s13\"><span dir=\"auto\">Innere Oberfl\u00e4che<\/span><\/p>\n<\/td>\n<td>\n<p class=\"s13\"><span dir=\"auto\">AISI 304 Stahl \/\u00a0<\/span><span dir=\"auto\">Rostfreier Stahl AISI 304<\/span><\/p>\n<\/td>\n<td>\n<p class=\"s13\"><span dir=\"auto\">AISI 304 Stahl \/\u00a0<\/span><span dir=\"auto\">Rostfreier Stahl AISI 304<\/span><\/p>\n<\/td>\n<\/tr>\n<tr>\n<td>\n<p class=\"s13\"><span dir=\"auto\">Thermostat<\/span><span dir=\"auto\">\u200b<\/span><\/p>\n<\/td>\n<td>\n<p class=\"s13\"><span dir=\"auto\">Elektronisch<\/span><span dir=\"auto\">\u200b<\/span><\/p>\n<\/td>\n<td>\n<p class=\"s13\"><span dir=\"auto\">Elektronisch<\/span><span dir=\"auto\">\u200b<\/span><\/p>\n<\/td>\n<\/tr>\n<tr>\n<td>\n<p class=\"s13\"><span dir=\"auto\">Smart Link WiFi | Fernbedienung\u00a0<\/span><span dir=\"auto\">Kontrolle<\/span><\/p>\n<\/td>\n<td>\n<p class=\"s13\"><span dir=\"auto\">Optional<\/span><\/p>\n<\/td>\n<td>\n<p class=\"s13\"><span dir=\"auto\">Optional<\/span><\/p>\n<\/td>\n<\/tr>\n<tr>\n<td>\n<p class=\"s13\"><span dir=\"auto\">L\u00e4rm\u00a0<\/span><span dir=\"auto\">Ebene<\/span><\/p>\n<\/td>\n<td>\n<p class=\"s13\"><span dir=\"auto\">dB 53<\/span><\/p>\n<\/td>\n<td>\n<p class=\"s13\"><span dir=\"auto\">dB 56<\/span><\/p>\n<\/td>\n<\/tr>\n<tr>\n<td>\n<p class=\"s13\"><span dir=\"auto\">Isolierung\u00a0<\/span><span dir=\"auto\">Dicke<\/span><\/p>\n<\/td>\n<td>\n<p class=\"s13\"><span dir=\"auto\">45 mm<\/span><\/p>\n<\/td>\n<td>\n<p class=\"s13\"><span dir=\"auto\">45 mm<\/span><\/p>\n<\/td>\n<\/tr>\n<tr>\n<td>\n<p class=\"s13\"><span dir=\"auto\">Entfrosten\u00a0<\/span><span dir=\"auto\">Abtauen<\/span><\/p>\n<\/td>\n<td>\n<p class=\"s13\"><span dir=\"auto\">Automatischer Kompressor\u00a0<\/span><span dir=\"auto\">Zyklus<\/span><\/p>\n<\/td>\n<td>\n<p class=\"s13\"><span dir=\"auto\">Automatischer Kompressor\u00a0<\/span><span dir=\"auto\">Zyklus<\/span><\/p>\n<\/td>\n<\/tr>\n<tr>\n<td>\n<p class=\"s13\"><span dir=\"auto\">Beleuchtung<\/span><span dir=\"auto\">\u200b<\/span><\/p>\n<\/td>\n<td>\n<p class=\"s13\"><span dir=\"auto\">1 horizontale LED<\/span><\/p>\n<\/td>\n<td>\n<p class=\"s13\"><span dir=\"auto\">1 horizontale LED<\/span><\/p>\n<\/td>\n<\/tr>\n<tr>\n<td>\n<p class=\"s13\"><span dir=\"auto\">Einlegeb\u00f6den aus geh\u00e4rtetem Glas (BxT)<\/span><\/p>\n<\/td>\n<td>\n<p class=\"s13\"><span dir=\"auto\">Nr. 1 mm 580 x 228<\/span><\/p>\n<p class=\"s13\"><span dir=\"auto\">Nr. 1 mm 580 x 278<\/span><\/p>\n<\/td>\n<td>\n<p class=\"s13\"><span dir=\"auto\">Nr. 1 mm 780 x 228<\/span><\/p>\n<p class=\"s13\"><span dir=\"auto\">Nr. 1 mm 780 x 278<\/span><\/p>\n<\/td>\n<\/tr>\n<tr>\n<td>\n<p class=\"s13\"><span dir=\"auto\">Rollen\u00a0<\/span><span dir=\"auto\">-Fu\u00df<\/span><\/p>\n<\/td>\n<td>\n<p class=\"s13\"><span dir=\"auto\">4 F\u00fc\u00dfe<\/span><\/p>\n<\/td>\n<td>\n<p class=\"s13\"><span dir=\"auto\">4 F\u00fc\u00dfe<\/span><\/p>\n<\/td>\n<\/tr>\n<tr>\n<td>\n<p class=\"s13\"><span dir=\"auto\">Netz-\u00a0<\/span><span dir=\"auto\">Bruttogewicht<\/span><\/p>\n<\/td>\n<td>\n<p class=\"s13\"><span dir=\"auto\">Kg 70 \/ 93<\/span><\/p>\n<\/td>\n<td>\n<p class=\"s13\"><span dir=\"auto\">80 \/ 103 kg<\/span><\/p>\n<\/td>\n<\/tr>\n<tr>\n<td>\n<p class=\"s13\"><span dir=\"auto\">Spannung<\/span><span dir=\"auto\">\u200b<\/span><\/p>\n<\/td>\n<td>\n<p class=\"s13\"><span dir=\"auto\">V 220-240<\/span><\/p>\n<\/td>\n<td>\n<p class=\"s13\"><span dir=\"auto\">V 220-240<\/span><\/p>\n<\/td>\n<\/tr>\n<tr>\n<td>\n<p class=\"s13\"><span dir=\"auto\">Frequenz<\/span><span dir=\"auto\">\u200b<\/span><\/p>\n<\/td>\n<td>\n<p class=\"s13\"><span dir=\"auto\">Hz 50<\/span><\/p>\n<\/td>\n<td>\n<p class=\"s13\"><span dir=\"auto\">Hz 50<\/span><\/p>\n<\/td>\n<\/tr>\n<tr>\n<td>\n<p class=\"s13\"><span dir=\"auto\">K\u00e4ltemittel<\/span><span dir=\"auto\">\u200b<\/span><\/p>\n<\/td>\n<td>\n<p class=\"s13\"><span dir=\"auto\">R600A<\/span><\/p>\n<\/td>\n<td>\n<p class=\"s13\"><span dir=\"auto\">R600A<\/span><\/p>\n<\/td>\n<\/tr>\n<tr>\n<td>\n<p class=\"s13\"><span dir=\"auto\">Absorption<\/span><span dir=\"auto\">\u200b<\/span><\/p>\n<\/td>\n<td>\n<p class=\"s13\"><span dir=\"auto\">W 185<\/span><\/p>\n<\/td>\n<td>\n<p class=\"s13\"><span dir=\"auto\">W 200<\/span><\/p>\n<\/td>\n<\/tr>\n<tr>\n<td>\n<p class=\"s13\"><span dir=\"auto\">Energieverbrauch<\/span><\/p>\n<\/td>\n<td>\n<p class=\"s13\"><span dir=\"auto\">KwH\/24H 3,05<\/span><\/p>\n<\/td>\n<td>\n<p class=\"s13\"><span dir=\"auto\">KwH\/24H 3,72<\/span><\/p>\n<\/td>\n<\/tr>\n<\/tbody>\n<\/table>","protected":false},"excerpt":{"rendered":"<p>0 \u00b0C \/ +18 \u00b0C Thekenvitrine f\u00fcr Snacks\/Pasteten, Schiebet\u00fcren<\/p>","protected":false},"featured_media":10513,"comment_status":"open","ping_status":"closed","template":"","meta":[],"product_brand":[],"product_cat":[119,53],"product_tag":[],"class_list":{"0":"post-10472","1":"product","2":"type-product","3":"status-publish","4":"has-post-thumbnail","6":"product_cat-hot-and-cold-display-cases","7":"product_cat-pastry-bakery-cooling","9":"first","10":"instock","11":"shipping-taxable","12":"purchasable","13":"product-type-simple"},"_links":{"self":[{"href":"https:\/\/dersuessestopp.com\/de_at\/wp-json\/wp\/v2\/product\/10472","targetHints":{"allow":["GET"]}}],"collection":[{"href":"https:\/\/dersuessestopp.com\/de_at\/wp-json\/wp\/v2\/product"}],"about":[{"href":"https:\/\/dersuessestopp.com\/de_at\/wp-json\/wp\/v2\/types\/product"}],"replies":[{"embeddable":true,"href":"https:\/\/dersuessestopp.com\/de_at\/wp-json\/wp\/v2\/comments?post=10472"}],"version-history":[{"count":3,"href":"https:\/\/dersuessestopp.com\/de_at\/wp-json\/wp\/v2\/product\/10472\/revisions"}],"predecessor-version":[{"id":11761,"href":"https:\/\/dersuessestopp.com\/de_at\/wp-json\/wp\/v2\/product\/10472\/revisions\/11761"}],"wp:featuredmedia":[{"embeddable":true,"href":"https:\/\/dersuessestopp.com\/de_at\/wp-json\/wp\/v2\/media\/10513"}],"wp:attachment":[{"href":"https:\/\/dersuessestopp.com\/de_at\/wp-json\/wp\/v2\/media?parent=10472"}],"wp:term":[{"taxonomy":"product_brand","embeddable":true,"href":"https:\/\/dersuessestopp.com\/de_at\/wp-json\/wp\/v2\/product_brand?post=10472"},{"taxonomy":"product_cat","embeddable":true,"href":"https:\/\/dersuessestopp.com\/de_at\/wp-json\/wp\/v2\/product_cat?post=10472"},{"taxonomy":"product_tag","embeddable":true,"href":"https:\/\/dersuessestopp.com\/de_at\/wp-json\/wp\/v2\/product_tag?post=10472"}],"curies":[{"name":"wp","href":"https:\/\/api.w.org\/{rel}","templated":true}]}}