{"id":10471,"date":"2025-09-29T14:59:56","date_gmt":"2025-09-29T14:59:56","guid":{"rendered":"https:\/\/dersuessestopp.com\/?post_type=product&#038;p=10471"},"modified":"2025-10-08T21:18:42","modified_gmt":"2025-10-08T21:18:42","slug":"dlx-90","status":"publish","type":"product","link":"https:\/\/dersuessestopp.com\/de_at\/product\/dlx-90\/","title":{"rendered":"DLX 90"},"content":{"rendered":"<p data-start=\"207\" data-end=\"584\"><img fetchpriority=\"high\" decoding=\"async\" class=\"alignnone wp-image-11760 size-full\" src=\"https:\/\/dersuessestopp.com\/wp-content\/uploads\/2025\/09\/dlx-70.jpg\" alt=\"\" width=\"2000\" height=\"600\" srcset=\"https:\/\/dersuessestopp.com\/wp-content\/uploads\/2025\/09\/dlx-70.jpg 2000w, https:\/\/dersuessestopp.com\/wp-content\/uploads\/2025\/09\/dlx-70-300x90.jpg 300w, https:\/\/dersuessestopp.com\/wp-content\/uploads\/2025\/09\/dlx-70-1024x307.jpg 1024w, https:\/\/dersuessestopp.com\/wp-content\/uploads\/2025\/09\/dlx-70-768x230.jpg 768w, https:\/\/dersuessestopp.com\/wp-content\/uploads\/2025\/09\/dlx-70-1536x461.jpg 1536w, https:\/\/dersuessestopp.com\/wp-content\/uploads\/2025\/09\/dlx-70-250x75.jpg 250w, https:\/\/dersuessestopp.com\/wp-content\/uploads\/2025\/09\/dlx-70-600x180.jpg 600w\" sizes=\"(max-width: 2000px) 100vw, 2000px\" \/><\/p>\n<p data-start=\"207\" data-end=\"584\">Die <strong data-start=\"211\" data-end=\"221\">DLX 90<\/strong> ist eine stilvolle und professionelle <strong data-start=\"252\" data-end=\"285\">bel\u00fcftetes Thekendisplay<\/strong>, ideal, um Geb\u00e4ck, Desserts und Snacks mit Eleganz und Pr\u00e4zision zu pr\u00e4sentieren. Sie wurde mit hochwertigen Materialien und moderner \u00c4sthetik entworfen und verf\u00fcgt \u00fcber ein <strong data-start=\"437\" data-end=\"467\">vierseitiges Glasgeh\u00e4use<\/strong>, <strong data-start=\"469\" data-end=\"491\">hintere Schiebet\u00fcren<\/strong>, und eine <strong data-start=\"499\" data-end=\"539\">robustes Geh\u00e4use aus rostfreiem Stahl AISI 304<\/strong>, Sie gew\u00e4hrleisten Langlebigkeit und einfache Wartung.<\/p>\n<p data-start=\"586\" data-end=\"865\">Mit einem <strong data-start=\"593\" data-end=\"632\">Temperaturbereich von 0 \u00b0C bis +18 \u00b0C<\/strong>, Der DLX 90 h\u00e4lt Ihre Produkte frisch und pr\u00e4sentiert sie perfekt bei gleichm\u00e4\u00dfiger, sanfter Bel\u00fcftung. Sein <strong data-start=\"737\" data-end=\"762\">elektronisches Thermostat<\/strong> erm\u00f6glicht eine pr\u00e4zise Steuerung, w\u00e4hrend die <strong data-start=\"797\" data-end=\"825\">Abtauautomatik<\/strong> sorgt f\u00fcr einen reibungslosen, sorgenfreien Betrieb.<\/p>\n<p data-start=\"867\" data-end=\"886\"><strong data-start=\"867\" data-end=\"884\">Hauptmerkmale:<\/strong><\/p>\n<ul data-start=\"887\" data-end=\"1369\">\n<li data-start=\"887\" data-end=\"937\">\n<p data-start=\"889\" data-end=\"937\">Bel\u00fcftete Geb\u00e4ck- und Snackauslage auf der Theke<\/p>\n<\/li>\n<li data-start=\"938\" data-end=\"974\">\n<p data-start=\"940\" data-end=\"974\">Temperaturbereich: 0 \u00b0C \/ +18 \u00b0C<\/p>\n<\/li>\n<li data-start=\"975\" data-end=\"1029\">\n<p data-start=\"977\" data-end=\"1029\">Vierseitiger Glasaufbau mit hinteren Schiebet\u00fcren<\/p>\n<\/li>\n<li data-start=\"1030\" data-end=\"1080\">\n<p data-start=\"1032\" data-end=\"1080\">Innen und au\u00dfen aus Edelstahl AISI 304<\/p>\n<\/li>\n<li data-start=\"1081\" data-end=\"1143\">\n<p data-start=\"1083\" data-end=\"1143\">Zwei Einlegeb\u00f6den aus geh\u00e4rtetem Glas mit Vorderkante aus Edelstahl<\/p>\n<\/li>\n<li data-start=\"1144\" data-end=\"1189\">\n<p data-start=\"1146\" data-end=\"1189\">LED-Beleuchtung f\u00fcr klare Produktsichtbarkeit<\/p>\n<\/li>\n<li data-start=\"1190\" data-end=\"1248\">\n<p data-start=\"1192\" data-end=\"1248\">Elektronischer Thermostat f\u00fcr genaue Temperaturregelung<\/p>\n<\/li>\n<li data-start=\"1249\" data-end=\"1293\">\n<p data-start=\"1251\" data-end=\"1293\">Automatisches Abtausystem mit Kompressorstopp<\/p>\n<\/li>\n<li data-start=\"1294\" data-end=\"1341\">\n<p data-start=\"1296\" data-end=\"1341\">Optionale Smart Link Wi-Fi-Fern\u00fcberwachung<\/p>\n<\/li>\n<li data-start=\"1342\" data-end=\"1369\">\n<p data-start=\"1344\" data-end=\"1369\">Niedriger Ger\u00e4uschpegel (56 dB)<\/p>\n<\/li>\n<\/ul>\n<p data-start=\"1371\" data-end=\"1557\">Elegant, praktisch und energieeffizient - der <strong data-start=\"1418\" data-end=\"1428\">DLX 90<\/strong> ist die perfekte Wahl f\u00fcr Konditoreien, Caf\u00e9s und Hotels, die eine zuverl\u00e4ssige K\u00fchlung und eine hochwertige Produktpr\u00e4sentation suchen.<\/p>\n<table style=\"height: 360px;\" width=\"512\" cellspacing=\"0\">\n<tbody>\n<tr>\n<td bgcolor=\"#FFFFFF\">\n<p class=\"s12\"><span dir=\"auto\">\u00a0Abmessungen mm<\/span><\/p>\n<\/td>\n<td bgcolor=\"#FFFFFF\">\n<p class=\"s12\"><span dir=\"auto\">DLX 70<\/span><\/p>\n<\/td>\n<td bgcolor=\"#FFFFFF\">\n<p class=\"s12\"><span dir=\"auto\">DLX 90<\/span><\/p>\n<\/td>\n<\/tr>\n<tr>\n<td>\n<p class=\"s13\"><span dir=\"auto\">\u00c4u\u00dfere Abmessungen (\u00a0<\/span><span dir=\"auto\">BxTxH)<\/span><\/p>\n<\/td>\n<td>\n<p class=\"s13\"><span dir=\"auto\">700 x 560 x 730<\/span><\/p>\n<\/td>\n<td>\n<p class=\"s13\"><span dir=\"auto\">900 x 560 x 730<\/span><\/p>\n<\/td>\n<\/tr>\n<tr>\n<td>\n<p class=\"s13\"><span dir=\"auto\">Verpackung Abmessungen (\u00a0<\/span><span dir=\"auto\">BxTxH)<\/span><\/p>\n<\/td>\n<td>\n<p class=\"s13\"><span dir=\"auto\">785 x 645 x 850<\/span><\/p>\n<\/td>\n<td>\n<p class=\"s13\"><span dir=\"auto\">985 x 645 x 850<\/span><\/p>\n<\/td>\n<\/tr>\n<tr>\n<td>\n<p class=\"s13\"><span dir=\"auto\">\u00a0<\/span><span dir=\"auto\">Breite<\/span><\/p>\n<\/td>\n<td>\n<p class=\"s13\"><span dir=\"auto\">670<\/span><\/p>\n<\/td>\n<td>\n<p class=\"s13\"><span dir=\"auto\">870<\/span><\/p>\n<\/td>\n<\/tr>\n<tr>\n<td>\n<p class=\"s13\"><span dir=\"auto\">Tiefe<\/span><\/p>\n<\/td>\n<td>\n<p class=\"s13\"><span dir=\"auto\">460<\/span><\/p>\n<\/td>\n<td>\n<p class=\"s13\"><span dir=\"auto\">460<\/span><\/p>\n<\/td>\n<\/tr>\n<tr>\n<td>\n<p class=\"s13\"><span dir=\"auto\">\u00a0<\/span><span dir=\"auto\">H\u00f6he<\/span><\/p>\n<\/td>\n<td>\n<p class=\"s13\"><span dir=\"auto\">410<\/span><\/p>\n<\/td>\n<td>\n<p class=\"s13\"><span dir=\"auto\">410<\/span><\/p>\n<\/td>\n<\/tr>\n<\/tbody>\n<\/table>\n<p>&nbsp;<\/p>\n<table style=\"height: 1265px;\" width=\"946\" cellspacing=\"0\">\n<tbody>\n<tr>\n<td bgcolor=\"#FFFFFF\">\n<p class=\"s12\"><span dir=\"auto\">Technische Merkmale<\/span><\/p>\n<\/td>\n<td bgcolor=\"#FFFFFF\">\n<p class=\"s12\"><span dir=\"auto\">DLX 70<\/span><\/p>\n<\/td>\n<td bgcolor=\"#FFFFFF\">\n<p class=\"s12\"><span dir=\"auto\">DLX 90<\/span><\/p>\n<\/td>\n<\/tr>\n<tr>\n<td>\n<p class=\"s13\"><span dir=\"auto\">Temperaturbereich<\/span><\/p>\n<\/td>\n<td>\n<p class=\"s13\"><span dir=\"auto\">0 \u00b0C \/ +18 \u00b0C<\/span><\/p>\n<\/td>\n<td>\n<p class=\"s13\"><span dir=\"auto\">0 \u00b0C \/ +18 \u00b0C<\/span><\/p>\n<\/td>\n<\/tr>\n<tr>\n<td>\n<p class=\"s13\"><span dir=\"auto\">Klima\u00a0<\/span><span dir=\"auto\">Klasse<\/span><\/p>\n<\/td>\n<td>\n<p class=\"s13\"><span dir=\"auto\">4<\/span><\/p>\n<\/td>\n<td>\n<p class=\"s13\"><span dir=\"auto\">4<\/span><\/p>\n<\/td>\n<\/tr>\n<tr>\n<td>\n<p class=\"s13\"><span dir=\"auto\">Netto-Brutto-Volumen<\/span><\/p>\n<\/td>\n<td>\n<p class=\"s13\"><span dir=\"auto\">Lt. 120 \/ 130<\/span><\/p>\n<\/td>\n<td>\n<p class=\"s13\"><span dir=\"auto\">Lt.160 \/ 175<\/span><\/p>\n<\/td>\n<\/tr>\n<tr>\n<td>\n<p class=\"s13\"><span dir=\"auto\">\u00c4u\u00dfere Oberfl\u00e4che \/\u00a0<\/span><span dir=\"auto\">K\u00f6rper<\/span><\/p>\n<\/td>\n<td>\n<p class=\"s13\"><span dir=\"auto\">AISI 304 Stahl \/\u00a0<\/span><span dir=\"auto\">Rostfreier Stahl AISI 304<\/span><\/p>\n<\/td>\n<td>\n<p class=\"s13\"><span dir=\"auto\">AISI 304 Stahl \/\u00a0<\/span><span dir=\"auto\">Rostfreier Stahl AISI 304<\/span><\/p>\n<\/td>\n<\/tr>\n<tr>\n<td>\n<p class=\"s13\"><span dir=\"auto\">Innere Oberfl\u00e4che<\/span><\/p>\n<\/td>\n<td>\n<p class=\"s13\"><span dir=\"auto\">AISI 304 Stahl \/\u00a0<\/span><span dir=\"auto\">Rostfreier Stahl AISI 304<\/span><\/p>\n<\/td>\n<td>\n<p class=\"s13\"><span dir=\"auto\">AISI 304 Stahl \/\u00a0<\/span><span dir=\"auto\">Rostfreier Stahl AISI 304<\/span><\/p>\n<\/td>\n<\/tr>\n<tr>\n<td>\n<p class=\"s13\"><span dir=\"auto\">Thermostat<\/span><span dir=\"auto\">\u200b<\/span><\/p>\n<\/td>\n<td>\n<p class=\"s13\"><span dir=\"auto\">Elektronisch<\/span><span dir=\"auto\">\u200b<\/span><\/p>\n<\/td>\n<td>\n<p class=\"s13\"><span dir=\"auto\">Elektronisch<\/span><span dir=\"auto\">\u200b<\/span><\/p>\n<\/td>\n<\/tr>\n<tr>\n<td>\n<p class=\"s13\"><span dir=\"auto\">Smart Link WiFi | Fernbedienung\u00a0<\/span><span dir=\"auto\">Kontrolle<\/span><\/p>\n<\/td>\n<td>\n<p class=\"s13\"><span dir=\"auto\">Optional<\/span><\/p>\n<\/td>\n<td>\n<p class=\"s13\"><span dir=\"auto\">Optional<\/span><\/p>\n<\/td>\n<\/tr>\n<tr>\n<td>\n<p class=\"s13\"><span dir=\"auto\">L\u00e4rm\u00a0<\/span><span dir=\"auto\">Ebene<\/span><\/p>\n<\/td>\n<td>\n<p class=\"s13\"><span dir=\"auto\">dB 53<\/span><\/p>\n<\/td>\n<td>\n<p class=\"s13\"><span dir=\"auto\">dB 56<\/span><\/p>\n<\/td>\n<\/tr>\n<tr>\n<td>\n<p class=\"s13\"><span dir=\"auto\">Isolierung\u00a0<\/span><span dir=\"auto\">Dicke<\/span><\/p>\n<\/td>\n<td>\n<p class=\"s13\"><span dir=\"auto\">45 mm<\/span><\/p>\n<\/td>\n<td>\n<p class=\"s13\"><span dir=\"auto\">45 mm<\/span><\/p>\n<\/td>\n<\/tr>\n<tr>\n<td>\n<p class=\"s13\"><span dir=\"auto\">Entfrosten\u00a0<\/span><span dir=\"auto\">Abtauen<\/span><\/p>\n<\/td>\n<td>\n<p class=\"s13\"><span dir=\"auto\">Automatischer Kompressor\u00a0<\/span><span dir=\"auto\">Zyklus<\/span><\/p>\n<\/td>\n<td>\n<p class=\"s13\"><span dir=\"auto\">Automatischer Kompressor\u00a0<\/span><span dir=\"auto\">Zyklus<\/span><\/p>\n<\/td>\n<\/tr>\n<tr>\n<td>\n<p class=\"s13\"><span dir=\"auto\">Beleuchtung<\/span><span dir=\"auto\">\u200b<\/span><\/p>\n<\/td>\n<td>\n<p class=\"s13\"><span dir=\"auto\">1 horizontale LED<\/span><\/p>\n<\/td>\n<td>\n<p class=\"s13\"><span dir=\"auto\">1 horizontale LED<\/span><\/p>\n<\/td>\n<\/tr>\n<tr>\n<td>\n<p class=\"s13\"><span dir=\"auto\">Einlegeb\u00f6den aus geh\u00e4rtetem Glas (BxT)<\/span><\/p>\n<\/td>\n<td>\n<p class=\"s13\"><span dir=\"auto\">Nr. 1 mm 580 x 228<\/span><\/p>\n<p class=\"s13\"><span dir=\"auto\">Nr. 1 mm 580 x 278<\/span><\/p>\n<\/td>\n<td>\n<p class=\"s13\"><span dir=\"auto\">Nr. 1 mm 780 x 228<\/span><\/p>\n<p class=\"s13\"><span dir=\"auto\">Nr. 1 mm 780 x 278<\/span><\/p>\n<\/td>\n<\/tr>\n<tr>\n<td>\n<p class=\"s13\"><span dir=\"auto\">Rollen\u00a0<\/span><span dir=\"auto\">-Fu\u00df<\/span><\/p>\n<\/td>\n<td>\n<p class=\"s13\"><span dir=\"auto\">4 F\u00fc\u00dfe<\/span><\/p>\n<\/td>\n<td>\n<p class=\"s13\"><span dir=\"auto\">4 F\u00fc\u00dfe<\/span><\/p>\n<\/td>\n<\/tr>\n<tr>\n<td>\n<p class=\"s13\"><span dir=\"auto\">Netz-\u00a0<\/span><span dir=\"auto\">Bruttogewicht<\/span><\/p>\n<\/td>\n<td>\n<p class=\"s13\"><span dir=\"auto\">Kg 70 \/ 93<\/span><\/p>\n<\/td>\n<td>\n<p class=\"s13\"><span dir=\"auto\">80 \/ 103 kg<\/span><\/p>\n<\/td>\n<\/tr>\n<tr>\n<td>\n<p class=\"s13\"><span dir=\"auto\">Spannung<\/span><span dir=\"auto\">\u200b<\/span><\/p>\n<\/td>\n<td>\n<p class=\"s13\"><span dir=\"auto\">V 220-240<\/span><\/p>\n<\/td>\n<td>\n<p class=\"s13\"><span dir=\"auto\">V 220-240<\/span><\/p>\n<\/td>\n<\/tr>\n<tr>\n<td>\n<p class=\"s13\"><span dir=\"auto\">Frequenz<\/span><span dir=\"auto\">\u200b<\/span><\/p>\n<\/td>\n<td>\n<p class=\"s13\"><span dir=\"auto\">Hz 50<\/span><\/p>\n<\/td>\n<td>\n<p class=\"s13\"><span dir=\"auto\">Hz 50<\/span><\/p>\n<\/td>\n<\/tr>\n<tr>\n<td>\n<p class=\"s13\"><span dir=\"auto\">K\u00e4ltemittel<\/span><span dir=\"auto\">\u200b<\/span><\/p>\n<\/td>\n<td>\n<p class=\"s13\"><span dir=\"auto\">R600A<\/span><\/p>\n<\/td>\n<td>\n<p class=\"s13\"><span dir=\"auto\">R600A<\/span><\/p>\n<\/td>\n<\/tr>\n<tr>\n<td>\n<p class=\"s13\"><span dir=\"auto\">Absorption<\/span><span dir=\"auto\">\u200b<\/span><\/p>\n<\/td>\n<td>\n<p class=\"s13\"><span dir=\"auto\">W 185<\/span><\/p>\n<\/td>\n<td>\n<p class=\"s13\"><span dir=\"auto\">W 200<\/span><\/p>\n<\/td>\n<\/tr>\n<tr>\n<td>\n<p class=\"s13\"><span dir=\"auto\">Energieverbrauch<\/span><\/p>\n<\/td>\n<td>\n<p class=\"s13\"><span dir=\"auto\">KwH\/24H 3,05<\/span><\/p>\n<\/td>\n<td>\n<p class=\"s13\"><span dir=\"auto\">KwH\/24H 3,72<\/span><\/p>\n<\/td>\n<\/tr>\n<\/tbody>\n<\/table>","protected":false},"excerpt":{"rendered":"<p>0 \u00b0C \/ +18 \u00b0C Thekenvitrine f\u00fcr Snacks\/Pasteten, Schiebet\u00fcren<\/p>","protected":false},"featured_media":10511,"comment_status":"open","ping_status":"closed","template":"","meta":[],"product_brand":[],"product_cat":[119,53],"product_tag":[],"class_list":{"0":"post-10471","1":"product","2":"type-product","3":"status-publish","4":"has-post-thumbnail","6":"product_cat-hot-and-cold-display-cases","7":"product_cat-pastry-bakery-cooling","9":"first","10":"instock","11":"shipping-taxable","12":"purchasable","13":"product-type-simple"},"_links":{"self":[{"href":"https:\/\/dersuessestopp.com\/de_at\/wp-json\/wp\/v2\/product\/10471","targetHints":{"allow":["GET"]}}],"collection":[{"href":"https:\/\/dersuessestopp.com\/de_at\/wp-json\/wp\/v2\/product"}],"about":[{"href":"https:\/\/dersuessestopp.com\/de_at\/wp-json\/wp\/v2\/types\/product"}],"replies":[{"embeddable":true,"href":"https:\/\/dersuessestopp.com\/de_at\/wp-json\/wp\/v2\/comments?post=10471"}],"version-history":[{"count":2,"href":"https:\/\/dersuessestopp.com\/de_at\/wp-json\/wp\/v2\/product\/10471\/revisions"}],"predecessor-version":[{"id":11762,"href":"https:\/\/dersuessestopp.com\/de_at\/wp-json\/wp\/v2\/product\/10471\/revisions\/11762"}],"wp:featuredmedia":[{"embeddable":true,"href":"https:\/\/dersuessestopp.com\/de_at\/wp-json\/wp\/v2\/media\/10511"}],"wp:attachment":[{"href":"https:\/\/dersuessestopp.com\/de_at\/wp-json\/wp\/v2\/media?parent=10471"}],"wp:term":[{"taxonomy":"product_brand","embeddable":true,"href":"https:\/\/dersuessestopp.com\/de_at\/wp-json\/wp\/v2\/product_brand?post=10471"},{"taxonomy":"product_cat","embeddable":true,"href":"https:\/\/dersuessestopp.com\/de_at\/wp-json\/wp\/v2\/product_cat?post=10471"},{"taxonomy":"product_tag","embeddable":true,"href":"https:\/\/dersuessestopp.com\/de_at\/wp-json\/wp\/v2\/product_tag?post=10471"}],"curies":[{"name":"wp","href":"https:\/\/api.w.org\/{rel}","templated":true}]}}