{"id":10339,"date":"2025-09-29T14:59:12","date_gmt":"2025-09-29T14:59:12","guid":{"rendered":"https:\/\/dersuessestopp.com\/?post_type=product&#038;p=10339"},"modified":"2025-10-08T22:18:48","modified_gmt":"2025-10-08T22:18:48","slug":"fr-372-vgc-st","status":"publish","type":"product","link":"https:\/\/dersuessestopp.com\/de_at\/product\/fr-372-vgc-st\/","title":{"rendered":"FR 372 VGC ST"},"content":{"rendered":"<p><img fetchpriority=\"high\" decoding=\"async\" class=\"alignnone size-full wp-image-11871\" src=\"https:\/\/dersuessestopp.com\/wp-content\/uploads\/2025\/09\/FR372VGCST_FR372VST-Dettagli.jpg\" alt=\"\" width=\"2000\" height=\"600\" srcset=\"https:\/\/dersuessestopp.com\/wp-content\/uploads\/2025\/09\/FR372VGCST_FR372VST-Dettagli.jpg 2000w, https:\/\/dersuessestopp.com\/wp-content\/uploads\/2025\/09\/FR372VGCST_FR372VST-Dettagli-300x90.jpg 300w, https:\/\/dersuessestopp.com\/wp-content\/uploads\/2025\/09\/FR372VGCST_FR372VST-Dettagli-1024x307.jpg 1024w, https:\/\/dersuessestopp.com\/wp-content\/uploads\/2025\/09\/FR372VGCST_FR372VST-Dettagli-768x230.jpg 768w, https:\/\/dersuessestopp.com\/wp-content\/uploads\/2025\/09\/FR372VGCST_FR372VST-Dettagli-1536x461.jpg 1536w, https:\/\/dersuessestopp.com\/wp-content\/uploads\/2025\/09\/FR372VGCST_FR372VST-Dettagli-250x75.jpg 250w, https:\/\/dersuessestopp.com\/wp-content\/uploads\/2025\/09\/FR372VGCST_FR372VST-Dettagli-600x180.jpg 600w\" sizes=\"(max-width: 2000px) 100vw, 2000px\" \/><\/p>\n<p>&nbsp;<\/p>\n<p data-start=\"241\" data-end=\"476\">Die <strong data-start=\"245\" data-end=\"262\">FR 372 VGC ST<\/strong> ist eine professionelle <strong data-start=\"281\" data-end=\"321\">statischer vertikaler Gefrierschrank mit Gebl\u00e4seunterst\u00fctzung<\/strong> konzipiert f\u00fcr die Lagerung und Auslage von Tiefk\u00fchlprodukten. Betrieb zwischen <strong data-start=\"389\" data-end=\"410\">-24 \u00b0C und -18 \u00b0C<\/strong>, Sie garantiert eine stabile K\u00fchlung und eine energieeffiziente Leistung.<\/p>\n<p data-start=\"478\" data-end=\"696\">Seine <strong data-start=\"482\" data-end=\"516\">Glast\u00fcr mit hinterleuchtetem Baldachin<\/strong> und <strong data-start=\"521\" data-end=\"546\">LED-Innenbeleuchtung<\/strong> gew\u00e4hrleisten eine hervorragende Sichtbarkeit des Produkts, w\u00e4hrend die <strong data-start=\"594\" data-end=\"619\">mechanischer Thermostat<\/strong> und <strong data-start=\"624\" data-end=\"649\">manuelle Abtauung<\/strong> bieten einen zuverl\u00e4ssigen, wartungsarmen Betrieb.<\/p>\n<p data-start=\"698\" data-end=\"717\"><strong data-start=\"698\" data-end=\"715\">Hauptmerkmale:<\/strong><\/p>\n<ul data-start=\"718\" data-end=\"967\">\n<li data-start=\"718\" data-end=\"749\">\n<p data-start=\"720\" data-end=\"749\">Statische l\u00fcfterunterst\u00fctzte K\u00fchlung<\/p>\n<\/li>\n<li data-start=\"750\" data-end=\"788\">\n<p data-start=\"752\" data-end=\"788\">Temperaturbereich: -24 \u00b0C \/ -18 \u00b0C<\/p>\n<\/li>\n<li data-start=\"789\" data-end=\"828\">\n<p data-start=\"791\" data-end=\"828\">5 verstellbare Einlegeb\u00f6den (488 \u00d7 392 mm)<\/p>\n<\/li>\n<li data-start=\"829\" data-end=\"874\">\n<p data-start=\"831\" data-end=\"874\">Selbstschlie\u00dfende Glast\u00fcr mit Schloss und Schl\u00fcssel<\/p>\n<\/li>\n<li data-start=\"875\" data-end=\"910\">\n<p data-start=\"877\" data-end=\"910\">LED-Beleuchtung und hinterleuchteter Baldachin<\/p>\n<\/li>\n<li data-start=\"911\" data-end=\"943\">\n<p data-start=\"913\" data-end=\"943\">2 R\u00e4der + 2 verstellbare F\u00fc\u00dfe<\/p>\n<\/li>\n<li data-start=\"944\" data-end=\"967\">\n<p data-start=\"946\" data-end=\"967\">Netto Fassungsverm\u00f6gen: 361 l<\/p>\n<\/li>\n<\/ul>\n<p data-start=\"969\" data-end=\"1051\">Langlebig, effizient und elegant - ideal f\u00fcr die professionelle Pr\u00e4sentation von Tiefk\u00fchlprodukten.<\/p>\n<table style=\"height: 665px;\" width=\"524\" cellspacing=\"0\">\n<tbody>\n<tr>\n<td bgcolor=\"#FFFFFF\">\n<p class=\"s12\">\u00a0Abmessungen mm<\/p>\n<\/td>\n<td bgcolor=\"#FFFFFF\">\n<p class=\"s12\">FR 372 VGC ST<\/p>\n<\/td>\n<td bgcolor=\"#FFFFFF\">\n<p class=\"s12\"><span dir=\"auto\">FR 372 V ST<\/span><\/p>\n<\/td>\n<\/tr>\n<tr>\n<td>\n<p class=\"s13\">\u00c4u\u00dfere Abmessungen (BxTxH)<\/p>\n<\/td>\n<td>\n<p class=\"s13\">640 x 670 x 2056<\/p>\n<\/td>\n<td>\n<p class=\"s13\">640 x 670 x 1875<\/p>\n<\/td>\n<\/tr>\n<tr>\n<td>\n<p class=\"s13\"><span dir=\"auto\">Verpackung Abmessungen (\u00a0<\/span><span dir=\"auto\">BxTxH)<\/span><\/p>\n<\/td>\n<td>\n<p class=\"s13\">650 x 710 x 2160<\/p>\n<\/td>\n<td>\n<p class=\"s13\">650 x 710 x 1975<\/p>\n<\/td>\n<\/tr>\n<tr>\n<td>\n<p class=\"s13\"><span dir=\"auto\">\u00a0<\/span><span dir=\"auto\">Breite<\/span><\/p>\n<\/td>\n<td>\n<p class=\"s13\">490<\/p>\n<\/td>\n<td>\n<p class=\"s13\"><span dir=\"auto\">490<\/span><\/p>\n<\/td>\n<\/tr>\n<tr>\n<td>\n<p class=\"s13\"><span dir=\"auto\">Tiefe<\/span><\/p>\n<\/td>\n<td>\n<p class=\"s13\">469<\/p>\n<\/td>\n<td>\n<p class=\"s13\"><span dir=\"auto\">469<\/span><\/p>\n<\/td>\n<\/tr>\n<tr>\n<td>\n<p class=\"s13\"><span dir=\"auto\">H\u00f6he<\/span><\/p>\n<\/td>\n<td>\n<p class=\"s13\">1570<\/p>\n<\/td>\n<td>\n<p class=\"s13\"><span dir=\"auto\">1570<\/span><\/p>\n<\/td>\n<\/tr>\n<tr>\n<td>\n<p class=\"s13\"><span dir=\"auto\">Min. H\u00f6he<\/span><\/p>\n<\/td>\n<td>\n<p class=\"s13\">259<\/p>\n<\/td>\n<td>\n<p class=\"s13\"><span dir=\"auto\">259<\/span><\/p>\n<\/td>\n<\/tr>\n<tr>\n<td>\n<p class=\"s13\"><span dir=\"auto\">\u00a0<\/span><span dir=\"auto\">Min. Breite<\/span><\/p>\n<\/td>\n<td>\n<p class=\"s13\">1470<\/p>\n<\/td>\n<td>\n<p class=\"s13\"><span dir=\"auto\">1470<\/span><\/p>\n<\/td>\n<\/tr>\n<tr>\n<td>\n<p class=\"s13\"><span dir=\"auto\">Seite\u00a0<\/span><span dir=\"auto\">Aufkleber<\/span><\/p>\n<\/td>\n<td>\n<p class=\"s13\">537 x 2020<\/p>\n<\/td>\n<td>\n<p class=\"s13\">537 x 1832<\/p>\n<\/td>\n<\/tr>\n<tr>\n<td>\n<p class=\"s13\"><span dir=\"auto\">Glasaufkleber<\/span><\/p>\n<\/td>\n<td>\n<p class=\"s13\">548 x 1560<\/p>\n<\/td>\n<td>\n<p class=\"s13\"><span dir=\"auto\">548 x 1560<\/span><\/p>\n<\/td>\n<\/tr>\n<tr>\n<td>\n<p class=\"s13\"><span dir=\"auto\">Vordach-Aufkleber<\/span><\/p>\n<\/td>\n<td>\n<p class=\"s13\">625 x 187<\/p>\n<\/td>\n<td>\n<p class=\"s13\">&#8211;<\/p>\n<\/td>\n<\/tr>\n<\/tbody>\n<\/table>\n<p>&nbsp;<\/p>\n<table style=\"height: 1452px;\" width=\"990\" cellspacing=\"0\">\n<tbody>\n<tr>\n<td bgcolor=\"#FFFFFF\">\n<p class=\"s12\"><span dir=\"auto\">Technische Merkmale<\/span><\/p>\n<\/td>\n<td bgcolor=\"#FFFFFF\">\n<p class=\"s12\"><span dir=\"auto\">FR 372 VGC ST<\/span><\/p>\n<\/td>\n<td bgcolor=\"#FFFFFF\">\n<p class=\"s12\"><span dir=\"auto\">FR 372 V ST<\/span><\/p>\n<\/td>\n<\/tr>\n<tr>\n<td>\n<p class=\"s13\">Temperaturbereich<\/p>\n<\/td>\n<td>\n<p class=\"s13\">-24 \u00b0C \/ -18 \u00b0C<\/p>\n<\/td>\n<td>\n<p class=\"s13\"><span dir=\"auto\">-24 \u00b0C \/ -18 \u00b0C<\/span><\/p>\n<\/td>\n<\/tr>\n<tr>\n<td>\n<p class=\"s13\"><span dir=\"auto\">Klima\u00a0<\/span><span dir=\"auto\">Klasse<\/span><\/p>\n<\/td>\n<td>\n<p class=\"s13\">4<\/p>\n<\/td>\n<td>\n<p class=\"s13\"><span dir=\"auto\">4<\/span><\/p>\n<\/td>\n<\/tr>\n<tr>\n<td>\n<p class=\"s13\">\u00a0Netto-Brutto-Volumen<\/p>\n<\/td>\n<td>\n<p class=\"s13\">Lt. 361 \/ 382<\/p>\n<\/td>\n<td>\n<p class=\"s13\"><span dir=\"auto\">Lt. 361 \/ 382<\/span><\/p>\n<\/td>\n<\/tr>\n<tr>\n<td>\n<p class=\"s13\"><span dir=\"auto\">\u00c4u\u00dfere K\u00f6rperoberfl\u00e4che<\/span><\/p>\n<\/td>\n<td>\n<p class=\"s13\"><span dir=\"auto\">Vorlackierte Bleche <\/span><span dir=\"auto\">mit Korrosionsschutzbehandlung<\/span><\/p>\n<\/td>\n<td>\n<p class=\"s13\"><span dir=\"auto\">Vorlackierte Bleche <\/span><span dir=\"auto\">mit Korrosionsschutzbehandlung<\/span><\/p>\n<\/td>\n<\/tr>\n<tr>\n<td>\n<p class=\"s13\"><span dir=\"auto\">Inneres\u00a0<\/span><span dir=\"auto\">Liner<\/span><\/p>\n<\/td>\n<td>\n<p class=\"s13\"><span dir=\"auto\">ABS<\/span><\/p>\n<\/td>\n<td>\n<p class=\"s13\"><span dir=\"auto\">ABS<\/span><\/p>\n<\/td>\n<\/tr>\n<tr>\n<td>\n<p class=\"s13\">Thermometer<\/p>\n<\/td>\n<td>\n<p class=\"s13\"><span dir=\"auto\">Analog<\/span><span dir=\"auto\">\u200b<\/span><\/p>\n<\/td>\n<td>\n<p class=\"s13\"><span dir=\"auto\">Analog<\/span><span dir=\"auto\">\u200b<\/span><\/p>\n<\/td>\n<\/tr>\n<tr>\n<td>\n<p class=\"s13\"><span dir=\"auto\">Temperaturregler \/\u00a0<\/span><span dir=\"auto\">Controller<\/span><\/p>\n<\/td>\n<td>\n<p class=\"s13\"><span dir=\"auto\">Mechanisch<\/span><\/p>\n<\/td>\n<td>\n<p class=\"s13\"><span dir=\"auto\">Mechanisch<\/span><\/p>\n<\/td>\n<\/tr>\n<tr>\n<td>\n<p class=\"s13\"><span dir=\"auto\">L\u00e4rm\u00a0<\/span><span dir=\"auto\">Ebene<\/span><\/p>\n<\/td>\n<td>\n<p class=\"s13\">dB 54<\/p>\n<\/td>\n<td>\n<p class=\"s13\"><span dir=\"auto\">dB 54<\/span><\/p>\n<\/td>\n<\/tr>\n<tr>\n<td>\n<p class=\"s13\">Dicke der Isolierung<\/p>\n<\/td>\n<td>\n<p class=\"s13\">60 mm<\/p>\n<\/td>\n<td>\n<p class=\"s13\"><span dir=\"auto\">60 mm<\/span><\/p>\n<\/td>\n<\/tr>\n<tr>\n<td>\n<p class=\"s13\"><span dir=\"auto\">Entfrosten<\/span><\/p>\n<\/td>\n<td>\n<p class=\"s13\"><span dir=\"auto\">\u00a0<\/span><span dir=\"auto\">Handbuch<\/span><\/p>\n<\/td>\n<td>\n<p class=\"s13\"><span dir=\"auto\">Handbuch<\/span><\/p>\n<\/td>\n<\/tr>\n<tr>\n<td>\n<p class=\"s13\"><span dir=\"auto\">Beleuchtung<\/span><span dir=\"auto\">\u200b<\/span><\/p>\n<\/td>\n<td>\n<p class=\"s13\"><span dir=\"auto\">1 horizontale LED<\/span><\/p>\n<\/td>\n<td>\n<p class=\"s13\"><span dir=\"auto\">1 horizontale LED<\/span><\/p>\n<\/td>\n<\/tr>\n<tr>\n<td>\n<p class=\"s13\"><span dir=\"auto\">Selbst-\u00a0<\/span><span dir=\"auto\">T\u00fcr schlie\u00dfen<\/span><\/p>\n<\/td>\n<td>\n<p class=\"s13\"><span dir=\"auto\">Ja<\/span><span dir=\"auto\">\u200b<\/span><\/p>\n<\/td>\n<td>\n<p class=\"s13\"><span dir=\"auto\">Ja<\/span><span dir=\"auto\">\u200b<\/span><\/p>\n<\/td>\n<\/tr>\n<tr>\n<td>\n<p class=\"s13\"><span dir=\"auto\">Schloss\u00a0<\/span><span dir=\"auto\">und Schl\u00fcssel<\/span><\/p>\n<\/td>\n<td>\n<p class=\"s13\"><span dir=\"auto\">Ja<\/span><span dir=\"auto\">\u200b<\/span><\/p>\n<\/td>\n<td>\n<p class=\"s14\"><span dir=\"auto\">&#8211;<\/span><\/p>\n<\/td>\n<\/tr>\n<tr>\n<td>\n<p class=\"s13\">Einlegeb\u00f6den (BxT)<\/p>\n<\/td>\n<td>\n<p class=\"s13\">Nr. 5 - 488 x 392 mm<\/p>\n<\/td>\n<td>\n<p class=\"s13\"><span dir=\"auto\">Nr. 5 - 488 x 392 mm<\/span><\/p>\n<\/td>\n<\/tr>\n<tr>\n<td>\n<p class=\"s13\"><span dir=\"auto\">Rollen-Fu\u00df\u00a0<\/span><\/p>\n<\/td>\n<td>\n<p class=\"s14\">2 F\u00fc\u00dfe - 2 R\u00e4der<\/p>\n<\/td>\n<td>\n<p class=\"s14\"><span dir=\"auto\">2 F\u00fc\u00dfe - 2 R\u00e4der<\/span><\/p>\n<\/td>\n<\/tr>\n<tr>\n<td>\n<p class=\"s13\"><span dir=\"auto\">Netz-\u00a0<\/span><span dir=\"auto\">Bruttogewicht<\/span><\/p>\n<\/td>\n<td>\n<p class=\"s13\">Kg 100 \/ 109<\/p>\n<\/td>\n<td>\n<p class=\"s13\">Kg 98 \/ 106<\/p>\n<\/td>\n<\/tr>\n<tr>\n<td>\n<p class=\"s13\"><span dir=\"auto\">Spannung<\/span><span dir=\"auto\">\u200b<\/span><\/p>\n<\/td>\n<td>\n<p class=\"s13\"><span dir=\"auto\">Bei 220-240<\/span><\/p>\n<\/td>\n<td>\n<p class=\"s13\"><span dir=\"auto\">Bei 220-240<\/span><\/p>\n<\/td>\n<\/tr>\n<tr>\n<td>\n<p class=\"s13\"><span dir=\"auto\">Frequenz<\/span><span dir=\"auto\">\u200b<\/span><\/p>\n<\/td>\n<td>\n<p class=\"s13\">Hz 50<\/p>\n<\/td>\n<td>\n<p class=\"s13\"><span dir=\"auto\">Hz 50<\/span><\/p>\n<\/td>\n<\/tr>\n<tr>\n<td>\n<p class=\"s13\"><span dir=\"auto\">K\u00e4ltemittel<\/span><\/p>\n<\/td>\n<td>\n<p class=\"s13\"><span dir=\"auto\">R290<\/span><\/p>\n<\/td>\n<td>\n<p class=\"s13\"><span dir=\"auto\">R290<\/span><\/p>\n<\/td>\n<\/tr>\n<tr>\n<td>\n<p class=\"s13\"><span dir=\"auto\">Absorption<\/span><span dir=\"auto\">\u200b<\/span><\/p>\n<\/td>\n<td>\n<p class=\"s13\"><span dir=\"auto\">In 598<\/span><\/p>\n<\/td>\n<td>\n<p class=\"s13\"><span dir=\"auto\">In 598<\/span><\/p>\n<\/td>\n<\/tr>\n<tr>\n<td>\n<p class=\"s13\"><span dir=\"auto\">Energie\u00a0<\/span><span dir=\"auto\">Verbrauch<\/span><\/p>\n<\/td>\n<td>\n<p class=\"s13\"><span dir=\"auto\">KwH\/24H 13,00<\/span><\/p>\n<\/td>\n<td>\n<p class=\"s13\"><span dir=\"auto\">KwH\/24H 13,00<\/span><\/p>\n<\/td>\n<\/tr>\n<\/tbody>\n<\/table>","protected":false},"excerpt":{"rendered":"<p>-24 \u00b0C \/ -18 \u00b0C Statischer Gefrierschrank mit R\u00fchrwerk<\/p>","protected":false},"featured_media":10390,"comment_status":"open","ping_status":"closed","template":"","meta":[],"product_brand":[],"product_cat":[99,53],"product_tag":[],"class_list":{"0":"post-10339","1":"product","2":"type-product","3":"status-publish","4":"has-post-thumbnail","6":"product_cat-upright-freezers","7":"product_cat-pastry-bakery-cooling","9":"first","10":"instock","11":"shipping-taxable","12":"purchasable","13":"product-type-simple"},"_links":{"self":[{"href":"https:\/\/dersuessestopp.com\/de_at\/wp-json\/wp\/v2\/product\/10339","targetHints":{"allow":["GET"]}}],"collection":[{"href":"https:\/\/dersuessestopp.com\/de_at\/wp-json\/wp\/v2\/product"}],"about":[{"href":"https:\/\/dersuessestopp.com\/de_at\/wp-json\/wp\/v2\/types\/product"}],"replies":[{"embeddable":true,"href":"https:\/\/dersuessestopp.com\/de_at\/wp-json\/wp\/v2\/comments?post=10339"}],"version-history":[{"count":3,"href":"https:\/\/dersuessestopp.com\/de_at\/wp-json\/wp\/v2\/product\/10339\/revisions"}],"predecessor-version":[{"id":11873,"href":"https:\/\/dersuessestopp.com\/de_at\/wp-json\/wp\/v2\/product\/10339\/revisions\/11873"}],"wp:featuredmedia":[{"embeddable":true,"href":"https:\/\/dersuessestopp.com\/de_at\/wp-json\/wp\/v2\/media\/10390"}],"wp:attachment":[{"href":"https:\/\/dersuessestopp.com\/de_at\/wp-json\/wp\/v2\/media?parent=10339"}],"wp:term":[{"taxonomy":"product_brand","embeddable":true,"href":"https:\/\/dersuessestopp.com\/de_at\/wp-json\/wp\/v2\/product_brand?post=10339"},{"taxonomy":"product_cat","embeddable":true,"href":"https:\/\/dersuessestopp.com\/de_at\/wp-json\/wp\/v2\/product_cat?post=10339"},{"taxonomy":"product_tag","embeddable":true,"href":"https:\/\/dersuessestopp.com\/de_at\/wp-json\/wp\/v2\/product_tag?post=10339"}],"curies":[{"name":"wp","href":"https:\/\/api.w.org\/{rel}","templated":true}]}}