{"id":10270,"date":"2025-09-29T14:58:51","date_gmt":"2025-09-29T14:58:51","guid":{"rendered":"https:\/\/dersuessestopp.com\/?post_type=product&#038;p=10270"},"modified":"2025-10-09T00:15:22","modified_gmt":"2025-10-09T00:15:22","slug":"cax-2100-bt","status":"publish","type":"product","link":"https:\/\/dersuessestopp.com\/de_at\/product\/cax-2100-bt\/","title":{"rendered":"CXF 2100 BT"},"content":{"rendered":"<p>&nbsp;<\/p>\n<h2><img decoding=\"async\" src=\"https:\/\/customer.klimaitalia.it\/api\/file\/image\/6658\" \/><\/h2>\n<h2>Beschreibung des Produkts<\/h2>\n<p data-start=\"225\" data-end=\"743\">Die <strong data-start=\"229\" data-end=\"244\">CXF 2100 BT<\/strong> ist eine professionelle <strong data-start=\"263\" data-end=\"302\">zweit\u00fcrige bel\u00fcftete Gefriertheke<\/strong>, vollst\u00e4ndig aus hochwertigen Materialien hergestellt <strong data-start=\"332\" data-end=\"360\">Rostfreier Stahl AISI 304<\/strong> f\u00fcr maximale Haltbarkeit und Hygiene. Ideal f\u00fcr Restaurants, Bars und Catering-Betriebe, bietet es eine zuverl\u00e4ssige Lagerung bei niedrigen Temperaturen innerhalb eines <strong data-start=\"505\" data-end=\"523\">-22\u00b0C bis -18\u00b0C<\/strong> Bereich. Ausgestattet mit einem <strong data-start=\"544\" data-end=\"569\">elektronisches Thermostat<\/strong>, <strong data-start=\"571\" data-end=\"598\">sanft schlie\u00dfende Selbstt\u00fcren<\/strong>, und <strong data-start=\"604\" data-end=\"625\">Abtauautomatik<\/strong> Mit einer elektrischen Heizung sorgt dieses Ger\u00e4t f\u00fcr konstante Leistung und einfache Wartung in Umgebungen mit hoher Beanspruchung.<\/p>\n<p data-start=\"745\" data-end=\"764\"><strong data-start=\"745\" data-end=\"762\">Wesentliche Merkmale:<\/strong><\/p>\n<ul data-start=\"765\" data-end=\"1122\">\n<li data-start=\"765\" data-end=\"806\">\n<p data-start=\"767\" data-end=\"806\"><strong data-start=\"767\" data-end=\"789\">Temperaturbereich:<\/strong> -22\u00b0C bis -18\u00b0C<\/p>\n<\/li>\n<li data-start=\"807\" data-end=\"861\">\n<p data-start=\"809\" data-end=\"861\"><strong data-start=\"809\" data-end=\"838\">Bel\u00fcftetes K\u00fchlsystem<\/strong> f\u00fcr gleichm\u00e4\u00dfiges Gefrieren<\/p>\n<\/li>\n<li data-start=\"862\" data-end=\"916\">\n<p data-start=\"864\" data-end=\"916\"><strong data-start=\"864\" data-end=\"892\">Rostfreier Stahl AISI 304<\/strong> innen und au\u00dfen<\/p>\n<\/li>\n<li data-start=\"917\" data-end=\"957\">\n<p data-start=\"919\" data-end=\"957\"><strong data-start=\"919\" data-end=\"955\">Sanft schlie\u00dfende, selbstschlie\u00dfende T\u00fcren<\/strong><\/p>\n<\/li>\n<li data-start=\"958\" data-end=\"992\">\n<p data-start=\"960\" data-end=\"992\"><strong data-start=\"960\" data-end=\"990\">Automatische elektrische Abtauung<\/strong><\/p>\n<\/li>\n<li data-start=\"993\" data-end=\"1040\">\n<p data-start=\"995\" data-end=\"1040\"><strong data-start=\"995\" data-end=\"1023\">Optionales Smart Link WiFi<\/strong> Fernsteuerung<\/p>\n<\/li>\n<li data-start=\"1041\" data-end=\"1082\">\n<p data-start=\"1043\" data-end=\"1082\"><strong data-start=\"1043\" data-end=\"1066\">Energieverbrauch:<\/strong> 5,81 kWh\/24 h<\/p>\n<\/li>\n<li data-start=\"1083\" data-end=\"1122\">\n<p data-start=\"1085\" data-end=\"1122\"><strong data-start=\"1085\" data-end=\"1100\">Abmessungen:<\/strong> 1360 \u00d7 700 \u00d7 860 mm<\/p>\n<\/li>\n<\/ul>\n<h2>Technische Daten<\/h2>\n<table>\n<tbody>\n<tr>\n<td>Dimensioni mm \/ Abmessungen mm<\/td>\n<td>CXF 2100 TN<\/td>\n<td>CXF 2200 TN<\/td>\n<td>CXF 2100 BT<\/td>\n<td>CXF 2200 BT<\/td>\n<\/tr>\n<tr>\n<td>\u00c4u\u00dfere Abmessungen (BxTxH)<\/td>\n<td>1360 x 700 x 860*<\/td>\n<td>1360 x 700 x 960*<\/td>\n<td>1360 x 700 x 860*<\/td>\n<td>1360 x 700 x 960*<\/td>\n<\/tr>\n<tr>\n<td>Abmessungen der Verpackung (BxTxH)<\/td>\n<td>1390 x 730 x 910<\/td>\n<td>1390 x 730 x 1010<\/td>\n<td>1390 x 730 x 910<\/td>\n<td>1390 x 730 x 1010<\/td>\n<\/tr>\n<tr>\n<td>Breite<\/td>\n<td>795<\/td>\n<td>795<\/td>\n<td>795<\/td>\n<td>795<\/td>\n<\/tr>\n<tr>\n<td>Tiefe<\/td>\n<td>580<\/td>\n<td>580<\/td>\n<td>580<\/td>\n<td>580<\/td>\n<\/tr>\n<tr>\n<td>H\u00f6he<\/td>\n<td>560<\/td>\n<td>560<\/td>\n<td>560<\/td>\n<td>560<\/td>\n<\/tr>\n<tr>\n<td colspan=\"5\">Die Gesamth\u00f6he der Einheiten umfasst die auf die Mindesth\u00f6he eingestellten F\u00fc\u00dfe<\/td>\n<\/tr>\n<\/tbody>\n<\/table>\n<p>&nbsp;<\/p>\n<table>\n<tbody>\n<tr>\n<td>Caratteristiche Tecniche \/ Technische Merkmale<\/td>\n<td>CXF 2100 TN<\/td>\n<td>CXF 2200 TN<\/td>\n<td>CXF 2100 BT<\/td>\n<td>CXF 2200 BT<\/td>\n<\/tr>\n<tr>\n<td>Temperaturbereich<\/td>\n<td>-2 \u00b0C \/ +8 \u00b0C<\/td>\n<td>-2 \u00b0C \/ +8 \u00b0C<\/td>\n<td>-22 \u00b0C \/ -18 \u00b0C<\/td>\n<td>-22 \u00b0C \/ -18 \u00b0C<\/td>\n<\/tr>\n<tr>\n<td>Klima-Klasse<\/td>\n<td>5<\/td>\n<td>5<\/td>\n<td>4<\/td>\n<td>4<\/td>\n<\/tr>\n<tr>\n<td>Netto-Brutto-Volumen<\/td>\n<td>Lt. 190 \/ 313,5<\/td>\n<td>Lt. 190 \/ 313,5<\/td>\n<td>Lt. 187 \/ 313,5<\/td>\n<td>Lt. 187 \/ 313,5<\/td>\n<\/tr>\n<tr>\n<td>K\u00f6rper<\/td>\n<td>AISI 304 Rostfreier Stahl<\/td>\n<td>AISI 304 Rostfreier Stahl<\/td>\n<td>AISI 304 Rostfreier Stahl<\/td>\n<td>AISI 304 Rostfreier Stahl<\/td>\n<\/tr>\n<tr>\n<td>Innenauskleidung<\/td>\n<td>AISI 304 Rostfreier Stahl<\/td>\n<td>AISI 304 Rostfreier Stahl<\/td>\n<td>AISI 304 Rostfreier Stahl<\/td>\n<td>AISI 304 Rostfreier Stahl<\/td>\n<\/tr>\n<tr>\n<td>Thermostat<\/td>\n<td>Elektronisch<\/td>\n<td>Elektronisch<\/td>\n<td>Elektronisch<\/td>\n<td>Elektronisch<\/td>\n<\/tr>\n<tr>\n<td>Ger\u00e4uschpegel<\/td>\n<td>dB 42<\/td>\n<td>dB 42<\/td>\n<td>dB 42<\/td>\n<td>dB 42<\/td>\n<\/tr>\n<tr>\n<td>Fernsteuerung<\/td>\n<td>Optional<\/td>\n<td>Optional<\/td>\n<td>Optional<\/td>\n<td>Optional<\/td>\n<\/tr>\n<tr>\n<td>Dicke der Isolierung<\/td>\n<td>60 mm<\/td>\n<td>60 mm<\/td>\n<td>60 mm<\/td>\n<td>60 mm<\/td>\n<\/tr>\n<tr>\n<td>Abtauen<\/td>\n<td>Automatisch mit elektrischer Heizung<\/td>\n<td>Automatisch mit elektrischer Heizung<\/td>\n<td>Automatisch mit elektrischer Heizung<\/td>\n<td>Automatisch mit elektrischer Heizung<\/td>\n<\/tr>\n<tr>\n<td>Einlegeb\u00f6den (BxT)<\/td>\n<td>Nr. 2 - mm 335 x 530 + Nr. 2 - mm 390 x 505<\/td>\n<td>Nr. 2 - mm 335 x 530 + Nr. 2 - mm 390 x 505<\/td>\n<td>Nr. 2 - mm 335 x 530 + Nr. 2 - mm 390 x 505<\/td>\n<td>Nr. 2 - mm 335 x 530 + Nr. 2 - mm 390 x 505<\/td>\n<\/tr>\n<tr>\n<td>Selbstschlie\u00dfende T\u00fcr<\/td>\n<td>Sanftes Schlie\u00dfen<\/td>\n<td>Sanftes Schlie\u00dfen<\/td>\n<td>Sanftes Schlie\u00dfen<\/td>\n<td>Sanftes Schlie\u00dfen<\/td>\n<\/tr>\n<tr>\n<td>Aufkantung H\u00f6he<\/td>\n<td>&#8211;<\/td>\n<td>mm 110<\/td>\n<td>&#8211;<\/td>\n<td>mm 110<\/td>\n<\/tr>\n<tr>\n<td>\/ Rollen-Fu\u00df<\/td>\n<td>4 F\u00fc\u00dfe<\/td>\n<td>4 F\u00fc\u00dfe<\/td>\n<td>4 F\u00fc\u00dfe<\/td>\n<td>4 F\u00fc\u00dfe<\/td>\n<\/tr>\n<tr>\n<td>Rollen<\/td>\n<td>Wahlweise - h mm 140<\/td>\n<td>Wahlweise - h mm 140<\/td>\n<td>Wahlweise - h mm 140<\/td>\n<td>Wahlweise - h mm 140<\/td>\n<\/tr>\n<tr>\n<td>Netto-Brutto Gewicht<\/td>\n<td>Kg 98 \/ 113<\/td>\n<td>Kg 108 \/ 138<\/td>\n<td>Kg 103 \/ 118<\/td>\n<td>Kg 111 \/ 141<\/td>\n<\/tr>\n<tr>\n<td>Spannung<\/td>\n<td>V 220-240<\/td>\n<td>V 220-240<\/td>\n<td>V 220-240<\/td>\n<td>V 220-240<\/td>\n<\/tr>\n<tr>\n<td>Frequenz<\/td>\n<td>Hz 50<\/td>\n<td>Hz 50<\/td>\n<td>Hz 50<\/td>\n<td>Hz 50<\/td>\n<\/tr>\n<tr>\n<td>K\u00e4ltemittel<\/td>\n<td>R600A<\/td>\n<td>R600A<\/td>\n<td>R290<\/td>\n<td>R290<\/td>\n<\/tr>\n<tr>\n<td>Absorption<\/td>\n<td>W 300<\/td>\n<td>W 300<\/td>\n<td>W 470<\/td>\n<td>W 470<\/td>\n<\/tr>\n<tr>\n<td>Energieverbrauch<\/td>\n<td>KwH\/24H 1,72<\/td>\n<td>KwH\/24H 1,72<\/td>\n<td>KwH\/24H 5,81<\/td>\n<td>KwH\/24H 5,81<\/td>\n<\/tr>\n<\/tbody>\n<\/table>","protected":false},"excerpt":{"rendered":"<p>-20 \u00b0C \/ -10 \u00b0C Bel\u00fcfteter K\u00e4ltetisch, zwei T\u00fcren. Negative Temperatur<\/p>","protected":false},"featured_media":10320,"comment_status":"open","ping_status":"closed","template":"","meta":[],"product_brand":[],"product_cat":[51],"product_tag":[],"class_list":{"0":"post-10270","1":"product","2":"type-product","3":"status-publish","4":"has-post-thumbnail","6":"product_cat-kitchen-catering-cooling","8":"first","9":"instock","10":"shipping-taxable","11":"purchasable","12":"product-type-simple"},"_links":{"self":[{"href":"https:\/\/dersuessestopp.com\/de_at\/wp-json\/wp\/v2\/product\/10270","targetHints":{"allow":["GET"]}}],"collection":[{"href":"https:\/\/dersuessestopp.com\/de_at\/wp-json\/wp\/v2\/product"}],"about":[{"href":"https:\/\/dersuessestopp.com\/de_at\/wp-json\/wp\/v2\/types\/product"}],"replies":[{"embeddable":true,"href":"https:\/\/dersuessestopp.com\/de_at\/wp-json\/wp\/v2\/comments?post=10270"}],"version-history":[{"count":4,"href":"https:\/\/dersuessestopp.com\/de_at\/wp-json\/wp\/v2\/product\/10270\/revisions"}],"predecessor-version":[{"id":11978,"href":"https:\/\/dersuessestopp.com\/de_at\/wp-json\/wp\/v2\/product\/10270\/revisions\/11978"}],"wp:featuredmedia":[{"embeddable":true,"href":"https:\/\/dersuessestopp.com\/de_at\/wp-json\/wp\/v2\/media\/10320"}],"wp:attachment":[{"href":"https:\/\/dersuessestopp.com\/de_at\/wp-json\/wp\/v2\/media?parent=10270"}],"wp:term":[{"taxonomy":"product_brand","embeddable":true,"href":"https:\/\/dersuessestopp.com\/de_at\/wp-json\/wp\/v2\/product_brand?post=10270"},{"taxonomy":"product_cat","embeddable":true,"href":"https:\/\/dersuessestopp.com\/de_at\/wp-json\/wp\/v2\/product_cat?post=10270"},{"taxonomy":"product_tag","embeddable":true,"href":"https:\/\/dersuessestopp.com\/de_at\/wp-json\/wp\/v2\/product_tag?post=10270"}],"curies":[{"name":"wp","href":"https:\/\/api.w.org\/{rel}","templated":true}]}}