{"id":10269,"date":"2025-09-29T14:58:51","date_gmt":"2025-09-29T14:58:51","guid":{"rendered":"https:\/\/dersuessestopp.com\/?post_type=product&#038;p=10269"},"modified":"2025-10-09T00:30:40","modified_gmt":"2025-10-09T00:30:40","slug":"cax-2100-tn-gn1-1","status":"publish","type":"product","link":"https:\/\/dersuessestopp.com\/de_at\/product\/cax-2100-tn-gn1-1\/","title":{"rendered":"CXF 2100 TN"},"content":{"rendered":"<p data-start=\"235\" data-end=\"790\"><img decoding=\"async\" src=\"https:\/\/customer.klimaitalia.it\/api\/file\/image\/6646\" \/><\/p>\n<p>&nbsp;<\/p>\n<h2>Beschreibung des Produkts<\/h2>\n<p data-start=\"235\" data-end=\"790\">Die <strong data-start=\"239\" data-end=\"254\">CXF 2100 TN<\/strong> ist eine professionelle <strong data-start=\"273\" data-end=\"306\">zweit\u00fcrige K\u00fchltheke<\/strong> konzipiert f\u00fcr Gro\u00dfk\u00fcchen, Restaurants und Cateringbetriebe. Vollst\u00e4ndig gebaut aus <strong data-start=\"399\" data-end=\"427\">Rostfreier Stahl AISI 304<\/strong>, Sie gew\u00e4hrleistet hervorragende Hygiene, Langlebigkeit und einfache Reinigung. Betrieb bei einer <strong data-start=\"504\" data-end=\"541\">Temperaturbereich von -2\u00b0C bis +8\u00b0C<\/strong>, Er bietet eine effiziente, bel\u00fcftete K\u00fchlung, ideal f\u00fcr die Lagerung von frischen Lebensmitteln und Zutaten. Ausgestattet mit einem <strong data-start=\"645\" data-end=\"670\">elektronisches Thermostat<\/strong>, <strong data-start=\"672\" data-end=\"694\">sanft schlie\u00dfende T\u00fcren<\/strong>, und <strong data-start=\"700\" data-end=\"721\">Abtauautomatik<\/strong>, Er liefert zuverl\u00e4ssige Leistung f\u00fcr den professionellen Dauereinsatz.<\/p>\n<p data-start=\"792\" data-end=\"811\"><strong data-start=\"792\" data-end=\"809\">Wesentliche Merkmale:<\/strong><\/p>\n<ul data-start=\"812\" data-end=\"1178\">\n<li data-start=\"812\" data-end=\"851\">\n<p data-start=\"814\" data-end=\"851\"><strong data-start=\"814\" data-end=\"836\">Temperaturbereich:<\/strong> -2\u00b0C bis +8\u00b0C<\/p>\n<\/li>\n<li data-start=\"852\" data-end=\"905\">\n<p data-start=\"854\" data-end=\"905\"><strong data-start=\"854\" data-end=\"882\">Rostfreier Stahl AISI 304<\/strong> K\u00f6rper und Innenauskleidung<\/p>\n<\/li>\n<li data-start=\"906\" data-end=\"966\">\n<p data-start=\"908\" data-end=\"966\"><strong data-start=\"908\" data-end=\"937\">Bel\u00fcftetes K\u00fchlsystem<\/strong> f\u00fcr konstante Temperatur<\/p>\n<\/li>\n<li data-start=\"967\" data-end=\"1007\">\n<p data-start=\"969\" data-end=\"1007\"><strong data-start=\"969\" data-end=\"1005\">Sanft schlie\u00dfende, selbstschlie\u00dfende T\u00fcren<\/strong><\/p>\n<\/li>\n<li data-start=\"1008\" data-end=\"1042\">\n<p data-start=\"1010\" data-end=\"1042\"><strong data-start=\"1010\" data-end=\"1040\">Automatische elektrische Abtauung<\/strong><\/p>\n<\/li>\n<li data-start=\"1043\" data-end=\"1097\">\n<p data-start=\"1045\" data-end=\"1097\"><strong data-start=\"1045\" data-end=\"1073\">Optionales Smart Link WiFi<\/strong> f\u00fcr die Fern\u00fcberwachung<\/p>\n<\/li>\n<li data-start=\"1098\" data-end=\"1138\">\n<p data-start=\"1100\" data-end=\"1138\"><strong data-start=\"1100\" data-end=\"1123\">Energieverbrauch:<\/strong> 1,72 kWh\/24h<\/p>\n<\/li>\n<li data-start=\"1139\" data-end=\"1178\">\n<p data-start=\"1141\" data-end=\"1178\"><strong data-start=\"1141\" data-end=\"1156\">Abmessungen:<\/strong> 1360 \u00d7 700 \u00d7 860 mm<\/p>\n<\/li>\n<\/ul>\n<h2>Technische Daten<\/h2>\n<table>\n<tbody>\n<tr>\n<td>Dimensioni mm \/ Abmessungen mm<\/td>\n<td>CXF 2100 TN<\/td>\n<td>CXF 2200 TN<\/td>\n<td>CXF 2100 BT<\/td>\n<td>CXF 2200 BT<\/td>\n<\/tr>\n<tr>\n<td>Dimensioni Esterne (LxPxH) \/ Au\u00dfenabmessungen (BxTxH)<\/td>\n<td>1360 x 700 x 860*<\/td>\n<td>1360 x 700 x 960*<\/td>\n<td>1360 x 700 x 860*<\/td>\n<td>1360 x 700 x 960*<\/td>\n<\/tr>\n<tr>\n<td>Dimensioni Imballo (LxPxH) \/ Verpackungsabmessungen (BxTxH)<\/td>\n<td>1390 x 730 x 910<\/td>\n<td>1390 x 730 x 1010<\/td>\n<td>1390 x 730 x 910<\/td>\n<td>1390 x 730 x 1010<\/td>\n<\/tr>\n<tr>\n<td>A - Larghezza \/ Breite<\/td>\n<td>795<\/td>\n<td>795<\/td>\n<td>795<\/td>\n<td>795<\/td>\n<\/tr>\n<tr>\n<td>B - Profondit\u00e0 \/ Tiefe<\/td>\n<td>580<\/td>\n<td>580<\/td>\n<td>580<\/td>\n<td>580<\/td>\n<\/tr>\n<tr>\n<td>C - Altezza \/ H\u00f6he<\/td>\n<td>560<\/td>\n<td>560<\/td>\n<td>560<\/td>\n<td>560<\/td>\n<\/tr>\n<tr>\n<td>*L'altezza totale \u00e8 comprensiva dei piedi regolati alla minima altezza \/ Die Gesamth\u00f6he der Einheiten schlie\u00dft die auf die Mindesth\u00f6he eingestellten F\u00fc\u00dfe ein<\/td>\n<\/tr>\n<\/tbody>\n<\/table>\n<table>\n<tbody>\n<tr>\n<td>Caratteristiche Tecniche \/ Technische Merkmale<\/td>\n<td>CXF 2100 TN<\/td>\n<td>CXF 2200 TN<\/td>\n<td>CXF 2100 BT<\/td>\n<td>CXF 2200 BT<\/td>\n<\/tr>\n<tr>\n<td>Temperatura \/ Temperaturbereich<\/td>\n<td>-2 \u00b0C \/ +8 \u00b0C<\/td>\n<td>-2 \u00b0C \/ +8 \u00b0C<\/td>\n<td>-22 \u00b0C \/ -18 \u00b0C<\/td>\n<td>-22 \u00b0C \/ -18 \u00b0C<\/td>\n<\/tr>\n<tr>\n<td>Classe Climatica \/ Klimaklasse<\/td>\n<td>5<\/td>\n<td>5<\/td>\n<td>4<\/td>\n<td>4<\/td>\n<\/tr>\n<tr>\n<td>Volumen Netto-Lordo \/ Netto-Brutto Volumen<\/td>\n<td>Lt. 190 \/ 313,5<\/td>\n<td>Lt. 190 \/ 313,5<\/td>\n<td>Lt. 187 \/ 313,5<\/td>\n<td>Lt. 187 \/ 313,5<\/td>\n<\/tr>\n<tr>\n<td>Superficie Esterna K\u00f6rper<\/td>\n<td>Acciaio Inox AISI 304 AISI 304 Rostfreier Stahl<\/td>\n<td>Acciaio Inox AISI 304 AISI 304 Rostfreier Stahl<\/td>\n<td>Acciaio Inox AISI 304 AISI 304 Rostfreier Stahl<\/td>\n<td>Acciaio Inox AISI 304 AISI 304 Rostfreier Stahl<\/td>\n<\/tr>\n<tr>\n<td>Superficie Interna Innenauskleidung<\/td>\n<td>Acciaio Inox AISI 304 AISI 304 Rostfreier Stahl<\/td>\n<td>Acciaio Inox AISI 304 AISI 304 Rostfreier Stahl<\/td>\n<td>Acciaio Inox AISI 304 AISI 304 Rostfreier Stahl<\/td>\n<td>Acciaio Inox AISI 304 AISI 304 Rostfreier Stahl<\/td>\n<\/tr>\n<tr>\n<td>Termostat \/ Thermostat<\/td>\n<td>Elettronico \/ Elektronisch<\/td>\n<td>Elettronico \/ Elektronisch<\/td>\n<td>Elettronico \/ Elektronisch<\/td>\n<td>Elettronico \/ Elektronisch<\/td>\n<\/tr>\n<tr>\n<td>Rumorosit\u00e0 \/ Ger\u00e4uschpegel<\/td>\n<td>dB 42<\/td>\n<td>dB 42<\/td>\n<td>dB 42<\/td>\n<td>dB 42<\/td>\n<\/tr>\n<tr>\n<td>Smart Link WiFi \/ Fernsteuerung \/ Fernsteuerung<\/td>\n<td>Optional<\/td>\n<td>Optional<\/td>\n<td>Optional<\/td>\n<td>Optional<\/td>\n<\/tr>\n<tr>\n<td>Spessore isolamento \/ Isolierst\u00e4rke<\/td>\n<td>60 mm<\/td>\n<td>60 mm<\/td>\n<td>60 mm<\/td>\n<td>60 mm<\/td>\n<\/tr>\n<tr>\n<td>&nbsp;<\/p>\n<p>Sbrinamento Abtauen<\/td>\n<td>Automatico con resistenza elettrica Automatisch mit elektrischer Heizung<\/td>\n<td>Automatico con resistenza elettrica Automatisch mit elektrischer Heizung<\/td>\n<td>Automatico con resistenza elettrica Automatisch mit elektrischer Heizung<\/td>\n<td>Automatico con resistenza elettrica Automatisch mit elektrischer Heizung<\/td>\n<\/tr>\n<tr>\n<td>Mensole (LxP) \/ Einlegeb\u00f6den (BxT)<\/td>\n<td>Nr. 2 - mm 335 x 530 +<\/p>\n<p>Nr. 2 - mm 390 x 505<\/td>\n<td>Nr. 2 - mm 335 x 530 +<\/p>\n<p>Nr. 2 - mm 390 x 505<\/td>\n<td>Nr. 2 - mm 335 x 530 +<\/p>\n<p>Nr. 2 - mm 390 x 505<\/td>\n<td>Nr. 2 - mm 335 x 530 +<\/p>\n<p>Nr. 2 - mm 390 x 505<\/td>\n<\/tr>\n<tr>\n<td>Chiusura automatica porta \/ Selbstschlie\u00dfende T\u00fcr<\/td>\n<td>Chiusura ammortizzata Weiches Schlie\u00dfen<\/td>\n<td>Chiusura ammortizzata Weiches Schlie\u00dfen<\/td>\n<td>Chiusura ammortizzata Weiches Schlie\u00dfen<\/td>\n<td>Chiusura ammortizzata Weiches Schlie\u00dfen<\/td>\n<\/tr>\n<tr>\n<td>Altezza Alzatina \/ Aufkantung H\u00f6he<\/td>\n<td>&#8211;<\/td>\n<td>mm 110<\/td>\n<td>&#8211;<\/td>\n<td>mm 110<\/td>\n<\/tr>\n<tr>\n<td>Ruote-Piedi \/ Rollen-Fu\u00df<\/td>\n<td>4 Piedi \/ 4 F\u00fc\u00dfe h mm 110\/170<\/td>\n<td>4 Piedi \/ 4 F\u00fc\u00dfe h mm 110\/170<\/td>\n<td>4 Piedi \/ 4 F\u00fc\u00dfe h mm 110\/170<\/td>\n<td>4 Piedi \/ 4 F\u00fc\u00dfe h mm 110\/170<\/td>\n<\/tr>\n<tr>\n<td>Ruote \/ Rollen<\/td>\n<td>Wahlweise - h mm 140<\/td>\n<td>Wahlweise - h mm 140<\/td>\n<td>Wahlweise - h mm 140<\/td>\n<td>Wahlweise - h mm 140<\/td>\n<\/tr>\n<tr>\n<td>Peso Netto-Lordo \/ Netto-Bruttogewicht<\/td>\n<td>Kg 98 \/ 113<\/td>\n<td>Kg 108 \/ 138<\/td>\n<td>Kg 103 \/ 118<\/td>\n<td>Kg 111 \/ 141<\/td>\n<\/tr>\n<tr>\n<td>Voltaggio \/ Spannung<\/td>\n<td>V 220-240<\/td>\n<td>V 220-240<\/td>\n<td>V 220-240<\/td>\n<td>V 220-240<\/td>\n<\/tr>\n<tr>\n<td>Frequenza \/ H\u00e4ufigkeit<\/td>\n<td>Hz 50<\/td>\n<td>Hz 50<\/td>\n<td>Hz 50<\/td>\n<td>Hz 50<\/td>\n<\/tr>\n<tr>\n<td>Refrigerante \/ K\u00e4ltemittel<\/td>\n<td>R600A<\/td>\n<td>R600A<\/td>\n<td>R290<\/td>\n<td>R290<\/td>\n<\/tr>\n<tr>\n<td>Assorbimento \/ Absorption<\/td>\n<td>W 300<\/td>\n<td>W 300<\/td>\n<td>W 470<\/td>\n<td>W 470<\/td>\n<\/tr>\n<tr>\n<td>Consumo Energia \/ Energieverbrauch<\/td>\n<td>KwH\/24H 1,72<\/td>\n<td>KwH\/24H 1,72<\/td>\n<td>KwH\/24H 5,81<\/td>\n<td>KwH\/24H 5,81<\/td>\n<\/tr>\n<\/tbody>\n<\/table>\n<p>&nbsp;<\/p>","protected":false},"excerpt":{"rendered":"<p>-2 \u00b0C \/ +8 \u00b0C Bel\u00fcfteter K\u00e4ltetisch, zwei T\u00fcren. Positive Temperatur<\/p>","protected":false},"featured_media":10318,"comment_status":"open","ping_status":"closed","template":"","meta":[],"product_brand":[],"product_cat":[51],"product_tag":[],"class_list":{"0":"post-10269","1":"product","2":"type-product","3":"status-publish","4":"has-post-thumbnail","6":"product_cat-kitchen-catering-cooling","8":"first","9":"instock","10":"shipping-taxable","11":"purchasable","12":"product-type-simple"},"_links":{"self":[{"href":"https:\/\/dersuessestopp.com\/de_at\/wp-json\/wp\/v2\/product\/10269","targetHints":{"allow":["GET"]}}],"collection":[{"href":"https:\/\/dersuessestopp.com\/de_at\/wp-json\/wp\/v2\/product"}],"about":[{"href":"https:\/\/dersuessestopp.com\/de_at\/wp-json\/wp\/v2\/types\/product"}],"replies":[{"embeddable":true,"href":"https:\/\/dersuessestopp.com\/de_at\/wp-json\/wp\/v2\/comments?post=10269"}],"version-history":[{"count":3,"href":"https:\/\/dersuessestopp.com\/de_at\/wp-json\/wp\/v2\/product\/10269\/revisions"}],"predecessor-version":[{"id":11994,"href":"https:\/\/dersuessestopp.com\/de_at\/wp-json\/wp\/v2\/product\/10269\/revisions\/11994"}],"wp:featuredmedia":[{"embeddable":true,"href":"https:\/\/dersuessestopp.com\/de_at\/wp-json\/wp\/v2\/media\/10318"}],"wp:attachment":[{"href":"https:\/\/dersuessestopp.com\/de_at\/wp-json\/wp\/v2\/media?parent=10269"}],"wp:term":[{"taxonomy":"product_brand","embeddable":true,"href":"https:\/\/dersuessestopp.com\/de_at\/wp-json\/wp\/v2\/product_brand?post=10269"},{"taxonomy":"product_cat","embeddable":true,"href":"https:\/\/dersuessestopp.com\/de_at\/wp-json\/wp\/v2\/product_cat?post=10269"},{"taxonomy":"product_tag","embeddable":true,"href":"https:\/\/dersuessestopp.com\/de_at\/wp-json\/wp\/v2\/product_tag?post=10269"}],"curies":[{"name":"wp","href":"https:\/\/api.w.org\/{rel}","templated":true}]}}