{"id":10199,"date":"2025-09-29T14:58:29","date_gmt":"2025-09-29T14:58:29","guid":{"rendered":"https:\/\/dersuessestopp.com\/?post_type=product&#038;p=10199"},"modified":"2025-10-09T00:23:31","modified_gmt":"2025-10-09T00:23:31","slug":"psx-2100-tn","status":"publish","type":"product","link":"https:\/\/dersuessestopp.com\/de_at\/product\/psx-2100-tn\/","title":{"rendered":"PXF 2100 TN"},"content":{"rendered":"<p>&nbsp;<\/p>\n<h2><img decoding=\"async\" src=\"https:\/\/customer.klimaitalia.it\/api\/file\/image\/6791\" \/><\/h2>\n<h2>Beschreibung des Produkts<\/h2>\n<p data-start=\"229\" data-end=\"742\">Die <strong data-start=\"233\" data-end=\"248\">PXF 2100 TN<\/strong> ist eine Pr\u00e4mie <strong data-start=\"262\" data-end=\"304\">bel\u00fcftete Konditorei-K\u00fchltheke<\/strong> konzipiert f\u00fcr professionelle B\u00e4ckereien, Konditoreien und Catering-K\u00fcchen. Hergestellt aus hochwertigem <strong data-start=\"402\" data-end=\"430\">Rostfreier Stahl AISI 304<\/strong>, Sie gew\u00e4hrleistet ein H\u00f6chstma\u00df an Hygiene, Haltbarkeit und Temperaturstabilit\u00e4t. Mit einer <strong data-start=\"506\" data-end=\"522\">+2\u00b0C bis +8\u00b0C<\/strong> Betriebsbereich ist er ideal f\u00fcr die Lagerung von Cremes, Desserts und Zutaten unter perfekten Bedingungen. Merkmale umfassen <strong data-start=\"640\" data-end=\"662\">sanft schlie\u00dfende T\u00fcren<\/strong>, <strong data-start=\"664\" data-end=\"685\">Abtauautomatik<\/strong>, und ein <strong data-start=\"694\" data-end=\"719\">elektronisches Thermostat<\/strong> f\u00fcr eine pr\u00e4zise Kontrolle.<\/p>\n<p data-start=\"744\" data-end=\"763\"><strong data-start=\"744\" data-end=\"761\">Wesentliche Merkmale:<\/strong><\/p>\n<ul data-start=\"764\" data-end=\"1121\">\n<li data-start=\"764\" data-end=\"803\">\n<p data-start=\"766\" data-end=\"803\"><strong data-start=\"766\" data-end=\"788\">Temperaturbereich:<\/strong> +2\u00b0C bis +8\u00b0C<\/p>\n<\/li>\n<li data-start=\"804\" data-end=\"858\">\n<p data-start=\"806\" data-end=\"858\"><strong data-start=\"806\" data-end=\"834\">Rostfreier Stahl AISI 304<\/strong> innen und au\u00dfen<\/p>\n<\/li>\n<li data-start=\"859\" data-end=\"913\">\n<p data-start=\"861\" data-end=\"913\"><strong data-start=\"861\" data-end=\"890\">Bel\u00fcftetes K\u00fchlsystem<\/strong> f\u00fcr gleichm\u00e4\u00dfige Temperatur<\/p>\n<\/li>\n<li data-start=\"914\" data-end=\"954\">\n<p data-start=\"916\" data-end=\"954\"><strong data-start=\"916\" data-end=\"952\">Sanft schlie\u00dfende, selbstschlie\u00dfende T\u00fcren<\/strong><\/p>\n<\/li>\n<li data-start=\"955\" data-end=\"989\">\n<p data-start=\"957\" data-end=\"989\"><strong data-start=\"957\" data-end=\"987\">Automatische elektrische Abtauung<\/strong><\/p>\n<\/li>\n<li data-start=\"990\" data-end=\"1040\">\n<p data-start=\"992\" data-end=\"1040\"><strong data-start=\"992\" data-end=\"1020\">Optionales Smart Link WiFi<\/strong> Fern\u00fcberwachung<\/p>\n<\/li>\n<li data-start=\"1041\" data-end=\"1081\">\n<p data-start=\"1043\" data-end=\"1081\"><strong data-start=\"1043\" data-end=\"1066\">Energieverbrauch:<\/strong> 1,76 kWh\/24h<\/p>\n<\/li>\n<li data-start=\"1082\" data-end=\"1121\">\n<p data-start=\"1084\" data-end=\"1121\"><strong data-start=\"1084\" data-end=\"1099\">Abmessungen:<\/strong> 1510 \u00d7 800 \u00d7 860 mm<\/p>\n<\/li>\n<\/ul>\n<h2>Technische Daten<\/h2>\n<table>\n<tbody>\n<tr>\n<td>Dimensioni mm \/ Abmessungen mm<\/td>\n<td>PXF 2100 TN<\/td>\n<td>PXF 2200 TN<\/td>\n<\/tr>\n<tr>\n<td>\u00c4u\u00dfere Abmessungen (BxTxH)<\/td>\n<td>1510 x 800 x 860*<\/td>\n<td>1510 x 800 x 960*<\/td>\n<\/tr>\n<tr>\n<td>Abmessungen der Verpackung (BxTxH)<\/td>\n<td>1540 x 830 x 910<\/td>\n<td>1540 x 830 x 1010<\/td>\n<\/tr>\n<tr>\n<td>Breite<\/td>\n<td>945<\/td>\n<td>945<\/td>\n<\/tr>\n<tr>\n<td>Tiefe<\/td>\n<td>680<\/td>\n<td>680<\/td>\n<\/tr>\n<tr>\n<td>H\u00f6he<\/td>\n<td>560<\/td>\n<td>560<\/td>\n<\/tr>\n<tr>\n<td colspan=\"3\">Die Gesamth\u00f6he der Einheiten umfasst die auf die Mindesth\u00f6he eingestellten F\u00fc\u00dfe<\/td>\n<\/tr>\n<\/tbody>\n<\/table>\n<p>&nbsp;<\/p>\n<table>\n<tbody>\n<tr>\n<td>Caratteristiche Tecniche \/ Technische Merkmale<\/td>\n<td>PXF 2100 TN<\/td>\n<td>PXF 2200 TN<\/td>\n<\/tr>\n<tr>\n<td>Temperaturbereich<\/td>\n<td>+2 \u00b0C \/ +8 \u00b0C<\/td>\n<td>+2 \u00b0C \/ +8 \u00b0C<\/td>\n<\/tr>\n<tr>\n<td>Klima-Klasse<\/td>\n<td>5<\/td>\n<td>5<\/td>\n<\/tr>\n<tr>\n<td>Netto-Brutto-Volumen<\/td>\n<td>Lt. 268 \/ 428<\/td>\n<td>Lt. 268 \/ 428<\/td>\n<\/tr>\n<tr>\n<td>K\u00f6rper<\/td>\n<td>AISI 304 Rostfreier Stahl<\/td>\n<td>AISI 304 Rostfreier Stahl<\/td>\n<\/tr>\n<tr>\n<td>Innenauskleidung<\/td>\n<td>AISI 304 Rostfreier Stahl<\/td>\n<td>AISI 304 Rostfreier Stahl<\/td>\n<\/tr>\n<tr>\n<td>Thermostat<\/td>\n<td>Elektronisch<\/td>\n<td>Elektronisch<\/td>\n<\/tr>\n<tr>\n<td>Ger\u00e4uschpegel<\/td>\n<td>dB 42<\/td>\n<td>dB 42<\/td>\n<\/tr>\n<tr>\n<td>Fernsteuerung<\/td>\n<td>Optional<\/td>\n<td>Optional<\/td>\n<\/tr>\n<tr>\n<td>Dicke der Isolierung<\/td>\n<td>60 mm<\/td>\n<td>60 mm<\/td>\n<\/tr>\n<tr>\n<td>Abtauen<\/td>\n<td>Automatisch mit elektrischer Heizung<\/td>\n<td>Automatisch mit elektrischer Heizung<\/td>\n<\/tr>\n<tr>\n<td>Einlegeb\u00f6den (BxT)<\/td>\n<td>Nr. 2 - mm 410 x 600 + Nr. 2 - mm 465 x 605<\/td>\n<td>Nr. 2 - mm 410 x 600 + Nr. 2 - mm 465 x 605<\/td>\n<\/tr>\n<tr>\n<td>Selbstschlie\u00dfende T\u00fcr<\/td>\n<td>Sanftes Schlie\u00dfen<\/td>\n<td>Sanftes Schlie\u00dfen<\/td>\n<\/tr>\n<tr>\n<td>\/ Rollen-Fu\u00df<\/td>\n<td>4 F\u00fc\u00dfe<\/td>\n<td>4 F\u00fc\u00dfe<\/td>\n<\/tr>\n<tr>\n<td>Rollen<\/td>\n<td>Wahlweise - h mm 140<\/td>\n<td>Wahlweise - h mm 140<\/td>\n<\/tr>\n<tr>\n<td>Netto-Brutto Gewicht<\/td>\n<td>Kg 140 \/ 155<\/td>\n<td>Kg 150 \/ 165<\/td>\n<\/tr>\n<tr>\n<td>Spannung<\/td>\n<td>V 220-240<\/td>\n<td>V 220-240<\/td>\n<\/tr>\n<tr>\n<td>Frequenz<\/td>\n<td>Hz 50<\/td>\n<td>Hz 50<\/td>\n<\/tr>\n<tr>\n<td>K\u00e4ltemittel<\/td>\n<td>R600A<\/td>\n<td>R600A<\/td>\n<\/tr>\n<tr>\n<td>Absorption<\/td>\n<td>W 300<\/td>\n<td>W 300<\/td>\n<\/tr>\n<tr>\n<td>Energieverbrauch<\/td>\n<td>KwH\/24H 1,76<\/td>\n<td>KwH\/24H 1,76<\/td>\n<\/tr>\n<\/tbody>\n<\/table>","protected":false},"excerpt":{"rendered":"<p>-2 \u00b0C \/ +8 \u00b0C Gek\u00fchlter Tisch pasticceria due ante bel\u00fcftet<\/p>","protected":false},"featured_media":10250,"comment_status":"open","ping_status":"closed","template":"","meta":[],"product_brand":[],"product_cat":[51],"product_tag":[],"class_list":{"0":"post-10199","1":"product","2":"type-product","3":"status-publish","4":"has-post-thumbnail","6":"product_cat-kitchen-catering-cooling","8":"first","9":"instock","10":"shipping-taxable","11":"purchasable","12":"product-type-simple"},"_links":{"self":[{"href":"https:\/\/dersuessestopp.com\/de_at\/wp-json\/wp\/v2\/product\/10199","targetHints":{"allow":["GET"]}}],"collection":[{"href":"https:\/\/dersuessestopp.com\/de_at\/wp-json\/wp\/v2\/product"}],"about":[{"href":"https:\/\/dersuessestopp.com\/de_at\/wp-json\/wp\/v2\/types\/product"}],"replies":[{"embeddable":true,"href":"https:\/\/dersuessestopp.com\/de_at\/wp-json\/wp\/v2\/comments?post=10199"}],"version-history":[{"count":3,"href":"https:\/\/dersuessestopp.com\/de_at\/wp-json\/wp\/v2\/product\/10199\/revisions"}],"predecessor-version":[{"id":11989,"href":"https:\/\/dersuessestopp.com\/de_at\/wp-json\/wp\/v2\/product\/10199\/revisions\/11989"}],"wp:featuredmedia":[{"embeddable":true,"href":"https:\/\/dersuessestopp.com\/de_at\/wp-json\/wp\/v2\/media\/10250"}],"wp:attachment":[{"href":"https:\/\/dersuessestopp.com\/de_at\/wp-json\/wp\/v2\/media?parent=10199"}],"wp:term":[{"taxonomy":"product_brand","embeddable":true,"href":"https:\/\/dersuessestopp.com\/de_at\/wp-json\/wp\/v2\/product_brand?post=10199"},{"taxonomy":"product_cat","embeddable":true,"href":"https:\/\/dersuessestopp.com\/de_at\/wp-json\/wp\/v2\/product_cat?post=10199"},{"taxonomy":"product_tag","embeddable":true,"href":"https:\/\/dersuessestopp.com\/de_at\/wp-json\/wp\/v2\/product_tag?post=10199"}],"curies":[{"name":"wp","href":"https:\/\/api.w.org\/{rel}","templated":true}]}}