{"id":10187,"date":"2025-09-29T14:58:29","date_gmt":"2025-09-29T14:58:29","guid":{"rendered":"https:\/\/dersuessestopp.com\/?post_type=product&#038;p=10187"},"modified":"2025-10-09T00:45:40","modified_gmt":"2025-10-09T00:45:40","slug":"imbiss-4100-tn","status":"publish","type":"product","link":"https:\/\/dersuessestopp.com\/de_at\/product\/snack-4100-tn\/","title":{"rendered":"SNACK 4100 TNF"},"content":{"rendered":"<p>&nbsp;<\/p>\n<h2><img decoding=\"async\" src=\"https:\/\/customer.klimaitalia.it\/api\/file\/image\/6893\" \/><\/h2>\n<h2>Beschreibung des Produkts<\/h2>\n<p data-start=\"211\" data-end=\"775\">Die <strong data-start=\"215\" data-end=\"233\">SNACK 4100 TNF<\/strong> ist eine professionelle <strong data-start=\"252\" data-end=\"297\">viert\u00fcrige bel\u00fcftete K\u00fchltheke<\/strong>, ideal f\u00fcr Restaurants, Snackbars und Catering. Vollst\u00e4ndig hergestellt aus <strong data-start=\"380\" data-end=\"408\">Rostfreier Stahl AISI 304<\/strong>, Sie gew\u00e4hrleistet eine lange Lebensdauer, Hygiene und einfache Wartung. Der Betrieb innerhalb einer <strong data-start=\"496\" data-end=\"533\">Temperaturbereich von -2\u00b0C bis +8\u00b0C<\/strong>, Er k\u00fchlt zuverl\u00e4ssig frische Zutaten und zubereitete Speisen. Ausgestattet mit einem <strong data-start=\"623\" data-end=\"648\">elektronisches Thermostat<\/strong>, <strong data-start=\"650\" data-end=\"672\">sanft schlie\u00dfende T\u00fcren<\/strong>, und <strong data-start=\"678\" data-end=\"699\">Abtauautomatik<\/strong>, Sie garantiert gleichbleibende Leistung und Energieeffizienz im t\u00e4glichen Gebrauch.<\/p>\n<p data-start=\"777\" data-end=\"796\"><strong data-start=\"777\" data-end=\"794\">Wesentliche Merkmale:<\/strong><\/p>\n<ul data-start=\"797\" data-end=\"1164\">\n<li data-start=\"797\" data-end=\"836\">\n<p data-start=\"799\" data-end=\"836\"><strong data-start=\"799\" data-end=\"821\">Temperaturbereich:<\/strong> -2\u00b0C bis +8\u00b0C<\/p>\n<\/li>\n<li data-start=\"837\" data-end=\"891\">\n<p data-start=\"839\" data-end=\"891\"><strong data-start=\"839\" data-end=\"867\">Rostfreier Stahl AISI 304<\/strong> innen und au\u00dfen<\/p>\n<\/li>\n<li data-start=\"892\" data-end=\"959\">\n<p data-start=\"894\" data-end=\"959\"><strong data-start=\"894\" data-end=\"923\">Bel\u00fcftetes K\u00fchlsystem<\/strong> f\u00fcr gleichm\u00e4\u00dfige Temperaturverteilung<\/p>\n<\/li>\n<li data-start=\"960\" data-end=\"1000\">\n<p data-start=\"962\" data-end=\"1000\"><strong data-start=\"962\" data-end=\"998\">Sanft schlie\u00dfende, selbstschlie\u00dfende T\u00fcren<\/strong><\/p>\n<\/li>\n<li data-start=\"1001\" data-end=\"1035\">\n<p data-start=\"1003\" data-end=\"1035\"><strong data-start=\"1003\" data-end=\"1033\">Automatische elektrische Abtauung<\/strong><\/p>\n<\/li>\n<li data-start=\"1036\" data-end=\"1083\">\n<p data-start=\"1038\" data-end=\"1083\"><strong data-start=\"1038\" data-end=\"1066\">Optionales Smart Link WiFi<\/strong> Fernsteuerung<\/p>\n<\/li>\n<li data-start=\"1084\" data-end=\"1124\">\n<p data-start=\"1086\" data-end=\"1124\"><strong data-start=\"1086\" data-end=\"1109\">Energieverbrauch:<\/strong> 4,05 kWh\/24h<\/p>\n<\/li>\n<li data-start=\"1125\" data-end=\"1164\">\n<p data-start=\"1127\" data-end=\"1164\"><strong data-start=\"1127\" data-end=\"1142\">Abmessungen:<\/strong> 2230 \u00d7 600 \u00d7 860 mm<\/p>\n<\/li>\n<\/ul>\n<h2>Technische Daten<\/h2>\n<table>\n<tbody>\n<tr>\n<td>Dimensioni mm \/ Abmessungen mm<\/td>\n<td>SNACK 4100 TNF<\/td>\n<td>SNACK 4100 BTF<\/td>\n<\/tr>\n<tr>\n<td>\u00c4u\u00dfere Abmessungen (BxTxH)<\/td>\n<td>2230 x 600 x 860*<\/td>\n<td>2230 x 600 x 860*<\/td>\n<\/tr>\n<tr>\n<td>Abmessungen der Verpackung (BxTxH)<\/td>\n<td>2260 x 630 x 910<\/td>\n<td>2260 x 630 x 910<\/td>\n<\/tr>\n<tr>\n<td>Breite<\/td>\n<td>1669<\/td>\n<td>1669<\/td>\n<\/tr>\n<tr>\n<td>Tiefe<\/td>\n<td>480<\/td>\n<td>480<\/td>\n<\/tr>\n<tr>\n<td>H\u00f6he<\/td>\n<td>560<\/td>\n<td>560<\/td>\n<\/tr>\n<tr>\n<td colspan=\"3\">Die Gesamth\u00f6he der Einheiten umfasst die auf die Mindesth\u00f6he eingestellten F\u00fc\u00dfe<\/td>\n<\/tr>\n<\/tbody>\n<\/table>\n<p>&nbsp;<\/p>\n<table>\n<tbody>\n<tr>\n<td>Caratteristiche Tecniche \/ Technische Merkmale<\/td>\n<td>SNACK 4100 TNF<\/td>\n<td>SNACK 4100 BTF<\/td>\n<\/tr>\n<tr>\n<td>Temperaturbereich<\/td>\n<td>-2 \u00b0C \/ +8 \u00b0C<\/td>\n<td>-22 \u00b0C \/ -18 \u00b0C<\/td>\n<\/tr>\n<tr>\n<td>Klima-Klasse<\/td>\n<td>5<\/td>\n<td>4<\/td>\n<\/tr>\n<tr>\n<td>Netto-Brutto-Volumen<\/td>\n<td>Lt. 312 \/ 511<\/td>\n<td>Lt. 312 \/ 511<\/td>\n<\/tr>\n<tr>\n<td>K\u00f6rper<\/td>\n<td>AISI 304 Rostfreier Stahl<\/td>\n<td>AISI 304 Rostfreier Stahl<\/td>\n<\/tr>\n<tr>\n<td>Innenauskleidung<\/td>\n<td>AISI 304 Rostfreier Stahl<\/td>\n<td>AISI 304 Rostfreier Stahl<\/td>\n<\/tr>\n<tr>\n<td>Thermostat<\/td>\n<td>Elektronisch<\/td>\n<td>Elektronisch<\/td>\n<\/tr>\n<tr>\n<td>Ger\u00e4uschpegel<\/td>\n<td>dB 42<\/td>\n<td>dB 42<\/td>\n<\/tr>\n<tr>\n<td>Fernsteuerung<\/td>\n<td>Optional<\/td>\n<td>Optional<\/td>\n<\/tr>\n<tr>\n<td>Dicke der Isolierung<\/td>\n<td>60 mm<\/td>\n<td>60 mm<\/td>\n<\/tr>\n<tr>\n<td>Abtauen<\/td>\n<td>Automatisch mit elektrischer Heizung<\/td>\n<td>Automatisch mit elektrischer Heizung<\/td>\n<\/tr>\n<tr>\n<td>Einlegeb\u00f6den (BxT)<\/td>\n<td>Nr. 4 - mm 335 x 430 + Nr. 4 - mm 390 x 405<\/td>\n<td>Nr. 4 - mm 335 x 430 + Nr. 4 - mm 390 x 405<\/td>\n<\/tr>\n<tr>\n<td>Selbstschlie\u00dfende T\u00fcr<\/td>\n<td>Sanftes Schlie\u00dfen<\/td>\n<td>Sanftes Schlie\u00dfen<\/td>\n<\/tr>\n<tr>\n<td>\/ Rollen-Fu\u00df<\/td>\n<td>6 Fu\u00df -<\/td>\n<td>6 Fu\u00df -<\/td>\n<\/tr>\n<tr>\n<td>Rollen<\/td>\n<td>Wahlweise - h mm 140<\/td>\n<td>Wahlweise - h mm 140<\/td>\n<\/tr>\n<tr>\n<td>Netto-Brutto Gewicht<\/td>\n<td>Kg 143 \/ 163<\/td>\n<td>Kg 151 \/ 171<\/td>\n<\/tr>\n<tr>\n<td>Spannung<\/td>\n<td>V 220-240<\/td>\n<td>V 220-240<\/td>\n<\/tr>\n<tr>\n<td>Frequenz<\/td>\n<td>Hz 50<\/td>\n<td>Hz 50<\/td>\n<\/tr>\n<tr>\n<td>K\u00e4ltemittel<\/td>\n<td>R600a<\/td>\n<td>R290<\/td>\n<\/tr>\n<tr>\n<td>Absorption<\/td>\n<td>W 300<\/td>\n<td>W 570<\/td>\n<\/tr>\n<tr>\n<td>Energieverbrauch<\/td>\n<td>KwH\/24H 4,05<\/td>\n<td>KwH\/24H 8,87<\/td>\n<\/tr>\n<\/tbody>\n<\/table>","protected":false},"excerpt":{"rendered":"<p>-2 \u00b0C \/ +8 \u00b0C Bel\u00fcfteter K\u00e4ltetisch, vier T\u00fcren. Positive Temperatur<\/p>","protected":false},"featured_media":10226,"comment_status":"open","ping_status":"closed","template":"","meta":[],"product_brand":[],"product_cat":[51],"product_tag":[],"class_list":{"0":"post-10187","1":"product","2":"type-product","3":"status-publish","4":"has-post-thumbnail","6":"product_cat-kitchen-catering-cooling","8":"first","9":"instock","10":"shipping-taxable","11":"purchasable","12":"product-type-simple"},"_links":{"self":[{"href":"https:\/\/dersuessestopp.com\/de_at\/wp-json\/wp\/v2\/product\/10187","targetHints":{"allow":["GET"]}}],"collection":[{"href":"https:\/\/dersuessestopp.com\/de_at\/wp-json\/wp\/v2\/product"}],"about":[{"href":"https:\/\/dersuessestopp.com\/de_at\/wp-json\/wp\/v2\/types\/product"}],"replies":[{"embeddable":true,"href":"https:\/\/dersuessestopp.com\/de_at\/wp-json\/wp\/v2\/comments?post=10187"}],"version-history":[{"count":4,"href":"https:\/\/dersuessestopp.com\/de_at\/wp-json\/wp\/v2\/product\/10187\/revisions"}],"predecessor-version":[{"id":12013,"href":"https:\/\/dersuessestopp.com\/de_at\/wp-json\/wp\/v2\/product\/10187\/revisions\/12013"}],"wp:featuredmedia":[{"embeddable":true,"href":"https:\/\/dersuessestopp.com\/de_at\/wp-json\/wp\/v2\/media\/10226"}],"wp:attachment":[{"href":"https:\/\/dersuessestopp.com\/de_at\/wp-json\/wp\/v2\/media?parent=10187"}],"wp:term":[{"taxonomy":"product_brand","embeddable":true,"href":"https:\/\/dersuessestopp.com\/de_at\/wp-json\/wp\/v2\/product_brand?post=10187"},{"taxonomy":"product_cat","embeddable":true,"href":"https:\/\/dersuessestopp.com\/de_at\/wp-json\/wp\/v2\/product_cat?post=10187"},{"taxonomy":"product_tag","embeddable":true,"href":"https:\/\/dersuessestopp.com\/de_at\/wp-json\/wp\/v2\/product_tag?post=10187"}],"curies":[{"name":"wp","href":"https:\/\/api.w.org\/{rel}","templated":true}]}}