{"id":10186,"date":"2025-09-29T14:58:29","date_gmt":"2025-09-29T14:58:29","guid":{"rendered":"https:\/\/dersuessestopp.com\/?post_type=product&#038;p=10186"},"modified":"2025-10-09T00:43:03","modified_gmt":"2025-10-09T00:43:03","slug":"imbiss-4100-bt","status":"publish","type":"product","link":"https:\/\/dersuessestopp.com\/de_at\/product\/snack-4100-bt\/","title":{"rendered":"SNACK 4100 BT"},"content":{"rendered":"<p>&nbsp;<\/p>\n<h2><img decoding=\"async\" src=\"https:\/\/customer.klimaitalia.it\/api\/file\/image\/6924\" \/><\/h2>\n<h2>Beschreibung des Produkts<\/h2>\n<p data-start=\"220\" data-end=\"796\">Die <strong data-start=\"224\" data-end=\"241\">SNACK 4100 BT<\/strong> ist eine professionelle <strong data-start=\"260\" data-end=\"301\">Dreit\u00fcrige bel\u00fcftete Gefriertheke<\/strong> mit <strong data-start=\"307\" data-end=\"326\">hintere Spritzwand<\/strong>, ideal f\u00fcr Gro\u00dfk\u00fcchen, Bars und Catering-Umgebungen. Vollst\u00e4ndig konstruiert aus <strong data-start=\"418\" data-end=\"446\">Rostfreier Stahl AISI 304<\/strong>, Sie gew\u00e4hrleistet lange Haltbarkeit, Hygiene und einfache Reinigung. Mit einer <strong data-start=\"519\" data-end=\"560\">Temperaturbereich von -22\u00b0C bis -18\u00b0C<\/strong>, Er sorgt f\u00fcr zuverl\u00e4ssiges Gefrieren von Lebensmitteln und Zutaten. Ausgestattet mit einem <strong data-start=\"635\" data-end=\"660\">elektronisches Thermostat<\/strong>, <strong data-start=\"662\" data-end=\"684\">sanft schlie\u00dfende T\u00fcren<\/strong>, und <strong data-start=\"690\" data-end=\"711\">Abtauautomatik<\/strong>, Er bietet hohe Leistung und Energieeffizienz in anspruchsvollen K\u00fcchenbetrieben.<\/p>\n<p data-start=\"798\" data-end=\"817\"><strong data-start=\"798\" data-end=\"815\">Wesentliche Merkmale:<\/strong><\/p>\n<ul data-start=\"818\" data-end=\"1209\">\n<li data-start=\"818\" data-end=\"859\">\n<p data-start=\"820\" data-end=\"859\"><strong data-start=\"820\" data-end=\"842\">Temperaturbereich:<\/strong> -22\u00b0C bis -18\u00b0C<\/p>\n<\/li>\n<li data-start=\"860\" data-end=\"914\">\n<p data-start=\"862\" data-end=\"914\"><strong data-start=\"862\" data-end=\"890\">Rostfreier Stahl AISI 304<\/strong> innen und au\u00dfen<\/p>\n<\/li>\n<li data-start=\"915\" data-end=\"973\">\n<p data-start=\"917\" data-end=\"973\"><strong data-start=\"917\" data-end=\"947\">Bel\u00fcftetes Gefriersystem<\/strong> bei gleichm\u00e4\u00dfiger Temperatur<\/p>\n<\/li>\n<li data-start=\"974\" data-end=\"1014\">\n<p data-start=\"976\" data-end=\"1014\"><strong data-start=\"976\" data-end=\"1012\">Sanft schlie\u00dfende, selbstschlie\u00dfende T\u00fcren<\/strong><\/p>\n<\/li>\n<li data-start=\"1015\" data-end=\"1068\">\n<p data-start=\"1017\" data-end=\"1068\"><strong data-start=\"1017\" data-end=\"1036\">Hintere Spritzwand<\/strong> f\u00fcr einfache Reinigung und Hygiene<\/p>\n<\/li>\n<li data-start=\"1069\" data-end=\"1103\">\n<p data-start=\"1071\" data-end=\"1103\"><strong data-start=\"1071\" data-end=\"1101\">Automatische elektrische Abtauung<\/strong><\/p>\n<\/li>\n<li data-start=\"1104\" data-end=\"1151\">\n<p data-start=\"1106\" data-end=\"1151\"><strong data-start=\"1106\" data-end=\"1134\">Optionales Smart Link WiFi<\/strong> Fernsteuerung<\/p>\n<\/li>\n<li data-start=\"1152\" data-end=\"1209\">\n<p data-start=\"1154\" data-end=\"1209\"><strong data-start=\"1154\" data-end=\"1186\">Energieeffiziente Leistung<\/strong> f\u00fcr den professionellen Einsatz<\/p>\n<\/li>\n<\/ul>\n<h2>Technische Daten<\/h2>\n<table>\n<tbody>\n<tr>\n<td>Dimensioni mm \/ Abmessungen mm<\/td>\n<td>SNACK 4200 TNF<\/td>\n<td>SNACK 4200 BTF<\/td>\n<\/tr>\n<tr>\n<td>\u00c4u\u00dfere Abmessungen (BxTxH)<\/td>\n<td>2230 x 600 x 960*<\/td>\n<td>2230 x 600 x 960*<\/td>\n<\/tr>\n<tr>\n<td>Abmessungen der Verpackung (BxTxH)<\/td>\n<td>2260 x 630 x 1010<\/td>\n<td>2260 x 630 x 1010<\/td>\n<\/tr>\n<tr>\n<td>Breite<\/td>\n<td>1669<\/td>\n<td>1669<\/td>\n<\/tr>\n<tr>\n<td>Tiefe<\/td>\n<td>480<\/td>\n<td>480<\/td>\n<\/tr>\n<tr>\n<td>H\u00f6he<\/td>\n<td>560<\/td>\n<td>560<\/td>\n<\/tr>\n<tr>\n<td colspan=\"3\">Die Gesamth\u00f6he der Einheiten umfasst die auf die Mindesth\u00f6he eingestellten F\u00fc\u00dfe<\/td>\n<\/tr>\n<\/tbody>\n<\/table>\n<p>&nbsp;<\/p>\n<table>\n<tbody>\n<tr>\n<td>Caratteristiche Tecniche \/ Technische Merkmale<\/td>\n<td>SNACK 4200 TNF<\/td>\n<td>SNACK 4200 BTF<\/td>\n<\/tr>\n<tr>\n<td>Temperaturbereich<\/td>\n<td>-2 \u00b0C \/ +8 \u00b0C<\/td>\n<td>-22 \u00b0C \/ -18 \u00b0C<\/td>\n<\/tr>\n<tr>\n<td>Klima-Klasse<\/td>\n<td>5<\/td>\n<td>4<\/td>\n<\/tr>\n<tr>\n<td>Netto-Brutto-Volumen<\/td>\n<td>Lt. 312 \/ 511<\/td>\n<td>Lt. 312 \/ 511<\/td>\n<\/tr>\n<tr>\n<td>K\u00f6rper<\/td>\n<td>AISI 304 Rostfreier Stahl<\/td>\n<td>AISI 304 Rostfreier Stahl<\/td>\n<\/tr>\n<tr>\n<td>Innenauskleidung<\/td>\n<td>AISI 304 Rostfreier Stahl<\/td>\n<td>AISI 304 Rostfreier Stahl<\/td>\n<\/tr>\n<tr>\n<td>Thermostat<\/td>\n<td>Elektronisch<\/td>\n<td>Elektronisch<\/td>\n<\/tr>\n<tr>\n<td>Ger\u00e4uschpegel<\/td>\n<td>dB 42<\/td>\n<td>dB 42<\/td>\n<\/tr>\n<tr>\n<td>Fernsteuerung<\/td>\n<td>Optional<\/td>\n<td>Optional<\/td>\n<\/tr>\n<tr>\n<td>Dicke der Isolierung<\/td>\n<td>60 mm<\/td>\n<td>60 mm<\/td>\n<\/tr>\n<tr>\n<td>Abtauen<\/td>\n<td>Automatisch mit elektrischer Heizung<\/td>\n<td>Automatisch mit elektrischer Heizung<\/td>\n<\/tr>\n<tr>\n<td>Einlegeb\u00f6den (BxT)<\/td>\n<td>Nr. 4 - mm 335 x 430 + Nr. 4 - mm 390 x 405<\/td>\n<td>Nr. 4 - mm 335 x 430 + Nr. 4 - mm 390 x 405<\/td>\n<\/tr>\n<tr>\n<td>Selbstschlie\u00dfende T\u00fcr<\/td>\n<td>Sanftes Schlie\u00dfen<\/td>\n<td>Sanftes Schlie\u00dfen<\/td>\n<\/tr>\n<tr>\n<td>Aufkantung H\u00f6he<\/td>\n<td>mm 100<\/td>\n<td>mm 100<\/td>\n<\/tr>\n<tr>\n<td>\/ Rollen-Fu\u00df<\/td>\n<td>6 Fu\u00df -<\/td>\n<td>6 Fu\u00df -<\/td>\n<\/tr>\n<tr>\n<td>Rollen<\/td>\n<td>Wahlweise - h mm 140<\/td>\n<td>Wahlweise - h mm 140<\/td>\n<\/tr>\n<tr>\n<td>Netto-Brutto Gewicht<\/td>\n<td>Kg 159,6 \/ 189,6<\/td>\n<td>Kg 170 \/ 200<\/td>\n<\/tr>\n<tr>\n<td>Spannung<\/td>\n<td>V 220-240<\/td>\n<td>V 220-240<\/td>\n<\/tr>\n<tr>\n<td>Frequenz<\/td>\n<td>Hz 50<\/td>\n<td>Hz 50<\/td>\n<\/tr>\n<tr>\n<td>K\u00e4ltemittel<\/td>\n<td>R600A<\/td>\n<td>R290<\/td>\n<\/tr>\n<tr>\n<td>Absorption<\/td>\n<td>W 300<\/td>\n<td>W 570<\/td>\n<\/tr>\n<tr>\n<td>Energieverbrauch<\/td>\n<td>KwH\/24H 4,05<\/td>\n<td>KwH\/24H 8,87<\/td>\n<\/tr>\n<\/tbody>\n<\/table>","protected":false},"excerpt":{"rendered":"<p>-20 \u00b0C \/ -10 \u00b0C Bel\u00fcfteter K\u00e4ltetisch, vier T\u00fcren. Negative Temperatur<\/p>","protected":false},"featured_media":10224,"comment_status":"open","ping_status":"closed","template":"","meta":[],"product_brand":[],"product_cat":[51],"product_tag":[],"class_list":{"0":"post-10186","1":"product","2":"type-product","3":"status-publish","4":"has-post-thumbnail","6":"product_cat-kitchen-catering-cooling","8":"first","9":"instock","10":"shipping-taxable","11":"purchasable","12":"product-type-simple"},"_links":{"self":[{"href":"https:\/\/dersuessestopp.com\/de_at\/wp-json\/wp\/v2\/product\/10186","targetHints":{"allow":["GET"]}}],"collection":[{"href":"https:\/\/dersuessestopp.com\/de_at\/wp-json\/wp\/v2\/product"}],"about":[{"href":"https:\/\/dersuessestopp.com\/de_at\/wp-json\/wp\/v2\/types\/product"}],"replies":[{"embeddable":true,"href":"https:\/\/dersuessestopp.com\/de_at\/wp-json\/wp\/v2\/comments?post=10186"}],"version-history":[{"count":3,"href":"https:\/\/dersuessestopp.com\/de_at\/wp-json\/wp\/v2\/product\/10186\/revisions"}],"predecessor-version":[{"id":12010,"href":"https:\/\/dersuessestopp.com\/de_at\/wp-json\/wp\/v2\/product\/10186\/revisions\/12010"}],"wp:featuredmedia":[{"embeddable":true,"href":"https:\/\/dersuessestopp.com\/de_at\/wp-json\/wp\/v2\/media\/10224"}],"wp:attachment":[{"href":"https:\/\/dersuessestopp.com\/de_at\/wp-json\/wp\/v2\/media?parent=10186"}],"wp:term":[{"taxonomy":"product_brand","embeddable":true,"href":"https:\/\/dersuessestopp.com\/de_at\/wp-json\/wp\/v2\/product_brand?post=10186"},{"taxonomy":"product_cat","embeddable":true,"href":"https:\/\/dersuessestopp.com\/de_at\/wp-json\/wp\/v2\/product_cat?post=10186"},{"taxonomy":"product_tag","embeddable":true,"href":"https:\/\/dersuessestopp.com\/de_at\/wp-json\/wp\/v2\/product_tag?post=10186"}],"curies":[{"name":"wp","href":"https:\/\/api.w.org\/{rel}","templated":true}]}}