{"id":828,"date":"2025-04-28T17:03:26","date_gmt":"2025-04-28T17:03:26","guid":{"rendered":"https:\/\/dersuessestopp.com\/?page_id=828"},"modified":"2025-10-18T17:34:20","modified_gmt":"2025-10-18T17:34:20","slug":"groshandel","status":"publish","type":"page","link":"https:\/\/dersuessestopp.com\/de_at\/wholesale\/","title":{"rendered":"Gro\u00dfhandel"},"content":{"rendered":"<div data-elementor-type=\"wp-page\" data-elementor-id=\"828\" class=\"elementor elementor-828\" data-elementor-post-type=\"page\">\n\t\t\t\t<div class=\"elementor-element elementor-element-6e2e32f e-con-full e-flex e-con e-parent\" data-id=\"6e2e32f\" data-element_type=\"container\" data-e-type=\"container\" data-settings=\"{&quot;jet_parallax_layout_list&quot;:[],&quot;background_background&quot;:&quot;classic&quot;}\">\n\t\t<div class=\"elementor-element elementor-element-8ab6228 e-con-full e-flex e-con e-child\" data-id=\"8ab6228\" data-element_type=\"container\" data-e-type=\"container\" data-settings=\"{&quot;jet_parallax_layout_list&quot;:[]}\">\n\t\t\t\t<div class=\"elementor-element elementor-element-2b8e339 elementor-widget elementor-widget-spacer\" data-id=\"2b8e339\" data-element_type=\"widget\" data-e-type=\"widget\" data-widget_type=\"spacer.default\">\n\t\t\t\t<div class=\"elementor-widget-container\">\n\t\t\t\t\t\t\t<div class=\"elementor-spacer\">\n\t\t\t<div class=\"elementor-spacer-inner\"><\/div>\n\t\t<\/div>\n\t\t\t\t\t\t<\/div>\n\t\t\t\t<\/div>\n\t\t\t\t<div class=\"elementor-element elementor-element-53df87e elementor-widget__width-initial elementor-widget-mobile__width-inherit elementor-widget elementor-widget-heading\" data-id=\"53df87e\" data-element_type=\"widget\" data-e-type=\"widget\" id=\"header_h12\" data-widget_type=\"heading.default\">\n\t\t\t\t<div class=\"elementor-widget-container\">\n\t\t\t\t\t<h2 class=\"elementor-heading-title elementor-size-default\">Gro\u00dfhandel &amp; individuelle L\u00f6sungen<\/h2>\t\t\t\t<\/div>\n\t\t\t\t<\/div>\n\t\t\t\t<div class=\"elementor-element elementor-element-8f50fb0 elementor-widget elementor-widget-heading\" data-id=\"8f50fb0\" data-element_type=\"widget\" data-e-type=\"widget\" id=\"header_h123\" data-widget_type=\"heading.default\">\n\t\t\t\t<div class=\"elementor-widget-container\">\n\t\t\t\t\t<h2 class=\"elementor-heading-title elementor-size-default\">f\u00fcr Speiseeisfachleute\n<\/h2>\t\t\t\t<\/div>\n\t\t\t\t<\/div>\n\t\t\t\t<div class=\"elementor-element elementor-element-29debea elementor-widget__width-initial elementor-widget elementor-widget-text-editor\" data-id=\"29debea\" data-element_type=\"widget\" data-e-type=\"widget\" id=\"header_p2\" data-widget_type=\"text-editor.default\">\n\t\t\t\t<div class=\"elementor-widget-container\">\n\t\t\t\t\t\t\t\t\t<p><span style=\"font-weight: 400;\">Von kundenspezifischen K\u00fchlanlagen bis hin zur Herstellung von Speiseeis mit Eigenmarken - wir bringen Sie mit erstklassigen Produkten und zuverl\u00e4ssigen Partnern f\u00fcr Ihr Unternehmen zusammen. Ganz gleich, ob Sie expandieren, neue Produktlinien beschaffen oder einen Vertriebspartner suchen - wir helfen Ihnen, den richtigen Partner zu finden.<\/span><\/p>\t\t\t\t\t\t\t\t<\/div>\n\t\t\t\t<\/div>\n\t\t<div class=\"elementor-element elementor-element-774df01 e-con-full e-flex e-con e-child\" data-id=\"774df01\" data-element_type=\"container\" data-e-type=\"container\" data-settings=\"{&quot;jet_parallax_layout_list&quot;:[]}\">\n\t\t\t\t<div class=\"elementor-element elementor-element-4c70a62 elementor-widget elementor-widget-button\" data-id=\"4c70a62\" data-element_type=\"widget\" data-e-type=\"widget\" data-widget_type=\"button.default\">\n\t\t\t\t<div class=\"elementor-widget-container\">\n\t\t\t\t\t\t\t\t\t<div class=\"elementor-button-wrapper\">\n\t\t\t\t\t<a class=\"elementor-button elementor-button-link elementor-size-sm\" href=\"#\">\n\t\t\t\t\t\t<span class=\"elementor-button-content-wrapper\">\n\t\t\t\t\t\t\t\t\t<span class=\"elementor-button-text\">M\u00f6glichkeiten ausloten<\/span>\n\t\t\t\t\t<\/span>\n\t\t\t\t\t<\/a>\n\t\t\t\t<\/div>\n\t\t\t\t\t\t\t\t<\/div>\n\t\t\t\t<\/div>\n\t\t\t\t<\/div>\n\t\t\t\t<\/div>\n\t\t\t\t<\/div>\n\t\t<div class=\"elementor-element elementor-element-1509745 e-flex e-con-boxed e-con e-parent\" data-id=\"1509745\" data-element_type=\"container\" data-e-type=\"container\" data-settings=\"{&quot;jet_parallax_layout_list&quot;:[]}\">\n\t\t\t\t\t<div class=\"e-con-inner\">\n\t\t\t\t<div class=\"elementor-element elementor-element-54dd536 elementor-widget elementor-widget-heading\" data-id=\"54dd536\" data-element_type=\"widget\" data-e-type=\"widget\" data-widget_type=\"heading.default\">\n\t\t\t\t<div class=\"elementor-widget-container\">\n\t\t\t\t\t<h2 class=\"elementor-heading-title elementor-size-default\">Warum mit uns arbeiten\n<\/h2>\t\t\t\t<\/div>\n\t\t\t\t<\/div>\n\t\t\t\t<div class=\"elementor-element elementor-element-2021d76 elementor-widget elementor-widget-heading\" data-id=\"2021d76\" data-element_type=\"widget\" data-e-type=\"widget\" data-widget_type=\"heading.default\">\n\t\t\t\t<div class=\"elementor-widget-container\">\n\t\t\t\t\t<h2 class=\"elementor-heading-title elementor-size-default\">Mehr als nur Verbrauchsmaterial<\/h2>\t\t\t\t<\/div>\n\t\t\t\t<\/div>\n\t\t\t\t<div class=\"elementor-element elementor-element-d39a76e elementor-widget elementor-widget-text-editor\" data-id=\"d39a76e\" data-element_type=\"widget\" data-e-type=\"widget\" data-widget_type=\"text-editor.default\">\n\t\t\t\t<div class=\"elementor-widget-container\">\n\t\t\t\t\t\t\t\t\t<p><span style=\"font-weight: 400;\">Wir arbeiten mit f\u00fchrenden Produzenten und Herstellern zusammen, um einzigartige, hochwertige L\u00f6sungen anzubieten. Von ma\u00dfgeschneiderten K\u00fchlger\u00e4ten bis hin zur kompletten Eigenmarkenproduktion - unser Netzwerk unterst\u00fctzt Ihr Wachstum und hilft Ihnen, sich auf einem wettbewerbsintensiven Markt zu profilieren.<\/span><\/p>\t\t\t\t\t\t\t\t<\/div>\n\t\t\t\t<\/div>\n\t\t\t\t\t<\/div>\n\t\t\t\t<\/div>\n\t\t<div class=\"elementor-element elementor-element-6fedce9 e-grid e-con-boxed e-con e-parent\" data-id=\"6fedce9\" data-element_type=\"container\" data-e-type=\"container\" data-settings=\"{&quot;jet_parallax_layout_list&quot;:[]}\">\n\t\t\t\t\t<div class=\"e-con-inner\">\n\t\t\t\t<div class=\"elementor-element elementor-element-6ebfc85 elementor-flip-box--effect-fade elementor-widget elementor-widget-flip-box\" data-id=\"6ebfc85\" data-element_type=\"widget\" data-e-type=\"widget\" data-widget_type=\"flip-box.default\">\n\t\t\t\t<div class=\"elementor-widget-container\">\n\t\t\t\t\t\t\t<div class=\"elementor-flip-box\" tabindex=\"0\">\n\t\t\t<div class=\"elementor-flip-box__layer elementor-flip-box__front\">\n\t\t\t\t<div class=\"elementor-flip-box__layer__overlay\">\n\t\t\t\t\t<div class=\"elementor-flip-box__layer__inner\">\n\t\t\t\t\t\t\n\t\t\t\t\t\t\t\t\t\t\t\t\t<h3 class=\"elementor-flip-box__layer__title\">\n\t\t\t\t\t\t\t\tMa\u00dfgeschneiderte K\u00fchleinrichtungen\t\t\t\t\t\t\t<\/h3>\n\t\t\t\t\t\t\n\t\t\t\t\t\t\t\t\t\t\t<\/div>\n\t\t\t\t<\/div>\n\t\t\t<\/div>\n\t\t\t<div class=\"elementor-flip-box__layer elementor-flip-box__back\">\n\t\t\t<div class=\"elementor-flip-box__layer__overlay\">\n\t\t\t\t<div class=\"elementor-flip-box__layer__inner\">\n\t\t\t\t\t\n\t\t\t\t\t\t\t\t\t\t\t<div class=\"elementor-flip-box__layer__description\">\n\t\t\t\t\t\t\tErwecken Sie Ihre Marke zum Leben mit K\u00fchlschr\u00e4nken, Gefriertruhen und Displays, die f\u00fcr Sie und Ihre Marke ma\u00dfgeschneidert sind - von Klimaitalia, auf das sich Weltmarken wie Mo\u00ebt &amp; Chandon, Pepsi und Beck's verlassen.\n\t\t\t\t\t\t<\/div>\n\t\t\t\t\t\n\t\t\t\t\t\t\t\t<\/div>\n\t\t<\/div>\n\t\t<\/div>\n\t\t<\/div>\n\t\t\t\t\t\t<\/div>\n\t\t\t\t<\/div>\n\t\t\t\t<div class=\"elementor-element elementor-element-5d5b34b elementor-flip-box--effect-fade elementor-widget elementor-widget-flip-box\" data-id=\"5d5b34b\" data-element_type=\"widget\" data-e-type=\"widget\" data-widget_type=\"flip-box.default\">\n\t\t\t\t<div class=\"elementor-widget-container\">\n\t\t\t\t\t\t\t<div class=\"elementor-flip-box\" tabindex=\"0\">\n\t\t\t<div class=\"elementor-flip-box__layer elementor-flip-box__front\">\n\t\t\t\t<div class=\"elementor-flip-box__layer__overlay\">\n\t\t\t\t\t<div class=\"elementor-flip-box__layer__inner\">\n\t\t\t\t\t\t\n\t\t\t\t\t\t\t\t\t\t\t\t\t<h3 class=\"elementor-flip-box__layer__title\">\n\t\t\t\t\t\t\t\tSuche nach Vertriebspartnern\t\t\t\t\t\t\t<\/h3>\n\t\t\t\t\t\t\n\t\t\t\t\t\t\t\t\t\t\t<\/div>\n\t\t\t\t<\/div>\n\t\t\t<\/div>\n\t\t\t<div class=\"elementor-flip-box__layer elementor-flip-box__back\">\n\t\t\t<div class=\"elementor-flip-box__layer__overlay\">\n\t\t\t\t<div class=\"elementor-flip-box__layer__inner\">\n\t\t\t\t\t\n\t\t\t\t\t\t\t\t\t\t\t<div class=\"elementor-flip-box__layer__description\">\n\t\t\t\t\t\t\tMehrere unserer Partner sind aktiv auf der Suche nach zuverl\u00e4ssigen Vertriebspartnern in \u00d6sterreich, Deutschland, der Schweiz und den Balkanl\u00e4ndern. K\u00f6nnten Sie das sein?\n\t\t\t\t\t\t<\/div>\n\t\t\t\t\t\n\t\t\t\t\t\t\t\t<\/div>\n\t\t<\/div>\n\t\t<\/div>\n\t\t<\/div>\n\t\t\t\t\t\t<\/div>\n\t\t\t\t<\/div>\n\t\t\t\t<div class=\"elementor-element elementor-element-03a7366 elementor-flip-box--effect-fade elementor-widget elementor-widget-flip-box\" data-id=\"03a7366\" data-element_type=\"widget\" data-e-type=\"widget\" data-widget_type=\"flip-box.default\">\n\t\t\t\t<div class=\"elementor-widget-container\">\n\t\t\t\t\t\t\t<div class=\"elementor-flip-box\" tabindex=\"0\">\n\t\t\t<div class=\"elementor-flip-box__layer elementor-flip-box__front\">\n\t\t\t\t<div class=\"elementor-flip-box__layer__overlay\">\n\t\t\t\t\t<div class=\"elementor-flip-box__layer__inner\">\n\t\t\t\t\t\t\n\t\t\t\t\t\t\t\t\t\t\t\t\t<h3 class=\"elementor-flip-box__layer__title\">\n\t\t\t\t\t\t\t\tProduktion von Eigenmarken\t\t\t\t\t\t\t<\/h3>\n\t\t\t\t\t\t\n\t\t\t\t\t\t\t\t\t\t\t<\/div>\n\t\t\t\t<\/div>\n\t\t\t<\/div>\n\t\t\t<div class=\"elementor-flip-box__layer elementor-flip-box__back\">\n\t\t\t<div class=\"elementor-flip-box__layer__overlay\">\n\t\t\t\t<div class=\"elementor-flip-box__layer__inner\">\n\t\t\t\t\t\n\t\t\t\t\t\t\t\t\t\t\t<div class=\"elementor-flip-box__layer__description\">\n\t\t\t\t\t\t\tEiner unserer Partner stellt Speiseeis f\u00fcr gro\u00dfe Marken her. Sind Sie daran interessiert, Ihr eigenes Label zu lancieren? Setzen Sie sich mit uns in Verbindung, um die M\u00f6glichkeiten auszuloten - von der Rezeptentwicklung bis zur vollst\u00e4ndigen Verpackung.\n\t\t\t\t\t\t<\/div>\n\t\t\t\t\t\n\t\t\t\t\t\t\t\t<\/div>\n\t\t<\/div>\n\t\t<\/div>\n\t\t<\/div>\n\t\t\t\t\t\t<\/div>\n\t\t\t\t<\/div>\n\t\t\t\t\t<\/div>\n\t\t\t\t<\/div>\n\t\t<div class=\"elementor-element elementor-element-f52309f e-flex e-con-boxed e-con e-parent\" data-id=\"f52309f\" data-element_type=\"container\" data-e-type=\"container\" data-settings=\"{&quot;jet_parallax_layout_list&quot;:[]}\">\n\t\t\t\t\t<div class=\"e-con-inner\">\n\t\t<div class=\"elementor-element elementor-element-65359ae e-con-full e-flex e-con e-child\" data-id=\"65359ae\" data-element_type=\"container\" data-e-type=\"container\" data-settings=\"{&quot;jet_parallax_layout_list&quot;:[]}\">\n\t\t\t\t<div class=\"elementor-element elementor-element-7aa301d elementor-widget elementor-widget-image\" data-id=\"7aa301d\" data-element_type=\"widget\" data-e-type=\"widget\" data-widget_type=\"image.default\">\n\t\t\t\t<div class=\"elementor-widget-container\">\n\t\t\t\t\t\t\t\t\t\t\t\t\t\t\t<img decoding=\"async\" src=\"https:\/\/dersuessestopp.com\/wp-content\/uploads\/2025\/09\/trust-in-business-relationship-trusted-partner-2024-10-18-05-34-41-utc-scaled.jpg\" title=\"Starke Gesch\u00e4ftspartnerschaft schaffen, Vertrauen aufbauen\" alt=\"Vertrauensw\u00fcrdiger Partner Marke auf einem Papier Hintergrund mit Gummistempel aufgedruckt. Konzept des Vertrauens in Gesch\u00e4ft und Partnerschaft. 3D-Illustration\" loading=\"lazy\" \/>\t\t\t\t\t\t\t\t\t\t\t\t\t\t\t<\/div>\n\t\t\t\t<\/div>\n\t\t\t\t<\/div>\n\t\t<div class=\"elementor-element elementor-element-78d220c e-con-full e-flex e-con e-child\" data-id=\"78d220c\" data-element_type=\"container\" data-e-type=\"container\" data-settings=\"{&quot;jet_parallax_layout_list&quot;:[]}\">\n\t\t\t\t<div class=\"elementor-element elementor-element-c6d3858 elementor-widget elementor-widget-heading\" data-id=\"c6d3858\" data-element_type=\"widget\" data-e-type=\"widget\" data-widget_type=\"heading.default\">\n\t\t\t\t<div class=\"elementor-widget-container\">\n\t\t\t\t\t<h3 class=\"elementor-heading-title elementor-size-default\">Premium-Partner<\/h3>\t\t\t\t<\/div>\n\t\t\t\t<\/div>\n\t\t\t\t<div class=\"elementor-element elementor-element-b5534d0 elementor-widget elementor-widget-heading\" data-id=\"b5534d0\" data-element_type=\"widget\" data-e-type=\"widget\" data-widget_type=\"heading.default\">\n\t\t\t\t<div class=\"elementor-widget-container\">\n\t\t\t\t\t<h4 class=\"elementor-heading-title elementor-size-default\">Echter Wert f\u00fcr Ihr Unternehmen\n\n<\/h4>\t\t\t\t<\/div>\n\t\t\t\t<\/div>\n\t\t\t\t<div class=\"elementor-element elementor-element-3c721af elementor-widget elementor-widget-text-editor\" data-id=\"3c721af\" data-element_type=\"widget\" data-e-type=\"widget\" data-widget_type=\"text-editor.default\">\n\t\t\t\t<div class=\"elementor-widget-container\">\n\t\t\t\t\t\t\t\t\t<p><span style=\"font-weight: 400;\">Wir erhalten regelm\u00e4\u00dfig Angebote von hochwertigen Produzenten. Das n\u00e4chste k\u00f6nnte perfekt zu Ihrem Unternehmen passen. Durch die Zusammenarbeit mit uns erhalten Sie Zugang zu M\u00f6glichkeiten, die auf dem freien Markt nicht immer sichtbar sind - und das Vertrauen von Partnern, die bereits globale Marken bedienen.<\/span><\/p>\t\t\t\t\t\t\t\t<\/div>\n\t\t\t\t<\/div>\n\t\t\t\t<\/div>\n\t\t\t\t\t<\/div>\n\t\t\t\t<\/div>\n\t\t<div class=\"elementor-element elementor-element-9d22eee e-flex e-con-boxed e-con e-parent\" data-id=\"9d22eee\" data-element_type=\"container\" data-e-type=\"container\" data-settings=\"{&quot;background_background&quot;:&quot;classic&quot;,&quot;jet_parallax_layout_list&quot;:[]}\">\n\t\t\t\t\t<div class=\"e-con-inner\">\n\t\t<div class=\"elementor-element elementor-element-0ac4a9e e-con-full e-flex e-con e-child\" data-id=\"0ac4a9e\" data-element_type=\"container\" data-e-type=\"container\" data-settings=\"{&quot;jet_parallax_layout_list&quot;:[]}\">\n\t\t\t\t<div class=\"elementor-element elementor-element-1172530 elementor-widget elementor-widget-heading\" data-id=\"1172530\" data-element_type=\"widget\" data-e-type=\"widget\" data-widget_type=\"heading.default\">\n\t\t\t\t<div class=\"elementor-widget-container\">\n\t\t\t\t\t<h1 class=\"elementor-heading-title elementor-size-default\">Ausgew\u00e4hlte Gelegenheiten\n<\/h1>\t\t\t\t<\/div>\n\t\t\t\t<\/div>\n\t\t\t\t<div class=\"elementor-element elementor-element-0bdddb6 elementor-widget elementor-widget-heading\" data-id=\"0bdddb6\" data-element_type=\"widget\" data-e-type=\"widget\" data-widget_type=\"heading.default\">\n\t\t\t\t<div class=\"elementor-widget-container\">\n\t\t\t\t\t<h4 class=\"elementor-heading-title elementor-size-default\">Jetzt sofort<\/h4>\t\t\t\t<\/div>\n\t\t\t\t<\/div>\n\t\t\t\t<div class=\"elementor-element elementor-element-fd2411c elementor-widget elementor-widget-text-editor\" data-id=\"fd2411c\" data-element_type=\"widget\" data-e-type=\"widget\" data-widget_type=\"text-editor.default\">\n\t\t\t\t<div class=\"elementor-widget-container\">\n\t\t\t\t\t\t\t\t\t<p><span style=\"font-weight: 400;\">Informieren Sie sich \u00fcber unsere aktuellen Highlights - von der Herstellung von Speiseeis unter Eigenmarken bis hin zu ma\u00dfgeschneiderten K\u00fchlsystemen. Setzen Sie sich mit uns in Verbindung, um Ihre Bed\u00fcrfnisse zu besprechen und sich fr\u00fchzeitig einen Platz zu sichern.<\/span><\/p>\t\t\t\t\t\t\t\t<\/div>\n\t\t\t\t<\/div>\n\t\t\t\t<\/div>\n\t\t<div class=\"elementor-element elementor-element-17dce2f e-con-full e-flex e-con e-child\" data-id=\"17dce2f\" data-element_type=\"container\" data-e-type=\"container\" data-settings=\"{&quot;jet_parallax_layout_list&quot;:[]}\">\n\t\t\t\t<div class=\"elementor-element elementor-element-1665872 elementor-widget elementor-widget-image\" data-id=\"1665872\" data-element_type=\"widget\" data-e-type=\"widget\" data-widget_type=\"image.default\">\n\t\t\t\t<div class=\"elementor-widget-container\">\n\t\t\t\t\t\t\t\t\t\t\t\t\t\t\t<img fetchpriority=\"high\" decoding=\"async\" width=\"2560\" height=\"1707\" src=\"https:\/\/dersuessestopp.com\/wp-content\/uploads\/2025\/09\/young-businesswoman-wearing-headset-communicating-with-client-while-going-through-paperwork-office-scaled.jpg\" class=\"attachment-full size-full wp-image-8280\" alt=\"Frau, die im Kontaktzentrum von Der s\u00fc\u00dfe Stopp ans Telefon geht\" srcset=\"https:\/\/dersuessestopp.com\/wp-content\/uploads\/2025\/09\/young-businesswoman-wearing-headset-communicating-with-client-while-going-through-paperwork-office-scaled.jpg 2560w, https:\/\/dersuessestopp.com\/wp-content\/uploads\/2025\/09\/young-businesswoman-wearing-headset-communicating-with-client-while-going-through-paperwork-office-scaled-250x167.jpg 250w, https:\/\/dersuessestopp.com\/wp-content\/uploads\/2025\/09\/young-businesswoman-wearing-headset-communicating-with-client-while-going-through-paperwork-office-scaled-600x400.jpg 600w, https:\/\/dersuessestopp.com\/wp-content\/uploads\/2025\/09\/young-businesswoman-wearing-headset-communicating-with-client-while-going-through-paperwork-office-300x200.jpg 300w, https:\/\/dersuessestopp.com\/wp-content\/uploads\/2025\/09\/young-businesswoman-wearing-headset-communicating-with-client-while-going-through-paperwork-office-1024x683.jpg 1024w, https:\/\/dersuessestopp.com\/wp-content\/uploads\/2025\/09\/young-businesswoman-wearing-headset-communicating-with-client-while-going-through-paperwork-office-768x512.jpg 768w, https:\/\/dersuessestopp.com\/wp-content\/uploads\/2025\/09\/young-businesswoman-wearing-headset-communicating-with-client-while-going-through-paperwork-office-1536x1024.jpg 1536w, https:\/\/dersuessestopp.com\/wp-content\/uploads\/2025\/09\/young-businesswoman-wearing-headset-communicating-with-client-while-going-through-paperwork-office-2048x1365.jpg 2048w\" sizes=\"(max-width: 2560px) 100vw, 2560px\" \/>\t\t\t\t\t\t\t\t\t\t\t\t\t\t\t<\/div>\n\t\t\t\t<\/div>\n\t\t\t\t<\/div>\n\t\t\t\t\t<\/div>\n\t\t\t\t<\/div>\n\t\t<div class=\"elementor-element elementor-element-fb64297 e-flex e-con-boxed e-con e-parent\" data-id=\"fb64297\" data-element_type=\"container\" data-e-type=\"container\" data-settings=\"{&quot;background_background&quot;:&quot;classic&quot;,&quot;jet_parallax_layout_list&quot;:[]}\">\n\t\t\t\t\t<div class=\"e-con-inner\">\n\t\t<div class=\"elementor-element elementor-element-91d44f5 e-con-full e-flex e-con e-child\" data-id=\"91d44f5\" data-element_type=\"container\" data-e-type=\"container\" data-settings=\"{&quot;background_background&quot;:&quot;classic&quot;,&quot;jet_parallax_layout_list&quot;:[]}\">\n\t\t<div class=\"elementor-element elementor-element-77e169d e-con-full e-flex e-con e-child\" data-id=\"77e169d\" data-element_type=\"container\" data-e-type=\"container\" data-settings=\"{&quot;jet_parallax_layout_list&quot;:[]}\">\n\t\t\t\t<div class=\"elementor-element elementor-element-36e4669 elementor-widget elementor-widget-heading\" data-id=\"36e4669\" data-element_type=\"widget\" data-e-type=\"widget\" data-widget_type=\"heading.default\">\n\t\t\t\t<div class=\"elementor-widget-container\">\n\t\t\t\t\t<h3 class=\"elementor-heading-title elementor-size-default\">Lasst uns gemeinsam etwas aufbauen\n<\/h3>\t\t\t\t<\/div>\n\t\t\t\t<\/div>\n\t\t\t\t<div class=\"elementor-element elementor-element-854b498 elementor-widget__width-initial elementor-widget elementor-widget-text-editor\" data-id=\"854b498\" data-element_type=\"widget\" data-e-type=\"widget\" data-widget_type=\"text-editor.default\">\n\t\t\t\t<div class=\"elementor-widget-container\">\n\t\t\t\t\t\t\t\t\t<p><span style=\"font-weight: 400;\">Ganz gleich, ob Sie neue Produkte beschaffen, vertreiben oder Ihre eigene Handelsmarke auf den Markt bringen wollen - wir sind hier, um Sie mit den richtigen Partnern zusammenzubringen und Ihnen zu helfen, zu wachsen.<\/span><\/p>\t\t\t\t\t\t\t\t<\/div>\n\t\t\t\t<\/div>\n\t\t\t\t<\/div>\n\t\t\t\t<div class=\"elementor-element elementor-element-c538a2e elementor-widget elementor-widget-button\" data-id=\"c538a2e\" data-element_type=\"widget\" data-e-type=\"widget\" data-widget_type=\"button.default\">\n\t\t\t\t<div class=\"elementor-widget-container\">\n\t\t\t\t\t\t\t\t\t<div class=\"elementor-button-wrapper\">\n\t\t\t\t\t<a class=\"elementor-button elementor-button-link elementor-size-sm\" href=\"https:\/\/dersuessestopp.com\/de_at\/wein-welt\/\">\n\t\t\t\t\t\t<span class=\"elementor-button-content-wrapper\">\n\t\t\t\t\t\t\t\t\t<span class=\"elementor-button-text\">Kontaktieren Sie uns f\u00fcr Gro\u00dfhandelsm\u00f6glichkeiten<\/span>\n\t\t\t\t\t<\/span>\n\t\t\t\t\t<\/a>\n\t\t\t\t<\/div>\n\t\t\t\t\t\t\t\t<\/div>\n\t\t\t\t<\/div>\n\t\t\t\t<\/div>\n\t\t\t\t\t<\/div>\n\t\t\t\t<\/div>\n\t\t\t\t<\/div>","protected":false},"excerpt":{"rendered":"<p>Wholesale &amp; Custom Solutions for Ice Cream Professionals From custom cooling equipment to private-label ice cream production \u2014 we connect you with premium products and trusted partners for your business. Whether you\u2019re expanding, sourcing new lines, or looking for a distributor role, we help you find the right fit. Explore Opportunities Why Work With Us [&hellip;]<\/p>\n","protected":false},"author":2,"featured_media":0,"parent":0,"menu_order":0,"comment_status":"closed","ping_status":"closed","template":"","meta":{"footnotes":""},"class_list":["post-828","page","type-page","status-publish","hentry"],"_links":{"self":[{"href":"https:\/\/dersuessestopp.com\/de_at\/wp-json\/wp\/v2\/pages\/828","targetHints":{"allow":["GET"]}}],"collection":[{"href":"https:\/\/dersuessestopp.com\/de_at\/wp-json\/wp\/v2\/pages"}],"about":[{"href":"https:\/\/dersuessestopp.com\/de_at\/wp-json\/wp\/v2\/types\/page"}],"author":[{"embeddable":true,"href":"https:\/\/dersuessestopp.com\/de_at\/wp-json\/wp\/v2\/users\/2"}],"replies":[{"embeddable":true,"href":"https:\/\/dersuessestopp.com\/de_at\/wp-json\/wp\/v2\/comments?post=828"}],"version-history":[{"count":70,"href":"https:\/\/dersuessestopp.com\/de_at\/wp-json\/wp\/v2\/pages\/828\/revisions"}],"predecessor-version":[{"id":14505,"href":"https:\/\/dersuessestopp.com\/de_at\/wp-json\/wp\/v2\/pages\/828\/revisions\/14505"}],"wp:attachment":[{"href":"https:\/\/dersuessestopp.com\/de_at\/wp-json\/wp\/v2\/media?parent=828"}],"curies":[{"name":"wp","href":"https:\/\/api.w.org\/{rel}","templated":true}]}}