{"id":13268,"date":"2025-10-15T20:49:07","date_gmt":"2025-10-15T20:49:07","guid":{"rendered":"https:\/\/dersuessestopp.com\/?page_id=13268"},"modified":"2025-10-22T12:33:36","modified_gmt":"2025-10-22T12:33:36","slug":"spaceman-premier-serie-info","status":"publish","type":"page","link":"https:\/\/dersuessestopp.com\/de_at\/spaceman-premier-series-info\/","title":{"rendered":"Informationen zur Spaceman Premier-Serie"},"content":{"rendered":"<div data-elementor-type=\"wp-page\" data-elementor-id=\"13268\" class=\"elementor elementor-13268\" data-elementor-post-type=\"page\">\n\t\t\t\t<div class=\"elementor-element elementor-element-e8b0973 e-con-full e-flex e-con e-parent\" data-id=\"e8b0973\" data-element_type=\"container\" data-e-type=\"container\" data-settings=\"{&quot;jet_parallax_layout_list&quot;:[],&quot;background_background&quot;:&quot;classic&quot;}\">\n\t\t<div class=\"elementor-element elementor-element-4a3ffa3 e-con-full e-flex e-con e-child\" data-id=\"4a3ffa3\" data-element_type=\"container\" data-e-type=\"container\" data-settings=\"{&quot;jet_parallax_layout_list&quot;:[],&quot;background_background&quot;:&quot;gradient&quot;}\">\n\t\t\t\t<div class=\"elementor-element elementor-element-02d2b74 elementor-widget__width-initial elementor-widget elementor-widget-heading\" data-id=\"02d2b74\" data-element_type=\"widget\" data-e-type=\"widget\" id=\"header_h12\" data-widget_type=\"heading.default\">\n\t\t\t\t<div class=\"elementor-widget-container\">\n\t\t\t\t\t<h2 class=\"elementor-heading-title elementor-size-default\">Spaceman Premier Series<\/h2>\t\t\t\t<\/div>\n\t\t\t\t<\/div>\n\t\t\t\t<div class=\"elementor-element elementor-element-3398b4f elementor-widget elementor-widget-heading\" data-id=\"3398b4f\" data-element_type=\"widget\" data-e-type=\"widget\" id=\"header_h123\" data-widget_type=\"heading.default\">\n\t\t\t\t<div class=\"elementor-widget-container\">\n\t\t\t\t\t<h2 class=\"elementor-heading-title elementor-size-default\">Infos<\/h2>\t\t\t\t<\/div>\n\t\t\t\t<\/div>\n\t\t<div class=\"elementor-element elementor-element-74d29c8 e-con-full e-flex e-con e-child\" data-id=\"74d29c8\" data-element_type=\"container\" data-e-type=\"container\" data-settings=\"{&quot;jet_parallax_layout_list&quot;:[]}\">\n\t\t\t\t<div class=\"elementor-element elementor-element-e05fb34 elementor-align-center elementor-widget elementor-widget-button\" data-id=\"e05fb34\" data-element_type=\"widget\" data-e-type=\"widget\" data-widget_type=\"button.default\">\n\t\t\t\t<div class=\"elementor-widget-container\">\n\t\t\t\t\t\t\t\t\t<div class=\"elementor-button-wrapper\">\n\t\t\t\t\t<a class=\"elementor-button elementor-button-link elementor-size-sm\" href=\"tel:43%20664%20321%2083%2091\">\n\t\t\t\t\t\t<span class=\"elementor-button-content-wrapper\">\n\t\t\t\t\t\t\t\t\t<span class=\"elementor-button-text\">MODELLE ERKUNDEN<\/span>\n\t\t\t\t\t<\/span>\n\t\t\t\t\t<\/a>\n\t\t\t\t<\/div>\n\t\t\t\t\t\t\t\t<\/div>\n\t\t\t\t<\/div>\n\t\t\t\t<\/div>\n\t\t\t\t<\/div>\n\t\t\t\t<\/div>\n\t\t<div class=\"elementor-element elementor-element-3afcf7f e-flex e-con-boxed e-con e-parent\" data-id=\"3afcf7f\" data-element_type=\"container\" data-e-type=\"container\" data-settings=\"{&quot;jet_parallax_layout_list&quot;:[]}\">\n\t\t\t\t\t<div class=\"e-con-inner\">\n\t\t\t\t<div class=\"elementor-element elementor-element-f24a204 elementor-widget elementor-widget-html\" data-id=\"f24a204\" data-element_type=\"widget\" data-e-type=\"widget\" data-widget_type=\"html.default\">\n\t\t\t\t<div class=\"elementor-widget-container\">\n\t\t\t\t\t<section class=\"premier-series\">\r\n  <div class=\"ps-wrap\">\r\n    <div class=\"ps-features\">\r\n      <h2>Premier Series - Hauptmerkmale<\/h2>\r\n      <ul class=\"ps-list\">\r\n        <li>\r\n          <h3>Schnelles Einfrieren<\/h3>\r\n          <p>Der patentierte hocheffiziente Verdampfer erm\u00f6glicht ein schnelleres Einfrieren bei geringerem Energieverbrauch.<\/p>\r\n        <\/li>\r\n        <li>\r\n          <h3>Mikroprozessor-Steuerung<\/h3>\r\n          <p>Die digitale Steuerung erm\u00f6glicht den Zugriff auf Systemeinstellungen und Funktionen. Die Schnittstelle zeigt Status, Temperaturen, Dosiermenge, Fehler und mehr an.<\/p>\r\n        <\/li>\r\n        <li>\r\n          <h3>Trichterr\u00fchrwerke<\/h3>\r\n          <p>Bewahren die Produktkonsistenz und verhindern die Entmischung.<\/p>\r\n        <\/li>\r\n        <li>\r\n          <h3>Abtauen zur Reinigung<\/h3>\r\n          <p>Erhitzt das gefrorene Produkt in der Flasche, um die Reinigung zu beschleunigen.<\/p>\r\n        <\/li>\r\n        <li>\r\n          <h3>Direktantrieb Getriebe<\/h3>\r\n          <p>Eliminiert bewegliche Verschlei\u00dfteile und erh\u00f6ht die \u00dcbertragungseffizienz.<\/p>\r\n        <\/li>\r\n        <li>\r\n          <h3>Automatische Programmierung<\/h3>\r\n          <p>Schaltet die Betriebsarten automatisch nach voreingestellten Zeitpl\u00e4nen um.<\/p>\r\n        <\/li>\r\n        <li>\r\n          <h3>Systemalarme und Schutzma\u00dfnahmen<\/h3>\r\n          <p>Optische und akustische Warnungen bei niedrigem Mischungsverh\u00e4ltnis, niedriger Temperatur und Motor\u00fcberlastung sowie Schutz vor thermischer \u00dcberlastung und Hochdruckabschaltung.<\/p>\r\n        <\/li>\r\n        <li>\r\n          <h3>Automatisch schlie\u00dfende Dispensventile<\/h3>\r\n          <p>Verhindert ein \u00dcberlaufen des Produkts nach der Abgabe.<\/p>\r\n        <\/li>\r\n        <li>\r\n          <h3>Steuerung der Dosiergeschwindigkeit<\/h3>\r\n          <p>Einstellbare Dosiermenge f\u00fcr verschiedene Anwendungen.<\/p>\r\n        <\/li>\r\n        <li>\r\n          <h3>Sanfter Systemstart<\/h3>\r\n          <p>Langsames Anfahren des Motors reduziert L\u00e4rm und Belastung des Antriebsstrangs.<\/p>\r\n        <\/li>\r\n      <\/ul>\r\n    <\/div>\r\n\r\n    <aside class=\"ps-aside\">\r\n      <p class=\"ps-kicker\">Premier-Serie<\/p>\r\n      <h3 class=\"ps-heading\">Integrierte Leistung, Konsistenz und Schutz.<\/h3>\r\n      <p>Konzipiert f\u00fcr Betreiber, die ein hohes Volumen haben und schnelles Einfrieren, pr\u00e4zise Steuerung und geringen Wartungsaufwand ben\u00f6tigen.<\/p>\r\n      <a class=\"ps-btn\" href=\"https:\/\/dersuessestopp.com\/de_at\/kontakt\/\">Angebot anfordern<\/a>\r\n      <!-- Optional image -->\r\n      <!-- <img decoding=\"async\" src=\"\/wp-content\/uploads\/premier-series.jpg\" alt=\"Premier Series features overview\" class=\"ps-image\"> -->\r\n    <\/aside>\r\n  <\/div>\r\n<\/section>\r\n\r\n<style>\r\n\/* Reuse Premier styles *\/\r\n.premier-series{padding:48px 0;background:#fff;}\r\n.ps-wrap{max-width:1100px;margin:0 auto;display:grid;grid-template-columns:2fr 1fr;gap:48px;}\r\n.ps-features h2{margin:0 0 12px;font-size:38px;line-height:1.2;}\r\n.ps-list{list-style:none;margin:0;padding:0;display:grid;grid-template-columns:1fr 1fr;gap:20px 32px;}\r\n.ps-list li{border:1px solid #6D9940;border-radius:12px;padding:16px;}\r\n.ps-list h3{margin:0 0 6px;font-size:18px;line-height:1.3;}\r\n.ps-list p{margin:0;color:#444;}\r\n.ps-aside{align-self:start;position:sticky;top:24px}\r\n.ps-kicker{letter-spacing:.08em;text-transform:uppercase;font-weight:600;color:#6D9940;margin:0 0 6px;}\r\n.ps-heading{margin:0 0 10px;font-size:34px;line-height:1.3;}\r\n.ps-btn{display:inline-block;margin-top:10px;padding:10px 16px;border-radius:45px;background:#6D9940;color:#fff;text-decoration:none;font-weight:600}\r\n.ps-image{margin-top:18px;width:100%;height:auto;border-radius:12px}\r\n\r\n@media (max-width:980px){\r\n  .ps-wrap{grid-template-columns:1fr;gap:28px}\r\n  .ps-list{grid-template-columns:1fr}\r\n  .ps-aside{position:static}\r\n  .ps-features h2{margin:0 0 12px;font-size:28px;line-height:1.2;}\r\n    .ps-heading{margin:0 0 10px;font-size:24px;line-height:1.3;}\r\n}\r\n\r\n<\/style>\r\n\r\n\t\t\t\t<\/div>\n\t\t\t\t<\/div>\n\t\t\t\t\t<\/div>\n\t\t\t\t<\/div>\n\t\t\t\t<\/div>","protected":false},"excerpt":{"rendered":"<p>Spaceman Premier Series Info EXPLORE MODELLS Premier Series \u2014 Key Features Fast Freeze Down Patented high-efficiency evaporator allows faster freeze-down with lower energy consumption. Microprocessor Control Digital control gives access to system settings and functions. Interface shows status, temperatures, dispense count, errors, and more. Hopper Agitators Maintain product consistency and prevent separation. Defrost for Cleaning [&hellip;]<\/p>\n","protected":false},"author":3,"featured_media":0,"parent":0,"menu_order":0,"comment_status":"closed","ping_status":"closed","template":"","meta":{"footnotes":""},"class_list":["post-13268","page","type-page","status-publish","hentry"],"_links":{"self":[{"href":"https:\/\/dersuessestopp.com\/de_at\/wp-json\/wp\/v2\/pages\/13268","targetHints":{"allow":["GET"]}}],"collection":[{"href":"https:\/\/dersuessestopp.com\/de_at\/wp-json\/wp\/v2\/pages"}],"about":[{"href":"https:\/\/dersuessestopp.com\/de_at\/wp-json\/wp\/v2\/types\/page"}],"author":[{"embeddable":true,"href":"https:\/\/dersuessestopp.com\/de_at\/wp-json\/wp\/v2\/users\/3"}],"replies":[{"embeddable":true,"href":"https:\/\/dersuessestopp.com\/de_at\/wp-json\/wp\/v2\/comments?post=13268"}],"version-history":[{"count":38,"href":"https:\/\/dersuessestopp.com\/de_at\/wp-json\/wp\/v2\/pages\/13268\/revisions"}],"predecessor-version":[{"id":14623,"href":"https:\/\/dersuessestopp.com\/de_at\/wp-json\/wp\/v2\/pages\/13268\/revisions\/14623"}],"wp:attachment":[{"href":"https:\/\/dersuessestopp.com\/de_at\/wp-json\/wp\/v2\/media?parent=13268"}],"curies":[{"name":"wp","href":"https:\/\/api.w.org\/{rel}","templated":true}]}}