{"id":9921,"date":"2025-09-28T03:53:21","date_gmt":"2025-09-28T03:53:21","guid":{"rendered":"https:\/\/dersuessestopp.com\/product\/standard-glass-primer-100-ml\/"},"modified":"2025-09-28T04:09:07","modified_gmt":"2025-09-28T04:09:07","slug":"standard-glasgrundierung-100-ml","status":"publish","type":"product","link":"https:\/\/dersuessestopp.com\/de\/product\/standard-glass-primer-100-ml\/","title":{"rendered":"Standard-Glasgrundierung 100 ml"},"content":{"rendered":"<p>Was sind Grundierungen? Primer sind farblose Fl\u00fcssigkeiten, die keine Streifen oder Flecken auf dem fertigen Produkt hinterlassen. Sie verbessern die Haltbarkeit des UV-LED-Drucks und erh\u00f6hen die Widerstandsf\u00e4higkeit gegen\u00fcber Kratzern und mechanischen Besch\u00e4digungen. Vorteile der Verwendung von Primern f\u00fcr IMAGO UV-LED-Drucker Einfaches Auftragen des Primers Erh\u00f6hte Haltbarkeit der Drucke auf Glas, Kunststoff oder Metall M\u00f6glichkeit des Drucks auf rutschigen Oberfl\u00e4chen Erh\u00f6hte Widerstandsf\u00e4higkeit der Drucke gegen Kratzer<\/p>","protected":false},"excerpt":{"rendered":"<p>Haben Sie Probleme mit der Haltbarkeit des UV-LED-Drucks auf Ihrem Produkt? Spezielle Primer k\u00f6nnen helfen. Sie verbessern die Farbhaftung und machen das Produkt haltbarer und kratzfester. Der von uns angebotene Primer wird zur Vorbereitung von Glas vor dem Druck verwendet. Das Produkt wird in 100-ml-Flaschen verkauft.<\/p>","protected":false},"featured_media":9873,"comment_status":"open","ping_status":"closed","template":"","meta":[],"product_brand":[],"product_cat":[86,38],"product_tag":[],"class_list":{"0":"post-9921","1":"product","2":"type-product","3":"status-publish","4":"has-post-thumbnail","6":"product_cat-primers-and-cleaning-fluids","7":"product_cat-imago-food-printers","9":"first","10":"instock","11":"shipping-taxable","12":"purchasable","13":"product-type-simple"},"_links":{"self":[{"href":"https:\/\/dersuessestopp.com\/de\/wp-json\/wp\/v2\/product\/9921","targetHints":{"allow":["GET"]}}],"collection":[{"href":"https:\/\/dersuessestopp.com\/de\/wp-json\/wp\/v2\/product"}],"about":[{"href":"https:\/\/dersuessestopp.com\/de\/wp-json\/wp\/v2\/types\/product"}],"replies":[{"embeddable":true,"href":"https:\/\/dersuessestopp.com\/de\/wp-json\/wp\/v2\/comments?post=9921"}],"version-history":[{"count":1,"href":"https:\/\/dersuessestopp.com\/de\/wp-json\/wp\/v2\/product\/9921\/revisions"}],"predecessor-version":[{"id":9971,"href":"https:\/\/dersuessestopp.com\/de\/wp-json\/wp\/v2\/product\/9921\/revisions\/9971"}],"wp:featuredmedia":[{"embeddable":true,"href":"https:\/\/dersuessestopp.com\/de\/wp-json\/wp\/v2\/media\/9873"}],"wp:attachment":[{"href":"https:\/\/dersuessestopp.com\/de\/wp-json\/wp\/v2\/media?parent=9921"}],"wp:term":[{"taxonomy":"product_brand","embeddable":true,"href":"https:\/\/dersuessestopp.com\/de\/wp-json\/wp\/v2\/product_brand?post=9921"},{"taxonomy":"product_cat","embeddable":true,"href":"https:\/\/dersuessestopp.com\/de\/wp-json\/wp\/v2\/product_cat?post=9921"},{"taxonomy":"product_tag","embeddable":true,"href":"https:\/\/dersuessestopp.com\/de\/wp-json\/wp\/v2\/product_tag?post=9921"}],"curies":[{"name":"wp","href":"https:\/\/api.w.org\/{rel}","templated":true}]}}