{"id":9900,"date":"2025-09-28T03:49:05","date_gmt":"2025-09-28T03:49:05","guid":{"rendered":"https:\/\/dersuessestopp.com\/product\/aquila-uv-led-printer\/"},"modified":"2025-09-28T04:09:55","modified_gmt":"2025-09-28T04:09:55","slug":"aquila-uv-led-drucker","status":"publish","type":"product","link":"https:\/\/dersuessestopp.com\/de\/product\/aquila-uv-led-printer\/","title":{"rendered":"AQUILA UV-LED-Drucker"},"content":{"rendered":"<p>AQUILA UV LED - Polnischer UV-LED-Drucker im Kleinformat Mit dem kleinformatigen UV-LED-Drucker von IMAGO k\u00f6nnen Sie auf externe Dienstleister verzichten und die volle Kontrolle \u00fcber Ihr Unternehmen \u00fcbernehmen. Das Ger\u00e4t ist ideal f\u00fcr Unternehmen, die ihre eigene Produktion von Markenprodukten starten wollen. Gleichzeitig erhalten Unternehmen, die sich auf die Produktion gro\u00dfer Mengen konzentrieren, die M\u00f6glichkeit, individuelle Auftr\u00e4ge zu erf\u00fcllen und Personalisierung anzubieten. Umw\u00e4lz- und Mischsystem f\u00fcr wei\u00dfe Tinte Dies sind unsere eigenen L\u00f6sungen, die das Austrocknen der wei\u00dfen Tinte in Flaschen und Schl\u00e4uchen verhindern. Dar\u00fcber hinaus erm\u00f6glicht der Standby-Modus, dass die Drucker bei sehr geringem Energieverbrauch auch bei langen Stillstandszeiten voll funktionsf\u00e4hig bleiben. Systeme, die die Lebensdauer des Drucksystems verl\u00e4ngern. Das Staubabsaugsystem unseres UV-LED-Druckers erm\u00f6glicht es Ihnen, auf unebenen Oberfl\u00e4chen und staubigen Materialien zu drucken, ohne sich um den Zustand des Drucksystems sorgen zu m\u00fcssen. Au\u00dferdem verhindert der schwarze Arbeitstisch das Aush\u00e4rten von Tintenpartikeln auf dem Druckkopf. Richtig gew\u00e4hlte UV-LED-Lampe Die im Ger\u00e4t verwendete luftgek\u00fchlte UV-LED-Lampe ist wartungsfrei und erfordert w\u00e4hrend des Betriebs keine Aufmerksamkeit. Die richtige Leistungseinstellung der UV-LED-Lampe erm\u00f6glicht das Bedrucken von hitzeempfindlichen Produkten ohne die Gefahr einer Produktverformung. Kleiner UV-LED-Drucker f\u00fcr die Personalisierung Das kleine Format ist eine praktische L\u00f6sung, die in der Werbe-, Tourismus- und Hochzeitsbranche sowie in Druckereien gut funktioniert. Der Tisch mit Lineal und passenden Stanzformen erleichtert zudem die Positionierung kleiner Produkte. Signalsysteme und intuitiver Servicemodus Die in der Maschine verwendeten Systeme erm\u00f6glichen eine einfache Bedienung des Ger\u00e4ts. Signalsysteme informieren Sie dar\u00fcber, wann es notwendig ist, Tinte nachzuf\u00fcllen oder den Verbrauchsmaterialtank zu leeren. Die Aquila UV LED informiert Sie auch, wenn der Druckvorgang abgeschlossen ist.<\/p>","protected":false},"excerpt":{"rendered":"<p>Mit einem kleinformatigen UV-LED-Drucker von IMAGO sind Sie nicht mehr auf externe Dienstleister angewiesen und haben die volle Kontrolle \u00fcber Ihr Unternehmen.<\/p>","protected":false},"featured_media":9899,"comment_status":"open","ping_status":"closed","template":"","meta":[],"product_brand":[],"product_cat":[83,38,77],"product_tag":[],"class_list":{"0":"post-9900","1":"product","2":"type-product","3":"status-publish","4":"has-post-thumbnail","6":"product_cat-devices","7":"product_cat-imago-food-printers","8":"product_cat-uv-led-printers","10":"first","11":"instock","12":"shipping-taxable","13":"purchasable","14":"product-type-simple"},"_links":{"self":[{"href":"https:\/\/dersuessestopp.com\/de\/wp-json\/wp\/v2\/product\/9900","targetHints":{"allow":["GET"]}}],"collection":[{"href":"https:\/\/dersuessestopp.com\/de\/wp-json\/wp\/v2\/product"}],"about":[{"href":"https:\/\/dersuessestopp.com\/de\/wp-json\/wp\/v2\/types\/product"}],"replies":[{"embeddable":true,"href":"https:\/\/dersuessestopp.com\/de\/wp-json\/wp\/v2\/comments?post=9900"}],"version-history":[{"count":1,"href":"https:\/\/dersuessestopp.com\/de\/wp-json\/wp\/v2\/product\/9900\/revisions"}],"predecessor-version":[{"id":9981,"href":"https:\/\/dersuessestopp.com\/de\/wp-json\/wp\/v2\/product\/9900\/revisions\/9981"}],"wp:featuredmedia":[{"embeddable":true,"href":"https:\/\/dersuessestopp.com\/de\/wp-json\/wp\/v2\/media\/9899"}],"wp:attachment":[{"href":"https:\/\/dersuessestopp.com\/de\/wp-json\/wp\/v2\/media?parent=9900"}],"wp:term":[{"taxonomy":"product_brand","embeddable":true,"href":"https:\/\/dersuessestopp.com\/de\/wp-json\/wp\/v2\/product_brand?post=9900"},{"taxonomy":"product_cat","embeddable":true,"href":"https:\/\/dersuessestopp.com\/de\/wp-json\/wp\/v2\/product_cat?post=9900"},{"taxonomy":"product_tag","embeddable":true,"href":"https:\/\/dersuessestopp.com\/de\/wp-json\/wp\/v2\/product_tag?post=9900"}],"curies":[{"name":"wp","href":"https:\/\/api.w.org\/{rel}","templated":true}]}}