{"id":9896,"date":"2025-09-28T03:48:45","date_gmt":"2025-09-28T03:48:45","guid":{"rendered":"https:\/\/dersuessestopp.com\/product\/falco-aluminium-printer\/"},"modified":"2025-09-28T04:09:55","modified_gmt":"2025-09-28T04:09:55","slug":"falco-aluminium-drucker","status":"publish","type":"product","link":"https:\/\/dersuessestopp.com\/de\/product\/falco-aluminium-printer\/","title":{"rendered":"FALCO Aluminium-Drucker"},"content":{"rendered":"<p>FALCO Aluminium - unverw\u00fcstliche Lageretiketten aus eloxiertem Aluminium Das Ger\u00e4t FALCO Aluminium erm\u00f6glicht die Herstellung von unverw\u00fcstlichen Lageretiketten direkt am Einsatzort. Dies reduziert die Produktionszeit und die Kosten. Sind Sie auf der Suche nach haltbaren Lageretiketten? Entdecken Sie die M\u00f6glichkeiten von FALCO Aluminium. Hochpr\u00e4ziser Druck auf eloxiertem Aluminium Das FALCO Aluminium-Ger\u00e4t ist ideal f\u00fcr Anwendungen, bei denen Druckqualit\u00e4t, Haltbarkeit und kurze Vorlaufzeiten f\u00fcr die fertigen Produkte wichtig sind. Dar\u00fcber hinaus ist der Druck sehr pr\u00e4zise und bei jedem Produkt wiederholbar. Ein komplettes Technologiepaket f\u00fcr den Druck auf Metall Um die Pr\u00e4zision und Haltbarkeit der Drucke weiter zu erh\u00f6hen, haben wir ein Technologiepaket entwickelt, das Folgendes umfasst: das FALCO Aluminium-Ger\u00e4t und den Technology Tub, eine Anwendung, die die Haltbarkeit durch Versiegelung der bedruckten Bleche erh\u00f6ht. Kontinuierliche Serienproduktion Falco Aluminium ist f\u00fcr den kontinuierlichen Serienbetrieb direkt am Ort der Produktion von Lageretiketten konzipiert. Dank der robusten Konstruktion und des intuitiven Wartungsmodus m\u00fcssen Sie sich keine Sorgen \u00fcber Produktionsausf\u00e4lle machen! Niedrige Kosten und einfache Logistik bei der Erstellung von Lageretiketten Die Anwendung der Drucktechnologie auf eloxiertem Aluminium reduziert die Produktionszeit, senkt die Kosten und vereinfacht die Logistik bei der Herstellung von Lagerkennzeichnungen in Ihrem Unternehmen. W\u00e4hrend eines Arbeitstages k\u00f6nnen bis zu 500 Etiketten hergestellt werden, und die Gesamtkosten f\u00fcr die Herstellung von 1 St\u00fcck betragen nur 3 PLN! Einfache und problemlose Bedienung Die Bedienung der Aluminiumdrucker ist intuitiv, so dass jeder Mitarbeiter nach einer Grundschulung in der Lage sein wird, ein fertiges Produkt von h\u00f6chster Qualit\u00e4t herzustellen. Das halbautomatische Reinigungssystem erh\u00f6ht die Lebensdauer des Druckkopfes, und das tropffreie Flaschensystem garantiert eine schnelle und komfortable Bedienung.<\/p>","protected":false},"excerpt":{"rendered":"<p>Das Ger\u00e4t FALCO Aluminium erm\u00f6glicht die Herstellung von unverw\u00fcstlichen Lageretiketten direkt am Einsatzort.<\/p>","protected":false},"featured_media":9895,"comment_status":"open","ping_status":"closed","template":"","meta":[],"product_brand":[],"product_cat":[83,79,38],"product_tag":[],"class_list":{"0":"post-9896","1":"product","2":"type-product","3":"status-publish","4":"has-post-thumbnail","6":"product_cat-devices","7":"product_cat-printers-for-aluminum","8":"product_cat-imago-food-printers","10":"first","11":"instock","12":"shipping-taxable","13":"purchasable","14":"product-type-simple"},"_links":{"self":[{"href":"https:\/\/dersuessestopp.com\/de\/wp-json\/wp\/v2\/product\/9896","targetHints":{"allow":["GET"]}}],"collection":[{"href":"https:\/\/dersuessestopp.com\/de\/wp-json\/wp\/v2\/product"}],"about":[{"href":"https:\/\/dersuessestopp.com\/de\/wp-json\/wp\/v2\/types\/product"}],"replies":[{"embeddable":true,"href":"https:\/\/dersuessestopp.com\/de\/wp-json\/wp\/v2\/comments?post=9896"}],"version-history":[{"count":1,"href":"https:\/\/dersuessestopp.com\/de\/wp-json\/wp\/v2\/product\/9896\/revisions"}],"predecessor-version":[{"id":9983,"href":"https:\/\/dersuessestopp.com\/de\/wp-json\/wp\/v2\/product\/9896\/revisions\/9983"}],"wp:featuredmedia":[{"embeddable":true,"href":"https:\/\/dersuessestopp.com\/de\/wp-json\/wp\/v2\/media\/9895"}],"wp:attachment":[{"href":"https:\/\/dersuessestopp.com\/de\/wp-json\/wp\/v2\/media?parent=9896"}],"wp:term":[{"taxonomy":"product_brand","embeddable":true,"href":"https:\/\/dersuessestopp.com\/de\/wp-json\/wp\/v2\/product_brand?post=9896"},{"taxonomy":"product_cat","embeddable":true,"href":"https:\/\/dersuessestopp.com\/de\/wp-json\/wp\/v2\/product_cat?post=9896"},{"taxonomy":"product_tag","embeddable":true,"href":"https:\/\/dersuessestopp.com\/de\/wp-json\/wp\/v2\/product_tag?post=9896"}],"curies":[{"name":"wp","href":"https:\/\/api.w.org\/{rel}","templated":true}]}}