{"id":9882,"date":"2025-09-28T03:48:01","date_gmt":"2025-09-28T03:48:01","guid":{"rendered":"https:\/\/dersuessestopp.com\/product\/cleaner-solvent-cleaning-fluid-for-aquila-devices\/"},"modified":"2025-09-28T04:09:56","modified_gmt":"2025-09-28T04:09:56","slug":"reiniger-losungsmittel-reinigungsflussigkeit-fur-aquila-gerate","status":"publish","type":"product","link":"https:\/\/dersuessestopp.com\/de\/product\/cleaner-solvent-cleaning-fluid-for-aquila-devices\/","title":{"rendered":"Cleaner solvent - Reinigungsfl\u00fcssigkeit f\u00fcr Aquila-Ger\u00e4te"},"content":{"rendered":"","protected":false},"excerpt":{"rendered":"<p>Cleaner Solvent ist eine Reinigungsfl\u00fcssigkeit f\u00fcr Aquila Nanosolvent-, Aquila Aluminium- und Aquila UV LED-Drucker. Es ist eine unverzichtbare Substanz, die das Ger\u00e4t in perfektem Zustand h\u00e4lt und Zuverl\u00e4ssigkeit und hervorragende Druckqualit\u00e4t gew\u00e4hrleistet. Es wird zur Reinigung von Druckk\u00f6pfen und Reinigungsstationen in Druckern mit UV-LED- und Nanosolvent-Tinten verwendet.<\/p>","protected":false},"featured_media":9881,"comment_status":"open","ping_status":"closed","template":"","meta":[],"product_brand":[],"product_cat":[86,38],"product_tag":[],"class_list":{"0":"post-9882","1":"product","2":"type-product","3":"status-publish","4":"has-post-thumbnail","6":"product_cat-primers-and-cleaning-fluids","7":"product_cat-imago-food-printers","9":"first","10":"outofstock","11":"shipping-taxable","12":"product-type-variable"},"_links":{"self":[{"href":"https:\/\/dersuessestopp.com\/de\/wp-json\/wp\/v2\/product\/9882","targetHints":{"allow":["GET"]}}],"collection":[{"href":"https:\/\/dersuessestopp.com\/de\/wp-json\/wp\/v2\/product"}],"about":[{"href":"https:\/\/dersuessestopp.com\/de\/wp-json\/wp\/v2\/types\/product"}],"replies":[{"embeddable":true,"href":"https:\/\/dersuessestopp.com\/de\/wp-json\/wp\/v2\/comments?post=9882"}],"version-history":[{"count":1,"href":"https:\/\/dersuessestopp.com\/de\/wp-json\/wp\/v2\/product\/9882\/revisions"}],"predecessor-version":[{"id":9991,"href":"https:\/\/dersuessestopp.com\/de\/wp-json\/wp\/v2\/product\/9882\/revisions\/9991"}],"wp:featuredmedia":[{"embeddable":true,"href":"https:\/\/dersuessestopp.com\/de\/wp-json\/wp\/v2\/media\/9881"}],"wp:attachment":[{"href":"https:\/\/dersuessestopp.com\/de\/wp-json\/wp\/v2\/media?parent=9882"}],"wp:term":[{"taxonomy":"product_brand","embeddable":true,"href":"https:\/\/dersuessestopp.com\/de\/wp-json\/wp\/v2\/product_brand?post=9882"},{"taxonomy":"product_cat","embeddable":true,"href":"https:\/\/dersuessestopp.com\/de\/wp-json\/wp\/v2\/product_cat?post=9882"},{"taxonomy":"product_tag","embeddable":true,"href":"https:\/\/dersuessestopp.com\/de\/wp-json\/wp\/v2\/product_tag?post=9882"}],"curies":[{"name":"wp","href":"https:\/\/api.w.org\/{rel}","templated":true}]}}