{"id":9880,"date":"2025-09-28T03:47:55","date_gmt":"2025-09-28T03:47:55","guid":{"rendered":"https:\/\/dersuessestopp.com\/product\/water-based-cleaner-cleaning-fluid-for-food-printers-100-ml\/"},"modified":"2025-09-28T04:09:56","modified_gmt":"2025-09-28T04:09:56","slug":"reiniger-auf-wasserbasis-reinigungsflussigkeit-fur-lebensmitteldrucker-100-ml","status":"publish","type":"product","link":"https:\/\/dersuessestopp.com\/de\/product\/water-based-cleaner-cleaning-fluid-for-food-printers-100-ml\/","title":{"rendered":"Reiniger auf Wasserbasis - Reinigungsfl\u00fcssigkeit f\u00fcr Lebensmitteldrucker - 100 ml"},"content":{"rendered":"","protected":false},"excerpt":{"rendered":"<p>Wasserreiniger ist eine Reinigungsfl\u00fcssigkeit f\u00fcr FALCO- und VULPES-Konditoreiplotter. Es ist eine unverzichtbare Substanz, die das Ger\u00e4t in perfektem Zustand h\u00e4lt und Zuverl\u00e4ssigkeit und ausgezeichnete Druckqualit\u00e4t gew\u00e4hrleistet. Wird f\u00fcr die Reinigung von Druckk\u00f6pfen und Reinigungsstationen in Lebensmitteldruckern verwendet.<\/p>","protected":false},"featured_media":9879,"comment_status":"open","ping_status":"closed","template":"","meta":[],"product_brand":[],"product_cat":[38,86],"product_tag":[],"class_list":{"0":"post-9880","1":"product","2":"type-product","3":"status-publish","4":"has-post-thumbnail","6":"product_cat-imago-food-printers","7":"product_cat-primers-and-cleaning-fluids","9":"first","10":"instock","11":"shipping-taxable","12":"purchasable","13":"product-type-simple"},"_links":{"self":[{"href":"https:\/\/dersuessestopp.com\/de\/wp-json\/wp\/v2\/product\/9880","targetHints":{"allow":["GET"]}}],"collection":[{"href":"https:\/\/dersuessestopp.com\/de\/wp-json\/wp\/v2\/product"}],"about":[{"href":"https:\/\/dersuessestopp.com\/de\/wp-json\/wp\/v2\/types\/product"}],"replies":[{"embeddable":true,"href":"https:\/\/dersuessestopp.com\/de\/wp-json\/wp\/v2\/comments?post=9880"}],"version-history":[{"count":1,"href":"https:\/\/dersuessestopp.com\/de\/wp-json\/wp\/v2\/product\/9880\/revisions"}],"predecessor-version":[{"id":9992,"href":"https:\/\/dersuessestopp.com\/de\/wp-json\/wp\/v2\/product\/9880\/revisions\/9992"}],"wp:featuredmedia":[{"embeddable":true,"href":"https:\/\/dersuessestopp.com\/de\/wp-json\/wp\/v2\/media\/9879"}],"wp:attachment":[{"href":"https:\/\/dersuessestopp.com\/de\/wp-json\/wp\/v2\/media?parent=9880"}],"wp:term":[{"taxonomy":"product_brand","embeddable":true,"href":"https:\/\/dersuessestopp.com\/de\/wp-json\/wp\/v2\/product_brand?post=9880"},{"taxonomy":"product_cat","embeddable":true,"href":"https:\/\/dersuessestopp.com\/de\/wp-json\/wp\/v2\/product_cat?post=9880"},{"taxonomy":"product_tag","embeddable":true,"href":"https:\/\/dersuessestopp.com\/de\/wp-json\/wp\/v2\/product_tag?post=9880"}],"curies":[{"name":"wp","href":"https:\/\/api.w.org\/{rel}","templated":true}]}}