{"id":9870,"date":"2025-09-28T03:47:27","date_gmt":"2025-09-28T03:47:27","guid":{"rendered":"https:\/\/dersuessestopp.com\/product\/vsg-module-suction-and-heating-attachment\/"},"modified":"2025-09-28T04:10:18","modified_gmt":"2025-09-28T04:10:18","slug":"vsg-modul-saug-und-heizaufsatz","status":"publish","type":"product","link":"https:\/\/dersuessestopp.com\/de\/product\/vsg-module-suction-and-heating-attachment\/","title":{"rendered":"VSG-Modul - Saug- und Heizaufsatz"},"content":{"rendered":"<p>Eine einfache L\u00f6sung zur Unterst\u00fctzung von IMAGO Digitaldruckern. Das Design des Ger\u00e4ts ist \u00e4sthetisch und benutzerfreundlich, und sein Betrieb und seine Wartung sind \u00e4u\u00dferst wirtschaftlich. Bei Nichtgebrauch schaltet sich der VSG automatisch ab, was zu einer Senkung der Betriebskosten beitr\u00e4gt. Die einzelnen Funktionen werden mit nur drei Tasten gesteuert, wodurch das Ger\u00e4t einfach zu bedienen ist.   Saugtisch f\u00fcr UV-LED- und Nanosolvent-Drucker Das VSG-Modul gl\u00e4ttet das Substrat w\u00e4hrend des Drucks automatisch und erm\u00f6glicht die Auflage von d\u00fcnnen Materialien, was die Pr\u00e4zision und Wiederholbarkeit von UV-LED-Drucken auf Papier, Folien, Blechen, Sperrholz und Stoffen erh\u00f6ht. Gleichzeitig verhindert es die Verformung von Details unter dem Einfluss der W\u00e4rme der UV-LED-Lampe und erleichtert so den Druck auf Acryl, PVC und anderen Kunststoffen.    Hochpr\u00e4ziser Druck auf eloxiertem Aluminium Die Temperaturfunktion beim Druck auf eloxiertem Aluminium erh\u00f6ht die erreichbare Farbs\u00e4ttigung und Druckaufl\u00f6sung durch Verdampfen \u00fcbersch\u00fcssiger Farbe. Gleichzeitig erh\u00f6ht der Vakuumtisch die Druckpr\u00e4zision durch Stabilisierung des Blechs auf dem Arbeitstisch.   Bei VSG-Lebensmitteldruckern erh\u00f6ht er die Druckqualit\u00e4t auf Schokolade und erm\u00f6glicht, dass diese nach dem Druck verformt werden kann. Die Vakuumabsaugung hingegen erm\u00f6glicht das Bedrucken von Zuckerpapier und Transferfolie.<\/p>","protected":false},"excerpt":{"rendered":"<p>VSG-Modul - Drucken mit h\u00f6chster Pr\u00e4zision auf d\u00fcnnen Materialien. Das VSG-Modul ist ein Universalwerkzeug, das mit einem Vakuumtisch und einer Temperaturkontrollfunktion ausgestattet ist. Das Modul erm\u00f6glicht den Druck auf schwer zu bedruckenden Materialien, wie z. B. d\u00fcnne Substrate, leicht verformbare Materialien und Materialien, bei denen die Druckqualit\u00e4t von der Temperatur abh\u00e4ngt.<\/p>","protected":false},"featured_media":9869,"comment_status":"open","ping_status":"closed","template":"","meta":[],"product_brand":[],"product_cat":[83,38,82],"product_tag":[],"class_list":{"0":"post-9870","1":"product","2":"type-product","3":"status-publish","4":"has-post-thumbnail","6":"product_cat-devices","7":"product_cat-imago-food-printers","8":"product_cat-peripheral-devices","10":"first","11":"instock","12":"shipping-taxable","13":"purchasable","14":"product-type-simple"},"_links":{"self":[{"href":"https:\/\/dersuessestopp.com\/de\/wp-json\/wp\/v2\/product\/9870","targetHints":{"allow":["GET"]}}],"collection":[{"href":"https:\/\/dersuessestopp.com\/de\/wp-json\/wp\/v2\/product"}],"about":[{"href":"https:\/\/dersuessestopp.com\/de\/wp-json\/wp\/v2\/types\/product"}],"replies":[{"embeddable":true,"href":"https:\/\/dersuessestopp.com\/de\/wp-json\/wp\/v2\/comments?post=9870"}],"version-history":[{"count":1,"href":"https:\/\/dersuessestopp.com\/de\/wp-json\/wp\/v2\/product\/9870\/revisions"}],"predecessor-version":[{"id":9997,"href":"https:\/\/dersuessestopp.com\/de\/wp-json\/wp\/v2\/product\/9870\/revisions\/9997"}],"wp:featuredmedia":[{"embeddable":true,"href":"https:\/\/dersuessestopp.com\/de\/wp-json\/wp\/v2\/media\/9869"}],"wp:attachment":[{"href":"https:\/\/dersuessestopp.com\/de\/wp-json\/wp\/v2\/media?parent=9870"}],"wp:term":[{"taxonomy":"product_brand","embeddable":true,"href":"https:\/\/dersuessestopp.com\/de\/wp-json\/wp\/v2\/product_brand?post=9870"},{"taxonomy":"product_cat","embeddable":true,"href":"https:\/\/dersuessestopp.com\/de\/wp-json\/wp\/v2\/product_cat?post=9870"},{"taxonomy":"product_tag","embeddable":true,"href":"https:\/\/dersuessestopp.com\/de\/wp-json\/wp\/v2\/product_tag?post=9870"}],"curies":[{"name":"wp","href":"https:\/\/api.w.org\/{rel}","templated":true}]}}