{"id":9854,"date":"2025-09-28T03:47:05","date_gmt":"2025-09-28T03:47:05","guid":{"rendered":"https:\/\/dersuessestopp.com\/product\/syringe-with-hose-for-cleaning-the-print-head\/"},"modified":"2025-09-28T04:10:19","modified_gmt":"2025-09-28T04:10:19","slug":"spritze-mit-schlauch-zur-reinigung-des-druckkopfes","status":"publish","type":"product","link":"https:\/\/dersuessestopp.com\/de\/product\/syringe-with-hose-for-cleaning-the-print-head\/","title":{"rendered":"Spritze mit Schlauch zur Reinigung des Druckkopfes"},"content":{"rendered":"<p>Kopfsp\u00fclung: Entwickelt f\u00fcr eine effektive Sp\u00fclung des Druckkopfes, um alle Tintenr\u00fcckst\u00e4nde und Verunreinigungen zu entfernen. Benutzerfreundlichkeit: Einfach zu verwenden, erm\u00f6glicht eine effektive Reinigung des Druckkopfes. Schlauch sorgt f\u00fcr Pr\u00e4zision: Der lange Schlauch erm\u00f6glicht es, die Fl\u00fcssigkeit genau an die richtigen Stellen zu leiten, um Verunreinigungen zu vermeiden.<\/p>","protected":false},"excerpt":{"rendered":"<p>Die Spritze mit Schlauch ist ein zuverl\u00e4ssiges Werkzeug f\u00fcr die manuelle Sp\u00fclung des Druckkopfes in Imago-Druckern. Sie ist ein wesentliches Element, um das Ger\u00e4t in optimalem Zustand zu halten, Verunreinigungen zu beseitigen und die Druckqualit\u00e4t zu verbessern.<\/p>","protected":false},"featured_media":9853,"comment_status":"open","ping_status":"closed","template":"","meta":[],"product_brand":[],"product_cat":[84,81,76,38,85,90,77],"product_tag":[],"class_list":{"0":"post-9854","1":"product","2":"type-product","3":"status-publish","4":"has-post-thumbnail","6":"product_cat-aluminum-printers","7":"product_cat-equipment-operation","8":"product_cat-food-printers","9":"product_cat-imago-food-printers","10":"product_cat-nano-solvent-printers","11":"product_cat-printer-accessories","12":"product_cat-uv-led-printers","14":"first","15":"instock","16":"shipping-taxable","17":"purchasable","18":"product-type-simple"},"_links":{"self":[{"href":"https:\/\/dersuessestopp.com\/de\/wp-json\/wp\/v2\/product\/9854","targetHints":{"allow":["GET"]}}],"collection":[{"href":"https:\/\/dersuessestopp.com\/de\/wp-json\/wp\/v2\/product"}],"about":[{"href":"https:\/\/dersuessestopp.com\/de\/wp-json\/wp\/v2\/types\/product"}],"replies":[{"embeddable":true,"href":"https:\/\/dersuessestopp.com\/de\/wp-json\/wp\/v2\/comments?post=9854"}],"version-history":[{"count":1,"href":"https:\/\/dersuessestopp.com\/de\/wp-json\/wp\/v2\/product\/9854\/revisions"}],"predecessor-version":[{"id":10007,"href":"https:\/\/dersuessestopp.com\/de\/wp-json\/wp\/v2\/product\/9854\/revisions\/10007"}],"wp:featuredmedia":[{"embeddable":true,"href":"https:\/\/dersuessestopp.com\/de\/wp-json\/wp\/v2\/media\/9853"}],"wp:attachment":[{"href":"https:\/\/dersuessestopp.com\/de\/wp-json\/wp\/v2\/media?parent=9854"}],"wp:term":[{"taxonomy":"product_brand","embeddable":true,"href":"https:\/\/dersuessestopp.com\/de\/wp-json\/wp\/v2\/product_brand?post=9854"},{"taxonomy":"product_cat","embeddable":true,"href":"https:\/\/dersuessestopp.com\/de\/wp-json\/wp\/v2\/product_cat?post=9854"},{"taxonomy":"product_tag","embeddable":true,"href":"https:\/\/dersuessestopp.com\/de\/wp-json\/wp\/v2\/product_tag?post=9854"}],"curies":[{"name":"wp","href":"https:\/\/api.w.org\/{rel}","templated":true}]}}