{"id":9852,"date":"2025-09-28T03:47:02","date_gmt":"2025-09-28T03:47:02","guid":{"rendered":"https:\/\/dersuessestopp.com\/product\/cleaner-ipa-isopropanol-based-cleaning-fluid-for-aquila-devices-100-ml\/"},"modified":"2025-09-28T04:10:19","modified_gmt":"2025-09-28T04:10:19","slug":"cleaner-ipa-reinigungsflussigkeit-auf-isopropanolbasis-fur-aquila-gerate-100-ml","status":"publish","type":"product","link":"https:\/\/dersuessestopp.com\/de\/product\/cleaner-ipa-isopropanol-based-cleaning-fluid-for-aquila-devices-100-ml\/","title":{"rendered":"Cleaner IPA - Reinigungsfl\u00fcssigkeit auf Isopropanolbasis f\u00fcr Aquila-Ger\u00e4te - 100 ml"},"content":{"rendered":"","protected":false},"excerpt":{"rendered":"<p>Cleaner IPA ist eine Reinigungsfl\u00fcssigkeit auf Isopropanolbasis, die f\u00fcr Aquila Nanosolvent-, Aquila Aluminium- und Aquila UV LED-Drucker entwickelt wurde. Es ist eine unverzichtbare Substanz, die das Ger\u00e4t in perfektem Zustand h\u00e4lt und Zuverl\u00e4ssigkeit und hervorragende Druckqualit\u00e4t gew\u00e4hrleistet. Wird zur Reinigung der Komponenten der Reinigungsstation und des Druckkopfes verwendet.<\/p>","protected":false},"featured_media":9851,"comment_status":"open","ping_status":"closed","template":"","meta":[],"product_brand":[],"product_cat":[38,86],"product_tag":[],"class_list":{"0":"post-9852","1":"product","2":"type-product","3":"status-publish","4":"has-post-thumbnail","6":"product_cat-imago-food-printers","7":"product_cat-primers-and-cleaning-fluids","9":"first","10":"instock","11":"shipping-taxable","12":"purchasable","13":"product-type-simple"},"_links":{"self":[{"href":"https:\/\/dersuessestopp.com\/de\/wp-json\/wp\/v2\/product\/9852","targetHints":{"allow":["GET"]}}],"collection":[{"href":"https:\/\/dersuessestopp.com\/de\/wp-json\/wp\/v2\/product"}],"about":[{"href":"https:\/\/dersuessestopp.com\/de\/wp-json\/wp\/v2\/types\/product"}],"replies":[{"embeddable":true,"href":"https:\/\/dersuessestopp.com\/de\/wp-json\/wp\/v2\/comments?post=9852"}],"version-history":[{"count":1,"href":"https:\/\/dersuessestopp.com\/de\/wp-json\/wp\/v2\/product\/9852\/revisions"}],"predecessor-version":[{"id":10008,"href":"https:\/\/dersuessestopp.com\/de\/wp-json\/wp\/v2\/product\/9852\/revisions\/10008"}],"wp:featuredmedia":[{"embeddable":true,"href":"https:\/\/dersuessestopp.com\/de\/wp-json\/wp\/v2\/media\/9851"}],"wp:attachment":[{"href":"https:\/\/dersuessestopp.com\/de\/wp-json\/wp\/v2\/media?parent=9852"}],"wp:term":[{"taxonomy":"product_brand","embeddable":true,"href":"https:\/\/dersuessestopp.com\/de\/wp-json\/wp\/v2\/product_brand?post=9852"},{"taxonomy":"product_cat","embeddable":true,"href":"https:\/\/dersuessestopp.com\/de\/wp-json\/wp\/v2\/product_cat?post=9852"},{"taxonomy":"product_tag","embeddable":true,"href":"https:\/\/dersuessestopp.com\/de\/wp-json\/wp\/v2\/product_tag?post=9852"}],"curies":[{"name":"wp","href":"https:\/\/api.w.org\/{rel}","templated":true}]}}