{"id":9837,"date":"2025-09-28T03:45:06","date_gmt":"2025-09-28T03:45:06","guid":{"rendered":"https:\/\/dersuessestopp.com\/product\/aquila-colour-edge-printer\/"},"modified":"2025-09-28T04:10:40","modified_gmt":"2025-09-28T04:10:40","slug":"aquila-farbranddrucker","status":"publish","type":"product","link":"https:\/\/dersuessestopp.com\/de\/product\/aquila-colour-edge-printer\/","title":{"rendered":"AQUILA Colour EDGE Drucker"},"content":{"rendered":"<p>Aquila Colour EDGE Entdecken Sie den einzigen polnischen Drucker zum Bedrucken von Buchkanten, der einen effektiven Druck sowohl f\u00fcr kleine Auflagen als auch f\u00fcr gro\u00dfe Produktionsserien bietet. Die UV-LED-Digitaldrucktechnologie gew\u00e4hrleistet Druckbest\u00e4ndigkeit, Farbpr\u00e4zision und Automatisierung des Kennzeichnungsprozesses, wodurch Produktionszeit und -kosten reduziert werden. Mit einer breiten Palette an unterst\u00fctzten Buchformaten erm\u00f6glicht er die Personalisierung und umfassende Veredelung f\u00fcr jedes Projekt. Funktionaler Zubeh\u00f6rsatz Ein zus\u00e4tzlicher Umr\u00fcsttisch erm\u00f6glicht es Ihnen, einen Satz B\u00fccher f\u00fcr die Kennzeichnung vorzubereiten, w\u00e4hrend die vorherige Charge gedruckt wird, und gew\u00e4hrleistet so einen kontinuierlichen Maschinenbetrieb. Zur Ausstattung geh\u00f6ren Werkzeuge wie Schraubst\u00f6cke und Platten zur pr\u00e4zisen Positionierung der B\u00fccher sowie Anschlagpuffer zur Positionierung der Schraubst\u00f6cke auf dem Tisch. Die S\u00e4tze von Positionierplatten sind an die verschiedenen Buchgr\u00f6\u00dfen angepasst, was die Materialvorbereitung erleichtert und den Produktionsabfall reduziert. Der Wechseltisch ist mit Schienen ausgestattet, die ein einfaches Verschieben der Buchrohlinge auf den Arbeitstisch erm\u00f6glichen und die Arbeitsergonomie verbessern. Ein zus\u00e4tzlicher Testdrucktisch erm\u00f6glicht es Ihnen, die Funktionen der Maschine zu testen, ohne sie ausbauen zu m\u00fcssen. Das bedeutet, dass nur ein Bediener zur Bedienung der Maschine ben\u00f6tigt wird. Das senkt die Produktionskosten und setzt Personalressourcen f\u00fcr andere Aufgaben frei. Auf die Anforderungen der Branche zugeschnittene Technologie Unsere UV-LED-Drucktechnologie ist speziell darauf ausgelegt, dass die Buchkanten nicht zusammenkleben. Die mit UV-LED-Lampen geh\u00e4rtete Tinte gew\u00e4hrleistet die Haltbarkeit der Designs und garantiert trockene Drucke, die sofort verwendet werden k\u00f6nnen. Diese Funktionalit\u00e4t gew\u00e4hrleistet Prozesseffizienz und ist ideal auf die spezifischen Anforderungen der Verlags- und Druckindustrie zugeschnitten. Die im Ger\u00e4t eingesetzte luftgek\u00fchlte UV-LED-Lampe ist wartungsfrei und erfordert keine Aufmerksamkeit w\u00e4hrend des Betriebs. Dar\u00fcber hinaus erm\u00f6glicht die entsprechend angepasste Leistung der UV-LED-Lampe das Bedrucken von w\u00e4rmeempfindlichen Produkten ohne das Risiko einer Produktverformung. Flexibilit\u00e4t und Beschleunigung der Produktion Aquila Colour Edge erm\u00f6glicht den effektiven Druck sowohl von kleinen, personalisierten Buchauflagen als auch von gro\u00dfen Produktionsserien. Die fortschrittliche Digitaldrucktechnologie erm\u00f6glicht Druckereien eine schnelle Anpassung an die Kundenbed\u00fcrfnisse und gew\u00e4hrleistet eine reibungslose Ausf\u00fchrung von Einzelauftr\u00e4gen und kommerziellen Gro\u00dfprojekten. Das System automatisiert die Markierung von Buchkanten, verk\u00fcrzt die Produktionszeit und senkt die Betriebskosten. Gleichzeitig entf\u00e4llt die Notwendigkeit der manuellen Einf\u00e4rbung. Mit Aquila Color Edge k\u00f6nnen Buchkanten in Gr\u00f6\u00dfen von 12\u00d77,5 cm bis 45\u00d745 cm beschriftet werden, so dass Sie eine Vielzahl von Auftr\u00e4gen abwickeln und Ihren Kunden eine umfassende Verarbeitung bieten k\u00f6nnen. Hochpr\u00e4ziser Druck in einem vollst\u00e4ndigen Farbspektrum Unsere fortschrittliche UV-LED-Digitaldrucktechnologie gew\u00e4hrleistet eine pr\u00e4zise Reproduktion jeder Grafik in einem vollst\u00e4ndigen Farbspektrum. Sie bietet Ihnen eine au\u00dfergew\u00f6hnliche Detailtreue und Farbintensit\u00e4t und erf\u00fcllt die h\u00f6chsten Veredelungsstandards. Die pr\u00e4zisen Parameter des Ger\u00e4ts erm\u00f6glichen es Ihnen, Fotos in fotografischer Qualit\u00e4t und komplexe Grafiken mit h\u00f6chster Pr\u00e4zision zu drucken. Dar\u00fcber hinaus bietet die Aquila Colour EDGE die M\u00f6glichkeit einer gleichm\u00e4\u00dfigen, monochromen Abdeckung von Buchkanten, was die Produktionszeit Ihrer laufenden Projekte erheblich verk\u00fcrzt und den Produktionsabfall reduziert. H\u00f6herer Wert des angebotenen Produkts und Erweiterung der Produktpalette Das Bedrucken von Buchkanten mit der fortschrittlichen Aquila Colour EDGE-Technologie steigert deren visuelle Attraktivit\u00e4t erheblich und erm\u00f6glicht es Ihnen, h\u00f6here Verkaufspreise anzubieten und neue Kunden zu gewinnen. Dar\u00fcber hinaus k\u00f6nnen Sie durch die M\u00f6glichkeit, einzigartige B\u00fccher anzubieten, Ihr Dienstleistungsportfolio erweitern und neue Marktsegmente f\u00fcr Druckereien erschlie\u00dfen. Eine eigene Edeldruckerei gibt Ihnen die Flexibilit\u00e4t, eine Vielzahl von Produkten herzustellen, von Luxusausgaben bis hin zu Sondereditionen. All dies bedeutet, dass die Investition in die fortschrittliche Technologie von Aquila Color EDGE die Position der Marke als Innovationsf\u00fchrer auf dem Markt st\u00e4rkt. Erweiterte Personalisierung von limitierten und Sammler-Serien Mit dem Edge-Drucker k\u00f6nnen Sie limitierte oder exklusive Ausgaben von B\u00fcchern erstellen, die f\u00fcr Sammler und Literaturliebhaber noch attraktiver sind. Durch den gleichzeitigen Druck einer Reihe von B\u00fcchern auf dem Aquila ColourEDGE ist es m\u00f6glich, f\u00fcr jedes gedruckte Buch unterschiedliche Grafiken auszuw\u00e4hlen. Diese Funktionalit\u00e4t ist ideal f\u00fcr die Erstellung von Buchserien, bei denen der bedruckte Rand jedes Bandes auf seinen individuellen Charakter und Inhalt verweist. Es bietet auch gro\u00dfartige M\u00f6glichkeiten f\u00fcr die Personalisierung und die Erstellung von Produkten in limitierter Auflage mit Widmung. Schneller Return on Investment und minimierte Produktionskosten. Die fortschrittliche Funktionalit\u00e4t, die lange Lebensdauer und die Vorteile des Einsatzes von Aquila Colour EDGE erm\u00f6glichen h\u00f6here Gewinnspannen und eine beschleunigte Produktion in Druckereien. Dies erm\u00f6glicht eine schnelle Amortisation der Investition und bietet Druckereien h\u00f6here Einnahmen und langfristige Kundenzufriedenheit.  Mit der pr\u00e4zisen Positionierung und Fehlersignalisierung von Aquila Colour EDGE k\u00f6nnen Sie Fehler und Makulatur bei der Produktion von dekorierten Buchkanten minimieren.<\/p>","protected":false},"excerpt":{"rendered":"<p>Entdecken Sie die einzige polnische Druckerei f\u00fcr den Druck von Buchkanten, die effektiven Druck sowohl f\u00fcr kleine als auch f\u00fcr gro\u00dfe Auflagen bietet.<\/p>","protected":false},"featured_media":9836,"comment_status":"open","ping_status":"closed","template":"","meta":[],"product_brand":[],"product_cat":[78,38,77],"product_tag":[],"class_list":{"0":"post-9837","1":"product","2":"type-product","3":"status-publish","4":"has-post-thumbnail","6":"product_cat-equipment","7":"product_cat-imago-food-printers","8":"product_cat-uv-led-printers","10":"first","11":"instock","12":"shipping-taxable","13":"purchasable","14":"product-type-simple"},"_links":{"self":[{"href":"https:\/\/dersuessestopp.com\/de\/wp-json\/wp\/v2\/product\/9837","targetHints":{"allow":["GET"]}}],"collection":[{"href":"https:\/\/dersuessestopp.com\/de\/wp-json\/wp\/v2\/product"}],"about":[{"href":"https:\/\/dersuessestopp.com\/de\/wp-json\/wp\/v2\/types\/product"}],"replies":[{"embeddable":true,"href":"https:\/\/dersuessestopp.com\/de\/wp-json\/wp\/v2\/comments?post=9837"}],"version-history":[{"count":1,"href":"https:\/\/dersuessestopp.com\/de\/wp-json\/wp\/v2\/product\/9837\/revisions"}],"predecessor-version":[{"id":10018,"href":"https:\/\/dersuessestopp.com\/de\/wp-json\/wp\/v2\/product\/9837\/revisions\/10018"}],"wp:featuredmedia":[{"embeddable":true,"href":"https:\/\/dersuessestopp.com\/de\/wp-json\/wp\/v2\/media\/9836"}],"wp:attachment":[{"href":"https:\/\/dersuessestopp.com\/de\/wp-json\/wp\/v2\/media?parent=9837"}],"wp:term":[{"taxonomy":"product_brand","embeddable":true,"href":"https:\/\/dersuessestopp.com\/de\/wp-json\/wp\/v2\/product_brand?post=9837"},{"taxonomy":"product_cat","embeddable":true,"href":"https:\/\/dersuessestopp.com\/de\/wp-json\/wp\/v2\/product_cat?post=9837"},{"taxonomy":"product_tag","embeddable":true,"href":"https:\/\/dersuessestopp.com\/de\/wp-json\/wp\/v2\/product_tag?post=9837"}],"curies":[{"name":"wp","href":"https:\/\/api.w.org\/{rel}","templated":true}]}}