{"id":9013,"date":"2025-09-23T12:35:14","date_gmt":"2025-09-23T12:35:14","guid":{"rendered":"https:\/\/dersuessestopp.com\/?post_type=product&#038;p=9013"},"modified":"2025-10-08T19:22:32","modified_gmt":"2025-10-08T19:22:32","slug":"cw-120-g2tb","status":"publish","type":"product","link":"https:\/\/dersuessestopp.com\/de\/product\/cw-120-g2tb\/","title":{"rendered":"CW 120 G2TB"},"content":{"rendered":"<p data-start=\"86\" data-end=\"581\"><img fetchpriority=\"high\" decoding=\"async\" class=\"alignnone wp-image-11517 size-full\" src=\"https:\/\/dersuessestopp.com\/wp-content\/uploads\/2025\/09\/CW120G1TB_CW120G2TB-Dettagli.jpg\" alt=\"\" width=\"2000\" height=\"600\" srcset=\"https:\/\/dersuessestopp.com\/wp-content\/uploads\/2025\/09\/CW120G1TB_CW120G2TB-Dettagli.jpg 2000w, https:\/\/dersuessestopp.com\/wp-content\/uploads\/2025\/09\/CW120G1TB_CW120G2TB-Dettagli-300x90.jpg 300w, https:\/\/dersuessestopp.com\/wp-content\/uploads\/2025\/09\/CW120G1TB_CW120G2TB-Dettagli-1024x307.jpg 1024w, https:\/\/dersuessestopp.com\/wp-content\/uploads\/2025\/09\/CW120G1TB_CW120G2TB-Dettagli-768x230.jpg 768w, https:\/\/dersuessestopp.com\/wp-content\/uploads\/2025\/09\/CW120G1TB_CW120G2TB-Dettagli-1536x461.jpg 1536w, https:\/\/dersuessestopp.com\/wp-content\/uploads\/2025\/09\/CW120G1TB_CW120G2TB-Dettagli-250x75.jpg 250w, https:\/\/dersuessestopp.com\/wp-content\/uploads\/2025\/09\/CW120G1TB_CW120G2TB-Dettagli-600x180.jpg 600w\" sizes=\"(max-width: 2000px) 100vw, 2000px\" \/><\/p>\n<p data-start=\"86\" data-end=\"581\">Die <strong data-start=\"90\" data-end=\"105\">CW 120 G2TB<\/strong> ist ein leistungsstarker, bel\u00fcfteter Weink\u00fchler mit zwei Temperaturzonen, in dem eine Vielzahl von Weinen unter idealen Bedingungen gelagert und aufbewahrt werden kann. Mit einer eleganten, rahmenlosen Vollglast\u00fcr, energieeffizienter LED-Beleuchtung und Z-f\u00f6rmigen, verschiebbaren Einlegeb\u00f6den kombiniert dieser Weink\u00fchler Stil und Funktionalit\u00e4t sowohl f\u00fcr den professionellen als auch den privaten Gebrauch. Sein Zwei-Zonen-Design erm\u00f6glicht eine pr\u00e4zise Temperaturregelung f\u00fcr verschiedene Weinsorten und sorgt so f\u00fcr optimale Reife- und Servierbedingungen.<\/p>\n<h3 data-start=\"1240\" data-end=\"1252\">Kapazit\u00e4t<\/h3>\n<div class=\"_tableContainer_1rjym_1\">\n<div class=\"group _tableWrapper_1rjym_13 flex w-fit flex-col-reverse\">\n<table>\n<thead>\n<tr>\n<th>Flasche\/Dose Typ<\/th>\n<th>Kapazit\u00e4t (CW 120 G2TB)<\/th>\n<\/tr>\n<\/thead>\n<tbody>\n<tr>\n<td>75-cl-Flaschen<\/td>\n<td>56<\/td>\n<\/tr>\n<tr>\n<td>Variable Verpackung<\/td>\n<td>Je nach Gr\u00f6\u00dfe<\/td>\n<\/tr>\n<\/tbody>\n<\/table>\n<h3 data-start=\"1509\" data-end=\"1523\">Abmessungen<\/h3>\n<div class=\"_tableContainer_1rjym_1\">\n<div class=\"group _tableWrapper_1rjym_13 flex w-fit flex-col-reverse\">\n<table>\n<thead>\n<tr>\n<th>Dimension Typ<\/th>\n<th>CW 120 G2TB (mm)<\/th>\n<\/tr>\n<\/thead>\n<tbody>\n<tr>\n<td>\u00c4u\u00dfere Abmessungen (BxTxH)<\/td>\n<td>595 x 690 x 1200<\/td>\n<\/tr>\n<tr>\n<td>Abmessungen der Verpackung (BxTxH)<\/td>\n<td>645 x 770 x 1425<\/td>\n<\/tr>\n<tr>\n<td>Breite (A)<\/td>\n<td>500<\/td>\n<\/tr>\n<tr>\n<td>Tiefe (B)<\/td>\n<td>540<\/td>\n<\/tr>\n<tr>\n<td>H\u00f6he (C)<\/td>\n<td>1030<\/td>\n<\/tr>\n<tr>\n<td>Mindesttiefe (D)<\/td>\n<td>380<\/td>\n<\/tr>\n<tr>\n<td>Minimale H\u00f6he (E)<\/td>\n<td>820<\/td>\n<\/tr>\n<tr>\n<td>Seitenaufkleber<\/td>\n<td>648 x 1185<\/td>\n<\/tr>\n<tr>\n<td>Glasaufkleber<\/td>\n<td>462 x 940<\/td>\n<\/tr>\n<\/tbody>\n<\/table>\n<h3 data-start=\"1975\" data-end=\"2003\">Technische Daten<\/h3>\n<div class=\"_tableContainer_1rjym_1\">\n<div class=\"group _tableWrapper_1rjym_13 flex w-fit flex-col-reverse\">\n<table>\n<thead>\n<tr>\n<th>Merkmal<\/th>\n<th>Spezifikation<\/th>\n<\/tr>\n<\/thead>\n<tbody>\n<tr>\n<td>Temperaturbereich<\/td>\n<td>+2\u00b0C \/ +12\u00b0C<\/td>\n<\/tr>\n<tr>\n<td>Klima-Klasse<\/td>\n<td>N-ST<\/td>\n<\/tr>\n<tr>\n<td>Netto-Brutto-Volumen<\/td>\n<td>250 \/ 263 L<\/td>\n<\/tr>\n<tr>\n<td>\u00c4u\u00dfere Oberfl\u00e4che<\/td>\n<td>Bandbeschichtetes Blech mit Korrosionsschutzbehandlung<\/td>\n<\/tr>\n<tr>\n<td>T\u00fcr<\/td>\n<td>Schwarzes Vollglas<\/td>\n<\/tr>\n<tr>\n<td>Innenauskleidung<\/td>\n<td>ABS<\/td>\n<\/tr>\n<tr>\n<td>Thermostat<\/td>\n<td>Elektronisch, Touchscreen<\/td>\n<\/tr>\n<tr>\n<td>L\u00e4rmpegel<\/td>\n<td>38 dB<\/td>\n<\/tr>\n<tr>\n<td>Dicke der Isolierung<\/td>\n<td>55 mm<\/td>\n<\/tr>\n<tr>\n<td>Abtauen<\/td>\n<td>Automatischer Kompressorzyklus<\/td>\n<\/tr>\n<tr>\n<td>Beleuchtung<\/td>\n<td>1 horizontale + 2 vertikale LED<\/td>\n<\/tr>\n<tr>\n<td>Regale<\/td>\n<td>4 Z-f\u00f6rmige Einlegeb\u00f6den + 1 Schublade, Ma\u00dfe 452 x 380 mm<\/td>\n<\/tr>\n<tr>\n<td>Rollen-Fu\u00df<\/td>\n<td>4 F\u00fc\u00dfe<\/td>\n<\/tr>\n<tr>\n<td>Netto-Brutto Gewicht<\/td>\n<td>82 \/ 87 kg<\/td>\n<\/tr>\n<tr>\n<td>Spannung<\/td>\n<td>220 V<\/td>\n<\/tr>\n<tr>\n<td>Frequenz<\/td>\n<td>50 Hz<\/td>\n<\/tr>\n<tr>\n<td>K\u00e4ltemittel<\/td>\n<td>R600A<\/td>\n<\/tr>\n<tr>\n<td>Stromverbrauch<\/td>\n<td>115 W<\/td>\n<\/tr>\n<tr>\n<td>Energieverbrauch<\/td>\n<td>0,405 kWh\/24H<\/td>\n<\/tr>\n<\/tbody>\n<\/table>\n<\/div>\n<\/div>\n<\/div>\n<\/div>\n<\/div>\n<\/div>","protected":false},"excerpt":{"rendered":"<p>The CW 120 G2TB is a high-performance ventilated wine cooler with dual temperature zones, designed to store and preserve a variety of wines at their ideal conditions. Featuring a sleek full glass frameless door, energy-efficient LED lighting, and Z-shape sliding shelves, this wine cooler combines style and functionality for both professional and home use. Its [&hellip;]<\/p>\n","protected":false},"featured_media":9014,"comment_status":"open","ping_status":"closed","template":"","meta":[],"product_brand":[],"product_cat":[49],"product_tag":[],"class_list":{"0":"post-9013","1":"product","2":"type-product","3":"status-publish","4":"has-post-thumbnail","6":"product_cat-wine-fridges","8":"first","9":"instock","10":"shipping-taxable","11":"product-type-simple"},"_links":{"self":[{"href":"https:\/\/dersuessestopp.com\/de\/wp-json\/wp\/v2\/product\/9013","targetHints":{"allow":["GET"]}}],"collection":[{"href":"https:\/\/dersuessestopp.com\/de\/wp-json\/wp\/v2\/product"}],"about":[{"href":"https:\/\/dersuessestopp.com\/de\/wp-json\/wp\/v2\/types\/product"}],"replies":[{"embeddable":true,"href":"https:\/\/dersuessestopp.com\/de\/wp-json\/wp\/v2\/comments?post=9013"}],"version-history":[{"count":2,"href":"https:\/\/dersuessestopp.com\/de\/wp-json\/wp\/v2\/product\/9013\/revisions"}],"predecessor-version":[{"id":11520,"href":"https:\/\/dersuessestopp.com\/de\/wp-json\/wp\/v2\/product\/9013\/revisions\/11520"}],"wp:featuredmedia":[{"embeddable":true,"href":"https:\/\/dersuessestopp.com\/de\/wp-json\/wp\/v2\/media\/9014"}],"wp:attachment":[{"href":"https:\/\/dersuessestopp.com\/de\/wp-json\/wp\/v2\/media?parent=9013"}],"wp:term":[{"taxonomy":"product_brand","embeddable":true,"href":"https:\/\/dersuessestopp.com\/de\/wp-json\/wp\/v2\/product_brand?post=9013"},{"taxonomy":"product_cat","embeddable":true,"href":"https:\/\/dersuessestopp.com\/de\/wp-json\/wp\/v2\/product_cat?post=9013"},{"taxonomy":"product_tag","embeddable":true,"href":"https:\/\/dersuessestopp.com\/de\/wp-json\/wp\/v2\/product_tag?post=9013"}],"curies":[{"name":"wp","href":"https:\/\/api.w.org\/{rel}","templated":true}]}}