{"id":8995,"date":"2025-09-23T12:03:43","date_gmt":"2025-09-23T12:03:43","guid":{"rendered":"https:\/\/dersuessestopp.com\/?post_type=product&#038;p=8995"},"modified":"2025-10-08T19:21:41","modified_gmt":"2025-10-08T19:21:41","slug":"cw-51-g1tb","status":"publish","type":"product","link":"https:\/\/dersuessestopp.com\/de\/product\/cw-51-g1tb\/","title":{"rendered":"CW 51 G1TB"},"content":{"rendered":"<p data-start=\"190\" data-end=\"465\"><img fetchpriority=\"high\" decoding=\"async\" class=\"alignnone wp-image-11526 size-full\" src=\"https:\/\/dersuessestopp.com\/wp-content\/uploads\/2025\/09\/CW-46-G2TB-1.jpg\" alt=\"\" width=\"2000\" height=\"600\" srcset=\"https:\/\/dersuessestopp.com\/wp-content\/uploads\/2025\/09\/CW-46-G2TB-1.jpg 2000w, https:\/\/dersuessestopp.com\/wp-content\/uploads\/2025\/09\/CW-46-G2TB-1-300x90.jpg 300w, https:\/\/dersuessestopp.com\/wp-content\/uploads\/2025\/09\/CW-46-G2TB-1-1024x307.jpg 1024w, https:\/\/dersuessestopp.com\/wp-content\/uploads\/2025\/09\/CW-46-G2TB-1-768x230.jpg 768w, https:\/\/dersuessestopp.com\/wp-content\/uploads\/2025\/09\/CW-46-G2TB-1-1536x461.jpg 1536w, https:\/\/dersuessestopp.com\/wp-content\/uploads\/2025\/09\/CW-46-G2TB-1-250x75.jpg 250w, https:\/\/dersuessestopp.com\/wp-content\/uploads\/2025\/09\/CW-46-G2TB-1-600x180.jpg 600w\" sizes=\"(max-width: 2000px) 100vw, 2000px\" \/><\/p>\n<p data-start=\"190\" data-end=\"465\">Die <strong data-start=\"210\" data-end=\"224\">CW 51 G1TB<\/strong> ist ein bel\u00fcfteter Weink\u00fchler mit einer rahmenlosen Glast\u00fcr und herausnehmbaren Holzeinlegeb\u00f6den, der sich f\u00fcr eine pr\u00e4zise temperaturgesteuerte Weinlagerung eignet. Diese Serie umfasst auch Modelle mit zwei Zonen und INOX-Schubladen f\u00fcr spezielle Lagerungsanforderungen.<\/p>\n<p data-start=\"467\" data-end=\"486\"><strong data-start=\"467\" data-end=\"484\">Hauptmerkmale:<\/strong><\/p>\n<ul data-start=\"487\" data-end=\"835\">\n<li data-start=\"487\" data-end=\"528\">\n<p data-start=\"489\" data-end=\"528\">Rahmenlose Vollglast\u00fcr (CW-Modelle)<\/p>\n<\/li>\n<li data-start=\"529\" data-end=\"567\">\n<p data-start=\"531\" data-end=\"567\">Elektronischer Touchscreen-Thermostat<\/p>\n<\/li>\n<li data-start=\"568\" data-end=\"608\">\n<p data-start=\"570\" data-end=\"608\">Herausnehmbare Holzb\u00f6den (CW-Modelle)<\/p>\n<\/li>\n<li data-start=\"609\" data-end=\"663\">\n<p data-start=\"611\" data-end=\"663\">Edelstahl-Schubladen (DW 82 INOX \/ DW 82 BLACK)<\/p>\n<\/li>\n<li data-start=\"664\" data-end=\"693\">\n<p data-start=\"666\" data-end=\"693\">Bel\u00fcftetes K\u00fchlsystem<\/p>\n<\/li>\n<li data-start=\"694\" data-end=\"715\">\n<p data-start=\"696\" data-end=\"715\">Automatische Abtauung<\/p>\n<\/li>\n<li data-start=\"716\" data-end=\"774\">\n<p data-start=\"718\" data-end=\"774\">Horizontale oder vertikale LED-Beleuchtung je nach Modell<\/p>\n<\/li>\n<li data-start=\"775\" data-end=\"803\">\n<p data-start=\"777\" data-end=\"803\">Schloss und Schl\u00fcssel (CW-Modelle)<\/p>\n<\/li>\n<li data-start=\"804\" data-end=\"835\">\n<p data-start=\"806\" data-end=\"835\">Umkehrbare T\u00fcr (CW-Modelle)<\/p>\n<\/li>\n<\/ul>\n<h3><strong>Kapazit\u00e4t<\/strong><\/h3>\n<table>\n<thead>\n<tr>\n<th>Modell<\/th>\n<th>Flascheninhalt (75 cl)<\/th>\n<th>Doseninhalt (0,33 l)<\/th>\n<th>Anmerkungen<\/th>\n<\/tr>\n<\/thead>\n<tbody>\n<tr>\n<td>CW 51 G1TB<\/td>\n<td>52<\/td>\n<td>-<\/td>\n<td>Daten k\u00f6nnen je nach Verpackung variieren<\/td>\n<\/tr>\n<tr>\n<td>CW 46 G2TB<\/td>\n<td>46<\/td>\n<td>-<\/td>\n<td>Zwei-Zonen-K\u00fchler<\/td>\n<\/tr>\n<tr>\n<td>DW 82 INOX<\/td>\n<td>45<\/td>\n<td>171 oben \/ 92 unten<\/td>\n<td>Schubladen aus rostfreiem Stahl<\/td>\n<\/tr>\n<tr>\n<td>DW 82 SCHWARZ<\/td>\n<td>45<\/td>\n<td>171 oben \/ 92 unten<\/td>\n<td>Schubladen aus rostfreiem Stahl<\/td>\n<\/tr>\n<\/tbody>\n<\/table>\n<h3><strong>Abmessungen<\/strong><\/h3>\n<table>\n<thead>\n<tr>\n<th>Modell<\/th>\n<th>Au\u00dfen (BxTxH mm)<\/th>\n<th>Verpackung (BxTxH mm)<\/th>\n<th>Breite (A)<\/th>\n<th>Tiefe (B)<\/th>\n<th>H\u00f6he (C)<\/th>\n<th>Mindesttiefe (D)<\/th>\n<th>Minimale H\u00f6he (E)<\/th>\n<th>Glasaufkleber (mm)<\/th>\n<th>Seitenaufkleber (mm)<\/th>\n<\/tr>\n<\/thead>\n<tbody>\n<tr>\n<td>CW 51 G1TB<\/td>\n<td>595 \u00d7 573 \u00d7 820<\/td>\n<td>660 \u00d7 625 \u00d7 1015<\/td>\n<td>510<\/td>\n<td>445<\/td>\n<td>650<\/td>\n<td>305<\/td>\n<td>550<\/td>\n<td>462 \u00d7 560<\/td>\n<td>530 \u00d7 805<\/td>\n<\/tr>\n<tr>\n<td>CW 46 G2TB<\/td>\n<td>595 \u00d7 573 \u00d7 820<\/td>\n<td>660 \u00d7 625 \u00d7 1015<\/td>\n<td>510<\/td>\n<td>445<\/td>\n<td>650<\/td>\n<td>305<\/td>\n<td>550<\/td>\n<td>462 \u00d7 560<\/td>\n<td>530 \u00d7 805<\/td>\n<\/tr>\n<tr>\n<td>DW 82 INOX<\/td>\n<td>595 \u00d7 628 \u00d7 820<\/td>\n<td>660 \u00d7 588 \u00d7 880<\/td>\n<td>510<\/td>\n<td>430<\/td>\n<td>650<\/td>\n<td>-<\/td>\n<td>-<\/td>\n<td>-<\/td>\n<td>-<\/td>\n<\/tr>\n<tr>\n<td>DW 82 SCHWARZ<\/td>\n<td>595 \u00d7 584 \u00d7 820<\/td>\n<td>660 \u00d7 588 \u00d7 880<\/td>\n<td>510<\/td>\n<td>430<\/td>\n<td>650<\/td>\n<td>-<\/td>\n<td>-<\/td>\n<td>-<\/td>\n<td>-<\/td>\n<\/tr>\n<\/tbody>\n<\/table>\n<h3 data-start=\"1969\" data-end=\"1993\"><strong>Technische Merkmale<\/strong><\/h3>\n<div class=\"_tableContainer_1rjym_1\">\n<div class=\"group _tableWrapper_1rjym_13 flex w-fit flex-col-reverse\">\n<table>\n<thead>\n<tr>\n<th>Merkmal<\/th>\n<th>CW 51 G1TB<\/th>\n<th>CW 46 G2TB<\/th>\n<th>DW 82 INOX<\/th>\n<th>DW 82 SCHWARZ<\/th>\n<\/tr>\n<\/thead>\n<tbody>\n<tr>\n<td>Temperaturbereich<\/td>\n<td>+2\u00b0C \/ +20\u00b0C<\/td>\n<td>+2\u00b0C \/ +20\u00b0C<\/td>\n<td>0\u00b0C \/ +15\u00b0C<\/td>\n<td>0\u00b0C \/ +15\u00b0C<\/td>\n<\/tr>\n<tr>\n<td>Klima-Klasse<\/td>\n<td>N-ST<\/td>\n<td>N-ST<\/td>\n<td>N-ST<\/td>\n<td>N-ST<\/td>\n<\/tr>\n<tr>\n<td>Netto\/Brutto Volumen<\/td>\n<td>145 \/ 150 L<\/td>\n<td>143 \/ 148 L<\/td>\n<td>137 \/ 145 L<\/td>\n<td>137 \/ 145 L<\/td>\n<\/tr>\n<tr>\n<td>Externer K\u00f6rper<\/td>\n<td>Vorlackiertes Blech mit Korrosionsschutz<\/td>\n<td>Vorlackiertes Blech mit Korrosionsschutz<\/td>\n<td>Vorlackiertes Blech mit Korrosionsschutz<\/td>\n<td>Vorlackiertes Blech mit Korrosionsschutz<\/td>\n<\/tr>\n<tr>\n<td>T\u00fcr<\/td>\n<td>Schwarzes Vollglas<\/td>\n<td>Schwarzes Vollglas<\/td>\n<td>INOX 304 Schubladen<\/td>\n<td>Kaltgewalztes Stahlblech, Schubladenfront schwarzes Glas<\/td>\n<\/tr>\n<tr>\n<td>Innenauskleidung<\/td>\n<td>ABS<\/td>\n<td>ABS<\/td>\n<td>ABS<\/td>\n<td>ABS<\/td>\n<\/tr>\n<tr>\n<td>Thermostat<\/td>\n<td>Elektronischer Touchscreen<\/td>\n<td>Elektronischer Touchscreen<\/td>\n<td>Elektronisch<\/td>\n<td>Elektronisch<\/td>\n<\/tr>\n<tr>\n<td>L\u00e4rmpegel<\/td>\n<td>41 dB<\/td>\n<td>38 dB<\/td>\n<td>40 dB<\/td>\n<td>40 dB<\/td>\n<\/tr>\n<tr>\n<td>Dicke der Isolierung<\/td>\n<td>45 mm<\/td>\n<td>45 mm<\/td>\n<td>45 mm<\/td>\n<td>45 mm<\/td>\n<\/tr>\n<tr>\n<td>Abtauen<\/td>\n<td>Automatisch (Kompressor aus)<\/td>\n<td>Automatisch (Kompressor aus)<\/td>\n<td>Automatisch (Kompressor aus)<\/td>\n<td>Automatisch (Kompressor aus)<\/td>\n<\/tr>\n<tr>\n<td>Beleuchtung<\/td>\n<td>1 Horizontale LED<\/td>\n<td>2 horizontale LEDs<\/td>\n<td>2 vertikale LEDs<\/td>\n<td>2 vertikale LEDs<\/td>\n<\/tr>\n<tr>\n<td>Schloss &amp; Schl\u00fcssel<\/td>\n<td>Ja<\/td>\n<td>Ja<\/td>\n<td>-<\/td>\n<td>-<\/td>\n<\/tr>\n<tr>\n<td>Reversible T\u00fcr<\/td>\n<td>Ja<\/td>\n<td>Ja<\/td>\n<td>-<\/td>\n<td>-<\/td>\n<\/tr>\n<tr>\n<td>Regale \/ Schubladen<\/td>\n<td>5 \u00d7 447 \u00d7 492 + 1 \u00d7 292 \u00d7 492 mm<\/td>\n<td>5 \u00d7 447 \u00d7 492 + 1 \u00d7 292 \u00d7 492 mm<\/td>\n<td>2 INOX 304 Schubladen<\/td>\n<td>2 INOX 304 Schubladen<\/td>\n<\/tr>\n<tr>\n<td>Rollen und F\u00fc\u00dfe<\/td>\n<td>4 F\u00fc\u00dfe<\/td>\n<td>4 F\u00fc\u00dfe<\/td>\n<td>4 F\u00fc\u00dfe<\/td>\n<td>4 F\u00fc\u00dfe<\/td>\n<\/tr>\n<tr>\n<td>Netto-\/Bruttogewicht<\/td>\n<td>43 \/ 47 kg<\/td>\n<td>45 \/ 49 kg<\/td>\n<td>48 \/ 52 kg<\/td>\n<td>44 \/ 50 kg<\/td>\n<\/tr>\n<\/tbody>\n<\/table>\n<h3 data-start=\"3414\" data-end=\"3435\"><strong>Elektrische Daten<\/strong><\/h3>\n<div class=\"_tableContainer_1rjym_1\">\n<div class=\"group _tableWrapper_1rjym_13 flex w-fit flex-col-reverse\">\n<table>\n<thead>\n<tr>\n<th>Merkmal<\/th>\n<th>CW 51 G1TB<\/th>\n<th>CW 46 G2TB<\/th>\n<th>DW 82 INOX<\/th>\n<th>DW 82 SCHWARZ<\/th>\n<\/tr>\n<\/thead>\n<tbody>\n<tr>\n<td>Spannung<\/td>\n<td>220 V<\/td>\n<td>220 V<\/td>\n<td>220 V<\/td>\n<td>220 V<\/td>\n<\/tr>\n<tr>\n<td>Frequenz<\/td>\n<td>50 Hz<\/td>\n<td>50 Hz<\/td>\n<td>50 Hz<\/td>\n<td>50 Hz<\/td>\n<\/tr>\n<tr>\n<td>K\u00e4ltemittel<\/td>\n<td>R600A<\/td>\n<td>R600A<\/td>\n<td>R600A<\/td>\n<td>R600A<\/td>\n<\/tr>\n<tr>\n<td>Leistungsabsorption<\/td>\n<td>95 W<\/td>\n<td>95 W<\/td>\n<td>115 W<\/td>\n<td>115 W<\/td>\n<\/tr>\n<tr>\n<td>Energieverbrauch (24h)<\/td>\n<td>0,40 kWh<\/td>\n<td>0,39 kWh<\/td>\n<td>0,324 kWh<\/td>\n<td>0,324 kWh<\/td>\n<\/tr>\n<\/tbody>\n<\/table>\n<\/div>\n<\/div>\n<\/div>\n<\/div>","protected":false},"excerpt":{"rendered":"<p>The CW 51 G1TB is a ventilated wine cooler with a full frameless glass door and removable wooden shelves, suitable for precise temperature-controlled wine storage. This series also includes dual-zone and INOX drawer models for specialized storage needs. Key Features: Full glass frameless door (CW models) Electronic touch screen thermostat Removable wooden shelves (CW models) [&hellip;]<\/p>\n","protected":false},"featured_media":9007,"comment_status":"open","ping_status":"closed","template":"","meta":[],"product_brand":[],"product_cat":[49],"product_tag":[],"class_list":{"0":"post-8995","1":"product","2":"type-product","3":"status-publish","4":"has-post-thumbnail","6":"product_cat-wine-fridges","8":"first","9":"instock","10":"shipping-taxable","11":"product-type-simple"},"_links":{"self":[{"href":"https:\/\/dersuessestopp.com\/de\/wp-json\/wp\/v2\/product\/8995","targetHints":{"allow":["GET"]}}],"collection":[{"href":"https:\/\/dersuessestopp.com\/de\/wp-json\/wp\/v2\/product"}],"about":[{"href":"https:\/\/dersuessestopp.com\/de\/wp-json\/wp\/v2\/types\/product"}],"replies":[{"embeddable":true,"href":"https:\/\/dersuessestopp.com\/de\/wp-json\/wp\/v2\/comments?post=8995"}],"version-history":[{"count":2,"href":"https:\/\/dersuessestopp.com\/de\/wp-json\/wp\/v2\/product\/8995\/revisions"}],"predecessor-version":[{"id":11528,"href":"https:\/\/dersuessestopp.com\/de\/wp-json\/wp\/v2\/product\/8995\/revisions\/11528"}],"wp:featuredmedia":[{"embeddable":true,"href":"https:\/\/dersuessestopp.com\/de\/wp-json\/wp\/v2\/media\/9007"}],"wp:attachment":[{"href":"https:\/\/dersuessestopp.com\/de\/wp-json\/wp\/v2\/media?parent=8995"}],"wp:term":[{"taxonomy":"product_brand","embeddable":true,"href":"https:\/\/dersuessestopp.com\/de\/wp-json\/wp\/v2\/product_brand?post=8995"},{"taxonomy":"product_cat","embeddable":true,"href":"https:\/\/dersuessestopp.com\/de\/wp-json\/wp\/v2\/product_cat?post=8995"},{"taxonomy":"product_tag","embeddable":true,"href":"https:\/\/dersuessestopp.com\/de\/wp-json\/wp\/v2\/product_tag?post=8995"}],"curies":[{"name":"wp","href":"https:\/\/api.w.org\/{rel}","templated":true}]}}