{"id":8987,"date":"2025-09-23T11:51:19","date_gmt":"2025-09-23T11:51:19","guid":{"rendered":"https:\/\/dersuessestopp.com\/?post_type=product&#038;p=8987"},"modified":"2025-10-08T19:18:44","modified_gmt":"2025-10-08T19:18:44","slug":"cw-37-g1tb","status":"publish","type":"product","link":"https:\/\/dersuessestopp.com\/de\/product\/cw-37-g1tb\/","title":{"rendered":"CW 37 G1TB"},"content":{"rendered":"<p data-start=\"175\" data-end=\"477\"><img fetchpriority=\"high\" decoding=\"async\" class=\"alignnone wp-image-11495 size-full\" src=\"https:\/\/dersuessestopp.com\/wp-content\/uploads\/2025\/09\/CW20G1TB_CW37G1TB_CW37G2TB-Dettagli.jpg\" alt=\"\" width=\"2000\" height=\"600\" srcset=\"https:\/\/dersuessestopp.com\/wp-content\/uploads\/2025\/09\/CW20G1TB_CW37G1TB_CW37G2TB-Dettagli.jpg 2000w, https:\/\/dersuessestopp.com\/wp-content\/uploads\/2025\/09\/CW20G1TB_CW37G1TB_CW37G2TB-Dettagli-300x90.jpg 300w, https:\/\/dersuessestopp.com\/wp-content\/uploads\/2025\/09\/CW20G1TB_CW37G1TB_CW37G2TB-Dettagli-1024x307.jpg 1024w, https:\/\/dersuessestopp.com\/wp-content\/uploads\/2025\/09\/CW20G1TB_CW37G1TB_CW37G2TB-Dettagli-768x230.jpg 768w, https:\/\/dersuessestopp.com\/wp-content\/uploads\/2025\/09\/CW20G1TB_CW37G1TB_CW37G2TB-Dettagli-1536x461.jpg 1536w, https:\/\/dersuessestopp.com\/wp-content\/uploads\/2025\/09\/CW20G1TB_CW37G1TB_CW37G2TB-Dettagli-250x75.jpg 250w, https:\/\/dersuessestopp.com\/wp-content\/uploads\/2025\/09\/CW20G1TB_CW37G1TB_CW37G2TB-Dettagli-600x180.jpg 600w\" sizes=\"(max-width: 2000px) 100vw, 2000px\" \/><\/p>\n<p data-start=\"175\" data-end=\"477\">Die <strong data-start=\"179\" data-end=\"193\">CW 37 G1TB<\/strong> ist eine <strong data-start=\"199\" data-end=\"225\">bel\u00fcfteter Weink\u00fchler<\/strong> mit einem <strong data-start=\"238\" data-end=\"267\">rahmenlose Vollglast\u00fcr<\/strong>, elektronischer Touchscreen-Thermostat und herausnehmbare Holzeinlegeb\u00f6den. Konzipiert f\u00fcr <strong data-start=\"347\" data-end=\"390\">Weinlagerung zu Hause, in der Bar oder im professionellen Bereich<\/strong>, Er bietet eine pr\u00e4zise Temperaturkontrolle und eine elegante Pr\u00e4sentation f\u00fcr Weinflaschen.<\/p>\n<h2 data-start=\"954\" data-end=\"965\"><strong>Kapazit\u00e4t<\/strong><\/h2>\n<div class=\"_tableContainer_1rjym_1\">\n<div class=\"group _tableWrapper_1rjym_13 flex w-fit flex-col-reverse\">\n<table>\n<thead>\n<tr>\n<th>Modell<\/th>\n<th>75-cl-Flaschen<\/th>\n<th>Anmerkungen<\/th>\n<\/tr>\n<\/thead>\n<tbody>\n<tr>\n<td>CW 37 G1TB<\/td>\n<td>28<\/td>\n<td>Das Fassungsverm\u00f6gen kann je nach Verpackung variieren<\/td>\n<\/tr>\n<\/tbody>\n<\/table>\n<h2 data-start=\"1451\" data-end=\"1464\"><strong>Abmessungen<\/strong><\/h2>\n<div class=\"_tableContainer_1rjym_1\">\n<div class=\"group _tableWrapper_1rjym_13 flex w-fit flex-col-reverse\">\n<table>\n<thead>\n<tr>\n<th>Beschreibung<\/th>\n<th>Messung (mm)<\/th>\n<\/tr>\n<\/thead>\n<tbody>\n<tr>\n<td>\u00c4u\u00dfere Abmessungen (BxTxH)<\/td>\n<td>380 \u00d7 578 \u00d7 820<\/td>\n<\/tr>\n<tr>\n<td>Abmessungen der Verpackung (BxTxH)<\/td>\n<td>435 \u00d7 655 \u00d7 870<\/td>\n<\/tr>\n<tr>\n<td>Innere Breite (A)<\/td>\n<td>300<\/td>\n<\/tr>\n<tr>\n<td>Innere Tiefe (B)<\/td>\n<td>445<\/td>\n<\/tr>\n<tr>\n<td>Innere H\u00f6he (C)<\/td>\n<td>650<\/td>\n<\/tr>\n<tr>\n<td>Mindesttiefe (D)<\/td>\n<td>325<\/td>\n<\/tr>\n<tr>\n<td>Mindesth\u00f6he (E)<\/td>\n<td>530<\/td>\n<\/tr>\n<tr>\n<td>Seitenaufkleber<\/td>\n<td>530 \u00d7 805<\/td>\n<\/tr>\n<tr>\n<td>Glasaufkleber<\/td>\n<td>247 \u00d7 560<\/td>\n<\/tr>\n<\/tbody>\n<\/table>\n<h2 data-start=\"1843\" data-end=\"1864\"><strong>Technische Merkmale<\/strong><\/h2>\n<div class=\"_tableContainer_1rjym_1\">\n<div class=\"group _tableWrapper_1rjym_13 flex w-fit flex-col-reverse\">\n<table>\n<thead>\n<tr>\n<th>Merkmal<\/th>\n<th>Spezifikation<\/th>\n<\/tr>\n<\/thead>\n<tbody>\n<tr>\n<td>Temperaturbereich<\/td>\n<td>+2\u00b0C \/ +20\u00b0C<\/td>\n<\/tr>\n<tr>\n<td>Klima-Klasse<\/td>\n<td>N-ST<\/td>\n<\/tr>\n<tr>\n<td>Netto\/Brutto Volumen<\/td>\n<td>85 \/ 88 L<\/td>\n<\/tr>\n<tr>\n<td>Externer K\u00f6rper<\/td>\n<td>Bandbeschichtetes Blech mit Korrosionsschutzbehandlung<\/td>\n<\/tr>\n<tr>\n<td>T\u00fcr<\/td>\n<td>Schwarzes Vollglas<\/td>\n<\/tr>\n<tr>\n<td>Innenauskleidung<\/td>\n<td>ABS<\/td>\n<\/tr>\n<tr>\n<td>Thermostat<\/td>\n<td>Elektronischer Touchscreen<\/td>\n<\/tr>\n<tr>\n<td>L\u00e4rmpegel<\/td>\n<td>42 dB<\/td>\n<\/tr>\n<tr>\n<td>Dicke der Isolierung<\/td>\n<td>45 mm<\/td>\n<\/tr>\n<tr>\n<td>Abtau-System<\/td>\n<td>Automatisch (Kompressor aus)<\/td>\n<\/tr>\n<tr>\n<td>Beleuchtung<\/td>\n<td>1 vertikale LED<\/td>\n<\/tr>\n<tr>\n<td>Schloss &amp; Schl\u00fcssel<\/td>\n<td>Ja<\/td>\n<\/tr>\n<tr>\n<td>Reversible T\u00fcr<\/td>\n<td>Ja<\/td>\n<\/tr>\n<tr>\n<td>Regale<\/td>\n<td>5 \u00d7 447 \u00d7 297 mm + 1 \u00d7 308 \u00d7 288 mm (herausnehmbare Holzb\u00f6den)<\/td>\n<\/tr>\n<tr>\n<td>Rollen und F\u00fc\u00dfe<\/td>\n<td>4 F\u00fc\u00dfe<\/td>\n<\/tr>\n<\/tbody>\n<\/table>\n<h2 data-start=\"2467\" data-end=\"2485\"><strong>Elektrische Daten<\/strong><\/h2>\n<div class=\"_tableContainer_1rjym_1\">\n<div class=\"group _tableWrapper_1rjym_13 flex w-fit flex-col-reverse\">\n<table>\n<thead>\n<tr>\n<th>Spezifikation<\/th>\n<th>Wert<\/th>\n<\/tr>\n<\/thead>\n<tbody>\n<tr>\n<td>Spannung<\/td>\n<td>220 V<\/td>\n<\/tr>\n<tr>\n<td>Frequenz<\/td>\n<td>50 Hz<\/td>\n<\/tr>\n<tr>\n<td>K\u00e4ltemittel<\/td>\n<td>R600A<\/td>\n<\/tr>\n<tr>\n<td>Leistungsabsorption<\/td>\n<td>80 W<\/td>\n<\/tr>\n<tr>\n<td>Energieverbrauch (24h)<\/td>\n<td>0,39 kWh<\/td>\n<\/tr>\n<tr>\n<td>Netto-\/Bruttogewicht<\/td>\n<td>36 \/ 39 kg<\/td>\n<\/tr>\n<\/tbody>\n<\/table>\n<\/div>\n<\/div>\n<\/div>\n<\/div>\n<\/div>\n<\/div>\n<\/div>\n<\/div>","protected":false},"excerpt":{"rendered":"<p>The CW 37 G1TB is a ventilated wine cooler featuring a full glass frameless door, electronic touchscreen thermostat, and removable wooden shelves. Designed for home, bar, or professional wine storage, it offers precise temperature control and an elegant presentation for wine bottles. Capacity Model 75 cl Bottles Notes CW 37 G1TB 28 Capacity may vary [&hellip;]<\/p>\n","protected":false},"featured_media":8988,"comment_status":"open","ping_status":"closed","template":"","meta":[],"product_brand":[],"product_cat":[49],"product_tag":[],"class_list":{"0":"post-8987","1":"product","2":"type-product","3":"status-publish","4":"has-post-thumbnail","6":"product_cat-wine-fridges","8":"first","9":"instock","10":"shipping-taxable","11":"product-type-simple"},"_links":{"self":[{"href":"https:\/\/dersuessestopp.com\/de\/wp-json\/wp\/v2\/product\/8987","targetHints":{"allow":["GET"]}}],"collection":[{"href":"https:\/\/dersuessestopp.com\/de\/wp-json\/wp\/v2\/product"}],"about":[{"href":"https:\/\/dersuessestopp.com\/de\/wp-json\/wp\/v2\/types\/product"}],"replies":[{"embeddable":true,"href":"https:\/\/dersuessestopp.com\/de\/wp-json\/wp\/v2\/comments?post=8987"}],"version-history":[{"count":3,"href":"https:\/\/dersuessestopp.com\/de\/wp-json\/wp\/v2\/product\/8987\/revisions"}],"predecessor-version":[{"id":11523,"href":"https:\/\/dersuessestopp.com\/de\/wp-json\/wp\/v2\/product\/8987\/revisions\/11523"}],"wp:featuredmedia":[{"embeddable":true,"href":"https:\/\/dersuessestopp.com\/de\/wp-json\/wp\/v2\/media\/8988"}],"wp:attachment":[{"href":"https:\/\/dersuessestopp.com\/de\/wp-json\/wp\/v2\/media?parent=8987"}],"wp:term":[{"taxonomy":"product_brand","embeddable":true,"href":"https:\/\/dersuessestopp.com\/de\/wp-json\/wp\/v2\/product_brand?post=8987"},{"taxonomy":"product_cat","embeddable":true,"href":"https:\/\/dersuessestopp.com\/de\/wp-json\/wp\/v2\/product_cat?post=8987"},{"taxonomy":"product_tag","embeddable":true,"href":"https:\/\/dersuessestopp.com\/de\/wp-json\/wp\/v2\/product_tag?post=8987"}],"curies":[{"name":"wp","href":"https:\/\/api.w.org\/{rel}","templated":true}]}}