{"id":8959,"date":"2025-09-23T11:33:18","date_gmt":"2025-09-23T11:33:18","guid":{"rendered":"https:\/\/dersuessestopp.com\/?post_type=product&#038;p=8959"},"modified":"2025-09-23T13:29:28","modified_gmt":"2025-09-23T13:29:28","slug":"clw-820-l","status":"publish","type":"product","link":"https:\/\/dersuessestopp.com\/de\/product\/clw-820-l\/","title":{"rendered":"CLW 820 L"},"content":{"rendered":"<p data-start=\"272\" data-end=\"757\">Die <strong data-start=\"276\" data-end=\"289\">CLW 820 L<\/strong> ist ein hochwertiger Weink\u00fchler, in dem Sie Ihre Weinsammlung elegant und effizient aufbewahren und pr\u00e4sentieren k\u00f6nnen. Ausgestattet mit einem <strong data-start=\"408\" data-end=\"437\">rahmenlose Vollglast\u00fcr<\/strong> und <strong data-start=\"442\" data-end=\"474\">thermogeformte ABS-Innenauskleidung<\/strong>, Er gew\u00e4hrleistet eine pr\u00e4zise Temperaturkontrolle f\u00fcr eine optimale Weinkonservierung. Verf\u00fcgbar in <strong data-start=\"559\" data-end=\"639\">zwei luxuri\u00f6se Oberfl\u00e4chen - Mittleres Nussbaumholz (Noce Medio) und Wei\u00df (gebleichte Esche)<\/strong> - Diese K\u00fchlbox f\u00fcgt sich nahtlos in jedes Interieur ein. Optional <strong data-start=\"700\" data-end=\"718\">Holzbretter<\/strong> sind sowohl stilvoll als auch praktisch.<\/p>\n<h3 data-start=\"759\" data-end=\"775\">Kapazit\u00e4t<\/h3>\n<table>\n<thead>\n<tr>\n<th>Flasche Typ<\/th>\n<th>Kapazit\u00e4t<\/th>\n<\/tr>\n<\/thead>\n<tbody>\n<tr>\n<td>75-cl-Flaschen<\/td>\n<td>252<\/td>\n<\/tr>\n<tr>\n<td>Variable Verpackung<\/td>\n<td>Je nach Gr\u00f6\u00dfe<\/td>\n<\/tr>\n<\/tbody>\n<\/table>\n<h3 data-start=\"1445\" data-end=\"1459\">Abmessungen<\/h3>\n<div class=\"_tableContainer_1rjym_1\">\n<div class=\"group _tableWrapper_1rjym_13 flex w-fit flex-col-reverse\">\n<table>\n<thead>\n<tr>\n<th>Dimension Typ<\/th>\n<th>CLW 820 L<\/th>\n<\/tr>\n<\/thead>\n<tbody>\n<tr>\n<td>\u00c4u\u00dfere Abmessungen (BxTxH)<\/td>\n<td>820 x 651 x 1861 mm<\/td>\n<\/tr>\n<tr>\n<td>Abmessungen der Verpackung (BxTxH)<\/td>\n<td>870 x 685 x 2058 mm<\/td>\n<\/tr>\n<tr>\n<td>Breite (A)<\/td>\n<td>711 mm<\/td>\n<\/tr>\n<tr>\n<td>Tiefe (B)<\/td>\n<td>647 mm<\/td>\n<\/tr>\n<tr>\n<td>H\u00f6he (C)<\/td>\n<td>1556 mm<\/td>\n<\/tr>\n<tr>\n<td>Mindesttiefe (D)<\/td>\n<td>179 mm<\/td>\n<\/tr>\n<tr>\n<td>Minimale H\u00f6he (E)<\/td>\n<td>1337 mm<\/td>\n<\/tr>\n<tr>\n<td>Seitenaufkleber<\/td>\n<td>569 x 1810 mm<\/td>\n<\/tr>\n<tr>\n<td>Glasaufkleber<\/td>\n<td>482 x 1507 mm<\/td>\n<\/tr>\n<\/tbody>\n<\/table>\n<h3 data-start=\"1832\" data-end=\"1860\">Technische Daten<\/h3>\n<div class=\"_tableContainer_1rjym_1\">\n<div class=\"group _tableWrapper_1rjym_13 flex w-fit flex-col-reverse\">\n<table>\n<thead>\n<tr>\n<th>Merkmal<\/th>\n<th>Spezifikation<\/th>\n<\/tr>\n<\/thead>\n<tbody>\n<tr>\n<td>Temperaturbereich<\/td>\n<td>+3\u00b0C bis +16\u00b0C (L\u00fcfter aus), +3\u00b0C bis +16\u00b0C (L\u00fcfter ein)<\/td>\n<\/tr>\n<tr>\n<td>Klima-Klasse<\/td>\n<td>ST<\/td>\n<\/tr>\n<tr>\n<td>Bruttovolumen<\/td>\n<td>820 L<\/td>\n<\/tr>\n<tr>\n<td>\u00c4u\u00dfere Oberfl\u00e4che<\/td>\n<td>Bandbeschichtetes Blech mit Korrosionsschutzbehandlung<\/td>\n<\/tr>\n<tr>\n<td>Innenauskleidung<\/td>\n<td>ABS<\/td>\n<\/tr>\n<tr>\n<td>Thermostat<\/td>\n<td>Elektronisch<\/td>\n<\/tr>\n<tr>\n<td>L\u00e4rmpegel<\/td>\n<td>60 dB<\/td>\n<\/tr>\n<tr>\n<td>Dicke der Isolierung<\/td>\n<td>40 mm<\/td>\n<\/tr>\n<tr>\n<td>Abtauen<\/td>\n<td>Automatisch mit elektrischer Heizung<\/td>\n<\/tr>\n<tr>\n<td>Beleuchtung<\/td>\n<td>2 Vertikale LED 7 W<\/td>\n<\/tr>\n<tr>\n<td>T\u00fcr<\/td>\n<td>Selbstschlie\u00dfend, Soft Close mit Schloss und Schl\u00fcssel<\/td>\n<\/tr>\n<tr>\n<td>Reversible T\u00fcr<\/td>\n<td>Ja<\/td>\n<\/tr>\n<tr>\n<td>Regale<\/td>\n<td>Optionale Holzeinlegeb\u00f6den<\/td>\n<\/tr>\n<tr>\n<td>Rollen-Fu\u00df<\/td>\n<td>4 Rollen + 2 F\u00fc\u00dfe<\/td>\n<\/tr>\n<tr>\n<td>Netto-Brutto Gewicht<\/td>\n<td>150 \/ 165 kg<\/td>\n<\/tr>\n<tr>\n<td>Spannung<\/td>\n<td>220-240 V<\/td>\n<\/tr>\n<tr>\n<td>Frequenz<\/td>\n<td>50 Hz<\/td>\n<\/tr>\n<tr>\n<td>K\u00e4ltemittel<\/td>\n<td>R600A<\/td>\n<\/tr>\n<tr>\n<td>Absorption<\/td>\n<td>250 W<\/td>\n<\/tr>\n<tr>\n<td>Energieverbrauch<\/td>\n<td>2,1 kWh\/24H<\/td>\n<\/tr>\n<\/tbody>\n<\/table>\n<\/div>\n<\/div>\n<\/div>\n<\/div>","protected":false},"excerpt":{"rendered":"<p>The CLW 820 L is a premium wine cooler designed to store and display your wine collection with elegance and efficiency. Featuring a full glass frameless door and thermoformed ABS inner liner, it ensures precise temperature control for optimal wine preservation. Available in two luxurious finishes \u2013 Medium Walnut (Noce Medio) and White (Bleached Ash) [&hellip;]<\/p>\n","protected":false},"featured_media":8963,"comment_status":"open","ping_status":"closed","template":"","meta":[],"product_brand":[],"product_cat":[49],"product_tag":[],"class_list":{"0":"post-8959","1":"product","2":"type-product","3":"status-publish","4":"has-post-thumbnail","6":"product_cat-wine-fridges","8":"first","9":"instock","10":"shipping-taxable","11":"purchasable","12":"product-type-variable"},"_links":{"self":[{"href":"https:\/\/dersuessestopp.com\/de\/wp-json\/wp\/v2\/product\/8959","targetHints":{"allow":["GET"]}}],"collection":[{"href":"https:\/\/dersuessestopp.com\/de\/wp-json\/wp\/v2\/product"}],"about":[{"href":"https:\/\/dersuessestopp.com\/de\/wp-json\/wp\/v2\/types\/product"}],"replies":[{"embeddable":true,"href":"https:\/\/dersuessestopp.com\/de\/wp-json\/wp\/v2\/comments?post=8959"}],"version-history":[{"count":3,"href":"https:\/\/dersuessestopp.com\/de\/wp-json\/wp\/v2\/product\/8959\/revisions"}],"predecessor-version":[{"id":9040,"href":"https:\/\/dersuessestopp.com\/de\/wp-json\/wp\/v2\/product\/8959\/revisions\/9040"}],"wp:featuredmedia":[{"embeddable":true,"href":"https:\/\/dersuessestopp.com\/de\/wp-json\/wp\/v2\/media\/8963"}],"wp:attachment":[{"href":"https:\/\/dersuessestopp.com\/de\/wp-json\/wp\/v2\/media?parent=8959"}],"wp:term":[{"taxonomy":"product_brand","embeddable":true,"href":"https:\/\/dersuessestopp.com\/de\/wp-json\/wp\/v2\/product_brand?post=8959"},{"taxonomy":"product_cat","embeddable":true,"href":"https:\/\/dersuessestopp.com\/de\/wp-json\/wp\/v2\/product_cat?post=8959"},{"taxonomy":"product_tag","embeddable":true,"href":"https:\/\/dersuessestopp.com\/de\/wp-json\/wp\/v2\/product_tag?post=8959"}],"curies":[{"name":"wp","href":"https:\/\/api.w.org\/{rel}","templated":true}]}}