{"id":8954,"date":"2025-09-23T11:46:21","date_gmt":"2025-09-23T11:46:21","guid":{"rendered":"https:\/\/dersuessestopp.com\/?post_type=product&#038;p=8954"},"modified":"2025-10-08T19:15:26","modified_gmt":"2025-10-08T19:15:26","slug":"clw-820-l-natur","status":"publish","type":"product","link":"https:\/\/dersuessestopp.com\/de\/product\/clw-820-l-natural\/","title":{"rendered":"CLW 820 L NATUR"},"content":{"rendered":"<p data-start=\"198\" data-end=\"480\"><img fetchpriority=\"high\" decoding=\"async\" class=\"alignnone wp-image-11469 size-full\" src=\"https:\/\/dersuessestopp.com\/wp-content\/uploads\/2025\/09\/CLW420L-Dettagli-2.jpg\" alt=\"\" width=\"2000\" height=\"1005\" srcset=\"https:\/\/dersuessestopp.com\/wp-content\/uploads\/2025\/09\/CLW420L-Dettagli-2.jpg 2000w, https:\/\/dersuessestopp.com\/wp-content\/uploads\/2025\/09\/CLW420L-Dettagli-2-300x151.jpg 300w, https:\/\/dersuessestopp.com\/wp-content\/uploads\/2025\/09\/CLW420L-Dettagli-2-1024x515.jpg 1024w, https:\/\/dersuessestopp.com\/wp-content\/uploads\/2025\/09\/CLW420L-Dettagli-2-768x386.jpg 768w, https:\/\/dersuessestopp.com\/wp-content\/uploads\/2025\/09\/CLW420L-Dettagli-2-1536x772.jpg 1536w, https:\/\/dersuessestopp.com\/wp-content\/uploads\/2025\/09\/CLW420L-Dettagli-2-250x126.jpg 250w, https:\/\/dersuessestopp.com\/wp-content\/uploads\/2025\/09\/CLW420L-Dettagli-2-600x302.jpg 600w\" sizes=\"(max-width: 2000px) 100vw, 2000px\" \/><\/p>\n<p data-start=\"198\" data-end=\"480\">Die <strong data-start=\"218\" data-end=\"239\">CLW 820 L NATUR<\/strong> ist ein hochwertiger statischer Weink\u00fchler mit optionalem Ventilatorbetrieb (ein\/aus) und Massivholzbeschichtung. Dieses Modell besteht aus <strong data-start=\"361\" data-end=\"396\">2 montierte K\u00fchlaggregate<\/strong>; Energieklasse und Ger\u00e4uschpegel beziehen sich auf ein einziges Ger\u00e4t. Erh\u00e4ltlich in folgenden Ausf\u00fchrungen:<\/p>\n<ul data-start=\"481\" data-end=\"596\">\n<li data-start=\"481\" data-end=\"509\">\n<p data-start=\"483\" data-end=\"509\"><strong data-start=\"483\" data-end=\"495\">Nat\u00fcrlich:<\/strong> Natur-Esche<\/p>\n<\/li>\n<li data-start=\"510\" data-end=\"534\">\n<p data-start=\"512\" data-end=\"534\"><strong data-start=\"512\" data-end=\"522\">Schwarz:<\/strong> Schwarze Esche<\/p>\n<\/li>\n<li data-start=\"535\" data-end=\"568\">\n<p data-start=\"537\" data-end=\"568\"><strong data-start=\"537\" data-end=\"555\">Walnuss mittel:<\/strong> Walnuss Esche<\/p>\n<\/li>\n<li data-start=\"569\" data-end=\"596\">\n<p data-start=\"571\" data-end=\"596\"><strong data-start=\"571\" data-end=\"581\">Wei\u00df:<\/strong> Gebleichtes Eschenholz<\/p>\n<\/li>\n<\/ul>\n<p data-start=\"598\" data-end=\"617\"><strong data-start=\"598\" data-end=\"615\">Hauptmerkmale:<\/strong><\/p>\n<ul data-start=\"618\" data-end=\"766\">\n<li data-start=\"618\" data-end=\"644\">\n<p data-start=\"620\" data-end=\"644\">Beschichtung aus massivem Eschenholz<\/p>\n<\/li>\n<li data-start=\"645\" data-end=\"672\">\n<p data-start=\"647\" data-end=\"672\">Optionale Holzb\u00f6den<\/p>\n<\/li>\n<li data-start=\"673\" data-end=\"697\">\n<p data-start=\"675\" data-end=\"697\">Verspiegeltes Stahlblech<\/p>\n<\/li>\n<li data-start=\"698\" data-end=\"722\">\n<p data-start=\"700\" data-end=\"722\">L\u00fcfterbetrieb ein\/aus<\/p>\n<\/li>\n<li data-start=\"723\" data-end=\"766\">\n<p data-start=\"725\" data-end=\"766\">Optionale Smart Link WiFi-Fernbedienung<\/p>\n<\/li>\n<\/ul>\n<h3 data-start=\"773\" data-end=\"787\"><strong>Kapazit\u00e4t<\/strong><\/h3>\n<div class=\"_tableContainer_1rjym_1\">\n<div class=\"group _tableWrapper_1rjym_13 flex w-fit flex-col-reverse\">\n<table>\n<thead>\n<tr>\n<th>Modell<\/th>\n<th>Flascheninhalt (75 cl)<\/th>\n<th>Anmerkungen<\/th>\n<\/tr>\n<\/thead>\n<tbody>\n<tr>\n<td>CLW 820 L NATUR<\/td>\n<td>252<\/td>\n<td>Daten k\u00f6nnen je nach Verpackung variieren<\/td>\n<\/tr>\n<\/tbody>\n<\/table>\n<\/div>\n<h3 data-start=\"949\" data-end=\"965\"><strong>Abmessungen<\/strong><\/h3>\n<div class=\"_tableContainer_1rjym_1\">\n<div class=\"group _tableWrapper_1rjym_13 flex w-fit flex-col-reverse\">\n<table>\n<thead>\n<tr>\n<th>Beschreibung<\/th>\n<th>Messung (mm)<\/th>\n<\/tr>\n<\/thead>\n<tbody>\n<tr>\n<td>\u00c4u\u00dfere Abmessungen (BxTxH)<\/td>\n<td>1295 \u00d7 635 \u00d7 1880<\/td>\n<\/tr>\n<tr>\n<td>Abmessungen der Verpackung (BxTxH)<\/td>\n<td>1345 \u00d7 740 \u00d7 2050<\/td>\n<\/tr>\n<tr>\n<td>Innere Breite (A)<\/td>\n<td>522 \u00d7 2<\/td>\n<\/tr>\n<tr>\n<td>Innere Tiefe (B)<\/td>\n<td>449<\/td>\n<\/tr>\n<tr>\n<td>Innere H\u00f6he (C)<\/td>\n<td>1557<\/td>\n<\/tr>\n<tr>\n<td>Mindesttiefe (D)<\/td>\n<td>179<\/td>\n<\/tr>\n<tr>\n<td>Mindesth\u00f6he (E)<\/td>\n<td>1337<\/td>\n<\/tr>\n<tr>\n<td>Glasaufkleber<\/td>\n<td>503 \u00d7 1544 (\u00d72)<\/td>\n<\/tr>\n<\/tbody>\n<\/table>\n<h3 data-start=\"1333\" data-end=\"1357\"><strong>Technische Merkmale<\/strong><\/h3>\n<div class=\"_tableContainer_1rjym_1\">\n<div class=\"group _tableWrapper_1rjym_13 flex w-fit flex-col-reverse\">\n<table>\n<thead>\n<tr>\n<th>Merkmal<\/th>\n<th>Spezifikation<\/th>\n<\/tr>\n<\/thead>\n<tbody>\n<tr>\n<td>Temperaturbereich (L\u00fcfter AUS)<\/td>\n<td>+16\u00b0C \/ +10\u00b0C \/ +5\u00b0C<\/td>\n<\/tr>\n<tr>\n<td>Temperaturbereich (L\u00fcfter EIN)<\/td>\n<td>+4\u00b0C \/ +18\u00b0C<\/td>\n<\/tr>\n<tr>\n<td>Klima-Klasse<\/td>\n<td>4<\/td>\n<\/tr>\n<tr>\n<td>Netto\/Brutto Volumen<\/td>\n<td>684 L \/ 764 L<\/td>\n<\/tr>\n<tr>\n<td>Beschichtung<\/td>\n<td>Massives Eschenholz<\/td>\n<\/tr>\n<tr>\n<td>Innenauskleidung<\/td>\n<td>ABS<\/td>\n<\/tr>\n<tr>\n<td>Thermostat<\/td>\n<td>Elektronisch<\/td>\n<\/tr>\n<tr>\n<td>L\u00e4rmpegel<\/td>\n<td>55 dB (pro Einheit)<\/td>\n<\/tr>\n<tr>\n<td>Fernsteuerung<\/td>\n<td>Optionales Smart Link WiFi<\/td>\n<\/tr>\n<tr>\n<td>Dicke der Isolierung<\/td>\n<td>40 mm<\/td>\n<\/tr>\n<tr>\n<td>Abtau-System<\/td>\n<td>Automatisch (Kompressor aus) + Manuell<\/td>\n<\/tr>\n<tr>\n<td>Beleuchtung<\/td>\n<td>4 vertikale LEDs<\/td>\n<\/tr>\n<tr>\n<td>Selbstschlie\u00dfende T\u00fcr<\/td>\n<td>Ja<\/td>\n<\/tr>\n<tr>\n<td>Schloss &amp; Schl\u00fcssel<\/td>\n<td>Ja<\/td>\n<\/tr>\n<tr>\n<td>Einlegeb\u00f6den (BxT)<\/td>\n<td>10 \u00d7 513 \u00d7 410 mm, Holzb\u00f6den optional<\/td>\n<\/tr>\n<tr>\n<td>Rollen und F\u00fc\u00dfe<\/td>\n<td>4 F\u00fc\u00dfe + 4 Rollen<\/td>\n<\/tr>\n<tr>\n<td>Netto-\/Bruttogewicht<\/td>\n<td>160 \/ 174 kg<\/td>\n<\/tr>\n<\/tbody>\n<\/table>\n<h3 data-start=\"2054\" data-end=\"2075\"><strong>Elektrische Daten<\/strong><\/h3>\n<div class=\"_tableContainer_1rjym_1\">\n<div class=\"group _tableWrapper_1rjym_13 flex w-fit flex-col-reverse\">\n<table>\n<thead>\n<tr>\n<th>Spezifikation<\/th>\n<th>Wert<\/th>\n<\/tr>\n<\/thead>\n<tbody>\n<tr>\n<td>Spannung<\/td>\n<td>220 V<\/td>\n<\/tr>\n<tr>\n<td>Frequenz<\/td>\n<td>50 Hz<\/td>\n<\/tr>\n<tr>\n<td>K\u00e4ltemittel<\/td>\n<td>R600A<\/td>\n<\/tr>\n<tr>\n<td>Leistungsabsorption<\/td>\n<td>244 W<\/td>\n<\/tr>\n<tr>\n<td>Energieverbrauch (24h)<\/td>\n<td>5,68 kWh<\/td>\n<\/tr>\n<\/tbody>\n<\/table>\n<\/div>\n<\/div>\n<\/div>\n<\/div>\n<\/div>\n<\/div>\n<\/div>","protected":false},"excerpt":{"rendered":"<p>The CLW 820 L NATURAL is a premium static wine cooler featuring optional fan operation (on\/off) and solid wood coating. This model consists of 2 assembled refrigeration units; energy class and noise level refer to a single unit. Available finishes include: Natural: Natural Ash Black: Black Ash Medium Walnut: Walnut Ash White: Bleached Ash Key [&hellip;]<\/p>\n","protected":false},"featured_media":8979,"comment_status":"open","ping_status":"closed","template":"","meta":[],"product_brand":[],"product_cat":[49],"product_tag":[],"class_list":{"0":"post-8954","1":"product","2":"type-product","3":"status-publish","4":"has-post-thumbnail","6":"product_cat-wine-fridges","8":"first","9":"instock","10":"shipping-taxable","11":"product-type-simple"},"_links":{"self":[{"href":"https:\/\/dersuessestopp.com\/de\/wp-json\/wp\/v2\/product\/8954","targetHints":{"allow":["GET"]}}],"collection":[{"href":"https:\/\/dersuessestopp.com\/de\/wp-json\/wp\/v2\/product"}],"about":[{"href":"https:\/\/dersuessestopp.com\/de\/wp-json\/wp\/v2\/types\/product"}],"replies":[{"embeddable":true,"href":"https:\/\/dersuessestopp.com\/de\/wp-json\/wp\/v2\/comments?post=8954"}],"version-history":[{"count":3,"href":"https:\/\/dersuessestopp.com\/de\/wp-json\/wp\/v2\/product\/8954\/revisions"}],"predecessor-version":[{"id":11507,"href":"https:\/\/dersuessestopp.com\/de\/wp-json\/wp\/v2\/product\/8954\/revisions\/11507"}],"wp:featuredmedia":[{"embeddable":true,"href":"https:\/\/dersuessestopp.com\/de\/wp-json\/wp\/v2\/media\/8979"}],"wp:attachment":[{"href":"https:\/\/dersuessestopp.com\/de\/wp-json\/wp\/v2\/media?parent=8954"}],"wp:term":[{"taxonomy":"product_brand","embeddable":true,"href":"https:\/\/dersuessestopp.com\/de\/wp-json\/wp\/v2\/product_brand?post=8954"},{"taxonomy":"product_cat","embeddable":true,"href":"https:\/\/dersuessestopp.com\/de\/wp-json\/wp\/v2\/product_cat?post=8954"},{"taxonomy":"product_tag","embeddable":true,"href":"https:\/\/dersuessestopp.com\/de\/wp-json\/wp\/v2\/product_tag?post=8954"}],"curies":[{"name":"wp","href":"https:\/\/api.w.org\/{rel}","templated":true}]}}