{"id":7452,"date":"2025-09-01T08:11:35","date_gmt":"2025-09-01T08:11:35","guid":{"rendered":"https:\/\/dersuessestopp.com\/?post_type=product&#038;p=7452"},"modified":"2025-09-24T21:57:49","modified_gmt":"2025-09-24T21:57:49","slug":"6695-c","status":"publish","type":"product","link":"https:\/\/dersuessestopp.com\/de\/product\/6695-c\/","title":{"rendered":"6695-C"},"content":{"rendered":"<p data-start=\"161\" data-end=\"436\">Die <strong data-start=\"165\" data-end=\"184\">Weltraumfahrer 6695-C<\/strong> ist eine <strong data-start=\"190\" data-end=\"254\">Gefrierschrank f\u00fcr gefrorene Getr\u00e4nke mit hohem Fassungsverm\u00f6gen und zwei Geschmacksrichtungen<\/strong>, Er eignet sich perfekt f\u00fcr Bars, Restaurants und Getr\u00e4nkem\u00e4rkte mit hohem Aufkommen. Er dient <strong data-start=\"336\" data-end=\"381\">alkoholische und alkoholfreie Tiefk\u00fchlgetr\u00e4nke<\/strong>, einschlie\u00dflich Milchshakes, effizient und konsistent.<\/p>\n<p data-start=\"438\" data-end=\"792\">Die Merkmale des 6695-C <strong data-start=\"458\" data-end=\"490\">durchsichtige Schankt\u00fcren<\/strong>, <strong data-start=\"492\" data-end=\"512\">schnelles Einfrieren<\/strong>, und <strong data-start=\"518\" data-end=\"538\">Trichterr\u00fchrwerke<\/strong> um eine perfekte Produktkonsistenz zu gew\u00e4hrleisten. Sein <strong data-start=\"584\" data-end=\"613\">mechanisches Steuerungssystem<\/strong> erm\u00f6glicht eine einfache Bedienung und pr\u00e4zise Viskosit\u00e4tseinstellung. Optionale Merkmale umfassen eine <strong data-start=\"698\" data-end=\"727\">einh\u00e4ndig bedienbarer Spinner<\/strong> und <strong data-start=\"732\" data-end=\"745\">Lichtkasten<\/strong> f\u00fcr erh\u00f6hte Produktivit\u00e4t und visuelle Attraktivit\u00e4t.<\/p>\n<h2 data-start=\"799\" data-end=\"816\">Wesentliche Merkmale<\/h2>\n<ul data-start=\"818\" data-end=\"1477\">\n<li data-start=\"818\" data-end=\"889\">\n<p data-start=\"820\" data-end=\"889\"><strong data-start=\"820\" data-end=\"851\">Thekenmodell mit zwei Geschmacksrichtungen<\/strong> f\u00fcr Tiefk\u00fchlgetr\u00e4nke und Milchshakes<\/p>\n<\/li>\n<li data-start=\"890\" data-end=\"953\">\n<p data-start=\"892\" data-end=\"953\"><strong data-start=\"892\" data-end=\"924\">Durchsichtige Schankt\u00fcren<\/strong> die Sichtbarkeit der Produkte verbessern<\/p>\n<\/li>\n<li data-start=\"954\" data-end=\"1023\">\n<p data-start=\"956\" data-end=\"1023\"><strong data-start=\"956\" data-end=\"976\">Schnelles Einfrieren<\/strong> mit patentiertem hocheffizientem W\u00e4rmetauscher<\/p>\n<\/li>\n<li data-start=\"1024\" data-end=\"1078\">\n<p data-start=\"1026\" data-end=\"1078\"><strong data-start=\"1026\" data-end=\"1053\">Kontrollleuchte f\u00fcr niedrige Mischung<\/strong> Warnungen bei niedrigem Mischungsverh\u00e4ltnis<\/p>\n<\/li>\n<li data-start=\"1079\" data-end=\"1149\">\n<p data-start=\"1081\" data-end=\"1149\"><strong data-start=\"1081\" data-end=\"1120\">Gek\u00fchlte Trichter mit R\u00fchrwerken<\/strong> Produkttrennung verhindern<\/p>\n<\/li>\n<li data-start=\"1150\" data-end=\"1210\">\n<p data-start=\"1152\" data-end=\"1210\"><strong data-start=\"1152\" data-end=\"1168\">Standby-Modus<\/strong> h\u00e4lt die Produkttemperatur \u00fcber Nacht aufrecht<\/p>\n<\/li>\n<li data-start=\"1211\" data-end=\"1266\">\n<p data-start=\"1213\" data-end=\"1266\"><strong data-start=\"1213\" data-end=\"1247\">Selbstschlie\u00dfende Zapfventile<\/strong> \u00dcberlaufen verhindern<\/p>\n<\/li>\n<li data-start=\"1267\" data-end=\"1336\">\n<p data-start=\"1269\" data-end=\"1336\"><strong data-start=\"1269\" data-end=\"1291\">Sicherheitsvorkehrungen<\/strong>: Hochdruckschalter und thermische \u00dcberlast<\/p>\n<\/li>\n<li data-start=\"1337\" data-end=\"1410\">\n<p data-start=\"1339\" data-end=\"1410\"><strong data-start=\"1339\" data-end=\"1377\">Optionaler einh\u00e4ndig bedienbarer Spinner<\/strong> f\u00fcr Multitasking und Mischen<\/p>\n<\/li>\n<li data-start=\"1411\" data-end=\"1477\">\n<p data-start=\"1413\" data-end=\"1477\"><strong data-start=\"1413\" data-end=\"1435\">Optionaler Lichtkasten<\/strong> f\u00fcr beleuchtete Geschmackskarten und Warnhinweise<\/p>\n<\/li>\n<\/ul>\n<h2 data-start=\"1484\" data-end=\"1503\">Spezifikationen<\/h2>\n<table>\n<thead>\n<tr>\n<th><strong>Modell<\/strong><\/th>\n<th>Weltraumfahrer 6695-C<\/th>\n<\/tr>\n<\/thead>\n<tbody>\n<tr>\n<td><strong>Geschm\u00e4cker<\/strong><\/td>\n<td>2<\/td>\n<\/tr>\n<tr>\n<td><strong>Einfrieren von Zylindern<\/strong><\/td>\n<td>2 \u00d7 6,9 L (7,3 qt)<\/td>\n<\/tr>\n<tr>\n<td><strong>Mischbunker<\/strong><\/td>\n<td>2 \u00d7 12 L (12,7 qt)<\/td>\n<\/tr>\n<tr>\n<td><strong>Ausgabekapazit\u00e4t (250 ml)<\/strong><\/td>\n<td>320 Portionen\/Stunde<\/td>\n<\/tr>\n<tr>\n<td><strong>Kontrollsystem<\/strong><\/td>\n<td>Mechanisch, 2 Einheiten<\/td>\n<\/tr>\n<tr>\n<td><strong>Dosierventile<\/strong><\/td>\n<td>Selbstschlie\u00dfende<\/td>\n<\/tr>\n<tr>\n<td><strong>Trichterr\u00fchrwerke<\/strong><\/td>\n<td>Ja<\/td>\n<\/tr>\n<tr>\n<td><strong>Standby-Modus<\/strong><\/td>\n<td>Ja (h\u00e4lt die Mischung unter 4,4\u00b0C \/ 40\u00b0F)<\/td>\n<\/tr>\n<tr>\n<td><strong>Sicherheitsmerkmale<\/strong><\/td>\n<td>Hochdruckschutz, thermischer \u00dcberlastungsschutz<\/td>\n<\/tr>\n<\/tbody>\n<\/table>\n<h2 data-start=\"1994\" data-end=\"2018\">Abmessungen und Gewicht<\/h2>\n<div class=\"_tableContainer_1rjym_1\">\n<div class=\"_tableWrapper_1rjym_13 group flex w-fit flex-col-reverse\">\n<table>\n<thead>\n<tr>\n<th><strong>Messung<\/strong><\/th>\n<th><strong>Netto (mm \/ in)<\/strong><\/th>\n<th><strong>Versand (mm \/ in)<\/strong><\/th>\n<\/tr>\n<\/thead>\n<tbody>\n<tr>\n<td>Breite<\/td>\n<td>532 mm \/ 20.9 in<\/td>\n<td>570 mm \/ 22.4 in<\/td>\n<\/tr>\n<tr>\n<td>Tiefe<\/td>\n<td>652 mm \/ 25,7 Zoll<\/td>\n<td>800 mm \/ 31,5 Zoll<\/td>\n<\/tr>\n<tr>\n<td>H\u00f6he<\/td>\n<td>995 mm \/ 39,2 Zoll<\/td>\n<td>1140 mm \/ 44.9 in<\/td>\n<\/tr>\n<tr>\n<td>Gewicht<\/td>\n<td>220 kg \/ 485 lb<\/td>\n<td>235 kg \/ 518 lb<\/td>\n<\/tr>\n<tr>\n<td>Band<\/td>\n<td>0,52 CBM \/ 18,36 CBF<\/td>\n<td>&#8211;<\/td>\n<\/tr>\n<\/tbody>\n<\/table>\n<h2 data-start=\"2386\" data-end=\"2401\">Elektrisch<\/h2>\n<div class=\"_tableContainer_1rjym_1\">\n<div class=\"_tableWrapper_1rjym_13 group flex w-fit flex-col-reverse\">\n<table>\n<thead>\n<tr>\n<th><strong>Spannung<\/strong><\/th>\n<th><strong>Leistung (kW)<\/strong><\/th>\n<th><strong>Gesamtstromst\u00e4rke (A)<\/strong><\/th>\n<th><strong>Sicherung (A)<\/strong><\/th>\n<\/tr>\n<\/thead>\n<tbody>\n<tr>\n<td>220-240V \/ 50Hz \/ 1Ph<\/td>\n<td>3.0<\/td>\n<td>15<\/td>\n<td>25<\/td>\n<\/tr>\n<tr>\n<td>208-230V \/ 60Hz \/ 1Ph<\/td>\n<td>3.2<\/td>\n<td>16<\/td>\n<td>25<\/td>\n<\/tr>\n<\/tbody>\n<\/table>\n<\/div>\n<\/div>\n<\/div>\n<\/div>","protected":false},"excerpt":{"rendered":"<p>The Spaceman 6695-C is a high-capacity, two-flavor countertop frozen beverage freezer, perfect for busy bars, restaurants, and high-volume beverage outlets. It serves alcoholic and non-alcoholic frozen drinks, including milkshakes, efficiently and consistently. The 6695-C features see-through dispensing doors, fast freeze down, and hopper agitators to maintain perfect product consistency. Its mechanical control system allows easy [&hellip;]<\/p>\n","protected":false},"featured_media":7456,"comment_status":"open","ping_status":"closed","template":"","meta":[],"product_brand":[],"product_cat":[66,67,55],"product_tag":[],"class_list":{"0":"post-7452","1":"product","2":"type-product","3":"status-publish","4":"has-post-thumbnail","6":"product_cat-milkshake-maschines","7":"product_cat-professional-frozen-drink-maschines","8":"product_cat-frozen-drinks-machines","10":"first","11":"instock","12":"shipping-taxable","13":"product-type-simple"},"_links":{"self":[{"href":"https:\/\/dersuessestopp.com\/de\/wp-json\/wp\/v2\/product\/7452","targetHints":{"allow":["GET"]}}],"collection":[{"href":"https:\/\/dersuessestopp.com\/de\/wp-json\/wp\/v2\/product"}],"about":[{"href":"https:\/\/dersuessestopp.com\/de\/wp-json\/wp\/v2\/types\/product"}],"replies":[{"embeddable":true,"href":"https:\/\/dersuessestopp.com\/de\/wp-json\/wp\/v2\/comments?post=7452"}],"version-history":[{"count":2,"href":"https:\/\/dersuessestopp.com\/de\/wp-json\/wp\/v2\/product\/7452\/revisions"}],"predecessor-version":[{"id":7458,"href":"https:\/\/dersuessestopp.com\/de\/wp-json\/wp\/v2\/product\/7452\/revisions\/7458"}],"wp:featuredmedia":[{"embeddable":true,"href":"https:\/\/dersuessestopp.com\/de\/wp-json\/wp\/v2\/media\/7456"}],"wp:attachment":[{"href":"https:\/\/dersuessestopp.com\/de\/wp-json\/wp\/v2\/media?parent=7452"}],"wp:term":[{"taxonomy":"product_brand","embeddable":true,"href":"https:\/\/dersuessestopp.com\/de\/wp-json\/wp\/v2\/product_brand?post=7452"},{"taxonomy":"product_cat","embeddable":true,"href":"https:\/\/dersuessestopp.com\/de\/wp-json\/wp\/v2\/product_cat?post=7452"},{"taxonomy":"product_tag","embeddable":true,"href":"https:\/\/dersuessestopp.com\/de\/wp-json\/wp\/v2\/product_tag?post=7452"}],"curies":[{"name":"wp","href":"https:\/\/api.w.org\/{rel}","templated":true}]}}