{"id":7428,"date":"2025-09-01T07:37:21","date_gmt":"2025-09-01T07:37:21","guid":{"rendered":"https:\/\/dersuessestopp.com\/?post_type=product&#038;p=7428"},"modified":"2025-09-01T07:37:21","modified_gmt":"2025-09-01T07:37:21","slug":"flow-a3-schreibtisch","status":"publish","type":"product","link":"https:\/\/dersuessestopp.com\/de\/product\/flow-a3-desk\/","title":{"rendered":"Flow A3-Schreibtisch"},"content":{"rendered":"<p data-start=\"202\" data-end=\"522\">Die <strong data-start=\"206\" data-end=\"222\">FLOW A3-Schreibtisch<\/strong> ist eine professionelle Tiefziehmaschine f\u00fcr die Verarbeitung von <strong data-start=\"283\" data-end=\"310\">Kunststoffplatten im A3-Format<\/strong> mit Dicken von <strong data-start=\"341\" data-end=\"356\">0,5 bis 4 mm<\/strong>. Es ist die perfekte L\u00f6sung f\u00fcr Konditoren, Chocolatiers und kreative Profis, die \u00fcber Standardformen hinausgehen und <strong data-start=\"493\" data-end=\"519\">individuelle, einzigartige Designs<\/strong>.<\/p>\n<p data-start=\"524\" data-end=\"810\">Mit dem FLOW A3 Desk k\u00f6nnen Sie <strong data-start=\"562\" data-end=\"646\">personalisierte Schokoladentafeln, individuelle Formen mit Logos oder Namen und themenbezogene Formen<\/strong> wie z. B. Werkzeuge, Spielzeug oder Modelle. Jedes Objekt mit einer flachen Oberfl\u00e4che, das sich f\u00fcr die Thermoformung eignet, kann in eine Form verwandelt werden, wodurch sich unbegrenzte kreative M\u00f6glichkeiten ergeben.<\/p>\n<h3 data-start=\"812\" data-end=\"834\">Produktmerkmale<\/h3>\n<ul data-start=\"835\" data-end=\"1195\">\n<li data-start=\"835\" data-end=\"892\">\n<p data-start=\"837\" data-end=\"892\"><strong data-start=\"837\" data-end=\"861\">Eingebaute Vakuumpumpe<\/strong> f\u00fcr eine perfekte Blattanhaftung.<\/p>\n<\/li>\n<li data-start=\"893\" data-end=\"976\">\n<p data-start=\"895\" data-end=\"976\"><strong data-start=\"895\" data-end=\"933\">Sofortige Erw\u00e4rmung mit Halogenlampen<\/strong> (1.600 W) f\u00fcr schnellen, effizienten Betrieb.<\/p>\n<\/li>\n<li data-start=\"977\" data-end=\"1050\">\n<p data-start=\"979\" data-end=\"1050\">Ideal f\u00fcr <strong data-start=\"989\" data-end=\"1047\">Prototyping und professioneller Formenbau f\u00fcr S\u00fc\u00dfwaren<\/strong>.<\/p>\n<\/li>\n<li data-start=\"1051\" data-end=\"1112\">\n<p data-start=\"1053\" data-end=\"1112\">Weit verbreitet in der <strong data-start=\"1072\" data-end=\"1109\">Lebensmittel-, Medizin- und Dentalbereich<\/strong>.<\/p>\n<\/li>\n<li data-start=\"1113\" data-end=\"1195\">\n<p data-start=\"1115\" data-end=\"1195\"><strong data-start=\"1115\" data-end=\"1135\">Funktion umkehren<\/strong> um das tiefgezogene Produkt leicht aus der Form zu entnehmen.<\/p>\n<\/li>\n<\/ul>\n<h3 data-start=\"1197\" data-end=\"1227\">Technische Daten<\/h3>\n<table>\n<thead>\n<tr>\n<th><strong>Kategorie<\/strong><\/th>\n<th><strong>Einzelheiten<\/strong><\/th>\n<\/tr>\n<\/thead>\n<tbody>\n<tr>\n<td><strong>Abmessungen und Gewicht<\/strong><\/td>\n<td>L\u00e4nge: 45 cmBreite: 30 cmGewicht: 21 kgMaterial des Geh\u00e4uses: KunststoffNutzbare Druckfl\u00e4che: 41 \u00d7 26 cm<\/td>\n<\/tr>\n<tr>\n<td><strong>Verbrauch<\/strong><\/td>\n<td>1.780 kW (dreiphasig)230 V - 50\/60 Hz<\/td>\n<\/tr>\n<tr>\n<td><strong>L\u00e4rmpegel<\/strong><\/td>\n<td>69 dBA max<\/td>\n<\/tr>\n<tr>\n<td><strong>Motorleistung<\/strong><\/td>\n<td>180 W bei 220 V - 0,7 Ah<\/td>\n<\/tr>\n<tr>\n<td><strong>Durchflussmenge der Pumpe<\/strong><\/td>\n<td>4 mc\/h<\/td>\n<\/tr>\n<tr>\n<td><strong>Endg\u00fcltiges Vakuum<\/strong><\/td>\n<td>150 mbar<\/td>\n<\/tr>\n<tr>\n<td><strong>Heizungsanlage<\/strong><\/td>\n<td>Halogenlampen (4 \u00d7 400 W) Sofortige Beheizung - 1.600 W<\/td>\n<\/tr>\n<tr>\n<td><strong>Unterst\u00fctzte Plattendicke (lebensmittelechtes PETG)<\/strong><\/td>\n<td>0,50 mm0,75 mm1 mm2 mm3 mm<\/td>\n<\/tr>\n<tr>\n<td><strong>Umgekehrte Funktion<\/strong><\/td>\n<td>Ja - f\u00fcr eine einfache Produktentnahme<\/td>\n<\/tr>\n<\/tbody>\n<\/table>","protected":false},"excerpt":{"rendered":"<p>The FLOW A3 Desk is a professional thermoforming machine designed to process A3-sized plastic sheets with thicknesses ranging from 0.5 to 4 mm. It is the perfect solution for pastry chefs, chocolatiers, and creative professionals who want to go beyond standard molds and produce custom, unique designs. With the FLOW A3 Desk, you can create [&hellip;]<\/p>\n","protected":false},"featured_media":7429,"comment_status":"open","ping_status":"closed","template":"","meta":[],"product_brand":[],"product_cat":[54],"product_tag":[],"class_list":{"0":"post-7428","1":"product","2":"type-product","3":"status-publish","4":"has-post-thumbnail","6":"product_cat-other-machines","8":"first","9":"instock","10":"shipping-taxable","11":"product-type-simple"},"_links":{"self":[{"href":"https:\/\/dersuessestopp.com\/de\/wp-json\/wp\/v2\/product\/7428","targetHints":{"allow":["GET"]}}],"collection":[{"href":"https:\/\/dersuessestopp.com\/de\/wp-json\/wp\/v2\/product"}],"about":[{"href":"https:\/\/dersuessestopp.com\/de\/wp-json\/wp\/v2\/types\/product"}],"replies":[{"embeddable":true,"href":"https:\/\/dersuessestopp.com\/de\/wp-json\/wp\/v2\/comments?post=7428"}],"version-history":[{"count":2,"href":"https:\/\/dersuessestopp.com\/de\/wp-json\/wp\/v2\/product\/7428\/revisions"}],"predecessor-version":[{"id":7438,"href":"https:\/\/dersuessestopp.com\/de\/wp-json\/wp\/v2\/product\/7428\/revisions\/7438"}],"wp:featuredmedia":[{"embeddable":true,"href":"https:\/\/dersuessestopp.com\/de\/wp-json\/wp\/v2\/media\/7429"}],"wp:attachment":[{"href":"https:\/\/dersuessestopp.com\/de\/wp-json\/wp\/v2\/media?parent=7428"}],"wp:term":[{"taxonomy":"product_brand","embeddable":true,"href":"https:\/\/dersuessestopp.com\/de\/wp-json\/wp\/v2\/product_brand?post=7428"},{"taxonomy":"product_cat","embeddable":true,"href":"https:\/\/dersuessestopp.com\/de\/wp-json\/wp\/v2\/product_cat?post=7428"},{"taxonomy":"product_tag","embeddable":true,"href":"https:\/\/dersuessestopp.com\/de\/wp-json\/wp\/v2\/product_tag?post=7428"}],"curies":[{"name":"wp","href":"https:\/\/api.w.org\/{rel}","templated":true}]}}