{"id":7388,"date":"2025-09-01T07:24:20","date_gmt":"2025-09-01T07:24:20","guid":{"rendered":"https:\/\/dersuessestopp.com\/?post_type=product&#038;p=7388"},"modified":"2025-09-24T22:09:53","modified_gmt":"2025-09-24T22:09:53","slug":"einzelne-gitarre","status":"publish","type":"product","link":"https:\/\/dersuessestopp.com\/de\/product\/single-guitar\/","title":{"rendered":"Einzelne Gitarre"},"content":{"rendered":"<p data-start=\"279\" data-end=\"668\">Die <strong data-start=\"283\" data-end=\"307\">Bilait Einzelne Gitarre<\/strong> ist ein vielseitiges Geb\u00e4ckwerkzeug, das f\u00fcr <strong data-start=\"348\" data-end=\"379\">pr\u00e4zises und gleichm\u00e4\u00dfiges Schneiden<\/strong> von Konditoreiprodukten, einschlie\u00dflich Cremini, Ganache, Semifreddo und anderen Kreationen auf Teigbasis. Perfekt f\u00fcr Konditoren und Chocolatiers, ist diese Version mit einem Rahmen einfach zu bedienen und ideal f\u00fcr die Produktion mittlerer bis gro\u00dfer Mengen, um saubere Schnitte und gleichbleibende Ergebnisse zu gew\u00e4hrleisten.<\/p>\n<h3 data-start=\"670\" data-end=\"692\">Produktmerkmale<\/h3>\n<ul data-start=\"693\" data-end=\"1016\">\n<li data-start=\"693\" data-end=\"777\">\n<p data-start=\"695\" data-end=\"777\">Verf\u00fcgbar in <strong data-start=\"708\" data-end=\"726\">einzige Version<\/strong>, mit Kompatibilit\u00e4t \u00fcber mehrere Rahmengr\u00f6\u00dfen hinweg.<\/p>\n<\/li>\n<li data-start=\"778\" data-end=\"866\">\n<p data-start=\"780\" data-end=\"866\">Merkmale einer <strong data-start=\"792\" data-end=\"826\">innovatives Verschlusssystem<\/strong> zum schnellen und sicheren Einsetzen des Rahmens.<\/p>\n<\/li>\n<li data-start=\"867\" data-end=\"928\">\n<p data-start=\"869\" data-end=\"928\">Reduziert <strong data-start=\"877\" data-end=\"925\">Montage-, Demontage- und Wartungszeiten<\/strong>.<\/p>\n<\/li>\n<li data-start=\"929\" data-end=\"1016\">\n<p data-start=\"931\" data-end=\"1016\">Konstruiert mit <strong data-start=\"948\" data-end=\"975\">langlebiger Edelstahl<\/strong> f\u00fcr langfristige Zuverl\u00e4ssigkeit und Hygiene.<\/p>\n<\/li>\n<\/ul>\n<h3 data-start=\"1023\" data-end=\"1053\">Technische Daten<\/h3>\n<div class=\"_tableContainer_1rjym_1\">\n<div class=\"_tableWrapper_1rjym_13 group flex w-fit flex-col-reverse\">\n<table>\n<thead>\n<tr>\n<th><strong>Kategorie<\/strong><\/th>\n<th><strong>Einzelheiten<\/strong><\/th>\n<\/tr>\n<\/thead>\n<tbody>\n<tr>\n<td><strong>Basis Abmessungen<\/strong><\/td>\n<td>400 \u00d7 595 mm<\/td>\n<\/tr>\n<tr>\n<td><strong>Basis Gewicht<\/strong><\/td>\n<td>6 kg<\/td>\n<\/tr>\n<tr>\n<td><strong>Rahmen-Modelle<\/strong><\/td>\n<td>60 - 45 - 37,5 - 30 - 22,5 - 15 mm<\/td>\n<\/tr>\n<tr>\n<td><strong>Rahmen Gewicht<\/strong><\/td>\n<td>6 kg<\/td>\n<\/tr>\n<tr>\n<td><strong>Rahmengr\u00f6\u00dfe<\/strong><\/td>\n<td>430 \u00d7 650 mm<\/td>\n<\/tr>\n<tr>\n<td><strong>Material<\/strong><\/td>\n<td>Rostfreier Stahl<\/td>\n<\/tr>\n<\/tbody>\n<\/table>\n<\/div>\n<\/div>","protected":false},"excerpt":{"rendered":"<h3 data-start=\"731\" data-end=\"779\"><strong data-start=\"735\" data-end=\"777\">Einzelne Gitarre - Pastry Guitar<\/strong><\/h3>\n<p data-start=\"781\" data-end=\"1000\"><em data-start=\"781\" data-end=\"998\">Kompakte Teiggitarre mit einem Rahmen f\u00fcr perfekt gleichm\u00e4\u00dfige Schnitte von Ganache, Pralinen, Marshmallows und mehr. Einfach zu bedienen und zu reinigen - ein Muss f\u00fcr handwerkliche Chocolatiers und Konditoren, die mit kleineren Chargen arbeiten.<\/em><\/p>","protected":false},"featured_media":7389,"comment_status":"open","ping_status":"closed","template":"","meta":[],"product_brand":[],"product_cat":[70],"product_tag":[],"class_list":{"0":"post-7388","1":"product","2":"type-product","3":"status-publish","4":"has-post-thumbnail","6":"product_cat-pastry-line","8":"first","9":"instock","10":"shipping-taxable","11":"product-type-simple"},"_links":{"self":[{"href":"https:\/\/dersuessestopp.com\/de\/wp-json\/wp\/v2\/product\/7388","targetHints":{"allow":["GET"]}}],"collection":[{"href":"https:\/\/dersuessestopp.com\/de\/wp-json\/wp\/v2\/product"}],"about":[{"href":"https:\/\/dersuessestopp.com\/de\/wp-json\/wp\/v2\/types\/product"}],"replies":[{"embeddable":true,"href":"https:\/\/dersuessestopp.com\/de\/wp-json\/wp\/v2\/comments?post=7388"}],"version-history":[{"count":3,"href":"https:\/\/dersuessestopp.com\/de\/wp-json\/wp\/v2\/product\/7388\/revisions"}],"predecessor-version":[{"id":9300,"href":"https:\/\/dersuessestopp.com\/de\/wp-json\/wp\/v2\/product\/7388\/revisions\/9300"}],"wp:featuredmedia":[{"embeddable":true,"href":"https:\/\/dersuessestopp.com\/de\/wp-json\/wp\/v2\/media\/7389"}],"wp:attachment":[{"href":"https:\/\/dersuessestopp.com\/de\/wp-json\/wp\/v2\/media?parent=7388"}],"wp:term":[{"taxonomy":"product_brand","embeddable":true,"href":"https:\/\/dersuessestopp.com\/de\/wp-json\/wp\/v2\/product_brand?post=7388"},{"taxonomy":"product_cat","embeddable":true,"href":"https:\/\/dersuessestopp.com\/de\/wp-json\/wp\/v2\/product_cat?post=7388"},{"taxonomy":"product_tag","embeddable":true,"href":"https:\/\/dersuessestopp.com\/de\/wp-json\/wp\/v2\/product_tag?post=7388"}],"curies":[{"name":"wp","href":"https:\/\/api.w.org\/{rel}","templated":true}]}}