{"id":7365,"date":"2025-09-01T07:17:30","date_gmt":"2025-09-01T07:17:30","guid":{"rendered":"https:\/\/dersuessestopp.com\/?post_type=product&#038;p=7365"},"modified":"2025-09-24T22:11:43","modified_gmt":"2025-09-24T22:11:43","slug":"schokoladenspray","status":"publish","type":"product","link":"https:\/\/dersuessestopp.com\/de\/product\/chocohot-spray\/","title":{"rendered":"Chocohot-Spray"},"content":{"rendered":"<p data-start=\"262\" data-end=\"586\">Die <strong data-start=\"266\" data-end=\"284\">Chocohot-Spray<\/strong> ist ein professionelles Ger\u00e4t, mit dem sich elegante Schokoladen- und Kakaobutterdekorationen m\u00fchelos herstellen lassen. Durch das Pulverisieren von Schokolade oder Kakaobutter - optional mit Lebensmittelfarbe - k\u00f6nnen Chocolatiers und Konditoren leuchtende Farben und Strukturen auf Pralinen, Torten, Ostereier und vieles mehr auftragen.<\/p>\n<p data-start=\"588\" data-end=\"1018\">Dieses kompakte Modell enth\u00e4lt eine <strong data-start=\"618\" data-end=\"636\">beheizte Kammer<\/strong> die das Produkt auf der richtigen Arbeitstemperatur h\u00e4lt und die richtige Temperierung f\u00fcr Schokolade und Kakaobutter gew\u00e4hrleistet. Die <strong data-start=\"775\" data-end=\"794\">Airbrush-System<\/strong> mit einstellbaren Kn\u00f6pfen bietet volle Kontrolle \u00fcber Partikelgr\u00f6\u00dfe, Reichweite und Spr\u00fcheffekte. Seine beliebteste Oberfl\u00e4che, die <strong data-start=\"917\" data-end=\"934\">Samteffekt<\/strong>, l\u00e4sst Desserts visuell atemberaubend aussehen, wobei die einzige Grenze die eigene Kreativit\u00e4t ist.<\/p>\n<h2 data-start=\"1025\" data-end=\"1046\">Produktmerkmale<\/h2>\n<ul data-start=\"1047\" data-end=\"1326\">\n<li data-start=\"1047\" data-end=\"1107\">\n<p data-start=\"1049\" data-end=\"1107\">Professionelles Airbrush-Spr\u00fchsystem mit 1L-Beh\u00e4lter.<\/p>\n<\/li>\n<li data-start=\"1108\" data-end=\"1171\">\n<p data-start=\"1110\" data-end=\"1171\">Beheizte Kammer, um Schokolade und Kakaobutter temperiert zu halten.<\/p>\n<\/li>\n<li data-start=\"1172\" data-end=\"1234\">\n<p data-start=\"1174\" data-end=\"1234\">Einstellbare Spr\u00fcheinstellungen f\u00fcr verschiedene dekorative Effekte.<\/p>\n<\/li>\n<li data-start=\"1235\" data-end=\"1287\">\n<p data-start=\"1237\" data-end=\"1287\">Geh\u00e4use aus rostfreiem Stahl f\u00fcr Haltbarkeit und Hygiene.<\/p>\n<\/li>\n<li data-start=\"1288\" data-end=\"1326\">\n<p data-start=\"1290\" data-end=\"1326\">Ideal f\u00fcr die Veredelung mit Samteffekt.<\/p>\n<\/li>\n<\/ul>\n<h2 data-start=\"1333\" data-end=\"1362\">Technische Daten<\/h2>\n<div class=\"_tableContainer_1rjym_1\">\n<div class=\"_tableWrapper_1rjym_13 group flex w-fit flex-col-reverse\">\n<table>\n<thead>\n<tr>\n<th><strong>Kategorie<\/strong><\/th>\n<th><strong>Einzelheiten<\/strong><\/th>\n<\/tr>\n<\/thead>\n<tbody>\n<tr>\n<td><strong>Abmessungen und Gewicht<\/strong><\/td>\n<td>L\u00e4nge: 24 cm Breite: 22 cm H\u00f6he: 45 cm Gewicht: 12 kg Material: Rostfreier Stahl<\/td>\n<\/tr>\n<tr>\n<td><strong>Verbrauch<\/strong><\/td>\n<td>0,5 kW 220 V, 50\/60 Hz<\/td>\n<\/tr>\n<tr>\n<td><strong>Instrumentierung und elektrisches System<\/strong><\/td>\n<td>Digitale Temperaturanzeige 1x Druckregler 1x Manometer 2x Fittings f\u00fcr Kompressoranschluss<\/td>\n<\/tr>\n<tr>\n<td><strong>Airbrush-Merkmale<\/strong><\/td>\n<td>Abmessungen: 20 \u00d7 11 \u00d7 26 cm Fassungsverm\u00f6gen des Beh\u00e4lters: 1 Liter 3x Bedienkn\u00f6pfe: Lufteinlass, Produktmenge, Luftauslass 1,9 mm verstellbare D\u00fcse<\/td>\n<\/tr>\n<tr>\n<td><strong>Heizungsanlage<\/strong><\/td>\n<td>1x Beheizte Kammer mit Airbrush-Schlitz 1x Heizwiderstand 1x Ventilator f\u00fcr Hei\u00dfluftbel\u00fcftung<\/td>\n<\/tr>\n<\/tbody>\n<\/table>\n<\/div>\n<\/div>","protected":false},"excerpt":{"rendered":"<h3 data-start=\"1213\" data-end=\"1290\"><strong data-start=\"1217\" data-end=\"1288\">Chocohot Spray - Schokoladen- und Kakaobutter-Spr\u00fchmaschine<\/strong><\/h3>\n<p data-start=\"1292\" data-end=\"1545\"><em data-start=\"1292\" data-end=\"1543\">Ein-Tank-Spr\u00fchmaschine f\u00fcr Schokolade und Kakaobutter. Perfekt zum Auftragen eines glatten, dekorativen \u00dcberzugs auf Torten, Geb\u00e4ck, Pralinen oder Semifreddo. Schnell, pr\u00e4zise und hygienisch - ein unverzichtbares Werkzeug f\u00fcr professionelle Chocolatiers und Konditoren.<\/em><\/p>","protected":false},"featured_media":7366,"comment_status":"open","ping_status":"closed","template":"","meta":[],"product_brand":[],"product_cat":[52],"product_tag":[],"class_list":{"0":"post-7365","1":"product","2":"type-product","3":"status-publish","4":"has-post-thumbnail","6":"product_cat-chocolate-equipment","8":"first","9":"instock","10":"shipping-taxable","11":"product-type-simple"},"_links":{"self":[{"href":"https:\/\/dersuessestopp.com\/de\/wp-json\/wp\/v2\/product\/7365","targetHints":{"allow":["GET"]}}],"collection":[{"href":"https:\/\/dersuessestopp.com\/de\/wp-json\/wp\/v2\/product"}],"about":[{"href":"https:\/\/dersuessestopp.com\/de\/wp-json\/wp\/v2\/types\/product"}],"replies":[{"embeddable":true,"href":"https:\/\/dersuessestopp.com\/de\/wp-json\/wp\/v2\/comments?post=7365"}],"version-history":[{"count":3,"href":"https:\/\/dersuessestopp.com\/de\/wp-json\/wp\/v2\/product\/7365\/revisions"}],"predecessor-version":[{"id":9302,"href":"https:\/\/dersuessestopp.com\/de\/wp-json\/wp\/v2\/product\/7365\/revisions\/9302"}],"wp:featuredmedia":[{"embeddable":true,"href":"https:\/\/dersuessestopp.com\/de\/wp-json\/wp\/v2\/media\/7366"}],"wp:attachment":[{"href":"https:\/\/dersuessestopp.com\/de\/wp-json\/wp\/v2\/media?parent=7365"}],"wp:term":[{"taxonomy":"product_brand","embeddable":true,"href":"https:\/\/dersuessestopp.com\/de\/wp-json\/wp\/v2\/product_brand?post=7365"},{"taxonomy":"product_cat","embeddable":true,"href":"https:\/\/dersuessestopp.com\/de\/wp-json\/wp\/v2\/product_cat?post=7365"},{"taxonomy":"product_tag","embeddable":true,"href":"https:\/\/dersuessestopp.com\/de\/wp-json\/wp\/v2\/product_tag?post=7365"}],"curies":[{"name":"wp","href":"https:\/\/api.w.org\/{rel}","templated":true}]}}