{"id":7311,"date":"2025-09-01T06:44:01","date_gmt":"2025-09-01T06:44:01","guid":{"rendered":"https:\/\/dersuessestopp.com\/?post_type=product&#038;p=7311"},"modified":"2025-10-09T02:31:16","modified_gmt":"2025-10-09T02:31:16","slug":"gn-200-g-tn","status":"publish","type":"product","link":"https:\/\/dersuessestopp.com\/de\/product\/gn-200-g-tn\/","title":{"rendered":"GN 200 G TN"},"content":{"rendered":"<p><img decoding=\"async\" src=\"https:\/\/customer.klimaitalia.it\/api\/file\/image\/3904\" \/><\/p>\n<p>Die <strong data-start=\"284\" data-end=\"323\">GN 200 Serie K\u00fchlschr\u00e4nke<\/strong> sind kompakte, professionelle Ger\u00e4te, die f\u00fcr Catering, Bars, Restaurants und Gastgewerbebetriebe entwickelt wurden. Verf\u00fcgbar in <strong data-start=\"445\" data-end=\"467\">Vollt\u00fcr (PS TN)<\/strong> und <strong data-start=\"472\" data-end=\"499\">Glast\u00fcr (G TN \/ BLK)<\/strong> kombinieren diese Schr\u00e4nke modernes Design mit Zuverl\u00e4ssigkeit. Mit eingebauten Griffen, verst\u00e4rkten Einlegeb\u00f6den, LED-Beleuchtung und optionaler WiFi Smart Link-Fernbedienung bieten sie sowohl Funktionalit\u00e4t als auch Stil. Die Schr\u00e4nke sind f\u00fcr eine gleichm\u00e4\u00dfige K\u00fchlung l\u00fcfterunterst\u00fctzt und sorgen f\u00fcr eine stabile Lagerung bei positiven Temperaturen f\u00fcr frische Produkte.<\/p>\n<h2 data-start=\"1476\" data-end=\"1493\"><strong data-start=\"1479\" data-end=\"1493\">Abmessungen<\/strong><\/h2>\n<div class=\"_tableContainer_1rjym_1\">\n<div class=\"_tableWrapper_1rjym_13 group flex w-fit flex-col-reverse\">\n<table>\n<thead>\n<tr>\n<th>Spezifikation<\/th>\n<th>GN 200 PS TN<\/th>\n<th>GN 200 G TN \/ BLK<\/th>\n<\/tr>\n<\/thead>\n<tbody>\n<tr>\n<td>\u00c4u\u00dfere Abmessungen (BxTxH)<\/td>\n<td>600 x 625 x 850 mm<\/td>\n<td>600 x 625 x 850 mm<\/td>\n<\/tr>\n<tr>\n<td>Abmessungen der Verpackung (BxTxH)<\/td>\n<td>660 x 725 x 1000 mm<\/td>\n<td>660 x 725 x 1000 mm<\/td>\n<\/tr>\n<tr>\n<td>Innere Breite (A)<\/td>\n<td>457 mm<\/td>\n<td>457 mm<\/td>\n<\/tr>\n<tr>\n<td>Innere Tiefe (B)<\/td>\n<td>474 mm<\/td>\n<td>474 mm<\/td>\n<\/tr>\n<tr>\n<td>Innere H\u00f6he (C)<\/td>\n<td>600 mm<\/td>\n<td>600 mm<\/td>\n<\/tr>\n<tr>\n<td>Mindesttiefe (D)<\/td>\n<td>264 mm<\/td>\n<td>264 mm<\/td>\n<\/tr>\n<tr>\n<td>Mindesth\u00f6he (E)<\/td>\n<td>390 mm<\/td>\n<td>390 mm<\/td>\n<\/tr>\n<\/tbody>\n<\/table>\n<h2 data-start=\"1962\" data-end=\"1987\"><strong data-start=\"1965\" data-end=\"1987\">Technische Merkmale<\/strong><\/h2>\n<div class=\"_tableContainer_1rjym_1\">\n<div class=\"_tableWrapper_1rjym_13 group flex w-fit flex-col-reverse\">\n<table>\n<thead>\n<tr>\n<th>Merkmal<\/th>\n<th>GN 200 PS TN<\/th>\n<th>GN 200 G TN \/ BLK<\/th>\n<\/tr>\n<\/thead>\n<tbody>\n<tr>\n<td>Temperatur<\/td>\n<td>0\u00b0C bis +10\u00b0C<\/td>\n<td>+2\u00b0C bis +10\u00b0C<\/td>\n<\/tr>\n<tr>\n<td>Klima-Klasse<\/td>\n<td>4<\/td>\n<td>4<\/td>\n<\/tr>\n<tr>\n<td>Kapazit\u00e4t<\/td>\n<td>200 L<\/td>\n<td>200 L<\/td>\n<\/tr>\n<tr>\n<td>\u00c4u\u00dferer K\u00f6rper<\/td>\n<td>Vorlackierter Stahl mit Korrosionsschutzbehandlung<\/td>\n<td>Vorlackierter Stahl mit Korrosionsschutzbehandlung<\/td>\n<\/tr>\n<tr>\n<td>Innenauskleidung<\/td>\n<td>ABS<\/td>\n<td>ABS<\/td>\n<\/tr>\n<tr>\n<td>Thermostat<\/td>\n<td>Elektronisch<\/td>\n<td>Elektronisch<\/td>\n<\/tr>\n<tr>\n<td>Abtauen<\/td>\n<td>Automatisch<\/td>\n<td>Automatisch<\/td>\n<\/tr>\n<tr>\n<td>Beleuchtung<\/td>\n<td>1 horizontale LED (6W)<\/td>\n<td>2 vertikale LEDs (6W + 6W)<\/td>\n<\/tr>\n<tr>\n<td>T\u00fcr<\/td>\n<td>Solides ABS<\/td>\n<td>Glas<\/td>\n<\/tr>\n<tr>\n<td>Regale<\/td>\n<td>2 St\u00fcck (476\u00d7436 mm) + 1 St\u00fcck (477\u00d7207 mm)<\/td>\n<td>2 St\u00fcck (476\u00d7436 mm) + 1 St\u00fcck (477\u00d7207 mm)<\/td>\n<\/tr>\n<tr>\n<td>Schloss &amp; Schl\u00fcssel<\/td>\n<td>Ja<\/td>\n<td>Ja<\/td>\n<\/tr>\n<tr>\n<td>Reversible T\u00fcr<\/td>\n<td>Ja<\/td>\n<td>Nein<\/td>\n<\/tr>\n<tr>\n<td>L\u00e4rmpegel<\/td>\n<td>43,8 dB<\/td>\n<td>38,6 dB<\/td>\n<\/tr>\n<tr>\n<td>Laufr\u00e4der\/F\u00fc\u00dfe<\/td>\n<td>2 F\u00fc\u00dfe + 2 Rollen<\/td>\n<td>2 F\u00fc\u00dfe + 2 Rollen<\/td>\n<\/tr>\n<tr>\n<td>Netto-\/Bruttogewicht<\/td>\n<td>40 \/ 43 kg<\/td>\n<td>41 \/ 45 kg<\/td>\n<\/tr>\n<tr>\n<td>Spannung<\/td>\n<td>220-240 V<\/td>\n<td>220-240 V<\/td>\n<\/tr>\n<tr>\n<td>Frequenz<\/td>\n<td>50 Hz<\/td>\n<td>50 Hz<\/td>\n<\/tr>\n<tr>\n<td>K\u00e4ltemittel<\/td>\n<td>R600A<\/td>\n<td>R600A<\/td>\n<\/tr>\n<tr>\n<td>Leistungsabsorption<\/td>\n<td>125 W<\/td>\n<td>157 W<\/td>\n<\/tr>\n<tr>\n<td>Energieverbrauch<\/td>\n<td>1,25 kWh\/24h<\/td>\n<td>1,96 kWh\/24h<\/td>\n<\/tr>\n<\/tbody>\n<\/table>\n<\/div>\n<\/div>\n<\/div>\n<\/div>","protected":false},"excerpt":{"rendered":"<p>The GN 200 Series Refrigerated Cabinets are compact, professional-grade units designed for catering, bars, restaurants, and hospitality businesses. Available in solid door (PS TN) and glass door (G TN \/ BLK) versions, these cabinets combine modern design with reliability. With built-in handles, reinforced shelves, LED lighting, and optional WiFi Smart Link remote control, they offer [&hellip;]<\/p>\n","protected":false},"featured_media":7312,"comment_status":"open","ping_status":"closed","template":"","meta":[],"product_brand":[],"product_cat":[51],"product_tag":[],"class_list":{"0":"post-7311","1":"product","2":"type-product","3":"status-publish","4":"has-post-thumbnail","6":"product_cat-kitchen-catering-cooling","8":"first","9":"instock","10":"shipping-taxable","11":"product-type-simple"},"_links":{"self":[{"href":"https:\/\/dersuessestopp.com\/de\/wp-json\/wp\/v2\/product\/7311","targetHints":{"allow":["GET"]}}],"collection":[{"href":"https:\/\/dersuessestopp.com\/de\/wp-json\/wp\/v2\/product"}],"about":[{"href":"https:\/\/dersuessestopp.com\/de\/wp-json\/wp\/v2\/types\/product"}],"replies":[{"embeddable":true,"href":"https:\/\/dersuessestopp.com\/de\/wp-json\/wp\/v2\/comments?post=7311"}],"version-history":[{"count":3,"href":"https:\/\/dersuessestopp.com\/de\/wp-json\/wp\/v2\/product\/7311\/revisions"}],"predecessor-version":[{"id":12195,"href":"https:\/\/dersuessestopp.com\/de\/wp-json\/wp\/v2\/product\/7311\/revisions\/12195"}],"wp:featuredmedia":[{"embeddable":true,"href":"https:\/\/dersuessestopp.com\/de\/wp-json\/wp\/v2\/media\/7312"}],"wp:attachment":[{"href":"https:\/\/dersuessestopp.com\/de\/wp-json\/wp\/v2\/media?parent=7311"}],"wp:term":[{"taxonomy":"product_brand","embeddable":true,"href":"https:\/\/dersuessestopp.com\/de\/wp-json\/wp\/v2\/product_brand?post=7311"},{"taxonomy":"product_cat","embeddable":true,"href":"https:\/\/dersuessestopp.com\/de\/wp-json\/wp\/v2\/product_cat?post=7311"},{"taxonomy":"product_tag","embeddable":true,"href":"https:\/\/dersuessestopp.com\/de\/wp-json\/wp\/v2\/product_tag?post=7311"}],"curies":[{"name":"wp","href":"https:\/\/api.w.org\/{rel}","templated":true}]}}