{"id":7292,"date":"2025-09-01T06:28:40","date_gmt":"2025-09-01T06:28:40","guid":{"rendered":"https:\/\/dersuessestopp.com\/?post_type=product&#038;p=7292"},"modified":"2025-10-08T23:01:38","modified_gmt":"2025-10-08T23:01:38","slug":"ca-10","status":"publish","type":"product","link":"https:\/\/dersuessestopp.com\/de\/product\/abt-10\/","title":{"rendered":"ABT 10"},"content":{"rendered":"<p data-start=\"276\" data-end=\"572\"><img fetchpriority=\"high\" decoding=\"async\" class=\"alignnone size-full wp-image-11932\" src=\"https:\/\/dersuessestopp.com\/wp-content\/uploads\/2025\/09\/ABT-05-ABT-10-Dettagli.jpg\" alt=\"\" width=\"2000\" height=\"600\" srcset=\"https:\/\/dersuessestopp.com\/wp-content\/uploads\/2025\/09\/ABT-05-ABT-10-Dettagli.jpg 2000w, https:\/\/dersuessestopp.com\/wp-content\/uploads\/2025\/09\/ABT-05-ABT-10-Dettagli-300x90.jpg 300w, https:\/\/dersuessestopp.com\/wp-content\/uploads\/2025\/09\/ABT-05-ABT-10-Dettagli-1024x307.jpg 1024w, https:\/\/dersuessestopp.com\/wp-content\/uploads\/2025\/09\/ABT-05-ABT-10-Dettagli-768x230.jpg 768w, https:\/\/dersuessestopp.com\/wp-content\/uploads\/2025\/09\/ABT-05-ABT-10-Dettagli-1536x461.jpg 1536w, https:\/\/dersuessestopp.com\/wp-content\/uploads\/2025\/09\/ABT-05-ABT-10-Dettagli-250x75.jpg 250w, https:\/\/dersuessestopp.com\/wp-content\/uploads\/2025\/09\/ABT-05-ABT-10-Dettagli-600x180.jpg 600w\" sizes=\"(max-width: 2000px) 100vw, 2000px\" \/><\/p>\n<p data-start=\"276\" data-end=\"572\">Die <strong data-start=\"280\" data-end=\"304\">ABT 10 Schockfroster<\/strong> ist die perfekte Wahl f\u00fcr Catering-Profis, die schnelles K\u00fchlen und Gefrieren bei gleichzeitiger Wahrung der Lebensmittelqualit\u00e4t und -sicherheit ben\u00f6tigen. Mit einer Kapazit\u00e4t f\u00fcr bis zu <strong data-start=\"457\" data-end=\"490\">10 GN 1\/1-Schalen (400 \u00d7 600 mm)<\/strong>, Dieser Schockfroster gew\u00e4hrleistet optimale Hygiene, Haltbarkeit und Energieeffizienz.<\/p>\n<p data-start=\"574\" data-end=\"858\">Der ABT 10 ist mit einem fortschrittlichen elektronischen Thermostat und 4 voreingestellten Programmen ausgestattet, mit denen Sie die K\u00fchlzyklen pr\u00e4zise steuern k\u00f6nnen. Das Geh\u00e4use aus Edelstahl, der korrosionsgesch\u00fctzte Verdampfer und das automatische Abtausystem garantieren eine lange Lebensdauer in anspruchsvollen Umgebungen.<\/p>\n<h2 data-start=\"1325\" data-end=\"1354\">Technische Daten<\/h2>\n<table>\n<thead>\n<tr>\n<th>Merkmal<\/th>\n<th>Spezifikation<\/th>\n<\/tr>\n<\/thead>\n<tbody>\n<tr>\n<td>Netto\/Brutto Volumen<\/td>\n<td>240 \/ 368 L<\/td>\n<\/tr>\n<tr>\n<td>Kapazit\u00e4t der Pfanne<\/td>\n<td>10 GN 1\/1 (400 \u00d7 600 mm)<\/td>\n<\/tr>\n<tr>\n<td>\u00c4u\u00dfere Abmessungen (B\u00d7T\u00d7H)<\/td>\n<td>800 \u00d7 877 \u00d7 1665 mm<\/td>\n<\/tr>\n<tr>\n<td>Abmessungen der Verpackung (B\u00d7T\u00d7H)<\/td>\n<td>870 \u00d7 955 \u00d7 1730 mm<\/td>\n<\/tr>\n<tr>\n<td>Netto-\/Bruttogewicht<\/td>\n<td>150 \/ 190 kg<\/td>\n<\/tr>\n<tr>\n<td>Dicke der Isolierung<\/td>\n<td>70 mm<\/td>\n<\/tr>\n<\/tbody>\n<\/table>\n<h3 data-start=\"1768\" data-end=\"1785\">Leistung<\/h3>\n<div class=\"_tableContainer_1rjym_1\">\n<div class=\"_tableWrapper_1rjym_13 group flex w-fit flex-col-reverse\">\n<table>\n<thead>\n<tr>\n<th>Merkmal<\/th>\n<th>Spezifikation<\/th>\n<\/tr>\n<\/thead>\n<tbody>\n<tr>\n<td>Temperaturbereich<\/td>\n<td>-35\u00b0C bis +5\u00b0C<\/td>\n<\/tr>\n<tr>\n<td>Explosionsk\u00e4lteleistung<\/td>\n<td>+70\u00b0C \u2192 +3\u00b0C in 90 min (40 kg)<\/td>\n<\/tr>\n<tr>\n<td>Schockgefrierkapazit\u00e4t<\/td>\n<td>+70\u00b0C \u2192 -18\u00b0C in 240 min (28 kg)<\/td>\n<\/tr>\n<tr>\n<td>Klima-Klasse<\/td>\n<td>5<\/td>\n<\/tr>\n<tr>\n<td>L\u00e4rmpegel<\/td>\n<td>60 dB<\/td>\n<\/tr>\n<\/tbody>\n<\/table>\n<h3 data-start=\"2123\" data-end=\"2154\">Konstruktion &amp; Komponenten<\/h3>\n<div class=\"_tableContainer_1rjym_1\">\n<div class=\"_tableWrapper_1rjym_13 group flex w-fit flex-col-reverse\">\n<table>\n<thead>\n<tr>\n<th>Merkmal<\/th>\n<th>Spezifikation<\/th>\n<\/tr>\n<\/thead>\n<tbody>\n<tr>\n<td>Material<\/td>\n<td>AISI 304 Edelstahl<\/td>\n<\/tr>\n<tr>\n<td>Verdampfer<\/td>\n<td>Anti-Korrosionsbehandlung<\/td>\n<\/tr>\n<tr>\n<td>Abtau-System<\/td>\n<td>Automatisch + Manuell (Hei\u00dfgas)<\/td>\n<\/tr>\n<tr>\n<td>F\u00fc\u00dfe<\/td>\n<td>4 verstellbar (h 50-70 mm)<\/td>\n<\/tr>\n<tr>\n<td>Rollen<\/td>\n<td>Optional<\/td>\n<\/tr>\n<\/tbody>\n<\/table>\n<h3 data-start=\"2518\" data-end=\"2534\">Elektrisch<\/h3>\n<div class=\"_tableContainer_1rjym_1\">\n<div class=\"_tableWrapper_1rjym_13 group flex w-fit flex-col-reverse\">\n<table>\n<thead>\n<tr>\n<th>Merkmal<\/th>\n<th>Spezifikation<\/th>\n<\/tr>\n<\/thead>\n<tbody>\n<tr>\n<td>Leistungsabsorption<\/td>\n<td>900 W<\/td>\n<\/tr>\n<tr>\n<td>Spannung \/ Frequenz<\/td>\n<td>220 V \/ 50 Hz<\/td>\n<\/tr>\n<tr>\n<td>K\u00e4ltemittel<\/td>\n<td>R290<\/td>\n<\/tr>\n<\/tbody>\n<\/table>\n<\/div>\n<\/div>\n<\/div>\n<\/div>\n<\/div>\n<\/div>","protected":false},"excerpt":{"rendered":"<p>The ABT 10 Blast Chiller is the perfect choice for catering professionals who need fast chilling and freezing while maintaining food quality and safety. With capacity for up to 10 GN 1\/1 pans (400 \u00d7 600 mm), this blast chiller ensures optimal hygiene, durability, and energy efficiency. Equipped with an advanced electronic thermostat and 4 [&hellip;]<\/p>\n","protected":false},"featured_media":7293,"comment_status":"open","ping_status":"closed","template":"","meta":[],"product_brand":[],"product_cat":[51],"product_tag":[],"class_list":{"0":"post-7292","1":"product","2":"type-product","3":"status-publish","4":"has-post-thumbnail","6":"product_cat-kitchen-catering-cooling","8":"first","9":"instock","10":"shipping-taxable","11":"product-type-simple"},"_links":{"self":[{"href":"https:\/\/dersuessestopp.com\/de\/wp-json\/wp\/v2\/product\/7292","targetHints":{"allow":["GET"]}}],"collection":[{"href":"https:\/\/dersuessestopp.com\/de\/wp-json\/wp\/v2\/product"}],"about":[{"href":"https:\/\/dersuessestopp.com\/de\/wp-json\/wp\/v2\/types\/product"}],"replies":[{"embeddable":true,"href":"https:\/\/dersuessestopp.com\/de\/wp-json\/wp\/v2\/comments?post=7292"}],"version-history":[{"count":5,"href":"https:\/\/dersuessestopp.com\/de\/wp-json\/wp\/v2\/product\/7292\/revisions"}],"predecessor-version":[{"id":11934,"href":"https:\/\/dersuessestopp.com\/de\/wp-json\/wp\/v2\/product\/7292\/revisions\/11934"}],"wp:featuredmedia":[{"embeddable":true,"href":"https:\/\/dersuessestopp.com\/de\/wp-json\/wp\/v2\/media\/7293"}],"wp:attachment":[{"href":"https:\/\/dersuessestopp.com\/de\/wp-json\/wp\/v2\/media?parent=7292"}],"wp:term":[{"taxonomy":"product_brand","embeddable":true,"href":"https:\/\/dersuessestopp.com\/de\/wp-json\/wp\/v2\/product_brand?post=7292"},{"taxonomy":"product_cat","embeddable":true,"href":"https:\/\/dersuessestopp.com\/de\/wp-json\/wp\/v2\/product_cat?post=7292"},{"taxonomy":"product_tag","embeddable":true,"href":"https:\/\/dersuessestopp.com\/de\/wp-json\/wp\/v2\/product_tag?post=7292"}],"curies":[{"name":"wp","href":"https:\/\/api.w.org\/{rel}","templated":true}]}}