{"id":7286,"date":"2025-09-01T06:22:10","date_gmt":"2025-09-01T06:22:10","guid":{"rendered":"https:\/\/dersuessestopp.com\/?post_type=product&#038;p=7286"},"modified":"2025-10-08T22:49:00","modified_gmt":"2025-10-08T22:49:00","slug":"sf-180-inox","status":"publish","type":"product","link":"https:\/\/dersuessestopp.com\/de\/product\/sf-180-inox\/","title":{"rendered":"SF 180 INOX"},"content":{"rendered":"<p data-start=\"219\" data-end=\"525\"><img fetchpriority=\"high\" decoding=\"async\" class=\"alignnone size-full wp-image-11914\" src=\"https:\/\/dersuessestopp.com\/wp-content\/uploads\/2025\/09\/SF-180-INOX-Dettagli.jpg\" alt=\"\" width=\"2000\" height=\"600\" srcset=\"https:\/\/dersuessestopp.com\/wp-content\/uploads\/2025\/09\/SF-180-INOX-Dettagli.jpg 2000w, https:\/\/dersuessestopp.com\/wp-content\/uploads\/2025\/09\/SF-180-INOX-Dettagli-300x90.jpg 300w, https:\/\/dersuessestopp.com\/wp-content\/uploads\/2025\/09\/SF-180-INOX-Dettagli-1024x307.jpg 1024w, https:\/\/dersuessestopp.com\/wp-content\/uploads\/2025\/09\/SF-180-INOX-Dettagli-768x230.jpg 768w, https:\/\/dersuessestopp.com\/wp-content\/uploads\/2025\/09\/SF-180-INOX-Dettagli-1536x461.jpg 1536w, https:\/\/dersuessestopp.com\/wp-content\/uploads\/2025\/09\/SF-180-INOX-Dettagli-250x75.jpg 250w, https:\/\/dersuessestopp.com\/wp-content\/uploads\/2025\/09\/SF-180-INOX-Dettagli-600x180.jpg 600w\" sizes=\"(max-width: 2000px) 100vw, 2000px\" \/><\/p>\n<p data-start=\"219\" data-end=\"525\">\n<p data-start=\"219\" data-end=\"525\">Die <strong data-start=\"223\" data-end=\"238\">SF 180 INOX<\/strong> ist ein professioneller Lagerschrank, der speziell f\u00fcr <strong data-start=\"299\" data-end=\"336\">Konservierung von K\u00e4se und Wurstwaren<\/strong>. Gebaut mit hochwertiger <strong data-start=\"362\" data-end=\"400\">Innenausstattung aus rostfreiem Stahl AISI 304<\/strong> und eine <strong data-start=\"407\" data-end=\"453\">vorgestrichenes, korrosionsgesch\u00fctztes \u00c4u\u00dferes<\/strong>, Sie gew\u00e4hrleistet Haltbarkeit, Hygiene und perfekte Bedingungen f\u00fcr die Lagerung von Lebensmitteln.<\/p>\n<p data-start=\"527\" data-end=\"836\">Ausgestattet mit einem <strong data-start=\"543\" data-end=\"582\">Elektronischer Thermostat mit Ber\u00fchrungssteuerung<\/strong>, <strong data-start=\"584\" data-end=\"612\">Abtauautomatik<\/strong>, und <strong data-start=\"618\" data-end=\"651\">energieeffiziente LED-Beleuchtung<\/strong>, Er garantiert eine einfache Handhabung und eine optimale Aufbewahrung der Lebensmittel. Mit seinen zahlreichen Einlegeb\u00f6den und Aufh\u00e4ngestangen ist er ideal f\u00fcr Gastronomen und Feinkostgesch\u00e4fte.<\/p>\n<h2 data-start=\"1358\" data-end=\"1375\"><strong data-start=\"1361\" data-end=\"1375\">Abmessungen<\/strong><\/h2>\n<div class=\"_tableContainer_1rjym_1\">\n<div class=\"_tableWrapper_1rjym_13 group flex w-fit flex-col-reverse\">\n<table>\n<thead>\n<tr>\n<th>Spezifikation<\/th>\n<th>SF 180 INOX<\/th>\n<\/tr>\n<\/thead>\n<tbody>\n<tr>\n<td>\u00c4u\u00dfere Abmessungen (BxTxH)<\/td>\n<td>595 \u00d7 700 \u00d7 1804 mm<\/td>\n<\/tr>\n<tr>\n<td>Abmessungen der Verpackung (BxTxH)<\/td>\n<td>645 \u00d7 770 \u00d7 1996 mm<\/td>\n<\/tr>\n<tr>\n<td>Breite (A)<\/td>\n<td>515 mm<\/td>\n<\/tr>\n<tr>\n<td>Tiefe (B)<\/td>\n<td>540 mm<\/td>\n<\/tr>\n<tr>\n<td>H\u00f6he (C1)<\/td>\n<td>853 mm<\/td>\n<\/tr>\n<tr>\n<td>H\u00f6he (C2)<\/td>\n<td>695 mm<\/td>\n<\/tr>\n<tr>\n<td>Mindesttiefe (D)<\/td>\n<td>380 mm<\/td>\n<\/tr>\n<tr>\n<td>Mindesth\u00f6he (E)<\/td>\n<td>555 mm<\/td>\n<\/tr>\n<\/tbody>\n<\/table>\n<h2 data-start=\"1715\" data-end=\"1740\"><strong data-start=\"1718\" data-end=\"1740\">Technische Merkmale<\/strong><\/h2>\n<div class=\"_tableContainer_1rjym_1\">\n<div class=\"_tableWrapper_1rjym_13 group flex w-fit flex-col-reverse\">\n<table>\n<thead>\n<tr>\n<th>Spezifikation<\/th>\n<th>SF 180 INOX<\/th>\n<\/tr>\n<\/thead>\n<tbody>\n<tr>\n<td>Temperaturbereich<\/td>\n<td>0\u00b0C bis +20\u00b0C<\/td>\n<\/tr>\n<tr>\n<td>Klima-Klasse<\/td>\n<td>4<\/td>\n<\/tr>\n<tr>\n<td>Netto\/Brutto Volumen<\/td>\n<td>441 \/ 455 L<\/td>\n<\/tr>\n<tr>\n<td>\u00c4u\u00dfere Oberfl\u00e4che<\/td>\n<td>Bandbeschichtetes Blech mit Korrosionsschutzbehandlung<\/td>\n<\/tr>\n<tr>\n<td>Innere Oberfl\u00e4che<\/td>\n<td>Rostfreier Stahl AISI 304<\/td>\n<\/tr>\n<tr>\n<td>Thermostat<\/td>\n<td>Elektronische Ber\u00fchrungssteuerung<\/td>\n<\/tr>\n<tr>\n<td>L\u00e4rmpegel<\/td>\n<td>44 dB<\/td>\n<\/tr>\n<tr>\n<td>Dicke der Isolierung<\/td>\n<td>55 mm<\/td>\n<\/tr>\n<tr>\n<td>Abtauen<\/td>\n<td>Automatisch<\/td>\n<\/tr>\n<tr>\n<td>Beleuchtung<\/td>\n<td>2 horizontale LED-Leuchten (1 pro Fach)<\/td>\n<\/tr>\n<tr>\n<td>T\u00fcren<\/td>\n<td>Umkehrbar<\/td>\n<\/tr>\n<tr>\n<td>Regalsystem<\/td>\n<td>3 H\u00e4ngestangen + 9 Einlegeb\u00f6den aus Edelstahl (535 \u00d7 513 mm)<\/td>\n<\/tr>\n<tr>\n<td>F\u00fc\u00dfe\/Rollen<\/td>\n<td>4 F\u00fc\u00dfe<\/td>\n<\/tr>\n<tr>\n<td>Netto-\/Bruttogewicht<\/td>\n<td>102 \/ 120 kg<\/td>\n<\/tr>\n<\/tbody>\n<\/table>\n<h2 data-start=\"2376\" data-end=\"2398\"><strong data-start=\"2379\" data-end=\"2398\">Elektrische Daten<\/strong><\/h2>\n<div class=\"_tableContainer_1rjym_1\">\n<div class=\"_tableWrapper_1rjym_13 group flex w-fit flex-col-reverse\">\n<table>\n<thead>\n<tr>\n<th>Spezifikation<\/th>\n<th>Wert<\/th>\n<\/tr>\n<\/thead>\n<tbody>\n<tr>\n<td>Spannung<\/td>\n<td>220 V<\/td>\n<\/tr>\n<tr>\n<td>Frequenz<\/td>\n<td>50 Hz<\/td>\n<\/tr>\n<tr>\n<td>K\u00e4ltemittel<\/td>\n<td>R600A<\/td>\n<\/tr>\n<tr>\n<td>Leistungsabsorption<\/td>\n<td>118 W<\/td>\n<\/tr>\n<tr>\n<td>Energieverbrauch<\/td>\n<td>0,46 kWh \/ 24h<\/td>\n<\/tr>\n<\/tbody>\n<\/table>\n<\/div>\n<\/div>\n<\/div>\n<\/div>\n<\/div>\n<\/div>\n<div class=\"_tableContainer_1rjym_1\">\n<div class=\"_tableWrapper_1rjym_13 group flex w-fit flex-col-reverse\"><\/div>\n<\/div>","protected":false},"excerpt":{"rendered":"<p>The SF 180 INOX is a professional storage cabinet designed specifically for cheese and cold cuts preservation. Built with high-quality AISI 304 stainless steel interiors and a pre-painted anticorrosion-treated exterior, it ensures durability, hygiene, and perfect food storage conditions. Equipped with a touch control electronic thermostat, automatic defrost system, and energy-efficient LED lighting, it guarantees [&hellip;]<\/p>\n","protected":false},"featured_media":7287,"comment_status":"open","ping_status":"closed","template":"","meta":[],"product_brand":[],"product_cat":[51],"product_tag":[],"class_list":{"0":"post-7286","1":"product","2":"type-product","3":"status-publish","4":"has-post-thumbnail","6":"product_cat-kitchen-catering-cooling","8":"first","9":"instock","10":"shipping-taxable","11":"product-type-simple"},"_links":{"self":[{"href":"https:\/\/dersuessestopp.com\/de\/wp-json\/wp\/v2\/product\/7286","targetHints":{"allow":["GET"]}}],"collection":[{"href":"https:\/\/dersuessestopp.com\/de\/wp-json\/wp\/v2\/product"}],"about":[{"href":"https:\/\/dersuessestopp.com\/de\/wp-json\/wp\/v2\/types\/product"}],"replies":[{"embeddable":true,"href":"https:\/\/dersuessestopp.com\/de\/wp-json\/wp\/v2\/comments?post=7286"}],"version-history":[{"count":5,"href":"https:\/\/dersuessestopp.com\/de\/wp-json\/wp\/v2\/product\/7286\/revisions"}],"predecessor-version":[{"id":11916,"href":"https:\/\/dersuessestopp.com\/de\/wp-json\/wp\/v2\/product\/7286\/revisions\/11916"}],"wp:featuredmedia":[{"embeddable":true,"href":"https:\/\/dersuessestopp.com\/de\/wp-json\/wp\/v2\/media\/7287"}],"wp:attachment":[{"href":"https:\/\/dersuessestopp.com\/de\/wp-json\/wp\/v2\/media?parent=7286"}],"wp:term":[{"taxonomy":"product_brand","embeddable":true,"href":"https:\/\/dersuessestopp.com\/de\/wp-json\/wp\/v2\/product_brand?post=7286"},{"taxonomy":"product_cat","embeddable":true,"href":"https:\/\/dersuessestopp.com\/de\/wp-json\/wp\/v2\/product_cat?post=7286"},{"taxonomy":"product_tag","embeddable":true,"href":"https:\/\/dersuessestopp.com\/de\/wp-json\/wp\/v2\/product_tag?post=7286"}],"curies":[{"name":"wp","href":"https:\/\/api.w.org\/{rel}","templated":true}]}}