{"id":7281,"date":"2025-09-01T06:17:38","date_gmt":"2025-09-01T06:17:38","guid":{"rendered":"https:\/\/dersuessestopp.com\/?post_type=product&#038;p=7281"},"modified":"2025-09-01T06:17:38","modified_gmt":"2025-09-01T06:17:38","slug":"sama-125-l","status":"publish","type":"product","link":"https:\/\/dersuessestopp.com\/de\/product\/sama-125-l\/","title":{"rendered":"SAMA 125 L"},"content":{"rendered":"<p data-start=\"190\" data-end=\"514\">Die <strong data-start=\"194\" data-end=\"208\">SAMA 125 L<\/strong> ist eine <strong data-start=\"214\" data-end=\"249\">bel\u00fcftete K\u00fchltheke<\/strong> speziell entwickelt f\u00fcr <strong data-start=\"276\" data-end=\"336\">Metzgereien, Feinkostl\u00e4den, Superm\u00e4rkte und Minim\u00e4rkte<\/strong>. Bietet eine <strong data-start=\"349\" data-end=\"384\">gr\u00f6\u00dfere Anzeigefl\u00e4che (0,9 m\u00b2)<\/strong> als der SAMA 95 L, eignet sich perfekt f\u00fcr die Pr\u00e4sentation und Konservierung von Frischfleisch, Feinkost und Aufschnitt in <strong data-start=\"493\" data-end=\"511\">0 \u00b0C bis +10 \u00b0C<\/strong>.<\/p>\n<p data-start=\"516\" data-end=\"739\">Gebaut mit einer <strong data-start=\"529\" data-end=\"549\">robuste Struktur<\/strong> in <strong data-start=\"553\" data-end=\"612\">bandbeschichtetes Blech mit Korrosionsschutzbehandlung und Glas<\/strong>, und ein <strong data-start=\"621\" data-end=\"660\">Innenbeh\u00e4lter aus rostfreiem Stahl AISI 304<\/strong>, gew\u00e4hrleistet der SAMA 125 L <strong data-start=\"685\" data-end=\"736\">maximale Hygiene, Haltbarkeit und elegantes Design<\/strong>.<\/p>\n<h2 data-start=\"1488\" data-end=\"1515\"><strong data-start=\"1491\" data-end=\"1515\">Standard-Zubeh\u00f6r<\/strong><\/h2>\n<ul data-start=\"1516\" data-end=\"1556\">\n<li data-start=\"1516\" data-end=\"1556\">\n<p data-start=\"1518\" data-end=\"1556\">Nachtverschluss mit Plexiglasscheiben<\/p>\n<\/li>\n<\/ul>\n<h2 data-start=\"1558\" data-end=\"1585\"><strong data-start=\"1561\" data-end=\"1585\">Optionales Zubeh\u00f6r<\/strong><\/h2>\n<ul data-start=\"1586\" data-end=\"1804\">\n<li data-start=\"1586\" data-end=\"1610\">\n<p data-start=\"1588\" data-end=\"1610\">Bausatz f\u00fcr die Z\u00e4hlermontage<\/p>\n<\/li>\n<li data-start=\"1611\" data-end=\"1651\">\n<p data-start=\"1613\" data-end=\"1651\">Gleitendes Schneidebrett f\u00fcr Wurstwaren<\/p>\n<\/li>\n<li data-start=\"1652\" data-end=\"1674\">\n<p data-start=\"1654\" data-end=\"1674\">Halterung f\u00fcr Taschen<\/p>\n<\/li>\n<li data-start=\"1675\" data-end=\"1707\">\n<p data-start=\"1677\" data-end=\"1707\">Verpackungsmaterial Beh\u00e4lter<\/p>\n<\/li>\n<li data-start=\"1708\" data-end=\"1724\">\n<p data-start=\"1710\" data-end=\"1724\">Messerhalter<\/p>\n<\/li>\n<li data-start=\"1725\" data-end=\"1750\">\n<p data-start=\"1727\" data-end=\"1750\">Papierhandtuchspender<\/p>\n<\/li>\n<li data-start=\"1751\" data-end=\"1774\">\n<p data-start=\"1753\" data-end=\"1774\">Tabletthalter aus Kunststoff<\/p>\n<\/li>\n<li data-start=\"1775\" data-end=\"1804\">\n<p data-start=\"1777\" data-end=\"1804\">Rollen f\u00fcr einfache Bewegung<\/p>\n<\/li>\n<\/ul>\n<h2 data-start=\"1811\" data-end=\"1855\"><strong data-start=\"1814\" data-end=\"1855\">Technische Daten - SAMA 125 L<\/strong><\/h2>\n<table>\n<thead>\n<tr>\n<th>Merkmal<\/th>\n<th>Spezifikation<\/th>\n<\/tr>\n<\/thead>\n<tbody>\n<tr>\n<td><strong>Temperaturbereich<\/strong><\/td>\n<td>0 \u00b0C \/ +10 \u00b0C<\/td>\n<\/tr>\n<tr>\n<td><strong>Klima-Klasse<\/strong><\/td>\n<td>3<\/td>\n<\/tr>\n<tr>\n<td><strong>Anzeigebereich<\/strong><\/td>\n<td>0.9 m\u00b2<\/td>\n<\/tr>\n<tr>\n<td><strong>Geh\u00e4use (Au\u00dfenfl\u00e4che)<\/strong><\/td>\n<td>Vorlackiertes Blech mit Korrosionsschutzbehandlung + Glas<\/td>\n<\/tr>\n<tr>\n<td><strong>Innenauskleidung<\/strong><\/td>\n<td>Rostfreier Stahl AISI 304<\/td>\n<\/tr>\n<tr>\n<td><strong>Thermostat<\/strong><\/td>\n<td>Elektronisch<\/td>\n<\/tr>\n<tr>\n<td><strong>L\u00e4rmpegel<\/strong><\/td>\n<td>55 dB<\/td>\n<\/tr>\n<tr>\n<td><strong>Smart Link WiFi<\/strong><\/td>\n<td>Optional<\/td>\n<\/tr>\n<tr>\n<td><strong>Dicke der Isolierung<\/strong><\/td>\n<td>60 mm<\/td>\n<\/tr>\n<tr>\n<td><strong>Abtauen<\/strong><\/td>\n<td>Elektrisch<\/td>\n<\/tr>\n<tr>\n<td><strong>Beleuchtung<\/strong><\/td>\n<td>2 horizontale LED<\/td>\n<\/tr>\n<tr>\n<td><strong>F\u00fc\u00dfe<\/strong><\/td>\n<td>4<\/td>\n<\/tr>\n<tr>\n<td><strong>Rollen<\/strong><\/td>\n<td>Optional<\/td>\n<\/tr>\n<tr>\n<td><strong>Netto-\/Bruttogewicht<\/strong><\/td>\n<td>150 \/ 190 kg<\/td>\n<\/tr>\n<tr>\n<td><strong>Spannung \/ Frequenz<\/strong><\/td>\n<td>220-240 V \/ 50 Hz<\/td>\n<\/tr>\n<tr>\n<td><strong>K\u00e4ltemittel<\/strong><\/td>\n<td>R290<\/td>\n<\/tr>\n<tr>\n<td><strong>Leistungsabsorption<\/strong><\/td>\n<td>500 W<\/td>\n<\/tr>\n<tr>\n<td><strong>Energieverbrauch<\/strong><\/td>\n<td>6,85 kWh \/ 24h<\/td>\n<\/tr>\n<\/tbody>\n<\/table>\n<h2 data-start=\"2585\" data-end=\"2615\"><strong data-start=\"2588\" data-end=\"2615\">Abmessungen - SAMA 125 L<\/strong><\/h2>\n<div class=\"_tableContainer_1rjym_1\">\n<div class=\"_tableWrapper_1rjym_13 group flex w-fit flex-col-reverse\">\n<table>\n<thead>\n<tr>\n<th>Messung<\/th>\n<th>Wert<\/th>\n<\/tr>\n<\/thead>\n<tbody>\n<tr>\n<td><strong>\u00c4u\u00dfere Abmessungen (BxTxH)<\/strong><\/td>\n<td>1310 \u00d7 1000 \u00d7 1280 mm<\/td>\n<\/tr>\n<tr>\n<td><strong>Abmessungen der Verpackung (BxTxH)<\/strong><\/td>\n<td>1410 \u00d7 1100 \u00d7 1430 mm<\/td>\n<\/tr>\n<tr>\n<td><strong>Breite der Produktlagerzelle<\/strong><\/td>\n<td>1200 mm<\/td>\n<\/tr>\n<\/tbody>\n<\/table>\n<\/div>\n<\/div>","protected":false},"excerpt":{"rendered":"<p>The SAMA 125 L is a ventilated refrigerated counter specifically designed for butcheries, delicatessens, supermarkets, and minimarkets. Offering a larger display surface (0.9 m\u00b2) than the SAMA 95 L, it is perfect for presenting and preserving fresh meat, deli products, and cold cuts at 0 \u00b0C to +10 \u00b0C. Built with a robust structure in [&hellip;]<\/p>\n","protected":false},"featured_media":7282,"comment_status":"open","ping_status":"closed","template":"","meta":[],"product_brand":[],"product_cat":[50],"product_tag":[],"class_list":{"0":"post-7281","1":"product","2":"type-product","3":"status-publish","4":"has-post-thumbnail","6":"product_cat-minimarket-supermarket-cooling","8":"first","9":"instock","10":"shipping-taxable","11":"product-type-simple"},"_links":{"self":[{"href":"https:\/\/dersuessestopp.com\/de\/wp-json\/wp\/v2\/product\/7281","targetHints":{"allow":["GET"]}}],"collection":[{"href":"https:\/\/dersuessestopp.com\/de\/wp-json\/wp\/v2\/product"}],"about":[{"href":"https:\/\/dersuessestopp.com\/de\/wp-json\/wp\/v2\/types\/product"}],"replies":[{"embeddable":true,"href":"https:\/\/dersuessestopp.com\/de\/wp-json\/wp\/v2\/comments?post=7281"}],"version-history":[{"count":2,"href":"https:\/\/dersuessestopp.com\/de\/wp-json\/wp\/v2\/product\/7281\/revisions"}],"predecessor-version":[{"id":7285,"href":"https:\/\/dersuessestopp.com\/de\/wp-json\/wp\/v2\/product\/7281\/revisions\/7285"}],"wp:featuredmedia":[{"embeddable":true,"href":"https:\/\/dersuessestopp.com\/de\/wp-json\/wp\/v2\/media\/7282"}],"wp:attachment":[{"href":"https:\/\/dersuessestopp.com\/de\/wp-json\/wp\/v2\/media?parent=7281"}],"wp:term":[{"taxonomy":"product_brand","embeddable":true,"href":"https:\/\/dersuessestopp.com\/de\/wp-json\/wp\/v2\/product_brand?post=7281"},{"taxonomy":"product_cat","embeddable":true,"href":"https:\/\/dersuessestopp.com\/de\/wp-json\/wp\/v2\/product_cat?post=7281"},{"taxonomy":"product_tag","embeddable":true,"href":"https:\/\/dersuessestopp.com\/de\/wp-json\/wp\/v2\/product_tag?post=7281"}],"curies":[{"name":"wp","href":"https:\/\/api.w.org\/{rel}","templated":true}]}}