{"id":7275,"date":"2025-09-01T06:11:36","date_gmt":"2025-09-01T06:11:36","guid":{"rendered":"https:\/\/dersuessestopp.com\/?post_type=product&#038;p=7275"},"modified":"2025-09-01T06:14:21","modified_gmt":"2025-09-01T06:14:21","slug":"sama-95-l","status":"publish","type":"product","link":"https:\/\/dersuessestopp.com\/de\/product\/sama-95-l\/","title":{"rendered":"SAMA 95 L"},"content":{"rendered":"<p data-start=\"153\" data-end=\"456\">Die <strong data-start=\"157\" data-end=\"170\">SAMA 95 L<\/strong> ist eine <strong data-start=\"176\" data-end=\"211\">bel\u00fcftete K\u00fchltheke<\/strong> konzipiert f\u00fcr <strong data-start=\"225\" data-end=\"285\">Metzgereien, Feinkostl\u00e4den, Superm\u00e4rkte und Minim\u00e4rkte<\/strong>. Sie bietet <strong data-start=\"299\" data-end=\"341\">optimale Konservierung von Frischprodukten<\/strong> zu einem <strong data-start=\"347\" data-end=\"386\">Temperaturbereich von 0 \u00b0C bis +10 \u00b0C<\/strong>, und gew\u00e4hrleistet gleichzeitig <strong data-start=\"403\" data-end=\"453\">ausgezeichnete Sichtbarkeit und Zug\u00e4nglichkeit der Produkte<\/strong>.<\/p>\n<p data-start=\"458\" data-end=\"658\">Gebaut mit <strong data-start=\"469\" data-end=\"497\">Rostfreier Stahl AISI 304<\/strong> f\u00fcr den Innenbeh\u00e4lter und ein <strong data-start=\"523\" data-end=\"586\">bandbeschichtetes, korrosionsgesch\u00fctztes Blech mit Glasstruktur<\/strong>, garantiert der SAMA 95 L <strong data-start=\"613\" data-end=\"655\">Haltbarkeit, Hygiene und modernes Design<\/strong>.<\/p>\n<h2 data-start=\"1341\" data-end=\"1368\"><strong data-start=\"1344\" data-end=\"1368\">Standard-Zubeh\u00f6r<\/strong><\/h2>\n<ul data-start=\"1369\" data-end=\"1409\">\n<li data-start=\"1369\" data-end=\"1409\">\n<p data-start=\"1371\" data-end=\"1409\">Nachtverschluss mit Plexiglasscheiben<\/p>\n<\/li>\n<\/ul>\n<h2 data-start=\"1411\" data-end=\"1438\"><strong data-start=\"1414\" data-end=\"1438\">Optionales Zubeh\u00f6r<\/strong><\/h2>\n<ul data-start=\"1439\" data-end=\"1672\">\n<li data-start=\"1439\" data-end=\"1479\">\n<p data-start=\"1441\" data-end=\"1479\">Montagesatz f\u00fcr die Montage von Z\u00e4hlern<\/p>\n<\/li>\n<li data-start=\"1480\" data-end=\"1521\">\n<p data-start=\"1482\" data-end=\"1521\">Gleitendes Schneidebrett f\u00fcr P\u00f6kelfleisch<\/p>\n<\/li>\n<li data-start=\"1522\" data-end=\"1544\">\n<p data-start=\"1524\" data-end=\"1544\">Halterung f\u00fcr Taschen<\/p>\n<\/li>\n<li data-start=\"1545\" data-end=\"1575\">\n<p data-start=\"1547\" data-end=\"1575\">Halter f\u00fcr Verpackungsmaterial<\/p>\n<\/li>\n<li data-start=\"1576\" data-end=\"1592\">\n<p data-start=\"1578\" data-end=\"1592\">Messerhalter<\/p>\n<\/li>\n<li data-start=\"1593\" data-end=\"1618\">\n<p data-start=\"1595\" data-end=\"1618\">Papierhandtuchspender<\/p>\n<\/li>\n<li data-start=\"1619\" data-end=\"1642\">\n<p data-start=\"1621\" data-end=\"1642\">Tabletthalter aus Kunststoff<\/p>\n<\/li>\n<li data-start=\"1643\" data-end=\"1672\">\n<p data-start=\"1645\" data-end=\"1672\">Rollen f\u00fcr einfache Bewegung<\/p>\n<\/li>\n<\/ul>\n<h2 data-start=\"1679\" data-end=\"1722\"><strong data-start=\"1682\" data-end=\"1722\">Technische Daten - SAMA 95 L<\/strong><\/h2>\n<div class=\"_tableContainer_1rjym_1\">\n<div class=\"_tableWrapper_1rjym_13 group flex w-fit flex-col-reverse\">\n<table>\n<thead>\n<tr>\n<th>Merkmal<\/th>\n<th>Spezifikation<\/th>\n<\/tr>\n<\/thead>\n<tbody>\n<tr>\n<td><strong>Temperaturbereich<\/strong><\/td>\n<td>0 \u00b0C \/ +10 \u00b0C<\/td>\n<\/tr>\n<tr>\n<td><strong>Klima-Klasse<\/strong><\/td>\n<td>3<\/td>\n<\/tr>\n<tr>\n<td><strong>Anzeigebereich<\/strong><\/td>\n<td>0.7 m\u00b2<\/td>\n<\/tr>\n<tr>\n<td><strong>Geh\u00e4use (Au\u00dfenfl\u00e4che)<\/strong><\/td>\n<td>Vorlackiertes Blech mit Korrosionsschutzbehandlung + Glas<\/td>\n<\/tr>\n<tr>\n<td><strong>Innenauskleidung<\/strong><\/td>\n<td>Rostfreier Stahl AISI 304<\/td>\n<\/tr>\n<tr>\n<td><strong>Thermostat<\/strong><\/td>\n<td>Elektronisch<\/td>\n<\/tr>\n<tr>\n<td><strong>L\u00e4rmpegel<\/strong><\/td>\n<td>55 dB<\/td>\n<\/tr>\n<tr>\n<td><strong>Smart Link WiFi<\/strong><\/td>\n<td>Optional<\/td>\n<\/tr>\n<tr>\n<td><strong>Dicke der Isolierung<\/strong><\/td>\n<td>60 mm<\/td>\n<\/tr>\n<tr>\n<td><strong>Abtauen<\/strong><\/td>\n<td>Elektrisch<\/td>\n<\/tr>\n<tr>\n<td><strong>Beleuchtung<\/strong><\/td>\n<td>2 horizontale LED<\/td>\n<\/tr>\n<tr>\n<td><strong>F\u00fc\u00dfe<\/strong><\/td>\n<td>4<\/td>\n<\/tr>\n<tr>\n<td><strong>Rollen<\/strong><\/td>\n<td>Optional<\/td>\n<\/tr>\n<tr>\n<td><strong>Netto-\/Bruttogewicht<\/strong><\/td>\n<td>140 \/ 170 kg<\/td>\n<\/tr>\n<tr>\n<td><strong>Spannung \/ Frequenz<\/strong><\/td>\n<td>220-240 V \/ 50 Hz<\/td>\n<\/tr>\n<tr>\n<td><strong>K\u00e4ltemittel<\/strong><\/td>\n<td>R290<\/td>\n<\/tr>\n<tr>\n<td><strong>Leistungsabsorption<\/strong><\/td>\n<td>410 W<\/td>\n<\/tr>\n<tr>\n<td><strong>Energieverbrauch<\/strong><\/td>\n<td>5,95 kWh \/ 24h<\/td>\n<\/tr>\n<\/tbody>\n<\/table>\n<h2 data-start=\"2452\" data-end=\"2481\"><strong data-start=\"2455\" data-end=\"2481\">Abmessungen - SAMA 95 L<\/strong><\/h2>\n<div class=\"_tableContainer_1rjym_1\">\n<div class=\"_tableWrapper_1rjym_13 group flex w-fit flex-col-reverse\">\n<table>\n<thead>\n<tr>\n<th>Messung<\/th>\n<th>Wert<\/th>\n<\/tr>\n<\/thead>\n<tbody>\n<tr>\n<td><strong>\u00c4u\u00dfere Abmessungen (BxTxH)<\/strong><\/td>\n<td>1000 \u00d7 1000 \u00d7 1280 mm<\/td>\n<\/tr>\n<tr>\n<td><strong>Abmessungen der Verpackung (BxTxH)<\/strong><\/td>\n<td>1100 \u00d7 1100 \u00d7 1430 mm<\/td>\n<\/tr>\n<tr>\n<td><strong>Breite der Produktlagerzelle<\/strong><\/td>\n<td>890 mm<\/td>\n<\/tr>\n<\/tbody>\n<\/table>\n<\/div>\n<\/div>\n<\/div>\n<\/div>","protected":false},"excerpt":{"rendered":"<p>The SAMA 95 L is a ventilated refrigerated counter designed for butcheries, delicatessens, supermarkets, and minimarkets. It provides optimal preservation of fresh products at a temperature range of 0 \u00b0C to +10 \u00b0C, while ensuring excellent product visibility and accessibility. Built with AISI 304 stainless steel for the inner tank and a prepainted anticorrosion-treated sheet [&hellip;]<\/p>\n","protected":false},"featured_media":7276,"comment_status":"open","ping_status":"closed","template":"","meta":[],"product_brand":[],"product_cat":[50],"product_tag":[],"class_list":{"0":"post-7275","1":"product","2":"type-product","3":"status-publish","4":"has-post-thumbnail","6":"product_cat-minimarket-supermarket-cooling","8":"first","9":"instock","10":"shipping-taxable","11":"product-type-simple"},"_links":{"self":[{"href":"https:\/\/dersuessestopp.com\/de\/wp-json\/wp\/v2\/product\/7275","targetHints":{"allow":["GET"]}}],"collection":[{"href":"https:\/\/dersuessestopp.com\/de\/wp-json\/wp\/v2\/product"}],"about":[{"href":"https:\/\/dersuessestopp.com\/de\/wp-json\/wp\/v2\/types\/product"}],"replies":[{"embeddable":true,"href":"https:\/\/dersuessestopp.com\/de\/wp-json\/wp\/v2\/comments?post=7275"}],"version-history":[{"count":3,"href":"https:\/\/dersuessestopp.com\/de\/wp-json\/wp\/v2\/product\/7275\/revisions"}],"predecessor-version":[{"id":7280,"href":"https:\/\/dersuessestopp.com\/de\/wp-json\/wp\/v2\/product\/7275\/revisions\/7280"}],"wp:featuredmedia":[{"embeddable":true,"href":"https:\/\/dersuessestopp.com\/de\/wp-json\/wp\/v2\/media\/7276"}],"wp:attachment":[{"href":"https:\/\/dersuessestopp.com\/de\/wp-json\/wp\/v2\/media?parent=7275"}],"wp:term":[{"taxonomy":"product_brand","embeddable":true,"href":"https:\/\/dersuessestopp.com\/de\/wp-json\/wp\/v2\/product_brand?post=7275"},{"taxonomy":"product_cat","embeddable":true,"href":"https:\/\/dersuessestopp.com\/de\/wp-json\/wp\/v2\/product_cat?post=7275"},{"taxonomy":"product_tag","embeddable":true,"href":"https:\/\/dersuessestopp.com\/de\/wp-json\/wp\/v2\/product_tag?post=7275"}],"curies":[{"name":"wp","href":"https:\/\/api.w.org\/{rel}","templated":true}]}}