{"id":7254,"date":"2025-09-01T06:00:47","date_gmt":"2025-09-01T06:00:47","guid":{"rendered":"https:\/\/dersuessestopp.com\/?post_type=product&#038;p=7254"},"modified":"2025-09-01T06:00:55","modified_gmt":"2025-09-01T06:00:55","slug":"alaska-top-210","status":"publish","type":"product","link":"https:\/\/dersuessestopp.com\/de\/product\/alaska-top-210\/","title":{"rendered":"ALASKA TOP 210"},"content":{"rendered":"<p data-start=\"160\" data-end=\"509\">Die <strong data-start=\"164\" data-end=\"182\">ALASKA TOP 210<\/strong> ist eine <strong data-start=\"188\" data-end=\"214\">gr\u00f6\u00dferer Gefrierschrank<\/strong> konzipiert f\u00fcr <strong data-start=\"228\" data-end=\"282\">Superm\u00e4rkte, Minim\u00e4rkte und Einzelhandelsumgebungen<\/strong> wo eine erweiterte Lagerkapazit\u00e4t f\u00fcr Gefriergut erforderlich ist. Gebaut mit einer <strong data-start=\"348\" data-end=\"417\">Au\u00dfen aus vorlackiertem Stahl (RAL7015) mit Korrosionsschutzbehandlung<\/strong> und eine <strong data-start=\"424\" data-end=\"455\">wei\u00dfes Aluminium-Innenfutter<\/strong>, Sie garantiert lange Haltbarkeit und Hygiene.<\/p>\n<p data-start=\"511\" data-end=\"856\">Dieses Modell verf\u00fcgt \u00fcber eine <strong data-start=\"533\" data-end=\"577\">Glasschiebe\u00f6ffnungssystem (Manhattan)<\/strong> f\u00fcr bequemen Zugang, kombiniert mit <strong data-start=\"615\" data-end=\"644\">automatische Hei\u00dfgasabtauung<\/strong> f\u00fcr eine einfache Wartung. Mit einer <strong data-start=\"674\" data-end=\"715\">Temperaturbereich von -22 \u00b0C bis -18 \u00b0C<\/strong>, Der ALASKA TOP 210 gew\u00e4hrleistet eine konstante Gefrierleistung und bietet <strong data-start=\"792\" data-end=\"853\">Hervorragende Produktsichtbarkeit durch 3 integrierte LED-Leuchten<\/strong>.<\/p>\n<h2 data-start=\"1470\" data-end=\"1501\"><strong data-start=\"1473\" data-end=\"1501\">Technische Daten<\/strong><\/h2>\n<div class=\"_tableContainer_1rjym_1\">\n<div class=\"_tableWrapper_1rjym_13 group flex w-fit flex-col-reverse\">\n<table>\n<thead>\n<tr>\n<th>Merkmal<\/th>\n<th>ALASKA TOP 210<\/th>\n<\/tr>\n<\/thead>\n<tbody>\n<tr>\n<td><strong>Temperaturbereich<\/strong><\/td>\n<td>-22 \u00b0C \/ -18 \u00b0C<\/td>\n<\/tr>\n<tr>\n<td><strong>Klima-Klasse<\/strong><\/td>\n<td>3<\/td>\n<\/tr>\n<tr>\n<td><strong>Netto\/Brutto Volumen<\/strong><\/td>\n<td>346 L \/ 559 L<\/td>\n<\/tr>\n<tr>\n<td><strong>Geh\u00e4use (Au\u00dfenfl\u00e4che)<\/strong><\/td>\n<td>Vorlackiertes Blech (RAL7015) mit Korrosionsschutzbehandlung<\/td>\n<\/tr>\n<tr>\n<td><strong>Innenauskleidung<\/strong><\/td>\n<td>Wei\u00dfes Aluminium<\/td>\n<\/tr>\n<tr>\n<td><strong>Thermostat<\/strong><\/td>\n<td>Elektronisch<\/td>\n<\/tr>\n<tr>\n<td><strong>L\u00e4rmpegel<\/strong><\/td>\n<td>65 dB<\/td>\n<\/tr>\n<tr>\n<td><strong>Smart Link WiFi<\/strong><\/td>\n<td>-<\/td>\n<\/tr>\n<tr>\n<td><strong>Dicke der Isolierung<\/strong><\/td>\n<td>60 mm<\/td>\n<\/tr>\n<tr>\n<td><strong>Abtau-System<\/strong><\/td>\n<td>Hei\u00dfes Gas<\/td>\n<\/tr>\n<tr>\n<td><strong>Beleuchtung<\/strong><\/td>\n<td>3 LED<\/td>\n<\/tr>\n<tr>\n<td><strong>Regale<\/strong><\/td>\n<td>6 F\u00e4cher (N.4 - 624 \u00d7 292 mm, N.2 - 699 \u00d7 292 mm)<\/td>\n<\/tr>\n<tr>\n<td><strong>F\u00fc\u00dfe<\/strong><\/td>\n<td>4 einstellbar<\/td>\n<\/tr>\n<tr>\n<td><strong>Spannung \/ Frequenz<\/strong><\/td>\n<td>220-240 V \/ 50 Hz<\/td>\n<\/tr>\n<tr>\n<td><strong>K\u00e4ltemittel<\/strong><\/td>\n<td>R290<\/td>\n<\/tr>\n<tr>\n<td><strong>Leistungsabsorption<\/strong><\/td>\n<td>820 W<\/td>\n<\/tr>\n<tr>\n<td><strong>Energieverbrauch<\/strong><\/td>\n<td>20,12 kWh \/ 24h<\/td>\n<\/tr>\n<tr>\n<td><strong>Netto-\/Bruttogewicht<\/strong><\/td>\n<td>188 \/ 203 kg<\/td>\n<\/tr>\n<\/tbody>\n<\/table>\n<h2 data-start=\"2284\" data-end=\"2301\"><strong data-start=\"2287\" data-end=\"2301\">Abmessungen<\/strong><\/h2>\n<div class=\"_tableContainer_1rjym_1\">\n<div class=\"_tableWrapper_1rjym_13 group flex w-fit flex-col-reverse\">\n<table>\n<thead>\n<tr>\n<th>Messung<\/th>\n<th>ALASKA TOP 210<\/th>\n<\/tr>\n<\/thead>\n<tbody>\n<tr>\n<td><strong>\u00c4u\u00dfere Abmessungen (BxTxH)<\/strong><\/td>\n<td>2100 \u00d7 590 \u00d7 1022 mm<\/td>\n<\/tr>\n<tr>\n<td><strong>Abmessungen der Verpackung (BxTxH)<\/strong><\/td>\n<td>2180 \u00d7 660 \u00d7 1245 mm<\/td>\n<\/tr>\n<tr>\n<td><strong>Innere Breite (A)<\/strong><\/td>\n<td>1980 mm<\/td>\n<\/tr>\n<tr>\n<td><strong>Innere Tiefe (B)<\/strong><\/td>\n<td>390 mm<\/td>\n<\/tr>\n<tr>\n<td><strong>Innere H\u00f6he (C)<\/strong><\/td>\n<td>645 mm<\/td>\n<\/tr>\n<\/tbody>\n<\/table>\n<\/div>\n<\/div>\n<\/div>\n<\/div>","protected":false},"excerpt":{"rendered":"<p>The ALASKA TOP 210 is a larger upright freezer designed for supermarkets, minimarkets, and retail environments where extended frozen storage capacity is required. Built with a pre-painted steel exterior (RAL7015) with anticorrosion treatment and a white aluminium inner liner, it guarantees long-lasting durability and hygiene. This model features a sliding glass opening system (Manhattan) for [&hellip;]<\/p>\n","protected":false},"featured_media":7255,"comment_status":"open","ping_status":"closed","template":"","meta":[],"product_brand":[],"product_cat":[50],"product_tag":[],"class_list":{"0":"post-7254","1":"product","2":"type-product","3":"status-publish","4":"has-post-thumbnail","6":"product_cat-minimarket-supermarket-cooling","8":"first","9":"instock","10":"shipping-taxable","11":"product-type-simple"},"_links":{"self":[{"href":"https:\/\/dersuessestopp.com\/de\/wp-json\/wp\/v2\/product\/7254","targetHints":{"allow":["GET"]}}],"collection":[{"href":"https:\/\/dersuessestopp.com\/de\/wp-json\/wp\/v2\/product"}],"about":[{"href":"https:\/\/dersuessestopp.com\/de\/wp-json\/wp\/v2\/types\/product"}],"replies":[{"embeddable":true,"href":"https:\/\/dersuessestopp.com\/de\/wp-json\/wp\/v2\/comments?post=7254"}],"version-history":[{"count":2,"href":"https:\/\/dersuessestopp.com\/de\/wp-json\/wp\/v2\/product\/7254\/revisions"}],"predecessor-version":[{"id":7258,"href":"https:\/\/dersuessestopp.com\/de\/wp-json\/wp\/v2\/product\/7254\/revisions\/7258"}],"wp:featuredmedia":[{"embeddable":true,"href":"https:\/\/dersuessestopp.com\/de\/wp-json\/wp\/v2\/media\/7255"}],"wp:attachment":[{"href":"https:\/\/dersuessestopp.com\/de\/wp-json\/wp\/v2\/media?parent=7254"}],"wp:term":[{"taxonomy":"product_brand","embeddable":true,"href":"https:\/\/dersuessestopp.com\/de\/wp-json\/wp\/v2\/product_brand?post=7254"},{"taxonomy":"product_cat","embeddable":true,"href":"https:\/\/dersuessestopp.com\/de\/wp-json\/wp\/v2\/product_cat?post=7254"},{"taxonomy":"product_tag","embeddable":true,"href":"https:\/\/dersuessestopp.com\/de\/wp-json\/wp\/v2\/product_tag?post=7254"}],"curies":[{"name":"wp","href":"https:\/\/api.w.org\/{rel}","templated":true}]}}