{"id":7250,"date":"2025-09-01T05:58:54","date_gmt":"2025-09-01T05:58:54","guid":{"rendered":"https:\/\/dersuessestopp.com\/?post_type=product&#038;p=7250"},"modified":"2025-09-01T05:58:54","modified_gmt":"2025-09-01T05:58:54","slug":"alaska-top-145","status":"publish","type":"product","link":"https:\/\/dersuessestopp.com\/de\/product\/alaska-top-145\/","title":{"rendered":"ALASKA TOP 145"},"content":{"rendered":"<p data-start=\"178\" data-end=\"496\">Die <strong data-start=\"182\" data-end=\"200\">ALASKA TOP 145<\/strong> ist eine <strong data-start=\"206\" data-end=\"233\">kompakter Gefrierschrank<\/strong> konzipiert f\u00fcr Superm\u00e4rkte, Minim\u00e4rkte und professionelle Einzelhandelsumgebungen. Gebaut mit einer <strong data-start=\"325\" data-end=\"390\">Geh\u00e4use aus vorlackiertem Stahl (RAL7015) mit Korrosionsschutzbehandlung<\/strong> und eine <strong data-start=\"397\" data-end=\"428\">wei\u00dfes Aluminium-Innenfutter<\/strong>, Er garantiert Haltbarkeit, Hygiene und dauerhafte Leistung.<\/p>\n<p data-start=\"498\" data-end=\"746\">Dieses Modell verf\u00fcgt \u00fcber eine <strong data-start=\"520\" data-end=\"564\">Glasschiebe\u00f6ffnungssystem (Manhattan)<\/strong> f\u00fcr leichten Zugang, kombiniert mit <strong data-start=\"596\" data-end=\"625\">automatische Hei\u00dfgasabtauung<\/strong> f\u00fcr geringen Wartungsaufwand. Mit einer <strong data-start=\"654\" data-end=\"695\">Temperaturbereich von -22 \u00b0C bis -18 \u00b0C<\/strong>, Sie gew\u00e4hrleistet eine zuverl\u00e4ssige Lagerung von Tiefk\u00fchlprodukten.<\/p>\n<p data-start=\"748\" data-end=\"966\">Ausgestattet mit <strong data-start=\"762\" data-end=\"778\">LED-Beleuchtung<\/strong>, <strong data-start=\"780\" data-end=\"813\">elektronische Thermostatsteuerung<\/strong>, und eine <strong data-start=\"821\" data-end=\"842\">kompakte Standfl\u00e4che<\/strong>, Der ALASKA TOP 145 ist eine hervorragende L\u00f6sung f\u00fcr die Pr\u00e4sentation von Produkten und die Optimierung der K\u00fchllagerung auf begrenztem Raum.<\/p>\n<h2 data-start=\"1543\" data-end=\"1574\"><strong data-start=\"1546\" data-end=\"1574\">Technische Daten<\/strong><\/h2>\n<div class=\"_tableContainer_1rjym_1\">\n<div class=\"_tableWrapper_1rjym_13 group flex w-fit flex-col-reverse\">\n<table>\n<thead>\n<tr>\n<th>Merkmal<\/th>\n<th>ALASKA TOP 145<\/th>\n<\/tr>\n<\/thead>\n<tbody>\n<tr>\n<td><strong>Temperaturbereich<\/strong><\/td>\n<td>-22 \u00b0C \/ -18 \u00b0C<\/td>\n<\/tr>\n<tr>\n<td><strong>Klima-Klasse<\/strong><\/td>\n<td>3<\/td>\n<\/tr>\n<tr>\n<td><strong>Netto\/Brutto Volumen<\/strong><\/td>\n<td>232 L \/ 373 L<\/td>\n<\/tr>\n<tr>\n<td><strong>Geh\u00e4use (Au\u00dfenfl\u00e4che)<\/strong><\/td>\n<td>Vorlackiertes Blech (RAL7015) mit Korrosionsschutzbehandlung<\/td>\n<\/tr>\n<tr>\n<td><strong>Innenauskleidung<\/strong><\/td>\n<td>Wei\u00dfes Aluminium<\/td>\n<\/tr>\n<tr>\n<td><strong>Thermostat<\/strong><\/td>\n<td>Elektronisch<\/td>\n<\/tr>\n<tr>\n<td><strong>L\u00e4rmpegel<\/strong><\/td>\n<td>58 dB<\/td>\n<\/tr>\n<tr>\n<td><strong>Smart Link WiFi<\/strong><\/td>\n<td>-<\/td>\n<\/tr>\n<tr>\n<td><strong>Dicke der Isolierung<\/strong><\/td>\n<td>60 mm<\/td>\n<\/tr>\n<tr>\n<td><strong>Abtau-System<\/strong><\/td>\n<td>Hei\u00dfes Gas<\/td>\n<\/tr>\n<tr>\n<td><strong>Beleuchtung<\/strong><\/td>\n<td>2 LED<\/td>\n<\/tr>\n<tr>\n<td><strong>Regale<\/strong><\/td>\n<td>4 Einlegeb\u00f6den (649 \u00d7 292 mm)<\/td>\n<\/tr>\n<tr>\n<td><strong>F\u00fc\u00dfe<\/strong><\/td>\n<td>4 einstellbar<\/td>\n<\/tr>\n<tr>\n<td><strong>Spannung \/ Frequenz<\/strong><\/td>\n<td>220-240 V \/ 50 Hz<\/td>\n<\/tr>\n<tr>\n<td><strong>K\u00e4ltemittel<\/strong><\/td>\n<td>R290 (umweltfreundlich)<\/td>\n<\/tr>\n<tr>\n<td><strong>Leistungsabsorption<\/strong><\/td>\n<td>650 W<\/td>\n<\/tr>\n<tr>\n<td><strong>Energieverbrauch<\/strong><\/td>\n<td>14,47 kWh \/ 24h<\/td>\n<\/tr>\n<tr>\n<td><strong>Netto-\/Bruttogewicht<\/strong><\/td>\n<td>139 \/ 149 kg<\/td>\n<\/tr>\n<\/tbody>\n<\/table>\n<\/div>\n<\/div>\n<h2 data-start=\"1543\" data-end=\"1574\"><strong data-start=\"1546\" data-end=\"1574\">Abmessungen<\/strong><\/h2>\n<table>\n<thead>\n<tr>\n<th>Messung<\/th>\n<th>ALASKA TOP 145<\/th>\n<\/tr>\n<\/thead>\n<tbody>\n<tr>\n<td><strong>\u00c4u\u00dfere Abmessungen (BxTxH)<\/strong><\/td>\n<td>1450 \u00d7 590 \u00d7 1022 mm<\/td>\n<\/tr>\n<tr>\n<td><strong>Abmessungen der Verpackung (BxTxH)<\/strong><\/td>\n<td>1530 \u00d7 660 \u00d7 1245 mm<\/td>\n<\/tr>\n<tr>\n<td><strong>Innere Breite (A)<\/strong><\/td>\n<td>1330 mm<\/td>\n<\/tr>\n<tr>\n<td><strong>Innere Tiefe (B)<\/strong><\/td>\n<td>390 mm<\/td>\n<\/tr>\n<tr>\n<td><strong>Innere H\u00f6he (C)<\/strong><\/td>\n<td>645 mm<\/td>\n<\/tr>\n<\/tbody>\n<\/table>\n<p>&nbsp;<\/p>","protected":false},"excerpt":{"rendered":"<p>The ALASKA TOP 145 is a compact upright freezer designed for supermarkets, minimarkets, and professional retail environments. Built with a pre-painted steel body (RAL7015) with anticorrosion treatment and a white aluminium inner liner, it guarantees durability, hygiene, and long-lasting performance. This model features a sliding glass opening system (Manhattan) for easy access, combined with hot-gas [&hellip;]<\/p>\n","protected":false},"featured_media":7251,"comment_status":"open","ping_status":"closed","template":"","meta":[],"product_brand":[],"product_cat":[50],"product_tag":[],"class_list":{"0":"post-7250","1":"product","2":"type-product","3":"status-publish","4":"has-post-thumbnail","6":"product_cat-minimarket-supermarket-cooling","8":"first","9":"instock","10":"shipping-taxable","11":"product-type-simple"},"_links":{"self":[{"href":"https:\/\/dersuessestopp.com\/de\/wp-json\/wp\/v2\/product\/7250","targetHints":{"allow":["GET"]}}],"collection":[{"href":"https:\/\/dersuessestopp.com\/de\/wp-json\/wp\/v2\/product"}],"about":[{"href":"https:\/\/dersuessestopp.com\/de\/wp-json\/wp\/v2\/types\/product"}],"replies":[{"embeddable":true,"href":"https:\/\/dersuessestopp.com\/de\/wp-json\/wp\/v2\/comments?post=7250"}],"version-history":[{"count":1,"href":"https:\/\/dersuessestopp.com\/de\/wp-json\/wp\/v2\/product\/7250\/revisions"}],"predecessor-version":[{"id":7253,"href":"https:\/\/dersuessestopp.com\/de\/wp-json\/wp\/v2\/product\/7250\/revisions\/7253"}],"wp:featuredmedia":[{"embeddable":true,"href":"https:\/\/dersuessestopp.com\/de\/wp-json\/wp\/v2\/media\/7251"}],"wp:attachment":[{"href":"https:\/\/dersuessestopp.com\/de\/wp-json\/wp\/v2\/media?parent=7250"}],"wp:term":[{"taxonomy":"product_brand","embeddable":true,"href":"https:\/\/dersuessestopp.com\/de\/wp-json\/wp\/v2\/product_brand?post=7250"},{"taxonomy":"product_cat","embeddable":true,"href":"https:\/\/dersuessestopp.com\/de\/wp-json\/wp\/v2\/product_cat?post=7250"},{"taxonomy":"product_tag","embeddable":true,"href":"https:\/\/dersuessestopp.com\/de\/wp-json\/wp\/v2\/product_tag?post=7250"}],"curies":[{"name":"wp","href":"https:\/\/api.w.org\/{rel}","templated":true}]}}