{"id":7241,"date":"2025-09-01T05:48:49","date_gmt":"2025-09-01T05:48:49","guid":{"rendered":"https:\/\/dersuessestopp.com\/?post_type=product&#038;p=7241"},"modified":"2025-09-01T05:48:49","modified_gmt":"2025-09-01T05:48:49","slug":"igloo-21","status":"publish","type":"product","link":"https:\/\/dersuessestopp.com\/de\/product\/igloo-21\/","title":{"rendered":"IGLOO 21"},"content":{"rendered":"<p data-start=\"215\" data-end=\"436\">Die <strong data-start=\"219\" data-end=\"231\">IGLOO 21<\/strong> ist eine <strong data-start=\"237\" data-end=\"268\">statischer Jumbo-Inselgefrierschrank<\/strong> konzipiert f\u00fcr <strong data-start=\"282\" data-end=\"314\">Superm\u00e4rkte und Minim\u00e4rkte<\/strong>, und bietet <strong data-start=\"325\" data-end=\"349\">gro\u00dfes Speichervolumen<\/strong>, <strong data-start=\"351\" data-end=\"383\">ausgezeichnete Produktsichtbarkeit<\/strong>, und <strong data-start=\"389\" data-end=\"433\">Leichter Zugang mit Schiebedeckel aus Flachglas<\/strong>.<\/p>\n<p data-start=\"438\" data-end=\"641\">Mit seinem <strong data-start=\"447\" data-end=\"484\">robustes, korrosionsgesch\u00fctztes Geh\u00e4use<\/strong>, <strong data-start=\"486\" data-end=\"519\">gepr\u00e4gte Aluminium-Innenauskleidung<\/strong>, und <strong data-start=\"525\" data-end=\"561\">Hei\u00dfgas-Abtauautomatik<\/strong>, gew\u00e4hrleistet der IGLOO 21 <strong data-start=\"584\" data-end=\"638\">Langfristige Zuverl\u00e4ssigkeit und effiziente Leistung<\/strong>.<\/p>\n<p data-start=\"643\" data-end=\"869\">Ausgestattet mit <strong data-start=\"657\" data-end=\"673\">LED-Beleuchtung<\/strong>, <strong data-start=\"675\" data-end=\"700\">elektronisches Thermostat<\/strong>, und optional <strong data-start=\"715\" data-end=\"752\">Smart Link WiFi-Fern\u00fcberwachung<\/strong>, kombiniert sie <strong data-start=\"766\" data-end=\"793\">praktische Funktionalit\u00e4t<\/strong> mit <strong data-start=\"799\" data-end=\"818\">moderne Merkmale<\/strong> um den Anforderungen des professionellen Lebensmitteleinzelhandels gerecht zu werden.<\/p>\n<h2 data-start=\"1487\" data-end=\"1518\"><strong data-start=\"1490\" data-end=\"1518\">Technische Daten<\/strong><\/h2>\n<div class=\"_tableContainer_1rjym_1\">\n<div class=\"_tableWrapper_1rjym_13 group flex w-fit flex-col-reverse\">\n<table>\n<thead>\n<tr>\n<th>Merkmal<\/th>\n<th>IGLOO 21<\/th>\n<\/tr>\n<\/thead>\n<tbody>\n<tr>\n<td><strong>Temperaturbereich<\/strong><\/td>\n<td>-21 \u00b0C \/ -18 \u00b0C<\/td>\n<\/tr>\n<tr>\n<td><strong>Klima-Klasse<\/strong><\/td>\n<td>3<\/td>\n<\/tr>\n<tr>\n<td><strong>Netto\/Brutto Volumen<\/strong><\/td>\n<td>621 L \/ 850 L<\/td>\n<\/tr>\n<tr>\n<td><strong>K\u00fchlsystem<\/strong><\/td>\n<td>Statisch<\/td>\n<\/tr>\n<tr>\n<td><strong>Abtauen<\/strong><\/td>\n<td>Automatisch (Hei\u00dfgas) + Manuell<\/td>\n<\/tr>\n<tr>\n<td><strong>Geh\u00e4use (Au\u00dfenfl\u00e4che)<\/strong><\/td>\n<td>Vorgestrichenes Blech mit Korrosionsschutzbehandlung<\/td>\n<\/tr>\n<tr>\n<td><strong>Innenauskleidung<\/strong><\/td>\n<td>Gepr\u00e4gtes Aluminium<\/td>\n<\/tr>\n<tr>\n<td><strong>Abscheider<\/strong><\/td>\n<td>4<\/td>\n<\/tr>\n<tr>\n<td><strong>K\u00f6rbe<\/strong><\/td>\n<td>Optional<\/td>\n<\/tr>\n<tr>\n<td><strong>Thermostat<\/strong><\/td>\n<td>Elektronisch<\/td>\n<\/tr>\n<tr>\n<td><strong>L\u00e4rmpegel<\/strong><\/td>\n<td>61 dB<\/td>\n<\/tr>\n<tr>\n<td><strong>Smart Link WiFi<\/strong><\/td>\n<td>Optional (Fernsteuerung)<\/td>\n<\/tr>\n<tr>\n<td><strong>Dicke der Isolierung<\/strong><\/td>\n<td>65 mm<\/td>\n<\/tr>\n<tr>\n<td><strong>Beleuchtung<\/strong><\/td>\n<td>LED<\/td>\n<\/tr>\n<tr>\n<td><strong>F\u00fc\u00dfe<\/strong><\/td>\n<td>4 einstellbar<\/td>\n<\/tr>\n<tr>\n<td><strong>Rollen<\/strong><\/td>\n<td>Optional<\/td>\n<\/tr>\n<tr>\n<td><strong>Spannung \/ Frequenz<\/strong><\/td>\n<td>220-240 V \/ 50 Hz<\/td>\n<\/tr>\n<tr>\n<td><strong>K\u00e4ltemittel<\/strong><\/td>\n<td>R290 (umweltfreundlich)<\/td>\n<\/tr>\n<tr>\n<td><strong>Leistungsabsorption<\/strong><\/td>\n<td>606 W<\/td>\n<\/tr>\n<tr>\n<td><strong>Energieverbrauch<\/strong><\/td>\n<td>7,8 kWh \/ 24h<\/td>\n<\/tr>\n<tr>\n<td><strong>Netto-\/Bruttogewicht<\/strong><\/td>\n<td>145 \/ 175 kg<\/td>\n<\/tr>\n<\/tbody>\n<\/table>\n<h2 data-start=\"2372\" data-end=\"2389\"><strong data-start=\"2375\" data-end=\"2389\">Abmessungen<\/strong><\/h2>\n<div class=\"_tableContainer_1rjym_1\">\n<div class=\"_tableWrapper_1rjym_13 group flex w-fit flex-col-reverse\">\n<table>\n<thead>\n<tr>\n<th>Messung<\/th>\n<th>IGLOO 21<\/th>\n<\/tr>\n<\/thead>\n<tbody>\n<tr>\n<td><strong>\u00c4u\u00dfere Abmessungen (BxTxH)<\/strong><\/td>\n<td>2100 \u00d7 850 \u00d7 870 mm<\/td>\n<\/tr>\n<tr>\n<td><strong>Abmessungen der Verpackung (BxTxH)<\/strong><\/td>\n<td>2175 \u00d7 934 \u00d7 1010 mm<\/td>\n<\/tr>\n<tr>\n<td><strong>Innere Breite (A)<\/strong><\/td>\n<td>1953 mm<\/td>\n<\/tr>\n<tr>\n<td><strong>Innere Tiefe (B)<\/strong><\/td>\n<td>691 mm<\/td>\n<\/tr>\n<tr>\n<td><strong>Innere H\u00f6he (C)<\/strong><\/td>\n<td>733 mm<\/td>\n<\/tr>\n<tr>\n<td><strong>Min. H\u00f6he (E)<\/strong><\/td>\n<td>473 mm<\/td>\n<\/tr>\n<tr>\n<td><strong>Min. Breite (F)<\/strong><\/td>\n<td>1718 mm<\/td>\n<\/tr>\n<\/tbody>\n<\/table>\n<h2 data-start=\"2372\" data-end=\"2389\"><strong data-start=\"2375\" data-end=\"2389\">Branding-Optionen<\/strong><\/h2>\n<table>\n<thead>\n<tr>\n<th>Position<\/th>\n<th>Abmessungen<\/th>\n<\/tr>\n<\/thead>\n<tbody>\n<tr>\n<td><strong>Seite rechts<\/strong><\/td>\n<td>820 \u00d7 700 \/ 770 mm<\/td>\n<\/tr>\n<tr>\n<td><strong>Front-Aufkleber<\/strong><\/td>\n<td>2105 \u00d7 610 mm<\/td>\n<\/tr>\n<tr>\n<td><strong>Aufkleber f\u00fcr unteres Glas<\/strong><\/td>\n<td>953 \u00d7 358 mm<\/td>\n<\/tr>\n<tr>\n<td><strong>Oberer Glasaufkleber<\/strong><\/td>\n<td>920 \u00d7 345 mm<\/td>\n<\/tr>\n<\/tbody>\n<\/table>\n<\/div>\n<\/div>\n<\/div>\n<\/div>","protected":false},"excerpt":{"rendered":"<p>The IGLOO 21 is a static jumbo island freezer designed for supermarkets and minimarkets, offering large storage volume, excellent product visibility, and easy access with sliding flat glass lids. With its robust anticorrosion-treated body, embossed aluminum inner liner, and automatic hot-gas defrost system, the IGLOO 21 ensures long-lasting reliability and efficient performance. Equipped with LED [&hellip;]<\/p>\n","protected":false},"featured_media":7242,"comment_status":"open","ping_status":"closed","template":"","meta":[],"product_brand":[],"product_cat":[50],"product_tag":[],"class_list":{"0":"post-7241","1":"product","2":"type-product","3":"status-publish","4":"has-post-thumbnail","6":"product_cat-minimarket-supermarket-cooling","8":"first","9":"instock","10":"shipping-taxable","11":"product-type-simple"},"_links":{"self":[{"href":"https:\/\/dersuessestopp.com\/de\/wp-json\/wp\/v2\/product\/7241","targetHints":{"allow":["GET"]}}],"collection":[{"href":"https:\/\/dersuessestopp.com\/de\/wp-json\/wp\/v2\/product"}],"about":[{"href":"https:\/\/dersuessestopp.com\/de\/wp-json\/wp\/v2\/types\/product"}],"replies":[{"embeddable":true,"href":"https:\/\/dersuessestopp.com\/de\/wp-json\/wp\/v2\/comments?post=7241"}],"version-history":[{"count":2,"href":"https:\/\/dersuessestopp.com\/de\/wp-json\/wp\/v2\/product\/7241\/revisions"}],"predecessor-version":[{"id":7245,"href":"https:\/\/dersuessestopp.com\/de\/wp-json\/wp\/v2\/product\/7241\/revisions\/7245"}],"wp:featuredmedia":[{"embeddable":true,"href":"https:\/\/dersuessestopp.com\/de\/wp-json\/wp\/v2\/media\/7242"}],"wp:attachment":[{"href":"https:\/\/dersuessestopp.com\/de\/wp-json\/wp\/v2\/media?parent=7241"}],"wp:term":[{"taxonomy":"product_brand","embeddable":true,"href":"https:\/\/dersuessestopp.com\/de\/wp-json\/wp\/v2\/product_brand?post=7241"},{"taxonomy":"product_cat","embeddable":true,"href":"https:\/\/dersuessestopp.com\/de\/wp-json\/wp\/v2\/product_cat?post=7241"},{"taxonomy":"product_tag","embeddable":true,"href":"https:\/\/dersuessestopp.com\/de\/wp-json\/wp\/v2\/product_tag?post=7241"}],"curies":[{"name":"wp","href":"https:\/\/api.w.org\/{rel}","templated":true}]}}