{"id":7232,"date":"2025-09-01T05:38:08","date_gmt":"2025-09-01T05:38:08","guid":{"rendered":"https:\/\/dersuessestopp.com\/?post_type=product&#038;p=7232"},"modified":"2025-10-08T19:11:14","modified_gmt":"2025-10-08T19:11:14","slug":"sommelier-8","status":"publish","type":"product","link":"https:\/\/dersuessestopp.com\/de\/product\/sommelier-8\/","title":{"rendered":"SOMMELIER 8"},"content":{"rendered":"<p data-start=\"202\" data-end=\"544\"><img fetchpriority=\"high\" decoding=\"async\" class=\"alignnone wp-image-11542 size-full\" src=\"https:\/\/dersuessestopp.com\/wp-content\/uploads\/2025\/09\/SOMMELIER-4.jpg\" alt=\"\" width=\"2000\" height=\"600\" srcset=\"https:\/\/dersuessestopp.com\/wp-content\/uploads\/2025\/09\/SOMMELIER-4.jpg 2000w, https:\/\/dersuessestopp.com\/wp-content\/uploads\/2025\/09\/SOMMELIER-4-300x90.jpg 300w, https:\/\/dersuessestopp.com\/wp-content\/uploads\/2025\/09\/SOMMELIER-4-1024x307.jpg 1024w, https:\/\/dersuessestopp.com\/wp-content\/uploads\/2025\/09\/SOMMELIER-4-768x230.jpg 768w, https:\/\/dersuessestopp.com\/wp-content\/uploads\/2025\/09\/SOMMELIER-4-1536x461.jpg 1536w, https:\/\/dersuessestopp.com\/wp-content\/uploads\/2025\/09\/SOMMELIER-4-250x75.jpg 250w, https:\/\/dersuessestopp.com\/wp-content\/uploads\/2025\/09\/SOMMELIER-4-600x180.jpg 600w\" sizes=\"(max-width: 2000px) 100vw, 2000px\" \/><\/p>\n<p data-start=\"202\" data-end=\"544\">Die <strong data-start=\"206\" data-end=\"221\">SOMMELIER 8<\/strong> ist ein eleganter, kompakter Weink\u00fchler, der bis zu <strong data-start=\"280\" data-end=\"302\">8 Flaschen (Kl. 75)<\/strong> unter idealen Bedingungen. Mit einer eleganten <strong data-start=\"343\" data-end=\"372\">rahmenlose Ganzglast\u00fcr<\/strong>, fortgeschritten <strong data-start=\"383\" data-end=\"409\">thermoelektrische K\u00fchlung<\/strong>, und <strong data-start=\"415\" data-end=\"444\">elektronische Touch-Steuerungen<\/strong>, Er ist die perfekte L\u00f6sung f\u00fcr Weinliebhaber, die auf kleinem Raum eine professionelle Lagerung w\u00fcnschen.<\/p>\n<h3 data-start=\"1174\" data-end=\"1206\"><strong data-start=\"1178\" data-end=\"1206\">Technische Daten<\/strong><\/h3>\n<div class=\"_tableContainer_1rjym_1\">\n<div class=\"_tableWrapper_1rjym_13 group flex w-fit flex-col-reverse\">\n<table>\n<thead>\n<tr>\n<th>Merkmal<\/th>\n<th>SOMMELIER 8<\/th>\n<\/tr>\n<\/thead>\n<tbody>\n<tr>\n<td><strong>Kapazit\u00e4t (Flaschen cl. 75)<\/strong><\/td>\n<td>8<\/td>\n<\/tr>\n<tr>\n<td><strong>Temperaturbereich<\/strong><\/td>\n<td>+8 \u00b0C bis +18 \u00b0C<\/td>\n<\/tr>\n<tr>\n<td><strong>K\u00fchlsystem<\/strong><\/td>\n<td>Thermoelektrisch<\/td>\n<\/tr>\n<tr>\n<td><strong>Abtauen<\/strong><\/td>\n<td>Automatisch<\/td>\n<\/tr>\n<tr>\n<td><strong>T\u00fcr<\/strong><\/td>\n<td>Rahmenloses Vollglas (schwarze Ausf\u00fchrung)<\/td>\n<\/tr>\n<tr>\n<td><strong>Regale<\/strong><\/td>\n<td>Verchromt, abnehmbar<\/td>\n<\/tr>\n<tr>\n<td><strong>Beleuchtung<\/strong><\/td>\n<td>Innen-LED<\/td>\n<\/tr>\n<tr>\n<td><strong>Kontrollsystem<\/strong><\/td>\n<td>Elektronisches Touchpanel<\/td>\n<\/tr>\n<tr>\n<td><strong>L\u00e4rmpegel<\/strong><\/td>\n<td>33 dB (ger\u00e4uschloser Betrieb)<\/td>\n<\/tr>\n<tr>\n<td><strong>Netto-Volumen<\/strong><\/td>\n<td>~25 L<\/td>\n<\/tr>\n<tr>\n<td><strong>Energie-Effizienz<\/strong><\/td>\n<td>Geringer Stromverbrauch<\/td>\n<\/tr>\n<tr>\n<td><strong>Spannung<\/strong><\/td>\n<td>220-240 V<\/td>\n<\/tr>\n<tr>\n<td><strong>Frequenz<\/strong><\/td>\n<td>50 Hz<\/td>\n<\/tr>\n<tr>\n<td><strong>Stromverbrauch<\/strong><\/td>\n<td>~70 W<\/td>\n<\/tr>\n<tr>\n<td><strong>K\u00e4ltemittel<\/strong><\/td>\n<td>Umweltfreundlich (FCKW-frei)<\/td>\n<\/tr>\n<\/tbody>\n<\/table>\n<h3 data-start=\"1848\" data-end=\"1875\"><strong data-start=\"1852\" data-end=\"1875\">Abmessungen und Gewicht<\/strong><\/h3>\n<div class=\"_tableContainer_1rjym_1\">\n<div class=\"_tableWrapper_1rjym_13 group flex w-fit flex-col-reverse\">\n<table>\n<thead>\n<tr>\n<th>Typ<\/th>\n<th>Messung<\/th>\n<\/tr>\n<\/thead>\n<tbody>\n<tr>\n<td><strong>Einheit Abmessungen (mm)<\/strong><\/td>\n<td>475 (H) \u00d7 252 (B) \u00d7 500 (T)<\/td>\n<\/tr>\n<tr>\n<td><strong>Verpackung Abmessungen (mm)<\/strong><\/td>\n<td>525 \u00d7 305 \u00d7 545<\/td>\n<\/tr>\n<tr>\n<td><strong>Netto-\/Bruttogewicht<\/strong><\/td>\n<td>9 kg \/ 11 kg<\/td>\n<\/tr>\n<\/tbody>\n<\/table>\n<\/div>\n<\/div>\n<\/div>\n<\/div>","protected":false},"excerpt":{"rendered":"<p>The SOMMELIER 8 is a stylish, compact wine cooler designed to store up to 8 bottles (cl. 75) under ideal conditions. With an elegant frameless full-glass door, advanced thermoelectric cooling, and electronic touch controls, it is the perfect solution for wine lovers who want professional-grade storage in a small space. Technical Specifications Feature SOMMELIER 8 [&hellip;]<\/p>\n","protected":false},"featured_media":7233,"comment_status":"open","ping_status":"closed","template":"","meta":[],"product_brand":[],"product_cat":[49],"product_tag":[],"class_list":{"0":"post-7232","1":"product","2":"type-product","3":"status-publish","4":"has-post-thumbnail","6":"product_cat-wine-fridges","8":"first","9":"instock","10":"shipping-taxable","11":"product-type-simple"},"_links":{"self":[{"href":"https:\/\/dersuessestopp.com\/de\/wp-json\/wp\/v2\/product\/7232","targetHints":{"allow":["GET"]}}],"collection":[{"href":"https:\/\/dersuessestopp.com\/de\/wp-json\/wp\/v2\/product"}],"about":[{"href":"https:\/\/dersuessestopp.com\/de\/wp-json\/wp\/v2\/types\/product"}],"replies":[{"embeddable":true,"href":"https:\/\/dersuessestopp.com\/de\/wp-json\/wp\/v2\/comments?post=7232"}],"version-history":[{"count":3,"href":"https:\/\/dersuessestopp.com\/de\/wp-json\/wp\/v2\/product\/7232\/revisions"}],"predecessor-version":[{"id":11651,"href":"https:\/\/dersuessestopp.com\/de\/wp-json\/wp\/v2\/product\/7232\/revisions\/11651"}],"wp:featuredmedia":[{"embeddable":true,"href":"https:\/\/dersuessestopp.com\/de\/wp-json\/wp\/v2\/media\/7233"}],"wp:attachment":[{"href":"https:\/\/dersuessestopp.com\/de\/wp-json\/wp\/v2\/media?parent=7232"}],"wp:term":[{"taxonomy":"product_brand","embeddable":true,"href":"https:\/\/dersuessestopp.com\/de\/wp-json\/wp\/v2\/product_brand?post=7232"},{"taxonomy":"product_cat","embeddable":true,"href":"https:\/\/dersuessestopp.com\/de\/wp-json\/wp\/v2\/product_cat?post=7232"},{"taxonomy":"product_tag","embeddable":true,"href":"https:\/\/dersuessestopp.com\/de\/wp-json\/wp\/v2\/product_tag?post=7232"}],"curies":[{"name":"wp","href":"https:\/\/api.w.org\/{rel}","templated":true}]}}