{"id":7226,"date":"2025-09-01T05:25:27","date_gmt":"2025-09-01T05:25:27","guid":{"rendered":"https:\/\/dersuessestopp.com\/?post_type=product&#038;p=7226"},"modified":"2025-10-08T19:10:01","modified_gmt":"2025-10-08T19:10:01","slug":"sommelier-6","status":"publish","type":"product","link":"https:\/\/dersuessestopp.com\/de\/product\/sommelier-6\/","title":{"rendered":"SOMMELIER 6"},"content":{"rendered":"<p data-start=\"243\" data-end=\"450\"><img fetchpriority=\"high\" decoding=\"async\" class=\"alignnone wp-image-11542 size-full\" src=\"https:\/\/dersuessestopp.com\/wp-content\/uploads\/2025\/09\/SOMMELIER-4.jpg\" alt=\"\" width=\"2000\" height=\"600\" srcset=\"https:\/\/dersuessestopp.com\/wp-content\/uploads\/2025\/09\/SOMMELIER-4.jpg 2000w, https:\/\/dersuessestopp.com\/wp-content\/uploads\/2025\/09\/SOMMELIER-4-300x90.jpg 300w, https:\/\/dersuessestopp.com\/wp-content\/uploads\/2025\/09\/SOMMELIER-4-1024x307.jpg 1024w, https:\/\/dersuessestopp.com\/wp-content\/uploads\/2025\/09\/SOMMELIER-4-768x230.jpg 768w, https:\/\/dersuessestopp.com\/wp-content\/uploads\/2025\/09\/SOMMELIER-4-1536x461.jpg 1536w, https:\/\/dersuessestopp.com\/wp-content\/uploads\/2025\/09\/SOMMELIER-4-250x75.jpg 250w, https:\/\/dersuessestopp.com\/wp-content\/uploads\/2025\/09\/SOMMELIER-4-600x180.jpg 600w\" sizes=\"(max-width: 2000px) 100vw, 2000px\" \/><\/p>\n<p data-start=\"243\" data-end=\"450\">Die <strong data-start=\"247\" data-end=\"262\">Sommelier 6<\/strong> ist ein Profiger\u00e4t <strong data-start=\"287\" data-end=\"338\">6-Flaschen-Weinspender und Konservierungssystem<\/strong>, f\u00fcr Restaurants, Weinstuben und Enoteken, die eine pr\u00e4zise Bedienung und eine lange Haltbarkeit erfordern.<\/p>\n<p data-start=\"452\" data-end=\"737\">Ausgestattet mit einem <strong data-start=\"468\" data-end=\"505\">digitaler Spender f\u00fcr jede Flasche<\/strong>, sorgt er f\u00fcr genaues Ausgie\u00dfen mit einer <strong data-start=\"543\" data-end=\"580\">einstellbare Dosierung (Standard 75 ml)<\/strong>. Die integrierte <strong data-start=\"597\" data-end=\"636\">Stickstoff-Konservierungssystem (E941)<\/strong> verhindert die Oxidation und bewahrt die urspr\u00fcngliche Qualit\u00e4t des Weins f\u00fcr bis zu <strong data-start=\"707\" data-end=\"720\">3-4 Wochen<\/strong> nach dem \u00d6ffnen.<\/p>\n<p data-start=\"739\" data-end=\"981\">Mit seinem <strong data-start=\"748\" data-end=\"815\">unabh\u00e4ngige elektronische Temperaturregelung (+4 \u00b0C bis +18 \u00b0C)<\/strong>, <strong data-start=\"817\" data-end=\"849\">Konstruktion aus rostfreiem Stahl<\/strong>, <strong data-start=\"851\" data-end=\"886\">ger\u00e4uscharme Kompressork\u00fchlung<\/strong>, und <strong data-start=\"892\" data-end=\"916\">elegante LED-Beleuchtung<\/strong>, Der Sommelier 6 verbindet hohe Leistung mit modernem Design.<\/p>\n<h2 data-start=\"1439\" data-end=\"1474\"><strong data-start=\"1442\" data-end=\"1474\">Spezifikationen - Sommelier 6<\/strong><\/h2>\n<table>\n<thead>\n<tr>\n<th><strong>Kategorie<\/strong><\/th>\n<th><strong>Spezifikation<\/strong><\/th>\n<\/tr>\n<\/thead>\n<tbody>\n<tr>\n<td><strong>Fassungsverm\u00f6gen der Flasche<\/strong><\/td>\n<td>6 Flaschen<\/td>\n<\/tr>\n<tr>\n<td><strong>Temperaturbereich<\/strong><\/td>\n<td>+4 \u00b0C bis +18 \u00b0C<\/td>\n<\/tr>\n<tr>\n<td><strong>Klima-Klasse<\/strong><\/td>\n<td>3<\/td>\n<\/tr>\n<tr>\n<td><strong>\u00c4u\u00dferer K\u00f6rper<\/strong><\/td>\n<td>Rostfreier Stahl<\/td>\n<\/tr>\n<tr>\n<td><strong>Innenauskleidung<\/strong><\/td>\n<td>Rostfreier Stahl<\/td>\n<\/tr>\n<tr>\n<td><strong>Thermostat<\/strong><\/td>\n<td>Elektronisch<\/td>\n<\/tr>\n<tr>\n<td><strong>L\u00e4rmpegel<\/strong><\/td>\n<td>40 dB<\/td>\n<\/tr>\n<tr>\n<td><strong>Abtauen<\/strong><\/td>\n<td>Automatisch (Kompressorzyklus)<\/td>\n<\/tr>\n<tr>\n<td><strong>K\u00e4ltesystem<\/strong><\/td>\n<td>Ger\u00e4uscharmer Kompressor<\/td>\n<\/tr>\n<tr>\n<td><strong>Beleuchtung<\/strong><\/td>\n<td>4 LED<\/td>\n<\/tr>\n<tr>\n<td><strong>Schloss &amp; Schl\u00fcssel<\/strong><\/td>\n<td>Ja<\/td>\n<\/tr>\n<tr>\n<td><strong>F\u00fc\u00dfe\/Rollen<\/strong><\/td>\n<td>6 verstellbare F\u00fc\u00dfe<\/td>\n<\/tr>\n<tr>\n<td><strong>Einrichtung<\/strong><\/td>\n<td>Plug &amp; Play<\/td>\n<\/tr>\n<tr>\n<td><strong>Zeitraum der Weinlagerung<\/strong><\/td>\n<td>3-4 Wochen<\/td>\n<\/tr>\n<tr>\n<td><strong>Einstellbare Dosis<\/strong><\/td>\n<td>Standard 75 ml<\/td>\n<\/tr>\n<tr>\n<td><strong>K\u00e4ltemittel<\/strong><\/td>\n<td>R600A<\/td>\n<\/tr>\n<tr>\n<td><strong>Spannung<\/strong><\/td>\n<td>220-240 V<\/td>\n<\/tr>\n<tr>\n<td><strong>Frequenz<\/strong><\/td>\n<td>50 Hz<\/td>\n<\/tr>\n<tr>\n<td><strong>Absorption<\/strong><\/td>\n<td>100 W<\/td>\n<\/tr>\n<tr>\n<td><strong>Energieverbrauch<\/strong><\/td>\n<td>0,36 kWh \/ 24h<\/td>\n<\/tr>\n<\/tbody>\n<\/table>\n<h2 data-start=\"2254\" data-end=\"2294\"><strong data-start=\"2257\" data-end=\"2294\">Abmessungen und Gewicht - Sommelier 6<\/strong><\/h2>\n<div class=\"_tableContainer_1rjym_1\">\n<div class=\"_tableWrapper_1rjym_13 group flex w-fit flex-col-reverse\">\n<table>\n<thead>\n<tr>\n<th><strong>Spezifikation<\/strong><\/th>\n<th><strong>Messung<\/strong><\/th>\n<\/tr>\n<\/thead>\n<tbody>\n<tr>\n<td>\u00c4u\u00dfere Abmessungen (BxTxH)<\/td>\n<td>845 \u00d7 380 \u00d7 641 mm<\/td>\n<\/tr>\n<tr>\n<td>Abmessungen der Verpackung (BxTxH)<\/td>\n<td>910 \u00d7 440 \u00d7 800 mm<\/td>\n<\/tr>\n<tr>\n<td>Glasaufkleber<\/td>\n<td>333 \u00d7 477,5 mm (x2)<\/td>\n<\/tr>\n<tr>\n<td>Netto-\/Bruttogewicht<\/td>\n<td>51 \/ 55 kg<\/td>\n<\/tr>\n<\/tbody>\n<\/table>\n<\/div>\n<\/div>","protected":false},"excerpt":{"rendered":"<p>The Sommelier 6 is a professional-grade 6-bottle wine dispenser and preservation system, designed for restaurants, wine bars, and enoteche that require precision serving and long-term preservation. Equipped with a digital dispenser for each bottle, it ensures accurate pouring with an adjustable dosage (default 75 ml). The integrated nitrogen preservation system (E941) prevents oxidation, maintaining the [&hellip;]<\/p>\n","protected":false},"featured_media":7227,"comment_status":"open","ping_status":"closed","template":"","meta":[],"product_brand":[],"product_cat":[49],"product_tag":[],"class_list":{"0":"post-7226","1":"product","2":"type-product","3":"status-publish","4":"has-post-thumbnail","6":"product_cat-wine-fridges","8":"first","9":"instock","10":"shipping-taxable","11":"product-type-simple"},"_links":{"self":[{"href":"https:\/\/dersuessestopp.com\/de\/wp-json\/wp\/v2\/product\/7226","targetHints":{"allow":["GET"]}}],"collection":[{"href":"https:\/\/dersuessestopp.com\/de\/wp-json\/wp\/v2\/product"}],"about":[{"href":"https:\/\/dersuessestopp.com\/de\/wp-json\/wp\/v2\/types\/product"}],"replies":[{"embeddable":true,"href":"https:\/\/dersuessestopp.com\/de\/wp-json\/wp\/v2\/comments?post=7226"}],"version-history":[{"count":6,"href":"https:\/\/dersuessestopp.com\/de\/wp-json\/wp\/v2\/product\/7226\/revisions"}],"predecessor-version":[{"id":11650,"href":"https:\/\/dersuessestopp.com\/de\/wp-json\/wp\/v2\/product\/7226\/revisions\/11650"}],"wp:featuredmedia":[{"embeddable":true,"href":"https:\/\/dersuessestopp.com\/de\/wp-json\/wp\/v2\/media\/7227"}],"wp:attachment":[{"href":"https:\/\/dersuessestopp.com\/de\/wp-json\/wp\/v2\/media?parent=7226"}],"wp:term":[{"taxonomy":"product_brand","embeddable":true,"href":"https:\/\/dersuessestopp.com\/de\/wp-json\/wp\/v2\/product_brand?post=7226"},{"taxonomy":"product_cat","embeddable":true,"href":"https:\/\/dersuessestopp.com\/de\/wp-json\/wp\/v2\/product_cat?post=7226"},{"taxonomy":"product_tag","embeddable":true,"href":"https:\/\/dersuessestopp.com\/de\/wp-json\/wp\/v2\/product_tag?post=7226"}],"curies":[{"name":"wp","href":"https:\/\/api.w.org\/{rel}","templated":true}]}}