{"id":7209,"date":"2025-09-01T05:07:47","date_gmt":"2025-09-01T05:07:47","guid":{"rendered":"https:\/\/dersuessestopp.com\/?post_type=product&#038;p=7209"},"modified":"2025-10-08T20:25:47","modified_gmt":"2025-10-08T20:25:47","slug":"dw-20-g1t","status":"publish","type":"product","link":"https:\/\/dersuessestopp.com\/de\/product\/dw-20-g1t\/","title":{"rendered":"DW 20 G1T"},"content":{"rendered":"<p data-start=\"228\" data-end=\"573\"><img fetchpriority=\"high\" decoding=\"async\" class=\"alignnone wp-image-11532 size-full\" src=\"https:\/\/dersuessestopp.com\/wp-content\/uploads\/2025\/09\/DW-20-F1T.jpg\" alt=\"\" width=\"2000\" height=\"600\" srcset=\"https:\/\/dersuessestopp.com\/wp-content\/uploads\/2025\/09\/DW-20-F1T.jpg 2000w, https:\/\/dersuessestopp.com\/wp-content\/uploads\/2025\/09\/DW-20-F1T-300x90.jpg 300w, https:\/\/dersuessestopp.com\/wp-content\/uploads\/2025\/09\/DW-20-F1T-1024x307.jpg 1024w, https:\/\/dersuessestopp.com\/wp-content\/uploads\/2025\/09\/DW-20-F1T-768x230.jpg 768w, https:\/\/dersuessestopp.com\/wp-content\/uploads\/2025\/09\/DW-20-F1T-1536x461.jpg 1536w, https:\/\/dersuessestopp.com\/wp-content\/uploads\/2025\/09\/DW-20-F1T-250x75.jpg 250w, https:\/\/dersuessestopp.com\/wp-content\/uploads\/2025\/09\/DW-20-F1T-600x180.jpg 600w\" sizes=\"(max-width: 2000px) 100vw, 2000px\" \/><\/p>\n<p data-start=\"228\" data-end=\"573\">Die <strong data-start=\"232\" data-end=\"245\">DW 20 G1T<\/strong> ist ein stilvoller Einbau-Weink\u00fchler f\u00fcr Weinliebhaber, die sowohl Eleganz als auch Funktionalit\u00e4t sch\u00e4tzen. Ausgestattet mit einem <strong data-start=\"365\" data-end=\"417\">rahmenlose Vollglast\u00fcr mit integriertem Griff<\/strong>, herausnehmbare Buchenholzb\u00f6den und ein <strong data-start=\"458\" data-end=\"483\">elektronisches Thermostat<\/strong>, Dieser K\u00fchler ist ideal f\u00fcr die Lagerung und Aufbewahrung Ihrer Weine bei idealer Temperatur.<\/p>\n<p data-start=\"575\" data-end=\"921\">Seine <strong data-start=\"579\" data-end=\"608\">bel\u00fcftetes K\u00fchlsystem<\/strong> sorgt f\u00fcr eine gleichm\u00e4\u00dfige Luftzirkulation, w\u00e4hrend die <strong data-start=\"655\" data-end=\"679\">einheitliche LED-Beleuchtung<\/strong> verbessert die Sichtbarkeit und verleiht Ihrer Sammlung einen Hauch von Raffinesse. Der DW 20 G1T ist kompakt und dennoch effizient und fasst bis zu <strong data-start=\"807\" data-end=\"844\">19 Flaschen im Bordeaux-Stil (0,75 l)<\/strong>, Das macht ihn zu einer ausgezeichneten Wahl f\u00fcr moderne K\u00fcchen, Bars oder Weinkeller.<\/p>\n<h2 data-start=\"928\" data-end=\"943\"><strong data-start=\"931\" data-end=\"943\">Kapazit\u00e4t<\/strong><\/h2>\n<table>\n<thead>\n<tr>\n<th>Flasche Typ<\/th>\n<th>Kapazit\u00e4t<\/th>\n<\/tr>\n<\/thead>\n<tbody>\n<tr>\n<td>Bordeaux \/ Els\u00e4sser 0,75L Flaschen<\/td>\n<td>19 Flaschen<\/td>\n<\/tr>\n<\/tbody>\n<\/table>\n<h2 data-start=\"1495\" data-end=\"1526\"><strong data-start=\"1498\" data-end=\"1526\">Technische Daten<\/strong><\/h2>\n<div class=\"_tableContainer_1rjym_1\">\n<div class=\"_tableWrapper_1rjym_13 group flex w-fit flex-col-reverse\">\n<table>\n<thead>\n<tr>\n<th><strong>Merkmal<\/strong><\/th>\n<th><strong>Spezifikation<\/strong><\/th>\n<\/tr>\n<\/thead>\n<tbody>\n<tr>\n<td>Temperaturbereich<\/td>\n<td>+2 \u00b0C bis +20 \u00b0C<\/td>\n<\/tr>\n<tr>\n<td>Klima-Klasse<\/td>\n<td>4<\/td>\n<\/tr>\n<tr>\n<td>Netto\/Brutto Volumen<\/td>\n<td>58 L \/ 60 L<\/td>\n<\/tr>\n<tr>\n<td>Material des Geh\u00e4uses<\/td>\n<td>Kaltgewalztes Stahlblech<\/td>\n<\/tr>\n<tr>\n<td>Innenauskleidung<\/td>\n<td>ABS<\/td>\n<\/tr>\n<tr>\n<td>T\u00fcr<\/td>\n<td>Schwarzes Vollglas, rahmenlos<\/td>\n<\/tr>\n<tr>\n<td>Regal Typ<\/td>\n<td>5 herausnehmbare Einlegeb\u00f6den aus Buchenholz (BxT: 184 x 429 mm)<\/td>\n<\/tr>\n<tr>\n<td>Thermostat<\/td>\n<td>Elektronisch (Touchscreen)<\/td>\n<\/tr>\n<tr>\n<td>L\u00e4rmpegel<\/td>\n<td>40 dB<\/td>\n<\/tr>\n<tr>\n<td>Dicke der Isolierung<\/td>\n<td>45 mm<\/td>\n<\/tr>\n<tr>\n<td>Abtau-System<\/td>\n<td>Automatisch<\/td>\n<\/tr>\n<tr>\n<td>Beleuchtung<\/td>\n<td>Einheitliche LED mit manuellem ON + automatischem ON bei T\u00fcr\u00f6ffnung<\/td>\n<\/tr>\n<tr>\n<td>Reversible T\u00fcr<\/td>\n<td>Ja<\/td>\n<\/tr>\n<tr>\n<td>Rollen \/ F\u00fc\u00dfe<\/td>\n<td>4 verstellbare F\u00fc\u00dfe (H max. 77 mm)<\/td>\n<\/tr>\n<tr>\n<td>L\u00e4nge des Stromkabels<\/td>\n<td>1955 mm<\/td>\n<\/tr>\n<tr>\n<td>K\u00e4ltemittel<\/td>\n<td>R600A<\/td>\n<\/tr>\n<tr>\n<td>Spannung \/ Frequenz<\/td>\n<td>220 V \/ 50 Hz<\/td>\n<\/tr>\n<tr>\n<td>Absorption<\/td>\n<td>65 W<\/td>\n<\/tr>\n<tr>\n<td>Energieverbrauch<\/td>\n<td>0,35 kWh \/ 24h<\/td>\n<\/tr>\n<\/tbody>\n<\/table>\n<h2 data-start=\"2321\" data-end=\"2347\"><strong data-start=\"2324\" data-end=\"2347\">Abmessungen und Gewicht<\/strong><\/h2>\n<div class=\"_tableContainer_1rjym_1\">\n<div class=\"_tableWrapper_1rjym_13 group flex w-fit flex-col-reverse\">\n<table>\n<thead>\n<tr>\n<th><strong>Parameter<\/strong><\/th>\n<th><strong>Wert<\/strong><\/th>\n<\/tr>\n<\/thead>\n<tbody>\n<tr>\n<td>Produktabmessungen (BxTxH)<\/td>\n<td>295 x 532 x 820 mm<\/td>\n<\/tr>\n<tr>\n<td>Abmessungen der Verpackung (BxTxH)<\/td>\n<td>332 x 625 x 873 mm<\/td>\n<\/tr>\n<tr>\n<td>Netto-\/Bruttogewicht<\/td>\n<td>30 \/ 32 kg<\/td>\n<\/tr>\n<tr>\n<td>T\u00fcr Gewicht<\/td>\n<td>6,5 kg<\/td>\n<\/tr>\n<\/tbody>\n<\/table>\n<\/div>\n<\/div>\n<\/div>\n<\/div>","protected":false},"excerpt":{"rendered":"<p>The DW 20 G1T is a stylish built-in wine cooler designed for wine enthusiasts who value both elegance and functionality. Featuring a frameless full-glass door with integrated handle, removable beech wooden shelves, and an electronic thermostat, this cooler is perfect for storing and preserving your wines at the ideal temperature. Its ventilated cooling system ensures [&hellip;]<\/p>\n","protected":false},"featured_media":7210,"comment_status":"open","ping_status":"closed","template":"","meta":[],"product_brand":[],"product_cat":[49],"product_tag":[],"class_list":{"0":"post-7209","1":"product","2":"type-product","3":"status-publish","4":"has-post-thumbnail","6":"product_cat-wine-fridges","8":"first","9":"instock","10":"shipping-taxable","11":"product-type-simple"},"_links":{"self":[{"href":"https:\/\/dersuessestopp.com\/de\/wp-json\/wp\/v2\/product\/7209","targetHints":{"allow":["GET"]}}],"collection":[{"href":"https:\/\/dersuessestopp.com\/de\/wp-json\/wp\/v2\/product"}],"about":[{"href":"https:\/\/dersuessestopp.com\/de\/wp-json\/wp\/v2\/types\/product"}],"replies":[{"embeddable":true,"href":"https:\/\/dersuessestopp.com\/de\/wp-json\/wp\/v2\/comments?post=7209"}],"version-history":[{"count":3,"href":"https:\/\/dersuessestopp.com\/de\/wp-json\/wp\/v2\/product\/7209\/revisions"}],"predecessor-version":[{"id":11535,"href":"https:\/\/dersuessestopp.com\/de\/wp-json\/wp\/v2\/product\/7209\/revisions\/11535"}],"wp:featuredmedia":[{"embeddable":true,"href":"https:\/\/dersuessestopp.com\/de\/wp-json\/wp\/v2\/media\/7210"}],"wp:attachment":[{"href":"https:\/\/dersuessestopp.com\/de\/wp-json\/wp\/v2\/media?parent=7209"}],"wp:term":[{"taxonomy":"product_brand","embeddable":true,"href":"https:\/\/dersuessestopp.com\/de\/wp-json\/wp\/v2\/product_brand?post=7209"},{"taxonomy":"product_cat","embeddable":true,"href":"https:\/\/dersuessestopp.com\/de\/wp-json\/wp\/v2\/product_cat?post=7209"},{"taxonomy":"product_tag","embeddable":true,"href":"https:\/\/dersuessestopp.com\/de\/wp-json\/wp\/v2\/product_tag?post=7209"}],"curies":[{"name":"wp","href":"https:\/\/api.w.org\/{rel}","templated":true}]}}