{"id":7201,"date":"2025-09-01T04:56:53","date_gmt":"2025-09-01T04:56:53","guid":{"rendered":"https:\/\/dersuessestopp.com\/?post_type=product&#038;p=7201"},"modified":"2025-10-08T19:16:56","modified_gmt":"2025-10-08T19:16:56","slug":"clw-420-l-schwarz","status":"publish","type":"product","link":"https:\/\/dersuessestopp.com\/de\/product\/clw-420-l-black\/","title":{"rendered":"CLW 420 L SCHWARZ"},"content":{"rendered":"<p data-start=\"198\" data-end=\"608\"><img fetchpriority=\"high\" decoding=\"async\" class=\"alignnone wp-image-11469 size-full\" src=\"https:\/\/dersuessestopp.com\/wp-content\/uploads\/2025\/09\/CLW420L-Dettagli-2.jpg\" alt=\"\" width=\"2000\" height=\"1005\" srcset=\"https:\/\/dersuessestopp.com\/wp-content\/uploads\/2025\/09\/CLW420L-Dettagli-2.jpg 2000w, https:\/\/dersuessestopp.com\/wp-content\/uploads\/2025\/09\/CLW420L-Dettagli-2-300x151.jpg 300w, https:\/\/dersuessestopp.com\/wp-content\/uploads\/2025\/09\/CLW420L-Dettagli-2-1024x515.jpg 1024w, https:\/\/dersuessestopp.com\/wp-content\/uploads\/2025\/09\/CLW420L-Dettagli-2-768x386.jpg 768w, https:\/\/dersuessestopp.com\/wp-content\/uploads\/2025\/09\/CLW420L-Dettagli-2-1536x772.jpg 1536w, https:\/\/dersuessestopp.com\/wp-content\/uploads\/2025\/09\/CLW420L-Dettagli-2-250x126.jpg 250w, https:\/\/dersuessestopp.com\/wp-content\/uploads\/2025\/09\/CLW420L-Dettagli-2-600x302.jpg 600w\" sizes=\"(max-width: 2000px) 100vw, 2000px\" \/><\/p>\n<p data-start=\"198\" data-end=\"608\">Die <strong data-start=\"202\" data-end=\"221\">CLW 420 L SCHWARZ<\/strong> ist ein hochwertiger statischer Weink\u00fchler, der f\u00fcr die professionelle Lagerung und Pr\u00e4sentation von Wein konzipiert wurde. Ausgestattet mit einem <strong data-start=\"318\" data-end=\"344\">Beschichtung aus massivem Eschenholz<\/strong> Dieser K\u00fchler in elegantem Schwarz verbindet anspruchsvolle \u00c4sthetik mit fortschrittlicher Funktionalit\u00e4t. Mit seinem gro\u00dfen Fassungsverm\u00f6gen, dem leisen Betrieb und der optionalen WiFi Smart Link-Fernbedienung ist er ideal f\u00fcr Weinkeller, Restaurants, Hotels und private Sammler.<\/p>\n<h2 data-start=\"1154\" data-end=\"1169\"><strong data-start=\"1157\" data-end=\"1169\">Kapazit\u00e4t<\/strong><\/h2>\n<div class=\"_tableContainer_1rjym_1\">\n<div class=\"_tableWrapper_1rjym_13 group flex w-fit flex-col-reverse\">\n<table>\n<thead>\n<tr>\n<th>Kapazit\u00e4t Typ<\/th>\n<th>CLW 420 L<\/th>\n<\/tr>\n<\/thead>\n<tbody>\n<tr>\n<td>75cl-Flaschen<\/td>\n<td><strong>126<\/strong><\/td>\n<\/tr>\n<tr>\n<td>Anmerkungen<\/td>\n<td>Daten k\u00f6nnen je nach Verpackung variieren<\/td>\n<\/tr>\n<\/tbody>\n<\/table>\n<h2 data-start=\"1154\" data-end=\"1169\"><strong data-start=\"1157\" data-end=\"1169\">Abmessungen<\/strong><\/h2>\n<table>\n<thead>\n<tr>\n<th>Beschreibung<\/th>\n<th>Messung<\/th>\n<\/tr>\n<\/thead>\n<tbody>\n<tr>\n<td>\u00c4u\u00dfere Abmessungen (BxTxH)<\/td>\n<td>655 \u00d7 635 \u00d7 1880 mm<\/td>\n<\/tr>\n<tr>\n<td>Abmessungen der Verpackung (BxTxH)<\/td>\n<td>735 \u00d7 715 \u00d7 2050 mm<\/td>\n<\/tr>\n<tr>\n<td>Innere Breite (A)<\/td>\n<td>522 mm<\/td>\n<\/tr>\n<tr>\n<td>Innere Tiefe (B)<\/td>\n<td>449 mm<\/td>\n<\/tr>\n<tr>\n<td>Innere H\u00f6he (C)<\/td>\n<td>1557 mm<\/td>\n<\/tr>\n<tr>\n<td>Mindesttiefe (D)<\/td>\n<td>179 mm<\/td>\n<\/tr>\n<tr>\n<td>Mindesth\u00f6he (E)<\/td>\n<td>1337 mm<\/td>\n<\/tr>\n<tr>\n<td>Glasaufkleber<\/td>\n<td>503 \u00d7 1544 mm<\/td>\n<\/tr>\n<\/tbody>\n<\/table>\n<h2 data-start=\"1703\" data-end=\"1728\"><strong data-start=\"1706\" data-end=\"1728\">Technische Merkmale<\/strong><\/h2>\n<div class=\"_tableContainer_1rjym_1\">\n<div class=\"_tableWrapper_1rjym_13 group flex w-fit flex-col-reverse\">\n<table>\n<thead>\n<tr>\n<th>Merkmal<\/th>\n<th>Spezifikation<\/th>\n<\/tr>\n<\/thead>\n<tbody>\n<tr>\n<td>Temperaturbereich (L\u00fcfter AUS)<\/td>\n<td>+16\u00b0C \/ +10\u00b0C \/ +5\u00b0C<\/td>\n<\/tr>\n<tr>\n<td>Temperaturbereich (L\u00fcfter EIN)<\/td>\n<td>+4\u00b0C \/ +18\u00b0C<\/td>\n<\/tr>\n<tr>\n<td>Klima-Klasse<\/td>\n<td>4<\/td>\n<\/tr>\n<tr>\n<td>Netto\/Brutto Volumen<\/td>\n<td>342 L \/ 382 L<\/td>\n<\/tr>\n<tr>\n<td>Beschichtung<\/td>\n<td>Massives Eschenholz<\/td>\n<\/tr>\n<tr>\n<td>Innenauskleidung<\/td>\n<td>Thermogeformtes ABS<\/td>\n<\/tr>\n<tr>\n<td>Thermostat<\/td>\n<td>Elektronisch<\/td>\n<\/tr>\n<tr>\n<td>Fernsteuerung<\/td>\n<td>Optionaler WiFi Smart Link<\/td>\n<\/tr>\n<tr>\n<td>L\u00e4rmpegel<\/td>\n<td>55 dB<\/td>\n<\/tr>\n<tr>\n<td>Dicke der Isolierung<\/td>\n<td>40 mm<\/td>\n<\/tr>\n<tr>\n<td>Abtau-System<\/td>\n<td>Automatisch (Kompressor aus) + Manuell<\/td>\n<\/tr>\n<tr>\n<td>Beleuchtung<\/td>\n<td>2 vertikale LEDs<\/td>\n<\/tr>\n<tr>\n<td>Selbstschlie\u00dfende T\u00fcr<\/td>\n<td>Ja<\/td>\n<\/tr>\n<tr>\n<td>Schloss &amp; Schl\u00fcssel<\/td>\n<td>Ja<\/td>\n<\/tr>\n<tr>\n<td>Regale<\/td>\n<td>5 (513 \u00d7 410 mm)<\/td>\n<\/tr>\n<tr>\n<td>Holzregale<\/td>\n<td>Optional<\/td>\n<\/tr>\n<tr>\n<td>Rollen und F\u00fc\u00dfe<\/td>\n<td>2 F\u00fc\u00dfe + 2 Rollen<\/td>\n<\/tr>\n<tr>\n<td>Netto-\/Bruttogewicht<\/td>\n<td>80 kg \/ 87 kg<\/td>\n<\/tr>\n<\/tbody>\n<\/table>\n<h2 data-start=\"2426\" data-end=\"2448\"><strong data-start=\"2429\" data-end=\"2448\">Elektrische Daten<\/strong><\/h2>\n<div class=\"_tableContainer_1rjym_1\">\n<div class=\"_tableWrapper_1rjym_13 group flex w-fit flex-col-reverse\">\n<table>\n<thead>\n<tr>\n<th>Spezifikation<\/th>\n<th>Wert<\/th>\n<\/tr>\n<\/thead>\n<tbody>\n<tr>\n<td>Spannung<\/td>\n<td>220 V<\/td>\n<\/tr>\n<tr>\n<td>Frequenz<\/td>\n<td>50 Hz<\/td>\n<\/tr>\n<tr>\n<td>K\u00e4ltemittel<\/td>\n<td>R600A<\/td>\n<\/tr>\n<tr>\n<td>Leistungsabsorption<\/td>\n<td>230 W<\/td>\n<\/tr>\n<tr>\n<td>Energieverbrauch (24h)<\/td>\n<td>2,84 kWh<\/td>\n<\/tr>\n<\/tbody>\n<\/table>\n<\/div>\n<\/div>\n<\/div>\n<\/div>\n<\/div>\n<\/div>","protected":false},"excerpt":{"rendered":"<p>The CLW 420 L BLACK is a premium static wine cooler designed for professional wine storage and display. Featuring a solid ash wood coating in elegant black finish, this cooler combines sophisticated aesthetics with advanced functionality. With its large capacity, quiet operation, and optional WiFi Smart Link remote control, it is ideal for wine cellars, [&hellip;]<\/p>\n","protected":false},"featured_media":7202,"comment_status":"open","ping_status":"closed","template":"","meta":[],"product_brand":[],"product_cat":[49],"product_tag":[],"class_list":{"0":"post-7201","1":"product","2":"type-product","3":"status-publish","4":"has-post-thumbnail","6":"product_cat-wine-fridges","8":"first","9":"instock","10":"shipping-taxable","11":"product-type-simple"},"_links":{"self":[{"href":"https:\/\/dersuessestopp.com\/de\/wp-json\/wp\/v2\/product\/7201","targetHints":{"allow":["GET"]}}],"collection":[{"href":"https:\/\/dersuessestopp.com\/de\/wp-json\/wp\/v2\/product"}],"about":[{"href":"https:\/\/dersuessestopp.com\/de\/wp-json\/wp\/v2\/types\/product"}],"replies":[{"embeddable":true,"href":"https:\/\/dersuessestopp.com\/de\/wp-json\/wp\/v2\/comments?post=7201"}],"version-history":[{"count":3,"href":"https:\/\/dersuessestopp.com\/de\/wp-json\/wp\/v2\/product\/7201\/revisions"}],"predecessor-version":[{"id":11652,"href":"https:\/\/dersuessestopp.com\/de\/wp-json\/wp\/v2\/product\/7201\/revisions\/11652"}],"wp:featuredmedia":[{"embeddable":true,"href":"https:\/\/dersuessestopp.com\/de\/wp-json\/wp\/v2\/media\/7202"}],"wp:attachment":[{"href":"https:\/\/dersuessestopp.com\/de\/wp-json\/wp\/v2\/media?parent=7201"}],"wp:term":[{"taxonomy":"product_brand","embeddable":true,"href":"https:\/\/dersuessestopp.com\/de\/wp-json\/wp\/v2\/product_brand?post=7201"},{"taxonomy":"product_cat","embeddable":true,"href":"https:\/\/dersuessestopp.com\/de\/wp-json\/wp\/v2\/product_cat?post=7201"},{"taxonomy":"product_tag","embeddable":true,"href":"https:\/\/dersuessestopp.com\/de\/wp-json\/wp\/v2\/product_tag?post=7201"}],"curies":[{"name":"wp","href":"https:\/\/api.w.org\/{rel}","templated":true}]}}