{"id":7172,"date":"2025-08-30T11:20:38","date_gmt":"2025-08-30T11:20:38","guid":{"rendered":"https:\/\/dersuessestopp.com\/?post_type=product&#038;p=7172"},"modified":"2025-08-30T11:21:29","modified_gmt":"2025-08-30T11:21:29","slug":"kaltwand-300-blk","status":"publish","type":"product","link":"https:\/\/dersuessestopp.com\/de\/product\/coldwall-300-blk\/","title":{"rendered":"KALTWAND 300 BLK"},"content":{"rendered":"<p data-start=\"193\" data-end=\"488\">Die <strong data-start=\"197\" data-end=\"220\">Serie COLDWALL 300<\/strong> ist ein hochwertiger bel\u00fcfteter Wandgetr\u00e4nkek\u00fchler, der auf maximale Effizienz und moderne \u00c4sthetik ausgelegt ist. Perfekt f\u00fcr Bars, Restaurants, Caf\u00e9s und Einzelhandelsfl\u00e4chen, kombiniert er <strong data-start=\"398\" data-end=\"451\">hohe Leistung, zuverl\u00e4ssige K\u00fchlung (-2 \u00b0C bis +10 \u00b0C)<\/strong>, und eine elegante rahmenlose Glast\u00fcr.<\/p>\n<p data-start=\"490\" data-end=\"524\">Sie ist in zwei Ausf\u00fchrungen erh\u00e4ltlich:<\/p>\n<ul data-start=\"525\" data-end=\"631\">\n<li data-start=\"525\" data-end=\"572\">\n<p data-start=\"527\" data-end=\"572\"><strong data-start=\"527\" data-end=\"547\">KALTWAND 300 BLK<\/strong> - Elegantes schwarzes Finish<\/p>\n<\/li>\n<li data-start=\"573\" data-end=\"631\">\n<p data-start=\"575\" data-end=\"631\"><strong data-start=\"575\" data-end=\"596\">KALTWAND 300 INOX<\/strong> - Langlebige Ausf\u00fchrung in Edelstahl<\/p>\n<\/li>\n<\/ul>\n<p data-start=\"633\" data-end=\"810\">Mit seinem <strong data-start=\"642\" data-end=\"685\">eingebauter Griff, verdeckte Aufh\u00e4ngevorrichtung<\/strong>, und <strong data-start=\"691\" data-end=\"720\">rahmenlose Ganzglast\u00fcr<\/strong>, Er f\u00fcgt sich nahtlos in jede Umgebung ein und gew\u00e4hrleistet gleichzeitig eine hervorragende Produktsichtbarkeit.<\/p>\n<h2 data-start=\"817\" data-end=\"845\"><strong data-start=\"820\" data-end=\"845\">Kapazit\u00e4t (indikativ)<\/strong><\/h2>\n<table>\n<thead>\n<tr>\n<th>Verpackungsart<\/th>\n<th>Kapazit\u00e4t<\/th>\n<\/tr>\n<\/thead>\n<tbody>\n<tr>\n<td>1-L-Flaschen<\/td>\n<td>78 St\u00fcck<\/td>\n<\/tr>\n<tr>\n<td>0,75-L-Flaschen<\/td>\n<td>90 St\u00fcck<\/td>\n<\/tr>\n<tr>\n<td>0,66-L-Flaschen<\/td>\n<td>153 St\u00fcck<\/td>\n<\/tr>\n<tr>\n<td>0,50-L-Flaschen<\/td>\n<td>200 St\u00fcck<\/td>\n<\/tr>\n<tr>\n<td>0,33-L-Flaschen<\/td>\n<td>255 St\u00fcck<\/td>\n<\/tr>\n<tr>\n<td>0,33 L Dosen<\/td>\n<td>399 St\u00fcck<\/td>\n<\/tr>\n<\/tbody>\n<\/table>\n<h2 data-start=\"1570\" data-end=\"1601\"><strong data-start=\"1573\" data-end=\"1601\">Technische Daten<\/strong><\/h2>\n<div class=\"_tableContainer_1rjym_1\">\n<div class=\"_tableWrapper_1rjym_13 group flex w-fit flex-col-reverse\">\n<table>\n<thead>\n<tr>\n<th>Spezifikation<\/th>\n<th>Einzelheiten<\/th>\n<\/tr>\n<\/thead>\n<tbody>\n<tr>\n<td><strong>Temperaturbereich<\/strong><\/td>\n<td>-2 \u00b0C bis +10 \u00b0C<\/td>\n<\/tr>\n<tr>\n<td><strong>Klima-Klasse<\/strong><\/td>\n<td>4<\/td>\n<\/tr>\n<tr>\n<td><strong>Netto\/Brutto Volumen<\/strong><\/td>\n<td>254 \/ 280 L<\/td>\n<\/tr>\n<tr>\n<td><strong>L\u00e4rmpegel<\/strong><\/td>\n<td>50 dB<\/td>\n<\/tr>\n<tr>\n<td><strong>Abtauen<\/strong><\/td>\n<td>Automatisch<\/td>\n<\/tr>\n<tr>\n<td><strong>Beleuchtung<\/strong><\/td>\n<td>2 vertikale LED + 1 horizontale LED<\/td>\n<\/tr>\n<tr>\n<td><strong>Dicke der Isolierung<\/strong><\/td>\n<td>45 mm<\/td>\n<\/tr>\n<tr>\n<td><strong>Regale<\/strong><\/td>\n<td>4 (399 x 340 mm) seitliche Ablagen + 2 (446 x 440 mm) mittlere Ablagen<\/td>\n<\/tr>\n<tr>\n<td><strong>K\u00e4ltemittel<\/strong><\/td>\n<td>R600A<\/td>\n<\/tr>\n<tr>\n<td><strong>Energieverbrauch<\/strong><\/td>\n<td>2,0 kWh \/ 24h<\/td>\n<\/tr>\n<tr>\n<td><strong>Absorption<\/strong><\/td>\n<td>190 W<\/td>\n<\/tr>\n<tr>\n<td><strong>Spannung \/ Frequenz<\/strong><\/td>\n<td>220 V \/ 50 Hz<\/td>\n<\/tr>\n<\/tbody>\n<\/table>\n<h2 data-start=\"2148\" data-end=\"2174\"><strong data-start=\"2151\" data-end=\"2174\">Abmessungen und Gewicht<\/strong><\/h2>\n<div class=\"_tableContainer_1rjym_1\">\n<div class=\"_tableWrapper_1rjym_13 group flex w-fit flex-col-reverse\">\n<table>\n<thead>\n<tr>\n<th>Spezifikation<\/th>\n<th>Messung<\/th>\n<\/tr>\n<\/thead>\n<tbody>\n<tr>\n<td><strong>\u00c4u\u00dfere Abmessungen (BxTxH)<\/strong><\/td>\n<td>1350 x 565 x 852 mm<\/td>\n<\/tr>\n<tr>\n<td><strong>Abmessungen der Verpackung (BxTxH)<\/strong><\/td>\n<td>1440 x 630 x 1045 mm<\/td>\n<\/tr>\n<tr>\n<td><strong>Breite (A)<\/strong><\/td>\n<td>1260 mm<\/td>\n<\/tr>\n<tr>\n<td><strong>Tiefe (B)<\/strong><\/td>\n<td>375 mm<\/td>\n<\/tr>\n<tr>\n<td><strong>H\u00f6he (C)<\/strong><\/td>\n<td>705 mm<\/td>\n<\/tr>\n<tr>\n<td><strong>Min. Tiefe (D)<\/strong><\/td>\n<td>195 mm<\/td>\n<\/tr>\n<tr>\n<td><strong>Min. H\u00f6he (E)<\/strong><\/td>\n<td>500 mm<\/td>\n<\/tr>\n<tr>\n<td><strong>Nettogewicht<\/strong><\/td>\n<td>99 kg<\/td>\n<\/tr>\n<tr>\n<td><strong>Bruttogewicht<\/strong><\/td>\n<td>119 kg<\/td>\n<\/tr>\n<\/tbody>\n<\/table>\n<\/div>\n<\/div>\n<\/div>\n<\/div>","protected":false},"excerpt":{"rendered":"<p>The COLDWALL 300 series is a premium ventilated wall-mounted beverage cooler designed for maximum efficiency and modern aesthetics. Perfect for bars, restaurants, cafes, and retail spaces, it combines high capacity, reliable cooling (-2 \u00b0C to +10 \u00b0C), and a sleek frameless glass door. It is available in two finishes: COLDWALL 300 BLK \u2013 Elegant black [&hellip;]<\/p>\n","protected":false},"featured_media":7173,"comment_status":"open","ping_status":"closed","template":"","meta":[],"product_brand":[],"product_cat":[48],"product_tag":[],"class_list":{"0":"post-7172","1":"product","2":"type-product","3":"status-publish","4":"has-post-thumbnail","6":"product_cat-beverage-cooling","8":"first","9":"instock","10":"shipping-taxable","11":"product-type-simple"},"_links":{"self":[{"href":"https:\/\/dersuessestopp.com\/de\/wp-json\/wp\/v2\/product\/7172","targetHints":{"allow":["GET"]}}],"collection":[{"href":"https:\/\/dersuessestopp.com\/de\/wp-json\/wp\/v2\/product"}],"about":[{"href":"https:\/\/dersuessestopp.com\/de\/wp-json\/wp\/v2\/types\/product"}],"replies":[{"embeddable":true,"href":"https:\/\/dersuessestopp.com\/de\/wp-json\/wp\/v2\/comments?post=7172"}],"version-history":[{"count":2,"href":"https:\/\/dersuessestopp.com\/de\/wp-json\/wp\/v2\/product\/7172\/revisions"}],"predecessor-version":[{"id":7176,"href":"https:\/\/dersuessestopp.com\/de\/wp-json\/wp\/v2\/product\/7172\/revisions\/7176"}],"wp:featuredmedia":[{"embeddable":true,"href":"https:\/\/dersuessestopp.com\/de\/wp-json\/wp\/v2\/media\/7173"}],"wp:attachment":[{"href":"https:\/\/dersuessestopp.com\/de\/wp-json\/wp\/v2\/media?parent=7172"}],"wp:term":[{"taxonomy":"product_brand","embeddable":true,"href":"https:\/\/dersuessestopp.com\/de\/wp-json\/wp\/v2\/product_brand?post=7172"},{"taxonomy":"product_cat","embeddable":true,"href":"https:\/\/dersuessestopp.com\/de\/wp-json\/wp\/v2\/product_cat?post=7172"},{"taxonomy":"product_tag","embeddable":true,"href":"https:\/\/dersuessestopp.com\/de\/wp-json\/wp\/v2\/product_tag?post=7172"}],"curies":[{"name":"wp","href":"https:\/\/api.w.org\/{rel}","templated":true}]}}