{"id":7168,"date":"2025-08-30T11:18:36","date_gmt":"2025-08-30T11:18:36","guid":{"rendered":"https:\/\/dersuessestopp.com\/?post_type=product&#038;p=7168"},"modified":"2025-08-30T11:18:36","modified_gmt":"2025-08-30T11:18:36","slug":"cl-50-fl-weis","status":"publish","type":"product","link":"https:\/\/dersuessestopp.com\/de\/product\/cl-50-fl-wht\/","title":{"rendered":"CL 50 FL WHT"},"content":{"rendered":"<p data-start=\"278\" data-end=\"583\">Die <strong data-start=\"282\" data-end=\"326\">Tisch-Getr\u00e4nkek\u00fchlger\u00e4te der Serie CL FL<\/strong> sind kompakte, elegante und effiziente L\u00f6sungen f\u00fcr die Pr\u00e4sentation und K\u00fchlung von Getr\u00e4nken. Mit einem K\u00fchlsystem mit statischem Ventilator, einer rahmenlosen Glast\u00fcr und LED-Beleuchtung auf drei Seiten bieten diese Ger\u00e4te eine hervorragende Sichtbarkeit und zuverl\u00e4ssige Leistung.<\/p>\n<p data-start=\"585\" data-end=\"728\">Verf\u00fcgbar in <strong data-start=\"598\" data-end=\"616\">Schwarz oder Wei\u00df<\/strong> Der CL 20 FL und der CL 50 FL eignen sich perfekt f\u00fcr Bars, Caf\u00e9s, Convenience Stores oder Werbedisplays.<\/p>\n<h2 data-start=\"735\" data-end=\"752\">Wesentliche Merkmale<\/h2>\n<ul data-start=\"754\" data-end=\"1279\">\n<li data-start=\"754\" data-end=\"795\">\n<p data-start=\"756\" data-end=\"795\"><strong data-start=\"756\" data-end=\"778\">Temperaturbereich:<\/strong> 0 \u00b0C bis +10 \u00b0C<\/p>\n<\/li>\n<li data-start=\"796\" data-end=\"878\">\n<p data-start=\"798\" data-end=\"878\"><strong data-start=\"798\" data-end=\"836\">Statisches K\u00fchlsystem mit Gebl\u00e4seunterst\u00fctzung<\/strong> mit automatischer Abtauung durch den Kompressor<\/p>\n<\/li>\n<li data-start=\"879\" data-end=\"956\">\n<p data-start=\"881\" data-end=\"956\"><strong data-start=\"881\" data-end=\"910\">Rahmenlose Vollglast\u00fcr<\/strong> f\u00fcr modernes Aussehen und hohe Produktsichtbarkeit<\/p>\n<\/li>\n<li data-start=\"957\" data-end=\"1019\">\n<p data-start=\"959\" data-end=\"1019\"><strong data-start=\"959\" data-end=\"990\">LED-Beleuchtung auf drei Seiten<\/strong> f\u00fcr maximale Wirkung der Anzeige<\/p>\n<\/li>\n<li data-start=\"1020\" data-end=\"1089\">\n<p data-start=\"1022\" data-end=\"1089\"><strong data-start=\"1022\" data-end=\"1054\">Thermogeformte ABS-Innenauskleidung<\/strong> f\u00fcr Langlebigkeit und einfache Reinigung<\/p>\n<\/li>\n<li data-start=\"1090\" data-end=\"1156\">\n<p data-start=\"1092\" data-end=\"1156\"><strong data-start=\"1092\" data-end=\"1115\">Digitales Thermometer<\/strong> mit mechanischem Temperaturregler<\/p>\n<\/li>\n<li data-start=\"1157\" data-end=\"1239\">\n<p data-start=\"1159\" data-end=\"1239\"><strong data-start=\"1159\" data-end=\"1188\">Kompaktes Design der Arbeitsplatte<\/strong> mit korrosionsgesch\u00fctztem, bandbeschichtetem Blechgeh\u00e4use<\/p>\n<\/li>\n<li data-start=\"1240\" data-end=\"1279\">\n<p data-start=\"1242\" data-end=\"1279\"><strong data-start=\"1242\" data-end=\"1263\">Verf\u00fcgbare Farben:<\/strong> Schwarz \/ Wei\u00df<\/p>\n<\/li>\n<\/ul>\n<h2 data-start=\"1286\" data-end=\"1299\">Kapazit\u00e4t<\/h2>\n<table>\n<thead>\n<tr>\n<th>Kapazit\u00e4t<\/th>\n<th>CL 20 FL<\/th>\n<th>CL 50 FL<\/th>\n<\/tr>\n<\/thead>\n<tbody>\n<tr>\n<td>0,5-L-Flaschen<\/td>\n<td>12<\/td>\n<td>20<\/td>\n<\/tr>\n<tr>\n<td>0,33 L Dosen<\/td>\n<td>15<\/td>\n<td>60<\/td>\n<\/tr>\n<tr>\n<td><em>Anmerkung:<\/em> Werte k\u00f6nnen je nach Verpackung variieren<\/td>\n<td><\/td>\n<td><\/td>\n<\/tr>\n<\/tbody>\n<\/table>\n<h2 data-start=\"1286\" data-end=\"1299\">Abmessungen<\/h2>\n<table>\n<thead>\n<tr>\n<th>Abmessungen<\/th>\n<th>CL 20 FL<\/th>\n<th>CL 50 FL<\/th>\n<\/tr>\n<\/thead>\n<tbody>\n<tr>\n<td>Au\u00dfen (BxTxH mm)<\/td>\n<td>330 x 396 x 472<\/td>\n<td>435 x 486 x 500<\/td>\n<\/tr>\n<tr>\n<td>Verpackung (BxTxH mm)<\/td>\n<td>390 x 458 x 540<\/td>\n<td>492 x 558 x 570<\/td>\n<\/tr>\n<tr>\n<td>Breite (A) mm<\/td>\n<td>250<\/td>\n<td>360<\/td>\n<\/tr>\n<tr>\n<td>Tiefe (B) mm<\/td>\n<td>255<\/td>\n<td>340<\/td>\n<\/tr>\n<tr>\n<td>H\u00f6he (C) mm<\/td>\n<td>368<\/td>\n<td>380<\/td>\n<\/tr>\n<tr>\n<td>Min. Tiefe (D) mm<\/td>\n<td>115<\/td>\n<td>200<\/td>\n<\/tr>\n<tr>\n<td>Min. H\u00f6he (E) mm<\/td>\n<td>183<\/td>\n<td>195<\/td>\n<\/tr>\n<tr>\n<td>Seitenaufkleber (mm)<\/td>\n<td>317 x 437<\/td>\n<td>407 x 467<\/td>\n<\/tr>\n<tr>\n<td>Glasaufkleber (mm)<\/td>\n<td>225 x 335<\/td>\n<td>330 x 360<\/td>\n<\/tr>\n<\/tbody>\n<\/table>\n<h2 data-start=\"1956\" data-end=\"1985\">Technische Daten<\/h2>\n<div class=\"_tableContainer_1rjym_1\">\n<div class=\"_tableWrapper_1rjym_13 group flex w-fit flex-col-reverse\">\n<table>\n<thead>\n<tr>\n<th>Technische Merkmale<\/th>\n<th>CL 20 FL<\/th>\n<th>CL 50 FL<\/th>\n<\/tr>\n<\/thead>\n<tbody>\n<tr>\n<td>Temperaturbereich<\/td>\n<td>0 \u00b0C \/ +10 \u00b0C<\/td>\n<td>0 \u00b0C \/ +10 \u00b0C<\/td>\n<\/tr>\n<tr>\n<td>Klima-Klasse<\/td>\n<td>4<\/td>\n<td>4<\/td>\n<\/tr>\n<tr>\n<td>Netto\/Brutto Volumen<\/td>\n<td>20 L \/ 35 L<\/td>\n<td>50 L \/ 76 L<\/td>\n<\/tr>\n<tr>\n<td>Innenauskleidung<\/td>\n<td>ABS<\/td>\n<td>ABS<\/td>\n<\/tr>\n<tr>\n<td>Thermometer<\/td>\n<td>Digital<\/td>\n<td>Digital<\/td>\n<\/tr>\n<tr>\n<td>Controller<\/td>\n<td>Mechanisch<\/td>\n<td>Mechanisch<\/td>\n<\/tr>\n<tr>\n<td>L\u00e4rmpegel<\/td>\n<td>42 dB<\/td>\n<td>42 dB<\/td>\n<\/tr>\n<tr>\n<td>Dicke der Isolierung<\/td>\n<td>40 mm<\/td>\n<td>35 mm<\/td>\n<\/tr>\n<tr>\n<td>Abtauen<\/td>\n<td>Automatisch (Kompressorzyklus)<\/td>\n<td>Automatisch (Kompressorzyklus)<\/td>\n<\/tr>\n<tr>\n<td>Beleuchtung<\/td>\n<td>LED auf 3 Seiten<\/td>\n<td>LED auf 3 Seiten<\/td>\n<\/tr>\n<tr>\n<td>Regale<\/td>\n<td>1 (266\/274 x 246 mm)<\/td>\n<td>1 (366\/379 x 260 mm)<\/td>\n<\/tr>\n<tr>\n<td>Laufr\u00e4der\/F\u00fc\u00dfe<\/td>\n<td>4 F\u00fc\u00dfe<\/td>\n<td>4 F\u00fc\u00dfe<\/td>\n<\/tr>\n<tr>\n<td>Netto-\/Bruttogewicht<\/td>\n<td>15 \/ 16 kg<\/td>\n<td>19 \/ 21 kg<\/td>\n<\/tr>\n<tr>\n<td>Spannung<\/td>\n<td>220 V<\/td>\n<td>220 V<\/td>\n<\/tr>\n<tr>\n<td>Frequenz<\/td>\n<td>50 Hz<\/td>\n<td>50 Hz<\/td>\n<\/tr>\n<tr>\n<td>K\u00e4ltemittel<\/td>\n<td>R600A<\/td>\n<td>R600A<\/td>\n<\/tr>\n<tr>\n<td>Stromverbrauch<\/td>\n<td>76 W<\/td>\n<td>80 W<\/td>\n<\/tr>\n<tr>\n<td>Energieverbrauch (24h)<\/td>\n<td>0,84 kWh<\/td>\n<td>1,38 kWh<\/td>\n<\/tr>\n<\/tbody>\n<\/table>\n<\/div>\n<\/div>","protected":false},"excerpt":{"rendered":"<p>The CL FL series countertop beverage coolers are compact, stylish, and efficient solutions for displaying and cooling drinks. Designed with a static-fan assisted cooling system, frameless glass door, and LED lighting on three sides, these units provide excellent visibility and reliable performance. Available in Black or White finishes, the CL 20 FL and CL 50 [&hellip;]<\/p>\n","protected":false},"featured_media":7169,"comment_status":"open","ping_status":"closed","template":"","meta":[],"product_brand":[],"product_cat":[48],"product_tag":[],"class_list":{"0":"post-7168","1":"product","2":"type-product","3":"status-publish","4":"has-post-thumbnail","6":"product_cat-beverage-cooling","8":"first","9":"instock","10":"shipping-taxable","11":"product-type-simple"},"_links":{"self":[{"href":"https:\/\/dersuessestopp.com\/de\/wp-json\/wp\/v2\/product\/7168","targetHints":{"allow":["GET"]}}],"collection":[{"href":"https:\/\/dersuessestopp.com\/de\/wp-json\/wp\/v2\/product"}],"about":[{"href":"https:\/\/dersuessestopp.com\/de\/wp-json\/wp\/v2\/types\/product"}],"replies":[{"embeddable":true,"href":"https:\/\/dersuessestopp.com\/de\/wp-json\/wp\/v2\/comments?post=7168"}],"version-history":[{"count":1,"href":"https:\/\/dersuessestopp.com\/de\/wp-json\/wp\/v2\/product\/7168\/revisions"}],"predecessor-version":[{"id":7171,"href":"https:\/\/dersuessestopp.com\/de\/wp-json\/wp\/v2\/product\/7168\/revisions\/7171"}],"wp:featuredmedia":[{"embeddable":true,"href":"https:\/\/dersuessestopp.com\/de\/wp-json\/wp\/v2\/media\/7169"}],"wp:attachment":[{"href":"https:\/\/dersuessestopp.com\/de\/wp-json\/wp\/v2\/media?parent=7168"}],"wp:term":[{"taxonomy":"product_brand","embeddable":true,"href":"https:\/\/dersuessestopp.com\/de\/wp-json\/wp\/v2\/product_brand?post=7168"},{"taxonomy":"product_cat","embeddable":true,"href":"https:\/\/dersuessestopp.com\/de\/wp-json\/wp\/v2\/product_cat?post=7168"},{"taxonomy":"product_tag","embeddable":true,"href":"https:\/\/dersuessestopp.com\/de\/wp-json\/wp\/v2\/product_tag?post=7168"}],"curies":[{"name":"wp","href":"https:\/\/api.w.org\/{rel}","templated":true}]}}