{"id":7154,"date":"2025-08-30T11:04:36","date_gmt":"2025-08-30T11:04:36","guid":{"rendered":"https:\/\/dersuessestopp.com\/?post_type=product&#038;p=7154"},"modified":"2025-08-30T11:04:36","modified_gmt":"2025-08-30T11:04:36","slug":"s-85-xh","status":"publish","type":"product","link":"https:\/\/dersuessestopp.com\/de\/product\/s-85-xh\/","title":{"rendered":"S 85 XH"},"content":{"rendered":"<p data-start=\"314\" data-end=\"487\">Die <strong data-start=\"318\" data-end=\"333\">Serie S XH<\/strong> (S 85, S 185, S 285) sind <strong data-start=\"359\" data-end=\"404\">Untertischk\u00fchlschr\u00e4nke mit statischem Ventilator<\/strong> konzipiert f\u00fcr <strong data-start=\"418\" data-end=\"451\">professionelle Getr\u00e4nkelagerung<\/strong> in Bars, Restaurants und Hotels.<\/p>\n<p data-start=\"489\" data-end=\"643\">Hergestellt mit einer <strong data-start=\"501\" data-end=\"572\">T\u00fcrrahmen, Frontgitter und Innenverkleidung aus Edelstahl AISI 304<\/strong>, kombinieren sie <strong data-start=\"587\" data-end=\"640\">Langlebigkeit, hygienische Oberfl\u00e4chen und hochwertiges Design<\/strong>.<\/p>\n<p data-start=\"645\" data-end=\"825\">Ausgestattet mit einem <strong data-start=\"662\" data-end=\"687\">elektronisches Thermostat<\/strong>, <strong data-start=\"689\" data-end=\"711\">selbstschlie\u00dfende T\u00fcren<\/strong>, <strong data-start=\"713\" data-end=\"734\">Schloss &amp; Schl\u00fcssel System<\/strong>, und <strong data-start=\"740\" data-end=\"767\">Horizontale LED-Beleuchtung<\/strong>, garantieren sie <strong data-start=\"784\" data-end=\"822\">Effizienz, Zuverl\u00e4ssigkeit und Stil<\/strong>.<\/p>\n<h2 data-start=\"832\" data-end=\"850\">Hauptmerkmale<\/h2>\n<ul data-start=\"851\" data-end=\"1395\">\n<li data-start=\"851\" data-end=\"919\">\n<p data-start=\"853\" data-end=\"919\"><strong data-start=\"853\" data-end=\"897\">Statische K\u00fchlung mit Ventilatorunterst\u00fctzung<\/strong> f\u00fcr gleichm\u00e4\u00dfige K\u00fchlung<\/p>\n<\/li>\n<li data-start=\"920\" data-end=\"969\">\n<p data-start=\"922\" data-end=\"969\"><strong data-start=\"922\" data-end=\"947\">Elektronischer Thermostat<\/strong> f\u00fcr pr\u00e4zise Kontrolle<\/p>\n<\/li>\n<li data-start=\"970\" data-end=\"1045\">\n<p data-start=\"972\" data-end=\"1045\"><strong data-start=\"972\" data-end=\"1043\">T\u00fcrrahmen, Frontgitter und Innenverkleidung aus Edelstahl AISI 304<\/strong><\/p>\n<\/li>\n<li data-start=\"1046\" data-end=\"1077\">\n<p data-start=\"1048\" data-end=\"1077\"><strong data-start=\"1048\" data-end=\"1075\">Horizontale LED-Beleuchtung<\/strong><\/p>\n<\/li>\n<li data-start=\"1078\" data-end=\"1119\">\n<p data-start=\"1080\" data-end=\"1119\"><strong data-start=\"1080\" data-end=\"1117\">Selbstschlie\u00dfende T\u00fcr mit Schloss und Schl\u00fcssel<\/strong><\/p>\n<\/li>\n<li data-start=\"1120\" data-end=\"1171\">\n<p data-start=\"1122\" data-end=\"1171\"><strong data-start=\"1122\" data-end=\"1169\">Verstellbare Einlegeb\u00f6den mit Cliptr\u00e4gersystem<\/strong><\/p>\n<\/li>\n<li data-start=\"1172\" data-end=\"1221\">\n<p data-start=\"1174\" data-end=\"1221\"><strong data-start=\"1174\" data-end=\"1219\">50 mm D\u00e4mmst\u00e4rke f\u00fcr Effizienz<\/strong><\/p>\n<\/li>\n<li data-start=\"1222\" data-end=\"1276\">\n<p data-start=\"1224\" data-end=\"1276\"><strong data-start=\"1224\" data-end=\"1252\">Optionales Smart Link WiFi<\/strong> f\u00fcr die Fern\u00fcberwachung<\/p>\n<\/li>\n<li data-start=\"1277\" data-end=\"1343\">\n<p data-start=\"1279\" data-end=\"1343\"><strong data-start=\"1279\" data-end=\"1297\">Abtauung<\/strong>: automatischer Kompressorzyklus + manuelle Option<\/p>\n<\/li>\n<li data-start=\"1344\" data-end=\"1395\">\n<p data-start=\"1346\" data-end=\"1395\"><strong data-start=\"1346\" data-end=\"1370\">Vier verstellbare F\u00fc\u00dfe<\/strong> f\u00fcr eine stabile Positionierung<\/p>\n<\/li>\n<\/ul>\n<h2 data-start=\"1402\" data-end=\"1454\">Fassungsverm\u00f6gen (ungef\u00e4hr - je nach Verpackung)<\/h2>\n<table>\n<thead>\n<tr>\n<th>Flasche\/Dose Typ<\/th>\n<th>S 85 XH<\/th>\n<th>S 185 XH<\/th>\n<th>S 285 XH<\/th>\n<\/tr>\n<\/thead>\n<tbody>\n<tr>\n<td>1-L-Flaschen<\/td>\n<td>26<\/td>\n<td>42<\/td>\n<td>70<\/td>\n<\/tr>\n<tr>\n<td>75-cl-Flaschen<\/td>\n<td>30<\/td>\n<td>44<\/td>\n<td>80<\/td>\n<\/tr>\n<tr>\n<td>66-cl-Flaschen<\/td>\n<td>30<\/td>\n<td>54<\/td>\n<td>132<\/td>\n<\/tr>\n<tr>\n<td>50-cl-Flaschen<\/td>\n<td>78<\/td>\n<td>110<\/td>\n<td>175<\/td>\n<\/tr>\n<tr>\n<td>33-cl-Flaschen<\/td>\n<td>90<\/td>\n<td>135<\/td>\n<td>225<\/td>\n<\/tr>\n<tr>\n<td>33 cl Dosen<\/td>\n<td>150<\/td>\n<td>225<\/td>\n<td>360<\/td>\n<\/tr>\n<\/tbody>\n<\/table>\n<h2 data-start=\"1894\" data-end=\"1923\">Technische Daten<\/h2>\n<div class=\"_tableContainer_1rjym_1\">\n<div class=\"_tableWrapper_1rjym_13 group flex w-fit flex-col-reverse\">\n<table>\n<thead>\n<tr>\n<th>Spezifikation<\/th>\n<th>S 85 XH<\/th>\n<th>S 185 XH<\/th>\n<th>S 285 XH<\/th>\n<\/tr>\n<\/thead>\n<tbody>\n<tr>\n<td><strong>\u00c4u\u00dfere Abmessungen (BxTxH)<\/strong><\/td>\n<td>600 \u00d7 530 \u00d7 835 mm<\/td>\n<td>900 \u00d7 530 \u00d7 835 mm<\/td>\n<td>1350 \u00d7 530 \u00d7 835 mm<\/td>\n<\/tr>\n<tr>\n<td><strong>Abmessungen der Verpackung (BxTxH)<\/strong><\/td>\n<td>645 \u00d7 570 \u00d7 1020 mm<\/td>\n<td>950 \u00d7 570 \u00d7 1020 mm<\/td>\n<td>1400 \u00d7 570 \u00d7 1020 mm<\/td>\n<\/tr>\n<tr>\n<td><strong>Netto\/Brutto Volumen<\/strong><\/td>\n<td>100 \/ 121 L<\/td>\n<td>150 \/ 188 L<\/td>\n<td>241 \/ 293 L<\/td>\n<\/tr>\n<tr>\n<td><strong>Temperaturbereich<\/strong><\/td>\n<td>0\u00b0C \/ +10\u00b0C<\/td>\n<td>0\u00b0C \/ +10\u00b0C<\/td>\n<td>0\u00b0C \/ +10\u00b0C<\/td>\n<\/tr>\n<tr>\n<td><strong>Klima-Klasse<\/strong><\/td>\n<td>4<\/td>\n<td>4<\/td>\n<td>4<\/td>\n<\/tr>\n<tr>\n<td><strong>L\u00e4rmpegel<\/strong><\/td>\n<td>50 dB<\/td>\n<td>50 dB<\/td>\n<td>50 dB<\/td>\n<\/tr>\n<tr>\n<td><strong>Dicke der Isolierung<\/strong><\/td>\n<td>50 mm<\/td>\n<td>50 mm<\/td>\n<td>50 mm<\/td>\n<\/tr>\n<tr>\n<td><strong>Beleuchtung<\/strong><\/td>\n<td>1 Horizontale LED<\/td>\n<td>1 Horizontale LED<\/td>\n<td>1 Horizontale LED<\/td>\n<\/tr>\n<tr>\n<td><strong>Abtauen<\/strong><\/td>\n<td>Automatisch (Kompressor aus) + Manuell<\/td>\n<td>Automatisch (Kompressor aus) + Manuell<\/td>\n<td>Automatisch (Kompressor aus) + Manuell<\/td>\n<\/tr>\n<tr>\n<td><strong>Einlegeb\u00f6den (BxT)<\/strong><\/td>\n<td>2 \u00d7 500 \u00d7 352 mm 2 \u00d7 347 \u00d7 440 mm<\/td>\n<td>4 \u00d7 355 \u00d7 400 mm<\/td>\n<td>4 \u00d7 355 \u00d7 400 mm<\/td>\n<\/tr>\n<tr>\n<td><strong>T\u00fcr<\/strong><\/td>\n<td>AISI 304 Edelstahl<\/td>\n<td>AISI 304 Edelstahl<\/td>\n<td>AISI 304 Edelstahl<\/td>\n<\/tr>\n<tr>\n<td><strong>Innenauskleidung<\/strong><\/td>\n<td>AISI 304 Edelstahl<\/td>\n<td>AISI 304 Edelstahl<\/td>\n<td>AISI 304 Edelstahl<\/td>\n<\/tr>\n<tr>\n<td><strong>K\u00f6rper<\/strong><\/td>\n<td>Vorgestrichenes Korrosionsschutzblech<\/td>\n<td>Vorgestrichenes Korrosionsschutzblech<\/td>\n<td>Vorgestrichenes Korrosionsschutzblech<\/td>\n<\/tr>\n<tr>\n<td><strong>Smart Link WiFi<\/strong><\/td>\n<td>Optional<\/td>\n<td>Optional<\/td>\n<td>Optional<\/td>\n<\/tr>\n<tr>\n<td><strong>F\u00fc\u00dfe<\/strong><\/td>\n<td>4 Verstellbare F\u00fc\u00dfe<\/td>\n<td>4 Verstellbare F\u00fc\u00dfe<\/td>\n<td>4 Verstellbare F\u00fc\u00dfe<\/td>\n<\/tr>\n<tr>\n<td><strong>Netto-\/Bruttogewicht<\/strong><\/td>\n<td>41 \/ 49 kg<\/td>\n<td>60 \/ 70 kg<\/td>\n<td>82 \/ 93 kg<\/td>\n<\/tr>\n<tr>\n<td><strong>Spannung<\/strong><\/td>\n<td>220-240 V<\/td>\n<td>220-240 V<\/td>\n<td>220-240 V<\/td>\n<\/tr>\n<tr>\n<td><strong>Frequenz<\/strong><\/td>\n<td>50 Hz \/ 60 Hz (wahlweise)<\/td>\n<td>50 Hz \/ 60 Hz (wahlweise)<\/td>\n<td>50 Hz \/ 60 Hz (wahlweise)<\/td>\n<\/tr>\n<tr>\n<td><strong>K\u00e4ltemittel<\/strong><\/td>\n<td>R600A<\/td>\n<td>R600A<\/td>\n<td>R600A<\/td>\n<\/tr>\n<tr>\n<td><strong>Absorption<\/strong><\/td>\n<td>160 W<\/td>\n<td>190 W<\/td>\n<td>220 W<\/td>\n<\/tr>\n<tr>\n<td><strong>Energieverbrauch (24h)<\/strong><\/td>\n<td>1,1 kWh<\/td>\n<td>1,35 kWh<\/td>\n<td>1,52 kWh<\/td>\n<\/tr>\n<\/tbody>\n<\/table>\n<\/div>\n<\/div>","protected":false},"excerpt":{"rendered":"<p>The S XH series (S 85, S 185, S 285) are under-counter static-fan assisted coolers designed for professional beverage storage in bars, restaurants, and hotels. Made with a stainless steel AISI 304 door frame, front grid, and internal liner, they combine durability, hygienic surfaces, and premium design. Equipped with an electronic thermostat, self-closing doors, lock [&hellip;]<\/p>\n","protected":false},"featured_media":7156,"comment_status":"open","ping_status":"closed","template":"","meta":[],"product_brand":[],"product_cat":[48],"product_tag":[],"class_list":{"0":"post-7154","1":"product","2":"type-product","3":"status-publish","4":"has-post-thumbnail","6":"product_cat-beverage-cooling","8":"first","9":"instock","10":"shipping-taxable","11":"product-type-simple"},"_links":{"self":[{"href":"https:\/\/dersuessestopp.com\/de\/wp-json\/wp\/v2\/product\/7154","targetHints":{"allow":["GET"]}}],"collection":[{"href":"https:\/\/dersuessestopp.com\/de\/wp-json\/wp\/v2\/product"}],"about":[{"href":"https:\/\/dersuessestopp.com\/de\/wp-json\/wp\/v2\/types\/product"}],"replies":[{"embeddable":true,"href":"https:\/\/dersuessestopp.com\/de\/wp-json\/wp\/v2\/comments?post=7154"}],"version-history":[{"count":1,"href":"https:\/\/dersuessestopp.com\/de\/wp-json\/wp\/v2\/product\/7154\/revisions"}],"predecessor-version":[{"id":7158,"href":"https:\/\/dersuessestopp.com\/de\/wp-json\/wp\/v2\/product\/7154\/revisions\/7158"}],"wp:featuredmedia":[{"embeddable":true,"href":"https:\/\/dersuessestopp.com\/de\/wp-json\/wp\/v2\/media\/7156"}],"wp:attachment":[{"href":"https:\/\/dersuessestopp.com\/de\/wp-json\/wp\/v2\/media?parent=7154"}],"wp:term":[{"taxonomy":"product_brand","embeddable":true,"href":"https:\/\/dersuessestopp.com\/de\/wp-json\/wp\/v2\/product_brand?post=7154"},{"taxonomy":"product_cat","embeddable":true,"href":"https:\/\/dersuessestopp.com\/de\/wp-json\/wp\/v2\/product_cat?post=7154"},{"taxonomy":"product_tag","embeddable":true,"href":"https:\/\/dersuessestopp.com\/de\/wp-json\/wp\/v2\/product_tag?post=7154"}],"curies":[{"name":"wp","href":"https:\/\/api.w.org\/{rel}","templated":true}]}}